{"id":10,"date":"2008-05-28T15:23:11","date_gmt":"2008-05-28T13:23:11","guid":{"rendered":"http:\/\/wptest.k-srv.de\/?page_id=10"},"modified":"2008-06-01T19:09:57","modified_gmt":"2008-06-01T17:09:57","slug":"technik","status":"publish","type":"page","link":"https:\/\/www.feuerwehr-brilon.de\/?page_id=10","title":{"rendered":"Technik"},"content":{"rendered":"<p>Auf den nachfolgenden Seiten finden Sie eine \u00dcbersicht \u00fcber die bei der Freiwilligen Feuerwehr der Stadt Brilon eingesetzte Technik.<\/p>\n<table width=\"100%\" cellpadding=\"0\" cellspacing=\"0\" border=\"0\">\n<tr>\n<td width=\"50%\" align=\"center\"><a href=\"?page_id=15\"><img decoding=\"async\" src=\".\/images\/technik\/alarmierung.jpg\" border=\"0\"><\/td>\n<td width=\"50%\" align=\"center\"><a href=\"?page_id=11\"><img decoding=\"async\" src=\".\/images\/fahrzeuge\/elw_1_1_klein_vorne.jpg\" border=\"0\"><\/td>\n<\/tr>\n<tr>\n<td align=\"center\">Alarmierung<\/td>\n<td align=\"center\">Fahrzeuge<\/td>\n<\/tr>\n<tr>\n<td width=\"50%\" align=\"center\"><a href=\"?page_id=17\"><img decoding=\"async\" src=\".\/images\/technik\/geraete\/rettungszylinder_1.jpg\" border=\"0\"><\/td>\n<td width=\"50%\" align=\"center\"><a href=\"?page_id=13\"><img decoding=\"async\" src=\".\/images\/technik\/schutzkleidung.jpg\" border=\"0\"><\/td>\n<\/tr>\n<tr>\n<td align=\"center\">Ger\u00e4te<\/td>\n<td align=\"center\">Schutzkleidung<\/td>\n<\/tr>\n<\/table>\n<p>&nbsp;<\/p>\n","protected":false},"excerpt":{"rendered":"<p>Auf den nachfolgenden Seiten finden Sie eine \u00dcbersicht \u00fcber die bei der Freiwilligen Feuerwehr der Stadt Brilon eingesetzte Technik. Alarmierung Fahrzeuge Ger\u00e4te Schutzkleidung &nbsp;<\/p>\n","protected":false},"author":3,"featured_media":0,"parent":0,"menu_order":1,"comment_status":"open","ping_status":"open","template":"","meta":{"_exactmetrics_skip_tracking":false,"_exactmetrics_sitenote_active":false,"_exactmetrics_sitenote_note":"","_exactmetrics_sitenote_category":0,"jetpack_post_was_ever_published":false,"footnotes":""},"class_list":["post-10","page","type-page","status-publish","hentry"],"jetpack_shortlink":"https:\/\/wp.me\/PCIJa-a","jetpack_sharing_enabled":true,"jetpack-related-posts":[{"id":17,"url":"https:\/\/www.feuerwehr-brilon.de\/?page_id=17","url_meta":{"origin":10,"position":0},"title":"Ger\u00e4te","author":"Daniel Vogel","date":"28. Mai 2008","format":false,"excerpt":"Auf dieser Seite finden Sie eine \u00dcbersicht \u00fcber einige der bei der Feuerwehr der Stadt Brilon eingesetzten Ger\u00e4tschaften. In der n\u00e4chsten Zeit erfolgt die Erweiterung dieser Seite, so dass zu jedem Ger\u00e4t eine eigene Seite mit Informationen verf\u00fcgbar ist. Gefahrgutpumpen Hilfeleistungssatz Hochleistungsl\u00fcfter Mehrzweckzug Messger\u00e4te Multicut Kettens\u00e4ge Notfallrucksack Sprungretter Strahlrohre Stromaggregate\u2026","rel":"","context":"In &quot;Allgemein&quot;","block_context":{"text":"Allgemein","link":"https:\/\/www.feuerwehr-brilon.de\/?cat=1"},"img":{"alt_text":"","src":"","width":0,"height":0},"classes":[]},{"id":15,"url":"https:\/\/www.feuerwehr-brilon.de\/?page_id=15","url_meta":{"origin":10,"position":1},"title":"Alarmierung","author":"Andreas Becker","date":"28. Mai 2008","format":false,"excerpt":"F\u00fcr die Alarmierung der Freiwilligen Feuerwehr Brilon ist die Kreisleitstelle in Meschede zust\u00e4ndig. Die Leitstelle befindet sich im Zentrum f\u00fcr Feuerschutz und Rettungswesen. Hier l\u00e4uft im Rahmen der \"nicht-polizeilichen Gefahrenabwehr\" der Notruf 112 aus den 12 St\u00e4dten und Gemeinden des Hochsauerlandkreises auf. \u00a0 \u00a0 Sowohl die Funkkommunikation als auch die\u2026","rel":"","context":"In &quot;Allgemein&quot;","block_context":{"text":"Allgemein","link":"https:\/\/www.feuerwehr-brilon.de\/?cat=1"},"img":{"alt_text":"Pressestelle Hochsauerlandkreis","src":"https:\/\/i0.wp.com\/www.feuerwehr-brilon.de\/wp-up\/2018\/12\/Disponent-ZFR-Leitstelle-1-150x100.jpg?resize=350%2C200&ssl=1","width":350,"height":200},"classes":[]},{"id":11,"url":"https:\/\/www.feuerwehr-brilon.de\/?page_id=11","url_meta":{"origin":10,"position":2},"title":"Fahrzeuge","author":"Daniel Vogel","date":"28. Mai 2008","format":false,"excerpt":"Bei der Freiwilligen Feuerwehr der Stadt Brilon sind in einem L\u00f6schzug und zw\u00f6lf L\u00f6schgruppen folgende Fahrzeuge stationiert. Einsatzfahrzeuge des L\u00f6schzug Brilon ELW 1 KEF TLF 4000 DLK 23\/12 HLF 20-01 LF 20 KatS HLF 20-02 Gw-L 2 GW-G MLF Einsatzfahrzeuge der L\u00f6schgruppen MLF Alme MTF Alme MLF Altenb\u00fcren MLF Bontkirchen\u2026","rel":"","context":"In &quot;Allgemein&quot;","block_context":{"text":"Allgemein","link":"https:\/\/www.feuerwehr-brilon.de\/?cat=1"},"img":{"alt_text":"","src":"","width":0,"height":0},"classes":[]},{"id":749,"url":"https:\/\/www.feuerwehr-brilon.de\/?page_id=749","url_meta":{"origin":10,"position":3},"title":"Einsatz-Leit-Wagen 01 &#8211; Brilon","author":"Andreas Becker","date":"25. August 2009","format":false,"excerpt":"Allgemeine Informationen: Typ ELW Besatzung 1 \/ 2 Funkrufname Florian Brilon 1 ELW1 1 Standort Brilon Technische Daten: Baujahr 2005 Leistung 81 KW \/ 110 PS Hersteller Mercedes-Benz Fahrgestell Sprinter 311 CDI Aufbau Schmitz Gewicht 3,49 t Besonderheiten: Verschiedene Funkger\u00e4te zur Einsatzleitung an der Einsatzstelle im 2m und 4m Band\u2026","rel":"","context":"In &quot;Allgemein&quot;","block_context":{"text":"Allgemein","link":"https:\/\/www.feuerwehr-brilon.de\/?cat=1"},"img":{"alt_text":"ELW","src":"\/images\/fahrzeuge\/elw_1_1_gross_1.jpg","width":350,"height":200,"srcset":"\/images\/fahrzeuge\/elw_1_1_gross_1.jpg 1x, \/images\/fahrzeuge\/elw_1_1_gross_1.jpg 1.5x, \/images\/fahrzeuge\/elw_1_1_gross_1.jpg 2x"},"classes":[]},{"id":16295,"url":"https:\/\/www.feuerwehr-brilon.de\/?page_id=16295","url_meta":{"origin":10,"position":4},"title":"Ger\u00e4te-Wagen-Gefahrgut","author":"Andreas Becker","date":"17. August 2018","format":false,"excerpt":"\u00a0 Allgemeine Informationen: Typ Gw-G Besatzung 1 \/ 5 Funkrufname Florian Sauerland 5 Gw-G 1 Standort Brilon Technische Daten: Baujahr 2018 Leistung 213 KW \/ 290 PS Hersteller MAN Fahrgestell TGM 15.290 BL 4 x 2 Aufbau Gimaex Gewicht 15 t Besonderheiten: Lichtmast 4 x Xenon, Ladebordwand 1.500 kg, drei\u2026","rel":"","context":"\u00c4hnlicher Beitrag","block_context":{"text":"\u00c4hnlicher Beitrag","link":""},"img":{"alt_text":"Gw-G","src":"\/images\/fahrzeuge\/gwg2_gross_1.jpg","width":350,"height":200,"srcset":"\/images\/fahrzeuge\/gwg2_gross_1.jpg 1x, \/images\/fahrzeuge\/gwg2_gross_1.jpg 1.5x, \/images\/fahrzeuge\/gwg2_gross_1.jpg 2x"},"classes":[]},{"id":5162,"url":"https:\/\/www.feuerwehr-brilon.de\/?page_id=5162","url_meta":{"origin":10,"position":5},"title":"Tragkraft-Spritzen-Fahrzeug-Wasser &#8211; Bontkirchen","author":"Andreas Becker","date":"9. Juli 2011","format":false,"excerpt":"\u00a0 Allgemeine Informationen: Typ TSF-W Besatzung 1 \/ 5 Funkrufname Florian Brilon 4 TSF-W 1 Standort Bontkirchen Technische Daten: Baujahr 2011 Leistung 115 KW \/ 156 PS Hersteller Mercedes Benz Fahrgestell Vario 816 DA Aufbau BTG Gewicht 7,49 t Wassertank 750 l Pumpenleistung 1500 l\/min bei 10 bar Besonderheiten: Allrad,\u2026","rel":"","context":"\u00c4hnlicher Beitrag","block_context":{"text":"\u00c4hnlicher Beitrag","link":""},"img":{"alt_text":"TSF-W","src":"\/images\/fahrzeuge\/tsfw_bontk_gross_1.JPG","width":350,"height":200,"srcset":"\/images\/fahrzeuge\/tsfw_bontk_gross_1.JPG 1x, \/images\/fahrzeuge\/tsfw_bontk_gross_1.JPG 1.5x, \/images\/fahrzeuge\/tsfw_bontk_gross_1.JPG 2x"},"classes":[]}],"_links":{"self":[{"href":"https:\/\/www.feuerwehr-brilon.de\/index.php?rest_route=\/wp\/v2\/pages\/10","targetHints":{"allow":["GET"]}}],"collection":[{"href":"https:\/\/www.feuerwehr-brilon.de\/index.php?rest_route=\/wp\/v2\/pages"}],"about":[{"href":"https:\/\/www.feuerwehr-brilon.de\/index.php?rest_route=\/wp\/v2\/types\/page"}],"author":[{"embeddable":true,"href":"https:\/\/www.feuerwehr-brilon.de\/index.php?rest_route=\/wp\/v2\/users\/3"}],"replies":[{"embeddable":true,"href":"https:\/\/www.feuerwehr-brilon.de\/index.php?rest_route=%2Fwp%2Fv2%2Fcomments&post=10"}],"version-history":[{"count":0,"href":"https:\/\/www.feuerwehr-brilon.de\/index.php?rest_route=\/wp\/v2\/pages\/10\/revisions"}],"wp:attachment":[{"href":"https:\/\/www.feuerwehr-brilon.de\/index.php?rest_route=%2Fwp%2Fv2%2Fmedia&parent=10"}],"curies":[{"name":"wp","href":"https:\/\/api.w.org\/{rel}","templated":true}]}}