{"id":104,"date":"2008-08-19T22:08:37","date_gmt":"2008-08-19T20:08:37","guid":{"rendered":"http:\/\/www.feuerwehr-brilon.de\/?page_id=104"},"modified":"2017-04-09T11:31:21","modified_gmt":"2017-04-09T09:31:21","slug":"repertoire","status":"publish","type":"page","link":"https:\/\/www.feuerwehr-brilon.de\/?page_id=104","title":{"rendered":"Repertoire"},"content":{"rendered":"<p>Aus B\u00f6hmen kommt die Musik<\/p>\n<p>Badenweiler-Marsch<\/p>\n<p>Brucker Lager-Marsch<\/p>\n<p>Beim Morgengrauen<\/p>\n<p>Colonel-Bogey-Marsch<\/p>\n<p>Das Lieben bringt gro\u00df\u2018 Freud\u2018<\/p>\n<p>Deutschmeister Regiments-Marsch<\/p>\n<p>Der J\u00e4ger aus Kurpfalz<\/p>\n<p>Dixieland for band<\/p>\n<p>Erzherzog-Albrecht-Marsch<\/p>\n<p>Fehrbelliner Reitermarsch<\/p>\n<p>Feten-Hits<\/p>\n<p>Flieger-Marsch<\/p>\n<p>Frei Weg-Marsch<\/p>\n<p>Funiculi-Funicula<\/p>\n<p>Gru\u00df an Kiel<\/p>\n<p>Herzog von Braunschweig<\/p>\n<p>Highland Cathedral<\/p>\n<p>In die weite Welt<\/p>\n<p>Jubelkl\u00e4nge<\/p>\n<p>Koburger Josias-Marsch<\/p>\n<p>Kronprinz-Marsch<\/p>\n<p>K\u00e4rntner Liedermarsch<\/p>\n<p>K\u00f6niggr\u00e4tzer-Marsch<\/p>\n<p>Laridah-Marsch<\/p>\n<p>Liebesboten-Marsch<\/p>\n<p>Mars der Medici<\/p>\n<p>Marsch der freiwilligen J\u00e4ger (Alter J\u00e4ger-Marsch)<\/p>\n<p>Military Escort<\/p>\n<p>Mit Sang und Klang<\/p>\n<p>Musik, Musik<\/p>\n<p>Musketiermarsch<\/p>\n<p>Mussinan-Marsch<\/p>\n<p>Parademarsch der Spielleute<\/p>\n<p>Pauken 3<\/p>\n<p>Pauken 4<\/p>\n<p>Preu\u00dfens Gloria<\/p>\n<p>Regimentsgru\u00df<\/p>\n<p>Ruetz<\/p>\n<p>Revue-Marsch<\/p>\n<p>San Carlo<\/p>\n<p>Sch\u00fctzenliesel-Polka<\/p>\n<p>Schwedenmarsch<\/p>\n<p>Tippelbr\u00fcder-Polka<\/p>\n<p>Unsere Garde-Marsch<\/p>\n<p>Torgauer-Marsch<\/p>\n<p>Waidmannsheil<\/p>\n<p>Westfalen-Gru\u00df<\/p>\n<p>York\u2019scher Marsch (Marsch des York\u2018schen Korps)<\/p>\n","protected":false},"excerpt":{"rendered":"<p>Aus B\u00f6hmen kommt die Musik Badenweiler-Marsch Brucker Lager-Marsch Beim Morgengrauen Colonel-Bogey-Marsch Das Lieben bringt gro\u00df\u2018 Freud\u2018 Deutschmeister Regiments-Marsch Der J\u00e4ger aus Kurpfalz Dixieland for band Erzherzog-Albrecht-Marsch Fehrbelliner Reitermarsch Feten-Hits Flieger-Marsch Frei Weg-Marsch Funiculi-Funicula Gru\u00df an Kiel Herzog von Braunschweig Highland Cathedral In die weite Welt Jubelkl\u00e4nge Koburger Josias-Marsch Kronprinz-Marsch K\u00e4rntner Liedermarsch K\u00f6niggr\u00e4tzer-Marsch Laridah-Marsch Liebesboten-Marsch Mars [&hellip;]<\/p>\n","protected":false},"author":3,"featured_media":0,"parent":82,"menu_order":5,"comment_status":"closed","ping_status":"closed","template":"","meta":{"_exactmetrics_skip_tracking":false,"_exactmetrics_sitenote_active":false,"_exactmetrics_sitenote_note":"","_exactmetrics_sitenote_category":0,"jetpack_post_was_ever_published":false,"footnotes":""},"class_list":["post-104","page","type-page","status-publish","hentry"],"jetpack_shortlink":"https:\/\/wp.me\/PCIJa-1G","jetpack_sharing_enabled":true,"jetpack-related-posts":[{"id":243,"url":"https:\/\/www.feuerwehr-brilon.de\/?page_id=243","url_meta":{"origin":104,"position":0},"title":"Geschichte","author":"Daniel Vogel","date":"18. August 2008","format":false,"excerpt":"In einem original Auszug der Sauerl\u00e4nder Zeitung vom 09.12.1919 wurde das Tambourkorps das erste Mal im Jahr 1919 schriftlich erw\u00e4hnt, und zwar hatte sich die nach dem Kriege aufgel\u00f6ste Musikkapelle der Feuerwehr wieder neu gegr\u00fcndet, um in der Turnhalle einige M\u00e4rsche zum Vortrag zu bringen. Von dort ging es zur\u00fcck\u2026","rel":"","context":"In &quot;Allgemein&quot;","block_context":{"text":"Allgemein","link":"https:\/\/www.feuerwehr-brilon.de\/?cat=1"},"img":{"alt_text":"","src":"https:\/\/i0.wp.com\/www.feuerwehr-brilon.de\/wp-up\/2008\/08\/tambourkorps_1926_600-500x340.jpg?resize=350%2C200","width":350,"height":200},"classes":[]},{"id":701,"url":"https:\/\/www.feuerwehr-brilon.de\/?page_id=701","url_meta":{"origin":104,"position":1},"title":"ICH MACH MIT","author":"Marc Heines","date":"13. April 2010","format":false,"excerpt":"\"Ich kann mir kein sch\u00f6neres Hobby vorstellen\" Mit dieser Aussage sind sich alle Feuerwehrfrauen und -m\u00e4nner einig. Gerade die Vielseitigkeit findet sich in keinem anderen Bereich. Interessierst Du dich f\u00fcr: Jugendarbeit \u00a0 \u00a0 \u00a0 \u00a0 \u00a0 \u00a0 \u00a0 \u00a0 \u00a0 \u00a0 \u00a0 \u00a0\u00a0 Klettern \u00a0 \u00a0 \u00a0 \u00a0 \u00a0 \u00a0\u2026","rel":"","context":"In &quot;Allgemein&quot;","block_context":{"text":"Allgemein","link":"https:\/\/www.feuerwehr-brilon.de\/?cat=1"},"img":{"alt_text":"ICH MACH MIT","src":"https:\/\/i0.wp.com\/www.feuerwehr-brilon.de\/wp-up\/2010\/04\/gruppe_internet.jpg?resize=350%2C200","width":350,"height":200},"classes":[]},{"id":4649,"url":"https:\/\/www.feuerwehr-brilon.de\/?page_id=4649","url_meta":{"origin":104,"position":2},"title":"Geschichte seit 1879","author":"Andreas Becker","date":"25. M\u00e4rz 2011","format":false,"excerpt":"Nach einem Gro\u00dfbrand am 7.7.1877, dem in der Schulstra\u00dfe 20 H\u00e4user zum Opfer fielen, veranla\u00dfte der damalige B\u00fcrgermeister Schomberg die Gr\u00fcndung eines Freiwilligen Feuerwehr. Bei der Gr\u00fcndungsversammlung am 6. Juli 1879 meldeten sich zahlreiche B\u00fcrger aller Bev\u00f6lkerungskreise als freiwillige Mitglieder. 6. Juli 1879, die Feuerwehr Brilon wurde gegr\u00fcndet. In der\u2026","rel":"","context":"\u00c4hnlicher Beitrag","block_context":{"text":"\u00c4hnlicher Beitrag","link":""},"img":{"alt_text":"","src":"https:\/\/i0.wp.com\/www.feuerwehr-brilon.de\/wp-up\/2011\/03\/1879-500x386.jpg?resize=350%2C200","width":350,"height":200},"classes":[]},{"id":769,"url":"https:\/\/www.feuerwehr-brilon.de\/?page_id=769","url_meta":{"origin":104,"position":3},"title":"Geschichte","author":"Marc Heines","date":"30. M\u00e4rz 2009","format":false,"excerpt":"Gr\u00fcndungsversammlung am 29.06.1909 Am Dienstag, dem 29. Juni 1909, nachmittags 4 Uhr, war im Gasthof Brune hierselbst eine Versammlung zwecks Gr\u00fcndung einer freiwilligen Feuerwehr f\u00fcr Niederalme, Oberalme und Herrschaft Alme einberufen. Die Versammlung wurde von dem Gemeindevorsteher S\u00fcrig aus Niederalme er\u00f6ffnet und das Wort dem auf dem Gebiete des Feuerl\u00f6schwesens\u2026","rel":"","context":"In &quot;Allgemein&quot;","block_context":{"text":"Allgemein","link":"https:\/\/www.feuerwehr-brilon.de\/?cat=1"},"img":{"alt_text":"","src":"https:\/\/i0.wp.com\/www.feuerwehr-brilon.de\/wp-up\/2009\/03\/grunder-der-almer-feuerwehr.jpg?resize=350%2C200","width":350,"height":200},"classes":[]},{"id":767,"url":"https:\/\/www.feuerwehr-brilon.de\/?page_id=767","url_meta":{"origin":104,"position":4},"title":"Kartoffelbraten","author":"Marc Heines","date":"29. M\u00e4rz 2009","format":false,"excerpt":"Die Ehrenabteilung des L\u00f6schzuges Brilon hat ihr schon fast traditionelles Kartoffelbraten durchgef\u00fchrt. Die Mitglieder der Ehrenabteilung trafen sich dazu mit ihren Ehefrauen und den Frauen der verstorbenen Feuerwehrm\u00e4nner am Rochusw\u00e4ldchen. Nach einer kleinen Wanderung zu Reermanns H\u00fctte folgte zun\u00e4chst ein gem\u00fctliches Kaffeetrinken. Anschlie\u00dfend gab es Kartoffeln direkt aus dem Feuer.\u2026","rel":"","context":"In &quot;Allgemein&quot;","block_context":{"text":"Allgemein","link":"https:\/\/www.feuerwehr-brilon.de\/?cat=1"},"img":{"alt_text":"","src":"https:\/\/i0.wp.com\/www.feuerwehr-brilon.de\/wp-up\/2009\/03\/ehrenabteilung_kartoffelbraten_550.jpg?resize=350%2C200","width":350,"height":200},"classes":[]},{"id":473,"url":"https:\/\/www.feuerwehr-brilon.de\/?page_id=473","url_meta":{"origin":104,"position":5},"title":"Handdruckspritzen","author":"Marc Heines","date":"13. Dezember 2008","format":false,"excerpt":"Brilon 1 Handdruckspritze aus dem Jahre 1880. Sie war von 1880 bis 1933 beim L\u00f6schzug Brilon im Einsatz. Die Handruckspritze wurde 1880 von der Firma Hoeing in Koeln hergestellt. Sie leistet 350 Liter pro Minute bei 8 Personen und 50 H\u00fcben. Sie wurde von zwei Pferden gezogen. Die Handruckspritze beim\u2026","rel":"","context":"In &quot;Allgemein&quot;","block_context":{"text":"Allgemein","link":"https:\/\/www.feuerwehr-brilon.de\/?cat=1"},"img":{"alt_text":"","src":"https:\/\/i0.wp.com\/www.feuerwehr-brilon.de\/wp-up\/2008\/12\/handdruckspritze_brilon_1.jpg?resize=350%2C200","width":350,"height":200},"classes":[]}],"_links":{"self":[{"href":"https:\/\/www.feuerwehr-brilon.de\/index.php?rest_route=\/wp\/v2\/pages\/104","targetHints":{"allow":["GET"]}}],"collection":[{"href":"https:\/\/www.feuerwehr-brilon.de\/index.php?rest_route=\/wp\/v2\/pages"}],"about":[{"href":"https:\/\/www.feuerwehr-brilon.de\/index.php?rest_route=\/wp\/v2\/types\/page"}],"author":[{"embeddable":true,"href":"https:\/\/www.feuerwehr-brilon.de\/index.php?rest_route=\/wp\/v2\/users\/3"}],"replies":[{"embeddable":true,"href":"https:\/\/www.feuerwehr-brilon.de\/index.php?rest_route=%2Fwp%2Fv2%2Fcomments&post=104"}],"version-history":[{"count":3,"href":"https:\/\/www.feuerwehr-brilon.de\/index.php?rest_route=\/wp\/v2\/pages\/104\/revisions"}],"predecessor-version":[{"id":14652,"href":"https:\/\/www.feuerwehr-brilon.de\/index.php?rest_route=\/wp\/v2\/pages\/104\/revisions\/14652"}],"up":[{"embeddable":true,"href":"https:\/\/www.feuerwehr-brilon.de\/index.php?rest_route=\/wp\/v2\/pages\/82"}],"wp:attachment":[{"href":"https:\/\/www.feuerwehr-brilon.de\/index.php?rest_route=%2Fwp%2Fv2%2Fmedia&parent=104"}],"curies":[{"name":"wp","href":"https:\/\/api.w.org\/{rel}","templated":true}]}}