{"id":11756,"date":"2015-04-20T19:05:27","date_gmt":"2015-04-20T17:05:27","guid":{"rendered":"http:\/\/www.feuerwehr-brilon.de\/?page_id=11756"},"modified":"2018-12-29T15:48:09","modified_gmt":"2018-12-29T14:48:09","slug":"geraetewagen-logistik-2","status":"publish","type":"page","link":"https:\/\/www.feuerwehr-brilon.de\/?page_id=11756","title":{"rendered":"Ger\u00e4teWagen-Logistik 2"},"content":{"rendered":"<table>\n<tbody>\n<tr>\n<td width=\"440\"><a href=\"\/images\/fahrzeuge\/gwl_2_gross_1.JPG\" rel=\"lightbox\"><img decoding=\"async\" class=\"alignleft size-thumbnail wp-image-16281\" src=\"\/images\/fahrzeuge\/gwl_2_gross_1.JPG\" alt=\"Ger\u00e4tewagen-Logistik-2\" width=\"\" height=\"\"><\/a><\/td>\n<td>\n<a href=\"\/images\/fahrzeuge\/gwl_2_gross_1.JPG\" rel=\"lightbox\"><img loading=\"lazy\" decoding=\"async\" class=\"aligright size-thumbnail wp-image-16281 alignright\" src=\"\/images\/fahrzeuge\/gwl_2_klein_1.JPG\" alt=\"Ger\u00e4tewagen-Logistik-2\" width=\"132\" height=\"88\"><\/a><br \/>\n<a href=\"\/images\/fahrzeuge\/gwl_2_gross_2.JPG\" rel=\"lightbox\"><img loading=\"lazy\" decoding=\"async\" class=\"aligright size-thumbnail wp-image-16281 alignright\" src=\"\/images\/fahrzeuge\/gwl_2_klein_2.JPG\" alt=\"Ger\u00e4tewagen-Logistik-2\" width=\"132\" height=\"88\"><\/a><br \/>\n<a href=\"\/images\/fahrzeuge\/gwl_2_gross_3.JPG\" rel=\"lightbox\"><img decoding=\"async\" class=\"aligright size-thumbnail wp-image-16281 alignright\" src=\"\/images\/fahrzeuge\/gwl_2_klein_3.JPG\" alt=\"Ger\u00e4tewagen-Logistik-2\" width=\"\" height=\"\"><\/a>\n<\/td>\n<\/tr>\n<\/tbody>\n<\/table>\n<p>&nbsp;<\/p>\n<table class=\"vehicle\">\n<thead>\n<tr>\n<th colspan=\"2\">Allgemeine Informationen:<\/th>\n<\/tr>\n<\/thead>\n<tbody>\n<tr>\n<td class=\"vehicletext\">Typ<\/td>\n<td class=\"vehicledata\">GW Logistik 2<\/td>\n<\/tr>\n<tr>\n<td class=\"vehicletext\">Besatzung<\/td>\n<td class=\"vehicledata\">1 \/ 5<\/td>\n<\/tr>\n<tr>\n<td class=\"vehicletext\">Funkrufname<\/td>\n<td class=\"vehicledata\">Florian Brilon 1 Gw-Logistik 2-1<\/td>\n<\/tr>\n<tr>\n<td class=\"vehicletext\">Standort<\/td>\n<td class=\"vehicledata\">Brilon<\/td>\n<\/tr>\n<\/tbody>\n<\/table>\n<table class=\"vehicle\">\n<thead>\n<tr>\n<th colspan=\"2\">Technische Daten:<\/th>\n<\/tr>\n<\/thead>\n<tbody>\n<tr>\n<td class=\"vehicletext\">Baujahr<\/td>\n<td class=\"vehicledata\">2015<\/td>\n<\/tr>\n<tr>\n<td class=\"vehicletext\">Leistung<\/td>\n<td class=\"vehicledata\">213 kW\/ 290 PS<\/td>\n<\/tr>\n<tr>\n<td class=\"vehicletext\">Hersteller<\/td>\n<td class=\"vehicledata\">MAN<\/td>\n<\/tr>\n<tr>\n<td class=\"vehicletext\">Fahrgestell<\/td>\n<td class=\"vehicledata\">MAN 13.290 BL<\/td>\n<\/tr>\n<tr>\n<td class=\"vehicletext\">Aufbau<\/td>\n<td class=\"vehicledata\">Ziegler<\/td>\n<\/tr>\n<tr>\n<td class=\"vehicletext\">Gewicht<\/td>\n<td class=\"vehicledata\">14,1 t<\/td>\n<\/tr>\n<\/tbody>\n<\/table>\n<table class=\"vehicle\">\n<thead>\n<tr>\n<th colspan=\"2\">Besonderheiten:<\/th>\n<\/tr>\n<\/thead>\n<tbody>\n<tr>\n<td class=\"vehicletext\" colspan=\"2\">Lichtmast 6 x Xenon, Seilwinde 50 kN, Zusatzbeladung Strom (14 kVA), Motors\u00e4ge, Licht (Powermoon), Mehrzweckzug 1,6 t, Tragkraftspritze (PFPN 10-1500), 2.000 B-Schlauch auf vier Rollwagen. Rollcontainer Standardbeladung: 2 x 500 m B-Schlauch, Technische Hilfe (Hebesatz, Winden, Formh\u00f6lzer), \u00d6lspur\/Verkehrsabsicherung, \u00d6lbindemittel und Wasserschaden (Schmutzwasserpumpe und Wassersauger)<br \/>\nWeitere Rollcontainer: 2 x 500 B-Schlauch, Kraftstoffversorgung, Atemschutz (Ersatzflaschen und Atemanschl\u00fcsse) und 6 x 60 Kg Schaummittel<\/td>\n<\/tr>\n<\/tbody>\n<\/table>\n","protected":false},"excerpt":{"rendered":"<p>&nbsp; Allgemeine Informationen: Typ GW Logistik 2 Besatzung 1 \/ 5 Funkrufname Florian Brilon 1 Gw-Logistik 2-1 Standort Brilon Technische Daten: Baujahr 2015 Leistung 213 kW\/ 290 PS Hersteller MAN Fahrgestell MAN 13.290 BL Aufbau Ziegler Gewicht 14,1 t Besonderheiten: Lichtmast 6 x Xenon, Seilwinde 50 kN, Zusatzbeladung Strom (14 kVA), Motors\u00e4ge, Licht (Powermoon), Mehrzweckzug [&hellip;]<\/p>\n","protected":false},"author":8,"featured_media":0,"parent":11,"menu_order":0,"comment_status":"closed","ping_status":"closed","template":"","meta":{"_exactmetrics_skip_tracking":false,"_exactmetrics_sitenote_active":false,"_exactmetrics_sitenote_note":"","_exactmetrics_sitenote_category":0,"jetpack_post_was_ever_published":false,"footnotes":""},"class_list":["post-11756","page","type-page","status-publish","hentry"],"jetpack_shortlink":"https:\/\/wp.me\/PCIJa-33C","jetpack_sharing_enabled":true,"jetpack-related-posts":[{"id":16659,"url":"https:\/\/www.feuerwehr-brilon.de\/?page_id=16659","url_meta":{"origin":11756,"position":0},"title":"Ger\u00e4teWagen-Logistik 1 &#8211; Hoppecke","author":"Andreas Becker","date":"14. Juni 2020","format":false,"excerpt":"\u00a0 Allgemeine Informationen: Typ GW Logistik 1 Besatzung 1 \/ 5 Funkrufname Florian Brilon 5 Gw-Logistik 1-1 Standort Hoppecke Technische Daten: Baujahr 2018 Leistung 184 kW\/ 250 PS Hersteller MAN Fahrgestell MAN 12.250 BL Aufbau Ziegler Gewicht 11,99 t Besonderheiten: Lichtmast 6 x Xenon, Zusatzbeladung Strom (14 kVA), Motors\u00e4ge, Licht,\u2026","rel":"","context":"\u00c4hnlicher Beitrag","block_context":{"text":"\u00c4hnlicher Beitrag","link":""},"img":{"alt_text":"Ger\u00e4tewagen-Logistik-1","src":"\/images\/fahrzeuge\/gwl_1_gross_1.JPG","width":350,"height":200,"srcset":"\/images\/fahrzeuge\/gwl_1_gross_1.JPG 1x, \/images\/fahrzeuge\/gwl_1_gross_1.JPG 1.5x, \/images\/fahrzeuge\/gwl_1_gross_1.JPG 2x"},"classes":[]},{"id":808,"url":"https:\/\/www.feuerwehr-brilon.de\/?page_id=808","url_meta":{"origin":11756,"position":1},"title":"Ger\u00e4tewagen-Logistik 01 &#8211; Brilon","author":"Andreas Becker","date":"25. August 2009","format":false,"excerpt":"Allgemeine Informationen: Typ Gw-L1 Besatzung 1 \/ 2 Funkrufname Florian Brilon 1 GwLogistik1 1 Standort Brilon Technische Daten: Baujahr 1999 Leistung kW \/ PS Hersteller Volkswagen Fahrgestell Aufbau Gewicht 3,49 t Besonderheiten: \u00d6lbindemittel f\u00fcr Stra\u00dfenraum und Wasserfl\u00e4chen, Bindemittelstreuwagen, Warnschilder f\u00fcr den Stra\u00dfenverkehrWeitere m\u00f6gliche Beladung per Gitterboxen: Schaummittel, Bindemittel, Atemluftflaschen","rel":"","context":"In &quot;Allgemein&quot;","block_context":{"text":"Allgemein","link":"https:\/\/www.feuerwehr-brilon.de\/?cat=1"},"img":{"alt_text":"","src":"","width":0,"height":0},"classes":[]},{"id":806,"url":"https:\/\/www.feuerwehr-brilon.de\/?page_id=806","url_meta":{"origin":11756,"position":2},"title":"Ger\u00e4tewagen-Gefahrgut 02 &#8211; Brilon","author":"Andreas Becker","date":"28. August 2009","format":false,"excerpt":"Allgemeine Informationen: Typ Gw-G 2 Besatzung 1 \/ 2 Funkrufname Florian Brilon 1 GwG 1 Standort Brilon Technische Daten: Baujahr 1989 Leistung 125 kW \/ 170 PS Hersteller Mercedes Benz Fahrgestell 817 F Aufbau Ziegler Gewicht 9 t Besonderheiten: Stromerzeuger 8kVA, Lichtmast 3000 Watt, Fl\u00fcssigkeitssauger, Aufnahmeger\u00e4t f\u00fcr Gef\u00e4hrliche Stoffe u.\u2026","rel":"","context":"In &quot;Allgemein&quot;","block_context":{"text":"Allgemein","link":"https:\/\/www.feuerwehr-brilon.de\/?cat=1"},"img":{"alt_text":"","src":"","width":0,"height":0},"classes":[]},{"id":23302,"url":"https:\/\/www.feuerwehr-brilon.de\/?page_id=23302","url_meta":{"origin":11756,"position":3},"title":"Mannschaft-Transport-Fahrzeug &#8211; Alme","author":"Andreas Becker","date":"12. Mai 2023","format":false,"excerpt":"\u00a0 Allgemeine Informationen: Typ MTF Besatzung 1 \/ 8 Funkrufname Florian Brilon 2 MTF 1 Standort Alme Technische Daten: Baujahr 2021 Leistung 130 KW \/ 176 PS Hersteller VW Fahrgestell Crafter Aufbau Sch\u00e4fer Gewicht 3,49 t Besonderheiten: Heckwarneinrichtung","rel":"","context":"\u00c4hnlicher Beitrag","block_context":{"text":"\u00c4hnlicher Beitrag","link":""},"img":{"alt_text":"mtf_alme-1","src":"\/images\/fahrzeuge\/mtf_alme_gross_1.JPG","width":350,"height":200,"srcset":"\/images\/fahrzeuge\/mtf_alme_gross_1.JPG 1x, \/images\/fahrzeuge\/mtf_alme_gross_1.JPG 1.5x, \/images\/fahrzeuge\/mtf_alme_gross_1.JPG 2x"},"classes":[]},{"id":36,"url":"https:\/\/www.feuerwehr-brilon.de\/?page_id=36","url_meta":{"origin":11756,"position":4},"title":"Ratgeber","author":"Daniel Vogel","date":"28. Mai 2008","format":false,"excerpt":"Hier erhalten Sie allgemeine Informationen zum Brandschutz, zu Notf\u00e4llen, Notruf, Rauchmeldern, Feuerl\u00f6schern und Fettexplosionen. Daneben k\u00f6nnen Sie hier Informationen zu Wespen und den Umgang mit Ihnen abrufen. Das richtige Verhalten Der richtige Notruf Fettexplosion Feuerl\u00f6scher Freie Fahrt Hausnummern Notruf Fax Rauchmelder Silvestertipps Weihnachtszeit Wespen und Hornissen","rel":"","context":"In &quot;Allgemein&quot;","block_context":{"text":"Allgemein","link":"https:\/\/www.feuerwehr-brilon.de\/?cat=1"},"img":{"alt_text":"","src":"","width":0,"height":0},"classes":[]},{"id":749,"url":"https:\/\/www.feuerwehr-brilon.de\/?page_id=749","url_meta":{"origin":11756,"position":5},"title":"Einsatz-Leit-Wagen 01 &#8211; Brilon","author":"Andreas Becker","date":"25. August 2009","format":false,"excerpt":"Allgemeine Informationen: Typ ELW Besatzung 1 \/ 2 Funkrufname Florian Brilon 1 ELW1 1 Standort Brilon Technische Daten: Baujahr 2005 Leistung 81 KW \/ 110 PS Hersteller Mercedes-Benz Fahrgestell Sprinter 311 CDI Aufbau Schmitz Gewicht 3,49 t Besonderheiten: Verschiedene Funkger\u00e4te zur Einsatzleitung an der Einsatzstelle im 2m und 4m Band\u2026","rel":"","context":"In &quot;Allgemein&quot;","block_context":{"text":"Allgemein","link":"https:\/\/www.feuerwehr-brilon.de\/?cat=1"},"img":{"alt_text":"ELW","src":"\/images\/fahrzeuge\/elw_1_1_gross_1.jpg","width":350,"height":200,"srcset":"\/images\/fahrzeuge\/elw_1_1_gross_1.jpg 1x, \/images\/fahrzeuge\/elw_1_1_gross_1.jpg 1.5x, \/images\/fahrzeuge\/elw_1_1_gross_1.jpg 2x"},"classes":[]}],"_links":{"self":[{"href":"https:\/\/www.feuerwehr-brilon.de\/index.php?rest_route=\/wp\/v2\/pages\/11756","targetHints":{"allow":["GET"]}}],"collection":[{"href":"https:\/\/www.feuerwehr-brilon.de\/index.php?rest_route=\/wp\/v2\/pages"}],"about":[{"href":"https:\/\/www.feuerwehr-brilon.de\/index.php?rest_route=\/wp\/v2\/types\/page"}],"author":[{"embeddable":true,"href":"https:\/\/www.feuerwehr-brilon.de\/index.php?rest_route=\/wp\/v2\/users\/8"}],"replies":[{"embeddable":true,"href":"https:\/\/www.feuerwehr-brilon.de\/index.php?rest_route=%2Fwp%2Fv2%2Fcomments&post=11756"}],"version-history":[{"count":3,"href":"https:\/\/www.feuerwehr-brilon.de\/index.php?rest_route=\/wp\/v2\/pages\/11756\/revisions"}],"predecessor-version":[{"id":16642,"href":"https:\/\/www.feuerwehr-brilon.de\/index.php?rest_route=\/wp\/v2\/pages\/11756\/revisions\/16642"}],"up":[{"embeddable":true,"href":"https:\/\/www.feuerwehr-brilon.de\/index.php?rest_route=\/wp\/v2\/pages\/11"}],"wp:attachment":[{"href":"https:\/\/www.feuerwehr-brilon.de\/index.php?rest_route=%2Fwp%2Fv2%2Fmedia&parent=11756"}],"curies":[{"name":"wp","href":"https:\/\/api.w.org\/{rel}","templated":true}]}}