{"id":1299,"date":"2009-08-28T22:18:38","date_gmt":"2009-08-28T20:18:38","guid":{"rendered":"http:\/\/www.feuerwehr-brilon.de\/?page_id=1299"},"modified":"2022-11-17T13:41:24","modified_gmt":"2022-11-17T12:41:24","slug":"loschzug-brilon-e-v","status":"publish","type":"page","link":"https:\/\/www.feuerwehr-brilon.de\/?page_id=1299","title":{"rendered":"L\u00f6schzug Brilon e. V."},"content":{"rendered":"<p>Der L\u00f6schzug Brilon e.V. wurde gegr\u00fcndet zur Pflege des Feuerwehrwesens und zur F\u00f6rderung der Kameradschaft und der Jugendpflege.<\/p>\n<p>Mitglied werden k\u00f6nnen alle Angeh\u00f6rigen des L\u00f6schzug Brilon, des Tambourkorps, der Jugendfeuerwehr und der Ehrenabteilung. Man kann aber auch als F\u00f6rderndes Mitglied aufgenommen werden.<\/p>\n<p>Die Organe des Vereins sind die Mitgliederversammlung und der Vorstand. Zum Vorstand geh\u00f6ren geborene Mitglieder und frei gew\u00e4hlte Mitglieder.<\/p>\n<p>Geborene Mitglieder sind:<\/p>\n<ul>\n<li>L\u00f6schzugf\u00fchrer<\/li>\n<li>stellvertretende L\u00f6schzugf\u00fchrer<\/li>\n<li>stellvertretender Musikzugf\u00fchrer<\/li>\n<li>Musikalischer Leiter<\/li>\n<li>Jugendfeuerwehrwart<\/li>\n<li>Sprecher der Ehrenabteilung<\/li>\n<\/ul>\n<p>die gew\u00e4hlten Mitglieder sind:<\/p>\n<ul>\n<li>der Schriftf\u00fchrer<\/li>\n<li>der Gesch\u00e4ftsf\u00fchrer<\/li>\n<li>die Beisitzer<\/li>\n<\/ul>\n","protected":false},"excerpt":{"rendered":"<p>Der L\u00f6schzug Brilon e.V. wurde gegr\u00fcndet zur Pflege des Feuerwehrwesens und zur F\u00f6rderung der Kameradschaft und der Jugendpflege. Mitglied werden k\u00f6nnen alle Angeh\u00f6rigen des L\u00f6schzug Brilon, des Tambourkorps, der Jugendfeuerwehr und der Ehrenabteilung. Man kann aber auch als F\u00f6rderndes Mitglied aufgenommen werden. Die Organe des Vereins sind die Mitgliederversammlung und der Vorstand. Zum Vorstand geh\u00f6ren [&hellip;]<\/p>\n","protected":false},"author":6,"featured_media":0,"parent":7,"menu_order":0,"comment_status":"closed","ping_status":"closed","template":"","meta":{"_exactmetrics_skip_tracking":false,"_exactmetrics_sitenote_active":false,"_exactmetrics_sitenote_note":"","_exactmetrics_sitenote_category":0,"jetpack_post_was_ever_published":false,"footnotes":""},"class_list":["post-1299","page","type-page","status-publish","hentry"],"jetpack_shortlink":"https:\/\/wp.me\/PCIJa-kX","jetpack_sharing_enabled":true,"jetpack-related-posts":[{"id":7,"url":"https:\/\/www.feuerwehr-brilon.de\/?page_id=7","url_meta":{"origin":1299,"position":0},"title":"Brilon","author":"Marc Heines","date":"28. Mai 2008","format":false,"excerpt":"Der L\u00f6schzug Brilon ist f\u00fcr den Brandschutz in der Kernstadt (14.590 Einwohner) und Gudenhagen-Petersborn (1.293 Einwohner) zust\u00e4ndig. Daneben unterst\u00fctzt er die L\u00f6schgruppen bei gr\u00f6\u00dferen Eins\u00e4tzen. Er gliedert sich in vier Abteilungen: Einsatzabteilung Hier befinden sich alle aktiven Brandsch\u00fctzer der Einsatzabteilung. weiter xxxxxxxxxx MITGLIED werden Jugendfeuerwehr Seit \u00fcber 40 Jahren unterh\u00e4lt\u2026","rel":"","context":"In &quot;Allgemein&quot;","block_context":{"text":"Allgemein","link":"https:\/\/www.feuerwehr-brilon.de\/?cat=1"},"img":{"alt_text":"","src":"https:\/\/i0.wp.com\/www.feuerwehr-brilon.de\/wp-up\/2020\/04\/Gruppenbild_LZBrilon_010-500x281.jpg?resize=350%2C200&ssl=1","width":350,"height":200,"srcset":"https:\/\/i0.wp.com\/www.feuerwehr-brilon.de\/wp-up\/2020\/04\/Gruppenbild_LZBrilon_010-500x281.jpg?resize=350%2C200&ssl=1 1x, https:\/\/i0.wp.com\/www.feuerwehr-brilon.de\/wp-up\/2020\/04\/Gruppenbild_LZBrilon_010-500x281.jpg?resize=525%2C300&ssl=1 1.5x, https:\/\/i0.wp.com\/www.feuerwehr-brilon.de\/wp-up\/2020\/04\/Gruppenbild_LZBrilon_010-500x281.jpg?resize=700%2C400&ssl=1 2x"},"classes":[]},{"id":767,"url":"https:\/\/www.feuerwehr-brilon.de\/?page_id=767","url_meta":{"origin":1299,"position":1},"title":"Kartoffelbraten","author":"Marc Heines","date":"29. M\u00e4rz 2009","format":false,"excerpt":"Die Ehrenabteilung des L\u00f6schzuges Brilon hat ihr schon fast traditionelles Kartoffelbraten durchgef\u00fchrt. Die Mitglieder der Ehrenabteilung trafen sich dazu mit ihren Ehefrauen und den Frauen der verstorbenen Feuerwehrm\u00e4nner am Rochusw\u00e4ldchen. Nach einer kleinen Wanderung zu Reermanns H\u00fctte folgte zun\u00e4chst ein gem\u00fctliches Kaffeetrinken. Anschlie\u00dfend gab es Kartoffeln direkt aus dem Feuer.\u2026","rel":"","context":"In &quot;Allgemein&quot;","block_context":{"text":"Allgemein","link":"https:\/\/www.feuerwehr-brilon.de\/?cat=1"},"img":{"alt_text":"","src":"https:\/\/i0.wp.com\/www.feuerwehr-brilon.de\/wp-up\/2009\/03\/ehrenabteilung_kartoffelbraten_550.jpg?resize=350%2C200","width":350,"height":200},"classes":[]},{"id":758,"url":"https:\/\/www.feuerwehr-brilon.de\/?page_id=758","url_meta":{"origin":1299,"position":2},"title":"Ehrenabteilung","author":"Marc Heines","date":"29. M\u00e4rz 2009","format":false,"excerpt":"Die Ehrenabteilung des L\u00f6schzuges trifft sich viermal im Jahr. Neben dem Kartoffelbraten und einer Weihnachtsfeier werden auch gemeinsame Ausflugsfahrten durchgef\u00fchrt. So wird der Zusammenhalt der \u201epensionierten\u201c Feuerwehrm\u00e4nner aufrechterhalten.Sie erhalten hier einige Informationen \u00fcber die Aktivit\u00e4ten der Ehrenabteilung. Ehrenabteilungen aus Brilon, Olsberg und Niedersfeld zu Besuch bei der Fa. Impuls Herbstfest\u2026","rel":"","context":"In &quot;Allgemein&quot;","block_context":{"text":"Allgemein","link":"https:\/\/www.feuerwehr-brilon.de\/?cat=1"},"img":{"alt_text":"","src":"","width":0,"height":0},"classes":[]},{"id":1252,"url":"https:\/\/www.feuerwehr-brilon.de\/?page_id=1252","url_meta":{"origin":1299,"position":3},"title":"Einsatzabteilung","author":"Andreas Becker","date":"28. August 2009","format":false,"excerpt":"Hier sind alle aktiven Brandsch\u00fctzer organisiert. L\u00f6schzugf\u00fchrungGeleitet wird der L\u00f6schzug vom L\u00f6schzugf\u00fchrer und seinen Stellvertretern L\u00f6schzugf\u00fchrer BOI Marc Heines m.heines(at)feuerwehr-brilon.de stv. L\u00f6schzugf\u00fchrer stv. L\u00f6schzugf\u00fchrer BOI Thomas B\u00f6ddicker BOI Michael Klaholz brilon(at)feuerwehr-brilon.de brilon(at)feuerwehr-brilon.de X Die Mannschaft gliedert sich in drei Z\u00fcge und f\u00fcnf Schleifen. Die einzelnen Schleifen k\u00f6nnen \u00fcber Meldeempf\u00e4nger getrennt\u2026","rel":"","context":"In &quot;Allgemein&quot;","block_context":{"text":"Allgemein","link":"https:\/\/www.feuerwehr-brilon.de\/?cat=1"},"img":{"alt_text":"","src":"https:\/\/i0.wp.com\/www.feuerwehr-brilon.de\/images\/passbilder\/mhe.jpg?resize=350%2C200","width":350,"height":200},"classes":[]},{"id":765,"url":"https:\/\/www.feuerwehr-brilon.de\/?page_id=765","url_meta":{"origin":1299,"position":4},"title":"Besuch der Firma Meister Leisten","author":"Marc Heines","date":"29. M\u00e4rz 2009","format":false,"excerpt":"Am 14.04.2005 trafen sich die Ehrenabteilungen der L\u00f6schz\u00fcge Niedersfeld, Olsberg und Brilon zu einer gemeinsamen Besichtigung der Firma Meister Leisten in R\u00fcthen.","rel":"","context":"In &quot;Allgemein&quot;","block_context":{"text":"Allgemein","link":"https:\/\/www.feuerwehr-brilon.de\/?cat=1"},"img":{"alt_text":"","src":"https:\/\/i0.wp.com\/www.feuerwehr-brilon.de\/wp-up\/2009\/03\/meister_leisten_2005.jpg?resize=350%2C200","width":350,"height":200},"classes":[]},{"id":759,"url":"https:\/\/www.feuerwehr-brilon.de\/?page_id=759","url_meta":{"origin":1299,"position":5},"title":"Weihnachtsfeier 2005","author":"Marc Heines","date":"29. M\u00e4rz 2009","format":false,"excerpt":"Am 7.Dezember\u00a0 2005 feierten die Kameraden der Ehrenabteilung des L\u00f6schzuges Brilon mit ihren Ehefrauen und den Ehefrauen der verstorbenen Kameraden die allj\u00e4hrliche Weihnachtsfeier im Feuerwehrhaus. Musikalisch wurde die Feier vom Holzensembel des Blasorchesters Brilon umrahmt.","rel":"","context":"In &quot;Allgemein&quot;","block_context":{"text":"Allgemein","link":"https:\/\/www.feuerwehr-brilon.de\/?cat=1"},"img":{"alt_text":"","src":"https:\/\/i0.wp.com\/www.feuerwehr-brilon.de\/wp-up\/2009\/03\/weihnachtsfeier_ehrenabteilung_450_051207-204000.jpg?resize=350%2C200","width":350,"height":200},"classes":[]}],"_links":{"self":[{"href":"https:\/\/www.feuerwehr-brilon.de\/index.php?rest_route=\/wp\/v2\/pages\/1299","targetHints":{"allow":["GET"]}}],"collection":[{"href":"https:\/\/www.feuerwehr-brilon.de\/index.php?rest_route=\/wp\/v2\/pages"}],"about":[{"href":"https:\/\/www.feuerwehr-brilon.de\/index.php?rest_route=\/wp\/v2\/types\/page"}],"author":[{"embeddable":true,"href":"https:\/\/www.feuerwehr-brilon.de\/index.php?rest_route=\/wp\/v2\/users\/6"}],"replies":[{"embeddable":true,"href":"https:\/\/www.feuerwehr-brilon.de\/index.php?rest_route=%2Fwp%2Fv2%2Fcomments&post=1299"}],"version-history":[{"count":1,"href":"https:\/\/www.feuerwehr-brilon.de\/index.php?rest_route=\/wp\/v2\/pages\/1299\/revisions"}],"predecessor-version":[{"id":30338,"href":"https:\/\/www.feuerwehr-brilon.de\/index.php?rest_route=\/wp\/v2\/pages\/1299\/revisions\/30338"}],"up":[{"embeddable":true,"href":"https:\/\/www.feuerwehr-brilon.de\/index.php?rest_route=\/wp\/v2\/pages\/7"}],"wp:attachment":[{"href":"https:\/\/www.feuerwehr-brilon.de\/index.php?rest_route=%2Fwp%2Fv2%2Fmedia&parent=1299"}],"curies":[{"name":"wp","href":"https:\/\/api.w.org\/{rel}","templated":true}]}}