{"id":13,"date":"2008-05-28T15:41:39","date_gmt":"2008-05-28T13:41:39","guid":{"rendered":"http:\/\/wptest.k-srv.de\/?page_id=13"},"modified":"2008-06-01T19:12:59","modified_gmt":"2008-06-01T17:12:59","slug":"schutzkleidung","status":"publish","type":"page","link":"https:\/\/www.feuerwehr-brilon.de\/?page_id=13","title":{"rendered":"Schutzkleidung"},"content":{"rendered":"<p><strong>Pers\u00f6nliche Feuerwehrschutzausr\u00fcstung<\/strong><\/p>\n<hr \/>\n<table border=\"0\" cellspacing=\"0\" cellpadding=\"0\" width=\"100%\">\n<tbody>\n<tr valign=\"top\">\n<td width=\"45%\" align=\"left\"><img decoding=\"async\" src=\".\/images\/technik\/schutzkleidung\/pfsa.jpg\" border=\"0\" alt=\"\" \/><\/td>\n<td width=\"55%\">Die pers\u00f6nliche Feuerwehrschutzausr\u00fcstung bildet die Grundausr\u00fcstung jedes Feuerwehrmannes. Sie besteht aus dem Feuerwehrschutzanzug (Hose und \u00dcberjacke aus flammenhemmenden Material, Nomex), dem Feuerwehrhelm mit Nackenschutz, Feuerwehrschutzhandschuhen aus flammen- hemmendem Material und Feuerwehr-schutzschuhwerk.Der Feuerwehrsicherheits- gurt und die Feuerwehrleine mit Tragebeutel erg\u00e4nzen die Ausr\u00fcstung. Die Feuerwehrleine dient im Regelfall zum Retten von Personen, Selbstretten, zur Sicherung von Einsatzkr\u00e4ften bei Absturzgefahr sowie als Sicherungs- und Signalleine f\u00fcr vorgehende Einsatztrupps und letztendlich zum Hochziehen und Ablassen von Ger\u00e4t.<\/td>\n<\/tr>\n<\/tbody>\n<\/table>\n<p>&nbsp;<\/p>\n<p><strong>Erweiterte Feuerwehrschutzausr\u00fcstung mit Atemschutz<\/strong><\/p>\n<hr \/>\n<table border=\"0\" cellspacing=\"0\" cellpadding=\"0\" width=\"100%\">\n<tbody>\n<tr valign=\"top\">\n<td width=\"45%\" align=\"left\"><img decoding=\"async\" src=\".\/images\/technik\/schutzkleidung\/pfsapsa.jpg\" border=\"0\" alt=\"\" \/><\/td>\n<td width=\"55%\">Bei Brandeins\u00e4tzen wird daneben im Regelfall umluftunabh\u00e4ngiger Atemschutz, bestehend aus Atemschutzmaske und Atemschutzger\u00e4t eingesetzt. Daneben werden bei Brandeins\u00e4tzen zum Schutz von Hals und Nacken sogenannte Flamm- schutzhauben benutzt.<\/td>\n<\/tr>\n<\/tbody>\n<\/table>\n<p>&nbsp;<\/p>\n<p><strong>Hitzeschutzkleidung<\/strong><\/p>\n<hr \/>\n<table border=\"0\" cellspacing=\"0\" cellpadding=\"0\" width=\"100%\">\n<tbody>\n<tr valign=\"top\">\n<td width=\"45%\" align=\"left\"><img decoding=\"async\" src=\".\/images\/technik\/schutzkleidung\/hitzeschutz.jpg\" border=\"0\" alt=\"\" \/><\/td>\n<td width=\"55%\">\n<p>Die Hitzeschutzkleidung sch\u00fctzt den Feuerwehrangeh\u00f6rigen in Zusammenwirken mit der pers\u00f6nlichen Schutzausr\u00fcstung und ggfs. dem Atemschutzger\u00e4t vor gef\u00e4hrlicher W\u00e4rmestrahlung. Sie sch\u00fctzt nicht vor direkter Flammenbeaufschlagung. Es werden dabei folgende Typen eingesetzt:<\/p>\n<p><strong>Form 1<\/strong>, bestehend aus Kopfhaube mit Sichtgitter und Schulterschutz sowie F\u00fcnffingerhandschuhe mit langen Stulpen.<\/p>\n<p><strong>Form 2<\/strong>, bestehend aus Mantel einschl. Kopfhaube mit Sichtscheibe, sowie F\u00fcnffingerhandschuhen mit langen Stulpen.<\/p>\n<p><strong>Form 3<\/strong>, bestehend aus Vollschutzanzug einschl. Kopfhaube mit Sichtscheibe und Hitzeschutzstiefeln sowie F\u00fcnffinger- handschuhe mit langen Stulpen. (Bild links)<\/td>\n<\/tr>\n<\/tbody>\n<\/table>\n<p>&nbsp;<\/p>\n<p><strong>Chemikalienschutzanzug<\/strong><\/p>\n<hr \/>\n<table border=\"0\" cellspacing=\"0\" cellpadding=\"0\" width=\"100%\">\n<tbody>\n<tr valign=\"top\">\n<td width=\"45%\" align=\"left\"><img decoding=\"async\" src=\".\/images\/technik\/schutzkleidung\/csa.jpg\" border=\"0\" alt=\"\" \/><\/td>\n<td width=\"55%\">Der Chemikalienschutzanzug sch\u00fctzt den Tr\u00e4ger des Anzuges bei direktem Kontakt mit Gefahrstoffen f\u00fcr eine begrenzte Zeitdauer (ca. 30 Minuten). Die Chemikalien- schutzanz\u00fcge k\u00f6nnen nur unter Einsatz von schwerem Atemschutz verwendet werden. Sie haben eine Sichtscheibe oder eine eingebaute Vollmaske, die Schutzhandschuhe und die Stiefel m\u00fcssen fest mit dem Anzug verbunden sein. Feuerwehrhelm und Atemschutzger\u00e4t m\u00fcssen unter dem Anzug getragen werden, der gesamte Anzug ist gasdicht verschlossen. Zum Anziehen des Anzuges werden mindestens zwei Personen ben\u00f6tigt.<\/td>\n<\/tr>\n<\/tbody>\n<\/table>\n<p>&nbsp;<\/p>\n<p><strong>Schnittschutzbekleidung<\/strong><\/p>\n<hr \/>\n<table border=\"0\" cellspacing=\"0\" cellpadding=\"0\" width=\"100%\">\n<tbody>\n<tr valign=\"top\">\n<td width=\"45%\" align=\"left\"><img decoding=\"async\" src=\".\/images\/technik\/schutzkleidung\/schnittschutz.jpg\" border=\"0\" alt=\"\" \/><\/td>\n<td width=\"55%\">Die Schnittschutzbekleidung besteht aus einem Feuerwehrhelm mit Visier oder einem Forstschutzhelm. Beim l\u00e4ngeren Einsatz von Motors\u00e4gen muss ein Helm mit Geh\u00f6rschutz getragen werden. Der K\u00f6rper wird durch eine Schnittschutz- oder Feuerwehrjacke, eine Schnittschutzhose sowie Feuerwehr- oder Schnittschutzstiefel und Feuerwehr- lederhandschuhe gesch\u00fctzt.<\/td>\n<\/tr>\n<\/tbody>\n<\/table>\n<p>&nbsp;<\/p>\n","protected":false},"excerpt":{"rendered":"<p>Pers\u00f6nliche Feuerwehrschutzausr\u00fcstung Die pers\u00f6nliche Feuerwehrschutzausr\u00fcstung bildet die Grundausr\u00fcstung jedes Feuerwehrmannes. Sie besteht aus dem Feuerwehrschutzanzug (Hose und \u00dcberjacke aus flammenhemmenden Material, Nomex), dem Feuerwehrhelm mit Nackenschutz, Feuerwehrschutzhandschuhen aus flammen- hemmendem Material und Feuerwehr-schutzschuhwerk.Der Feuerwehrsicherheits- gurt und die Feuerwehrleine mit Tragebeutel erg\u00e4nzen die Ausr\u00fcstung. Die Feuerwehrleine dient im Regelfall zum Retten von Personen, Selbstretten, zur Sicherung [&hellip;]<\/p>\n","protected":false},"author":3,"featured_media":0,"parent":10,"menu_order":0,"comment_status":"closed","ping_status":"closed","template":"","meta":{"_exactmetrics_skip_tracking":false,"_exactmetrics_sitenote_active":false,"_exactmetrics_sitenote_note":"","_exactmetrics_sitenote_category":0,"jetpack_post_was_ever_published":false,"footnotes":""},"class_list":["post-13","page","type-page","status-publish","hentry"],"jetpack_shortlink":"https:\/\/wp.me\/PCIJa-d","jetpack_sharing_enabled":true,"jetpack-related-posts":[{"id":701,"url":"https:\/\/www.feuerwehr-brilon.de\/?page_id=701","url_meta":{"origin":13,"position":0},"title":"ICH MACH MIT","author":"Marc Heines","date":"13. April 2010","format":false,"excerpt":"\"Ich kann mir kein sch\u00f6neres Hobby vorstellen\" Mit dieser Aussage sind sich alle Feuerwehrfrauen und -m\u00e4nner einig. Gerade die Vielseitigkeit findet sich in keinem anderen Bereich. Interessierst Du dich f\u00fcr: Jugendarbeit \u00a0 \u00a0 \u00a0 \u00a0 \u00a0 \u00a0 \u00a0 \u00a0 \u00a0 \u00a0 \u00a0 \u00a0\u00a0 Klettern \u00a0 \u00a0 \u00a0 \u00a0 \u00a0 \u00a0\u2026","rel":"","context":"In &quot;Allgemein&quot;","block_context":{"text":"Allgemein","link":"https:\/\/www.feuerwehr-brilon.de\/?cat=1"},"img":{"alt_text":"ICH MACH MIT","src":"https:\/\/i0.wp.com\/www.feuerwehr-brilon.de\/wp-up\/2010\/04\/gruppe_internet.jpg?resize=350%2C200","width":350,"height":200},"classes":[]},{"id":14422,"url":"https:\/\/www.feuerwehr-brilon.de\/?page_id=14422","url_meta":{"origin":13,"position":1},"title":"Brandschutzerziehung &#8211; Brandschutzaufkl\u00e4rung","author":"Andreas Becker","date":"21. Februar 2017","format":false,"excerpt":"Auf dieser Seite erfahren Sie: - Was bedeutet \u00fcberhaupt \u201eBrandschutzerziehung\u201c? - Welchen Hintergrund hat die \u201eBrandschutzerziehung\u201c? - An wen richtet sich die \u201eBrandschutzerziehung\/Brandschutzaufkl\u00e4rung\u201c? - Wer f\u00fchrt die \u201eBrandschutzerziehung\/Brandschutzaufkl\u00e4rung\u201c durch? \u00a0 Brandschutzerziehung \u2013 Wieso? Weshalb? Warum? Die Brandschutzerziehung befasst sich u.a. mit dem richtigen Verhalten in einem Brandfall, dem Erlernen des\u2026","rel":"","context":"\u00c4hnlicher Beitrag","block_context":{"text":"\u00c4hnlicher Beitrag","link":""},"img":{"alt_text":"","src":"https:\/\/i0.wp.com\/www.feuerwehr-brilon.de\/wp-up\/2017\/02\/Fuchs_Streichholz-130x150.png?resize=350%2C200","width":350,"height":200},"classes":[]},{"id":769,"url":"https:\/\/www.feuerwehr-brilon.de\/?page_id=769","url_meta":{"origin":13,"position":2},"title":"Geschichte","author":"Marc Heines","date":"30. M\u00e4rz 2009","format":false,"excerpt":"Gr\u00fcndungsversammlung am 29.06.1909 Am Dienstag, dem 29. Juni 1909, nachmittags 4 Uhr, war im Gasthof Brune hierselbst eine Versammlung zwecks Gr\u00fcndung einer freiwilligen Feuerwehr f\u00fcr Niederalme, Oberalme und Herrschaft Alme einberufen. Die Versammlung wurde von dem Gemeindevorsteher S\u00fcrig aus Niederalme er\u00f6ffnet und das Wort dem auf dem Gebiete des Feuerl\u00f6schwesens\u2026","rel":"","context":"In &quot;Allgemein&quot;","block_context":{"text":"Allgemein","link":"https:\/\/www.feuerwehr-brilon.de\/?cat=1"},"img":{"alt_text":"","src":"https:\/\/i0.wp.com\/www.feuerwehr-brilon.de\/wp-up\/2009\/03\/grunder-der-almer-feuerwehr.jpg?resize=350%2C200","width":350,"height":200},"classes":[]},{"id":243,"url":"https:\/\/www.feuerwehr-brilon.de\/?page_id=243","url_meta":{"origin":13,"position":3},"title":"Geschichte","author":"Daniel Vogel","date":"18. August 2008","format":false,"excerpt":"In einem original Auszug der Sauerl\u00e4nder Zeitung vom 09.12.1919 wurde das Tambourkorps das erste Mal im Jahr 1919 schriftlich erw\u00e4hnt, und zwar hatte sich die nach dem Kriege aufgel\u00f6ste Musikkapelle der Feuerwehr wieder neu gegr\u00fcndet, um in der Turnhalle einige M\u00e4rsche zum Vortrag zu bringen. Von dort ging es zur\u00fcck\u2026","rel":"","context":"In &quot;Allgemein&quot;","block_context":{"text":"Allgemein","link":"https:\/\/www.feuerwehr-brilon.de\/?cat=1"},"img":{"alt_text":"","src":"https:\/\/i0.wp.com\/www.feuerwehr-brilon.de\/wp-up\/2008\/08\/tambourkorps_1926_600-500x340.jpg?resize=350%2C200","width":350,"height":200},"classes":[]},{"id":4649,"url":"https:\/\/www.feuerwehr-brilon.de\/?page_id=4649","url_meta":{"origin":13,"position":4},"title":"Geschichte seit 1879","author":"Andreas Becker","date":"25. M\u00e4rz 2011","format":false,"excerpt":"Nach einem Gro\u00dfbrand am 7.7.1877, dem in der Schulstra\u00dfe 20 H\u00e4user zum Opfer fielen, veranla\u00dfte der damalige B\u00fcrgermeister Schomberg die Gr\u00fcndung eines Freiwilligen Feuerwehr. Bei der Gr\u00fcndungsversammlung am 6. Juli 1879 meldeten sich zahlreiche B\u00fcrger aller Bev\u00f6lkerungskreise als freiwillige Mitglieder. 6. Juli 1879, die Feuerwehr Brilon wurde gegr\u00fcndet. In der\u2026","rel":"","context":"\u00c4hnlicher Beitrag","block_context":{"text":"\u00c4hnlicher Beitrag","link":""},"img":{"alt_text":"","src":"https:\/\/i0.wp.com\/www.feuerwehr-brilon.de\/wp-up\/2011\/03\/1879-500x386.jpg?resize=350%2C200","width":350,"height":200},"classes":[]},{"id":822,"url":"https:\/\/www.feuerwehr-brilon.de\/?page_id=822","url_meta":{"origin":13,"position":5},"title":"Geschichte","author":"Marc Heines","date":"11. Mai 2009","format":false,"excerpt":"Abri\u00df \u00fcber die Geschichte der L\u00f6schgruppe Messinghausen Die Freiwillige Feuerwehr Messinghausen wurde im Jahre 1913 gegr\u00fcndet. In den Jahren zuvor gab es in Messinghausen zwar Ger\u00e4tschaften zur Brandbek\u00e4mpfung, eine Pflichtfeuerwehr bestand jedoch, anders als in anderen Ortschaften, erst ab dem Jahre 1911. Zuvor hatten sich auch f\u00fcr eine Pflichtfeuerwehr nicht\u2026","rel":"","context":"In &quot;Allgemein&quot;","block_context":{"text":"Allgemein","link":"https:\/\/www.feuerwehr-brilon.de\/?cat=1"},"img":{"alt_text":"","src":"","width":0,"height":0},"classes":[]}],"_links":{"self":[{"href":"https:\/\/www.feuerwehr-brilon.de\/index.php?rest_route=\/wp\/v2\/pages\/13","targetHints":{"allow":["GET"]}}],"collection":[{"href":"https:\/\/www.feuerwehr-brilon.de\/index.php?rest_route=\/wp\/v2\/pages"}],"about":[{"href":"https:\/\/www.feuerwehr-brilon.de\/index.php?rest_route=\/wp\/v2\/types\/page"}],"author":[{"embeddable":true,"href":"https:\/\/www.feuerwehr-brilon.de\/index.php?rest_route=\/wp\/v2\/users\/3"}],"replies":[{"embeddable":true,"href":"https:\/\/www.feuerwehr-brilon.de\/index.php?rest_route=%2Fwp%2Fv2%2Fcomments&post=13"}],"version-history":[{"count":0,"href":"https:\/\/www.feuerwehr-brilon.de\/index.php?rest_route=\/wp\/v2\/pages\/13\/revisions"}],"up":[{"embeddable":true,"href":"https:\/\/www.feuerwehr-brilon.de\/index.php?rest_route=\/wp\/v2\/pages\/10"}],"wp:attachment":[{"href":"https:\/\/www.feuerwehr-brilon.de\/index.php?rest_route=%2Fwp%2Fv2%2Fmedia&parent=13"}],"curies":[{"name":"wp","href":"https:\/\/api.w.org\/{rel}","templated":true}]}}