{"id":1321,"date":"2009-08-28T19:49:10","date_gmt":"2009-08-28T17:49:10","guid":{"rendered":"http:\/\/www.feuerwehr-brilon.de\/?page_id=1321"},"modified":"2018-12-29T15:54:54","modified_gmt":"2018-12-29T14:54:54","slug":"mtf-hoppecke","status":"publish","type":"page","link":"https:\/\/www.feuerwehr-brilon.de\/?page_id=1321","title":{"rendered":"Mannschafts-Transport-Fahrzeug &#8211; Hoppecke"},"content":{"rendered":"<table>\n<tbody>\n<tr>\n<td width=\"440\"><a href=\"\/images\/fahrzeuge\/mtf_hop_gross_1.JPG\" rel=\"lightbox\"><img decoding=\"async\" class=\"alignleft size-thumbnail wp-image-16281\" src=\"\/images\/fahrzeuge\/mtf_hop_gross_1.JPG\" alt=\"MTF\" width=\"\" height=\"\"><\/a><\/td>\n<td>\n<a href=\"\/images\/fahrzeuge\/mtf_hop_gross_1.JPG\" rel=\"lightbox\"><img loading=\"lazy\" decoding=\"async\" class=\"aligright size-thumbnail wp-image-16281 alignright\" src=\"\/images\/fahrzeuge\/mtf_hop_klein_1.JPG\" alt=\"MTF\" width=\"132\" height=\"88\"><\/a><br \/>\n<a href=\"\/images\/fahrzeuge\/mtf_hop_gross_2.JPG\" rel=\"lightbox\"><img loading=\"lazy\" decoding=\"async\" class=\"aligright size-thumbnail wp-image-16281 alignright\" src=\"\/images\/fahrzeuge\/mtf_hop_klein_2.JPG\" alt=\"MTF\" width=\"132\" height=\"88\"><\/a><br \/>\n<a href=\"\/images\/fahrzeuge\/mtf_hop_gross_3.JPG\" rel=\"lightbox\"><img decoding=\"async\" class=\"aligright size-thumbnail wp-image-16281 alignright\" src=\"\/images\/fahrzeuge\/mtf_hop_klein_3.JPG\" alt=\"MTF\" width=\"\" height=\"\"><\/a>\n<\/td>\n<\/tr>\n<\/tbody>\n<\/table>\n<p>&nbsp;<\/p>\n<table class=\"vehicle\">\n<thead>\n<tr>\n<th colspan=\"2\">Allgemeine Informationen:<\/th>\n<\/tr>\n<\/thead>\n<tbody>\n<tr>\n<td class=\"vehicletext\">Typ<\/td>\n<td class=\"vehicledata\">MTF<\/td>\n<\/tr>\n<tr>\n<td class=\"vehicletext\">Besatzung<\/td>\n<td class=\"vehicledata\">1 \/ 8<\/td>\n<\/tr>\n<tr>\n<td class=\"vehicletext\">Funkrufname<\/td>\n<td class=\"vehicledata\">Florian Brilon 5 MTF 1<\/td>\n<\/tr>\n<tr>\n<td class=\"vehicletext\">Standort<\/td>\n<td class=\"vehicledata\">Hoppecke<\/td>\n<\/tr>\n<\/tbody>\n<\/table>\n<table class=\"vehicle\">\n<thead>\n<tr>\n<th colspan=\"2\">Technische Daten:<\/th>\n<\/tr>\n<\/thead>\n<tbody>\n<tr>\n<td class=\"vehicletext\">Baujahr<\/td>\n<td class=\"vehicledata\">2010<\/td>\n<\/tr>\n<tr>\n<td class=\"vehicletext\">Leistung<\/td>\n<td class=\"vehicledata\">63 KW \/ 86 PS<\/td>\n<\/tr>\n<tr>\n<td class=\"vehicletext\">Hersteller<\/td>\n<td class=\"vehicledata\">Ford<\/td>\n<\/tr>\n<tr>\n<td class=\"vehicletext\">Fahrgestell<\/td>\n<td class=\"vehicledata\">Transit<\/td>\n<\/tr>\n<tr>\n<td class=\"vehicletext\">Aufbau<\/td>\n<td class=\"vehicledata\">FT 280 K<\/td>\n<\/tr>\n<tr>\n<td class=\"vehicletext\">Gewicht<\/td>\n<td class=\"vehicledata\">2,8 t<\/td>\n<\/tr>\n<\/tbody>\n<\/table>\n<table class=\"vehicle\">\n<thead>\n<tr>\n<th colspan=\"2\">Besonderheiten:<\/th>\n<\/tr>\n<\/thead>\n<tbody>\n<tr>\n<td class=\"vehicletext\" colspan=\"2\">Das Fahrzeug dient zum Transport von Einsatzkr\u00e4ften zur Einsatzstelle.<\/td>\n<\/tr>\n<\/tbody>\n<\/table>\n","protected":false},"excerpt":{"rendered":"<p>&nbsp; Allgemeine Informationen: Typ MTF Besatzung 1 \/ 8 Funkrufname Florian Brilon 5 MTF 1 Standort Hoppecke Technische Daten: Baujahr 2010 Leistung 63 KW \/ 86 PS Hersteller Ford Fahrgestell Transit Aufbau FT 280 K Gewicht 2,8 t Besonderheiten: Das Fahrzeug dient zum Transport von Einsatzkr\u00e4ften zur Einsatzstelle.<\/p>\n","protected":false},"author":8,"featured_media":0,"parent":11,"menu_order":0,"comment_status":"closed","ping_status":"closed","template":"","meta":{"_exactmetrics_skip_tracking":false,"_exactmetrics_sitenote_active":false,"_exactmetrics_sitenote_note":"","_exactmetrics_sitenote_category":0,"jetpack_post_was_ever_published":false,"footnotes":""},"class_list":["post-1321","page","type-page","status-publish","hentry"],"jetpack_shortlink":"https:\/\/wp.me\/PCIJa-lj","jetpack_sharing_enabled":true,"jetpack-related-posts":[{"id":1329,"url":"https:\/\/www.feuerwehr-brilon.de\/?page_id=1329","url_meta":{"origin":1321,"position":0},"title":"Tragkraft-Spritzen-Fahrzeug &#8211; Hoppecke","author":"Andreas Becker","date":"28. August 2009","format":false,"excerpt":"Allgemeine Informationen: Typ TSF Besatzung 1 \/ 5 Funkrufname Florian Brilon 5 TSF 1 Standort Hoppecke Technische Daten: Baujahr 1978 Leistung 63 KW \/ 86 PS Hersteller Mercedes Benz Fahrgestell 602\/35 Aufbau Ziegler Gewicht 3,5 t Besonderheiten: Tragkraftspritze, TS 8\/8, Differentialsperre, \u00dcberdruckl\u00fcfter","rel":"","context":"In &quot;Allgemein&quot;","block_context":{"text":"Allgemein","link":"https:\/\/www.feuerwehr-brilon.de\/?cat=1"},"img":{"alt_text":"MTF","src":"\/wp-up\/2009\/08\/TSF_Hoppecke_vl.jpg","width":350,"height":200,"srcset":"\/wp-up\/2009\/08\/TSF_Hoppecke_vl.jpg 1x, \/wp-up\/2009\/08\/TSF_Hoppecke_vl.jpg 1.5x, \/wp-up\/2009\/08\/TSF_Hoppecke_vl.jpg 2x"},"classes":[]},{"id":819,"url":"https:\/\/www.feuerwehr-brilon.de\/?page_id=819","url_meta":{"origin":1321,"position":1},"title":"Hilfeleistungs-L\u00f6schgruppen-Fahrzeug 10 &#8211; Hoppecke","author":"Andreas Becker","date":"9. November 2009","format":false,"excerpt":"\u00a0 Allgemeine Informationen: Typ HLF 10 Besatzung 1 \/ 6 Funkrufname Florian Brilon 5 HLF10 1 Standort Hoppecke Technische Daten: Baujahr 2009 Leistung 188 KW \/ 256 PS Hersteller Mercedes Benz Fahrgestell Aufbau Gewicht 11 t Wassertank 1000 l Pumpenleistung 1000 l\/min bei 10 bar Besonderheiten: Allrad, Stromerzeuger 8kVA, Hydraulisches\u2026","rel":"","context":"In &quot;Allgemein&quot;","block_context":{"text":"Allgemein","link":"https:\/\/www.feuerwehr-brilon.de\/?cat=1"},"img":{"alt_text":"StLF 10\/6","src":"\/images\/fahrzeuge\/stlf_hop_gross_1.JPG","width":350,"height":200,"srcset":"\/images\/fahrzeuge\/stlf_hop_gross_1.JPG 1x, \/images\/fahrzeuge\/stlf_hop_gross_1.JPG 1.5x, \/images\/fahrzeuge\/stlf_hop_gross_1.JPG 2x"},"classes":[]},{"id":1325,"url":"https:\/\/www.feuerwehr-brilon.de\/?page_id=1325","url_meta":{"origin":1321,"position":2},"title":"L\u00f6schgruppen-Fahrzeug 16\/TS &#8211; Hoppecke","author":"Andreas Becker","date":"28. August 2009","format":false,"excerpt":"Allgemeine Informationen: Typ LF 16TS Besatzung 1 \/ 8 Funkrufname Florian Brilon 5 LF16TS 1 Standort Hoppecke Technische Daten: Baujahr 1987 Leistung 124 KW \/ 169 PS Hersteller Daimler Fahrgestell LAF 1113B Aufbau Lentner Gewicht 8,99 t Pumpenleistung 1600 l\/min bei 8 bar Besonderheiten: Tragkraftspritze, TS 8\/8, Differentialsperre, 600m B-Schlauch","rel":"","context":"In &quot;Allgemein&quot;","block_context":{"text":"Allgemein","link":"https:\/\/www.feuerwehr-brilon.de\/?cat=1"},"img":{"alt_text":"","src":"","width":0,"height":0},"classes":[]},{"id":23302,"url":"https:\/\/www.feuerwehr-brilon.de\/?page_id=23302","url_meta":{"origin":1321,"position":3},"title":"Mannschaft-Transport-Fahrzeug &#8211; Alme","author":"Andreas Becker","date":"12. Mai 2023","format":false,"excerpt":"\u00a0 Allgemeine Informationen: Typ MTF Besatzung 1 \/ 8 Funkrufname Florian Brilon 2 MTF 1 Standort Alme Technische Daten: Baujahr 2021 Leistung 130 KW \/ 176 PS Hersteller VW Fahrgestell Crafter Aufbau Sch\u00e4fer Gewicht 3,49 t Besonderheiten: Heckwarneinrichtung","rel":"","context":"\u00c4hnlicher Beitrag","block_context":{"text":"\u00c4hnlicher Beitrag","link":""},"img":{"alt_text":"mtf_alme-1","src":"\/images\/fahrzeuge\/mtf_alme_gross_1.JPG","width":350,"height":200,"srcset":"\/images\/fahrzeuge\/mtf_alme_gross_1.JPG 1x, \/images\/fahrzeuge\/mtf_alme_gross_1.JPG 1.5x, \/images\/fahrzeuge\/mtf_alme_gross_1.JPG 2x"},"classes":[]},{"id":811,"url":"https:\/\/www.feuerwehr-brilon.de\/?page_id=811","url_meta":{"origin":1321,"position":4},"title":"Klein-Einsatz-Fahrzeug","author":"Andreas Becker","date":"28. August 2009","format":false,"excerpt":"\u00a0 Allgemeine Informationen: Typ Kleineinsatz-Fahrzeug Besatzung 1 \/ 5 Funkrufname Florian Brilon 1 KEF 1 Standort Brilon Technische Daten: Baujahr 1996 Leistung 70 KW \/ 95 PS Hersteller Mercedes-Benz Fahrgestell 312 D Aufbau Schmitz Gewicht 3,49 t Besonderheiten: Fahrzeug zur Abarbeitung von Eins\u00e4tzen bei denen nur wenig Personal ben\u00f6tigt wird,\u2026","rel":"","context":"In &quot;Allgemein&quot;","block_context":{"text":"Allgemein","link":"https:\/\/www.feuerwehr-brilon.de\/?cat=1"},"img":{"alt_text":"KEF","src":"\/images\/fahrzeuge\/kef_brilon_gross_1.JPG","width":350,"height":200,"srcset":"\/images\/fahrzeuge\/kef_brilon_gross_1.JPG 1x, \/images\/fahrzeuge\/kef_brilon_gross_1.JPG 1.5x, \/images\/fahrzeuge\/kef_brilon_gross_1.JPG 2x"},"classes":[]},{"id":818,"url":"https:\/\/www.feuerwehr-brilon.de\/?page_id=818","url_meta":{"origin":1321,"position":5},"title":"Tragkraft-Spritzen-Fahrzeug &#8211; W\u00fclfte","author":"Andreas Becker","date":"12. September 2009","format":false,"excerpt":"\u00a0 Allgemeine Informationen: Typ TSF Besatzung 1 \/ 5 Funkrufname Florian Brilon 13 TSF 1 Standort W\u00fclfte Technische Daten: Baujahr 2009 Leistung 103 KW \/ 140 PS Hersteller Ford Fahrgestell FT 350M Aufbau P\u00fctting Gewicht 3,85 t Wassertank - Pumpenleistung - Besonderheiten: Pumpe TS 8\/8, Differentialsperre,","rel":"","context":"In &quot;Allgemein&quot;","block_context":{"text":"Allgemein","link":"https:\/\/www.feuerwehr-brilon.de\/?cat=1"},"img":{"alt_text":"TSF","src":"\/images\/fahrzeuge\/tsf_wuelfte_gross_1.JPG","width":350,"height":200,"srcset":"\/images\/fahrzeuge\/tsf_wuelfte_gross_1.JPG 1x, \/images\/fahrzeuge\/tsf_wuelfte_gross_1.JPG 1.5x, \/images\/fahrzeuge\/tsf_wuelfte_gross_1.JPG 2x"},"classes":[]}],"_links":{"self":[{"href":"https:\/\/www.feuerwehr-brilon.de\/index.php?rest_route=\/wp\/v2\/pages\/1321","targetHints":{"allow":["GET"]}}],"collection":[{"href":"https:\/\/www.feuerwehr-brilon.de\/index.php?rest_route=\/wp\/v2\/pages"}],"about":[{"href":"https:\/\/www.feuerwehr-brilon.de\/index.php?rest_route=\/wp\/v2\/types\/page"}],"author":[{"embeddable":true,"href":"https:\/\/www.feuerwehr-brilon.de\/index.php?rest_route=\/wp\/v2\/users\/8"}],"replies":[{"embeddable":true,"href":"https:\/\/www.feuerwehr-brilon.de\/index.php?rest_route=%2Fwp%2Fv2%2Fcomments&post=1321"}],"version-history":[{"count":3,"href":"https:\/\/www.feuerwehr-brilon.de\/index.php?rest_route=\/wp\/v2\/pages\/1321\/revisions"}],"predecessor-version":[{"id":16653,"href":"https:\/\/www.feuerwehr-brilon.de\/index.php?rest_route=\/wp\/v2\/pages\/1321\/revisions\/16653"}],"up":[{"embeddable":true,"href":"https:\/\/www.feuerwehr-brilon.de\/index.php?rest_route=\/wp\/v2\/pages\/11"}],"wp:attachment":[{"href":"https:\/\/www.feuerwehr-brilon.de\/index.php?rest_route=%2Fwp%2Fv2%2Fmedia&parent=1321"}],"curies":[{"name":"wp","href":"https:\/\/api.w.org\/{rel}","templated":true}]}}