{"id":1335,"date":"2009-08-28T19:47:56","date_gmt":"2009-08-28T17:47:56","guid":{"rendered":"http:\/\/www.feuerwehr-brilon.de\/?page_id=1335"},"modified":"2018-12-29T15:52:11","modified_gmt":"2018-12-29T14:52:11","slug":"lf-86-madfeld","status":"publish","type":"page","link":"https:\/\/www.feuerwehr-brilon.de\/?page_id=1335","title":{"rendered":"Hilfeleistungs-L\u00f6schgruppen-Fahrzeug 10 &#8211; Madfeld"},"content":{"rendered":"<table>\n<tbody>\n<tr>\n<td width=\"440\"><a href=\"\/images\/fahrzeuge\/lf_madf_1.JPG\" rel=\"lightbox\"><img decoding=\"async\" class=\"alignleft size-thumbnail wp-image-16281\" src=\"\/images\/fahrzeuge\/lf_madf_gross_1.JPG\" alt=\"LF 8\/6\" width=\"\" height=\"\"><\/a><\/td>\n<td>\n<a href=\"\/images\/fahrzeuge\/lf_madf_gross_1.JPG\" rel=\"lightbox\"><img loading=\"lazy\" decoding=\"async\" class=\"aligright size-thumbnail wp-image-16281 alignright\" src=\"\/images\/fahrzeuge\/lf_madf_klein_1.JPG\" alt=\"LF 8\/6\" width=\"132\" height=\"88\"><\/a><br \/>\n<a href=\"\/images\/fahrzeuge\/lf_madf_gross_2.JPG\" rel=\"lightbox\"><img loading=\"lazy\" decoding=\"async\" class=\"aligright size-thumbnail wp-image-16281 alignright\" src=\"\/images\/fahrzeuge\/lf_madf_klein_2.JPG\" alt=\"LF 8\/6\" width=\"132\" height=\"88\"><\/a><br \/>\n<a href=\"\/images\/fahrzeuge\/lf_madf_gross_3.JPG\" rel=\"lightbox\"><img decoding=\"async\" class=\"aligright size-thumbnail wp-image-16281 alignright\" src=\"\/images\/fahrzeuge\/lf_madf_klein_3.JPG\" alt=\"LF 8\/6\" width=\"\" height=\"\"><\/a>\n<\/td>\n<\/tr>\n<\/tbody>\n<\/table>\n<p>&nbsp;<\/p>\n<table class=\"vehicle\">\n<thead>\n<tr>\n<th colspan=\"2\">Allgemeine Informationen:<\/th>\n<\/tr>\n<\/thead>\n<tbody>\n<tr>\n<td class=\"vehicletext\">Typ<\/td>\n<td class=\"vehicledata\">HLF 10<\/td>\n<\/tr>\n<tr>\n<td class=\"vehicletext\">Besatzung<\/td>\n<td class=\"vehicledata\">1 \/ 8<\/td>\n<\/tr>\n<tr>\n<td class=\"vehicletext\">Funkrufname<\/td>\n<td class=\"vehicledata\">Florian Brilon 6 HLF10 1<\/td>\n<\/tr>\n<tr>\n<td class=\"vehicletext\">Standort<\/td>\n<td class=\"vehicledata\">Madfeld<\/td>\n<\/tr>\n<\/tbody>\n<\/table>\n<table class=\"vehicle\">\n<thead>\n<tr>\n<th colspan=\"2\">Technische Daten:<\/th>\n<\/tr>\n<\/thead>\n<tbody>\n<tr>\n<td class=\"vehicletext\">Baujahr<\/td>\n<td class=\"vehicledata\">1993<\/td>\n<\/tr>\n<tr>\n<td class=\"vehicletext\">Leistung<\/td>\n<td class=\"vehicledata\">100 KW \/ 136 PS<\/td>\n<\/tr>\n<tr>\n<td class=\"vehicletext\">Hersteller<\/td>\n<td class=\"vehicledata\">Mercedes Benz<\/td>\n<\/tr>\n<tr>\n<td class=\"vehicletext\">Fahrgestell<\/td>\n<td class=\"vehicledata\">814 D<\/td>\n<\/tr>\n<tr>\n<td class=\"vehicletext\">Aufbau<\/td>\n<td class=\"vehicledata\">Ziegler<\/td>\n<\/tr>\n<tr>\n<td class=\"vehicletext\">Gewicht<\/td>\n<td class=\"vehicledata\">7,49 t<\/td>\n<\/tr>\n<tr>\n<td class=\"vehicletext\">Wassertank<\/td>\n<td class=\"vehicledata\">&#8211;<\/td>\n<\/tr>\n<tr>\n<td class=\"vehicletext\">Pumpenleistung<\/td>\n<td class=\"vehicledata\">800 l\/min bei 8 bar<\/td>\n<\/tr>\n<\/tbody>\n<\/table>\n<table class=\"vehicle\">\n<thead>\n<tr>\n<th colspan=\"2\">Besonderheiten:<\/th>\n<\/tr>\n<\/thead>\n<tbody>\n<tr>\n<td class=\"vehicletext\" colspan=\"2\">Differentialsperre, Stromerzeuger 5 kVA, Spreizer SP30, Rettungsschere (S 200-49) oder Tragkraftspritze TS 8\/8; Leistung: 800 Liter\/Minute, ein- fache technische Hilfeleistung<\/td>\n<\/tr>\n<\/tbody>\n<\/table>\n","protected":false},"excerpt":{"rendered":"<p>&nbsp; Allgemeine Informationen: Typ HLF 10 Besatzung 1 \/ 8 Funkrufname Florian Brilon 6 HLF10 1 Standort Madfeld Technische Daten: Baujahr 1993 Leistung 100 KW \/ 136 PS Hersteller Mercedes Benz Fahrgestell 814 D Aufbau Ziegler Gewicht 7,49 t Wassertank &#8211; Pumpenleistung 800 l\/min bei 8 bar Besonderheiten: Differentialsperre, Stromerzeuger 5 kVA, Spreizer SP30, Rettungsschere [&hellip;]<\/p>\n","protected":false},"author":8,"featured_media":0,"parent":11,"menu_order":0,"comment_status":"closed","ping_status":"closed","template":"","meta":{"_exactmetrics_skip_tracking":false,"_exactmetrics_sitenote_active":false,"_exactmetrics_sitenote_note":"","_exactmetrics_sitenote_category":0,"jetpack_post_was_ever_published":false,"footnotes":""},"class_list":["post-1335","page","type-page","status-publish","hentry"],"jetpack_shortlink":"https:\/\/wp.me\/PCIJa-lx","jetpack_sharing_enabled":true,"jetpack-related-posts":[{"id":819,"url":"https:\/\/www.feuerwehr-brilon.de\/?page_id=819","url_meta":{"origin":1335,"position":0},"title":"Hilfeleistungs-L\u00f6schgruppen-Fahrzeug 10 &#8211; Hoppecke","author":"Andreas Becker","date":"9. November 2009","format":false,"excerpt":"\u00a0 Allgemeine Informationen: Typ HLF 10 Besatzung 1 \/ 6 Funkrufname Florian Brilon 5 HLF10 1 Standort Hoppecke Technische Daten: Baujahr 2009 Leistung 188 KW \/ 256 PS Hersteller Mercedes Benz Fahrgestell Aufbau Gewicht 11 t Wassertank 1000 l Pumpenleistung 1000 l\/min bei 10 bar Besonderheiten: Allrad, Stromerzeuger 8kVA, Hydraulisches\u2026","rel":"","context":"In &quot;Allgemein&quot;","block_context":{"text":"Allgemein","link":"https:\/\/www.feuerwehr-brilon.de\/?cat=1"},"img":{"alt_text":"StLF 10\/6","src":"\/images\/fahrzeuge\/stlf_hop_gross_1.JPG","width":350,"height":200,"srcset":"\/images\/fahrzeuge\/stlf_hop_gross_1.JPG 1x, \/images\/fahrzeuge\/stlf_hop_gross_1.JPG 1.5x, \/images\/fahrzeuge\/stlf_hop_gross_1.JPG 2x"},"classes":[]},{"id":23597,"url":"https:\/\/www.feuerwehr-brilon.de\/?page_id=23597","url_meta":{"origin":1335,"position":1},"title":"Hilfeleistungs-L\u00f6schgruppen-Fahrzeug 20-01 \u2013 Brilon","author":"Andreas Becker","date":"23. Juli 2021","format":false,"excerpt":"Allgemeine Informationen: Typ HLF Besatzung 1 \/ 8 Funkrufname Florian Brilon 1 HLF20 1 Standort Brilon Technische Daten: Baujahr 2021 Leistung 250 KW \/ 340 PS Hersteller MAN Fahrgestell TGM 18.340 BB Aufbau Schlingmann Gewicht 18 t Wassertank 2000 l Wasser \/ 150 l Schaum Pumpenleistung 3000 l\/min bei 10\u2026","rel":"","context":"\u00c4hnlicher Beitrag","block_context":{"text":"\u00c4hnlicher Beitrag","link":""},"img":{"alt_text":"Hilfeleistungl\u00f6schfahrzeug","src":"\/images\/fahrzeuge\/HLF1_gross_1.JPG","width":350,"height":200,"srcset":"\/images\/fahrzeuge\/HLF1_gross_1.JPG 1x, \/images\/fahrzeuge\/HLF1_gross_1.JPG 1.5x, \/images\/fahrzeuge\/HLF1_gross_1.JPG 2x"},"classes":[]},{"id":802,"url":"https:\/\/www.feuerwehr-brilon.de\/?page_id=802","url_meta":{"origin":1335,"position":2},"title":"Hilfeleistungs-L\u00f6schgruppen-Fahrzeug 20-02 &#8211; Brilon","author":"Andreas Becker","date":"25. August 2009","format":false,"excerpt":"\u00a0 Allgemeine Informationen: Typ HLF 20 Besatzung 1 \/ 8 Funkrufname Florian Brilon 1 HLF20 2 Standort Brilon Technische Daten: Baujahr 1999 Leistung 221 KW \/ 300 PS Hersteller Iveco Magirus Fahrgestell 190 EH 30W Aufbau Magirus \/ Fa. Zweiweg Gewicht 20 t Wassertank 1400 l Pumpenleistung 2400 l\/min bei\u2026","rel":"","context":"In &quot;Allgemein&quot;","block_context":{"text":"Allgemein","link":"https:\/\/www.feuerwehr-brilon.de\/?cat=1"},"img":{"alt_text":"HLF-2","src":"\/images\/fahrzeuge\/hlf_24_14_gross_1.JPG","width":350,"height":200,"srcset":"\/images\/fahrzeuge\/hlf_24_14_gross_1.JPG 1x, \/images\/fahrzeuge\/hlf_24_14_gross_1.JPG 1.5x, \/images\/fahrzeuge\/hlf_24_14_gross_1.JPG 2x"},"classes":[]},{"id":1325,"url":"https:\/\/www.feuerwehr-brilon.de\/?page_id=1325","url_meta":{"origin":1335,"position":3},"title":"L\u00f6schgruppen-Fahrzeug 16\/TS &#8211; Hoppecke","author":"Andreas Becker","date":"28. August 2009","format":false,"excerpt":"Allgemeine Informationen: Typ LF 16TS Besatzung 1 \/ 8 Funkrufname Florian Brilon 5 LF16TS 1 Standort Hoppecke Technische Daten: Baujahr 1987 Leistung 124 KW \/ 169 PS Hersteller Daimler Fahrgestell LAF 1113B Aufbau Lentner Gewicht 8,99 t Pumpenleistung 1600 l\/min bei 8 bar Besonderheiten: Tragkraftspritze, TS 8\/8, Differentialsperre, 600m B-Schlauch","rel":"","context":"In &quot;Allgemein&quot;","block_context":{"text":"Allgemein","link":"https:\/\/www.feuerwehr-brilon.de\/?cat=1"},"img":{"alt_text":"","src":"","width":0,"height":0},"classes":[]},{"id":755,"url":"https:\/\/www.feuerwehr-brilon.de\/?page_id=755","url_meta":{"origin":1335,"position":4},"title":"L\u00f6schgruppen-Fahrzeug 20-01 &#8211; Brilon","author":"Andreas Becker","date":"25. August 2009","format":false,"excerpt":"\u00a0 Allgemeine Informationen: Typ LF-20 Besatzung 1 \/ 8 Funkrufname Florian Brilon 1 LF20 1 Standort Brilon - Au\u00dfenwache Technische Daten: Baujahr 1994 Leistung 177 KW \/ 240 PS Hersteller Mercedes-Benz Fahrgestell 1224 AF Aufbau Schlingmann Gewicht 13,49 t Wassertank 1600 l Pumpenleistung 1600 l\/min bei 8 bar Besonderheiten: Stromerzeuger\u2026","rel":"","context":"In &quot;Allgemein&quot;","block_context":{"text":"Allgemein","link":"https:\/\/www.feuerwehr-brilon.de\/?cat=1"},"img":{"alt_text":"HLF-1","src":"\/images\/fahrzeuge\/lf_16_12_gross_1.JPG","width":350,"height":200,"srcset":"\/images\/fahrzeuge\/lf_16_12_gross_1.JPG 1x, \/images\/fahrzeuge\/lf_16_12_gross_1.JPG 1.5x, \/images\/fahrzeuge\/lf_16_12_gross_1.JPG 2x"},"classes":[]},{"id":753,"url":"https:\/\/www.feuerwehr-brilon.de\/?page_id=753","url_meta":{"origin":1335,"position":5},"title":"L\u00f6schgruppen-Fahrzeug 16\/TS &#8211; Brilon","author":"Marc Heines","date":"25. August 2009","format":false,"excerpt":"Allgemeine Informationen: Typ LF 16-TS Besatzung 1 \/ 8 Funkrufname Florian Brilon 1 LF16TS 1 Standort Brilon Technische Daten: Baujahr 1988 Leistung 118 KW \/ 160 PS Hersteller Iveco Magirus Fahrgestell 90-16 AW Aufbau Lentner Gewicht 9 t Pumpenleistung 1600 l\/min bei 8 bar Besonderheiten: Tragkraftspritze TS 8\/8 ZS (800\u2026","rel":"","context":"In &quot;Allgemein&quot;","block_context":{"text":"Allgemein","link":"https:\/\/www.feuerwehr-brilon.de\/?cat=1"},"img":{"alt_text":"","src":"","width":0,"height":0},"classes":[]}],"_links":{"self":[{"href":"https:\/\/www.feuerwehr-brilon.de\/index.php?rest_route=\/wp\/v2\/pages\/1335","targetHints":{"allow":["GET"]}}],"collection":[{"href":"https:\/\/www.feuerwehr-brilon.de\/index.php?rest_route=\/wp\/v2\/pages"}],"about":[{"href":"https:\/\/www.feuerwehr-brilon.de\/index.php?rest_route=\/wp\/v2\/types\/page"}],"author":[{"embeddable":true,"href":"https:\/\/www.feuerwehr-brilon.de\/index.php?rest_route=\/wp\/v2\/users\/8"}],"replies":[{"embeddable":true,"href":"https:\/\/www.feuerwehr-brilon.de\/index.php?rest_route=%2Fwp%2Fv2%2Fcomments&post=1335"}],"version-history":[{"count":3,"href":"https:\/\/www.feuerwehr-brilon.de\/index.php?rest_route=\/wp\/v2\/pages\/1335\/revisions"}],"predecessor-version":[{"id":16651,"href":"https:\/\/www.feuerwehr-brilon.de\/index.php?rest_route=\/wp\/v2\/pages\/1335\/revisions\/16651"}],"up":[{"embeddable":true,"href":"https:\/\/www.feuerwehr-brilon.de\/index.php?rest_route=\/wp\/v2\/pages\/11"}],"wp:attachment":[{"href":"https:\/\/www.feuerwehr-brilon.de\/index.php?rest_route=%2Fwp%2Fv2%2Fmedia&parent=1335"}],"curies":[{"name":"wp","href":"https:\/\/api.w.org\/{rel}","templated":true}]}}