{"id":1355,"date":"2009-08-28T19:46:51","date_gmt":"2009-08-28T17:46:51","guid":{"rendered":"http:\/\/www.feuerwehr-brilon.de\/?page_id=1355"},"modified":"2018-12-29T15:51:55","modified_gmt":"2018-12-29T14:51:55","slug":"lf-8-scharfenberg","status":"publish","type":"page","link":"https:\/\/www.feuerwehr-brilon.de\/?page_id=1355","title":{"rendered":"Mittleres-L\u00f6sch-Fahrzeug &#8211; Scharfenberg"},"content":{"rendered":"<table>\n<tbody>\n<tr>\n<td width=\"440\"><a href=\"\/images\/fahrzeuge\/stlf_10_6_scharfenberg_1.JPG\" rel=\"lightbox\"><img decoding=\"async\" class=\"alignleft size-thumbnail wp-image-16281\" src=\"\/images\/fahrzeuge\/stlf_10_6_scharfenberg_gross_1.JPG\" alt=\"StLF 10\/6\" width=\"\" height=\"\"><\/a><\/td>\n<td>\n<a href=\"\/images\/fahrzeuge\/stlf_10_6_scharfenberg_gross_1.JPG\" rel=\"lightbox\"><img loading=\"lazy\" decoding=\"async\" class=\"aligright size-thumbnail wp-image-16281 alignright\" src=\"\/images\/fahrzeuge\/stlf_10_6_scharfenberg_klein_1.JPG\" alt=\"StLF 10\/6\" width=\"132\" height=\"88\"><\/a><br \/>\n<a href=\"\/images\/fahrzeuge\/stlf_10_6_scharfenberg_gross_2.JPG\" rel=\"lightbox\"><img loading=\"lazy\" decoding=\"async\" class=\"aligright size-thumbnail wp-image-16281 alignright\" src=\"\/images\/fahrzeuge\/stlf_10_6_scharfenberg_klein_2.JPG\" alt=\"StLF 10\/6\" width=\"132\" height=\"88\"><\/a><br \/>\n<a href=\"\/images\/fahrzeuge\/stlf_10_6_scharfenberg_gross_3.JPG\" rel=\"lightbox\"><img decoding=\"async\" class=\"aligright size-thumbnail wp-image-16281 alignright\" src=\"\/images\/fahrzeuge\/stlf_10_6_scharfenberg_klein_3.JPG\" alt=\"StLF 10\/6\" width=\"\" height=\"\"><\/a>\n<\/td>\n<\/tr>\n<\/tbody>\n<\/table>\n<p>&nbsp;<\/p>\n<table class=\"vehicle\">\n<thead>\n<tr>\n<th colspan=\"2\">Allgemeine Informationen:<\/th>\n<\/tr>\n<\/thead>\n<tbody>\n<tr>\n<td class=\"vehicletext\">Typ<\/td>\n<td class=\"vehicledata\">MLF<\/td>\n<\/tr>\n<tr>\n<td class=\"vehicletext\">Besatzung<\/td>\n<td class=\"vehicledata\">1 \/ 6<\/td>\n<\/tr>\n<tr>\n<td class=\"vehicletext\">Funkrufname<\/td>\n<td class=\"vehicledata\">Florian Brilon 11 MLF 1<\/td>\n<\/tr>\n<tr>\n<td class=\"vehicletext\">Standort<\/td>\n<td class=\"vehicledata\">Scharfenberg<\/td>\n<\/tr>\n<\/tbody>\n<\/table>\n<table class=\"vehicle\">\n<thead>\n<tr>\n<th colspan=\"2\">Technische Daten:<\/th>\n<\/tr>\n<\/thead>\n<tbody>\n<tr>\n<td class=\"vehicletext\">Baujahr<\/td>\n<td class=\"vehicledata\">2009<\/td>\n<\/tr>\n<tr>\n<td class=\"vehicletext\">Leistung<\/td>\n<td class=\"vehicledata\">115 KW \/ 156 PS<\/td>\n<\/tr>\n<tr>\n<td class=\"vehicletext\">Hersteller<\/td>\n<td class=\"vehicledata\">Mercedes-Benz<\/td>\n<\/tr>\n<tr>\n<td class=\"vehicletext\">Fahrgestell<\/td>\n<td class=\"vehicledata\">Atego 816F<\/td>\n<\/tr>\n<tr>\n<td class=\"vehicletext\">Aufbau<\/td>\n<td class=\"vehicledata\">Schlingmann<\/td>\n<\/tr>\n<tr>\n<td class=\"vehicletext\">Gewicht<\/td>\n<td class=\"vehicledata\">8,6 t<\/td>\n<\/tr>\n<tr>\n<td class=\"vehicletext\">Wassertank<\/td>\n<td class=\"vehicledata\">1000 Liter<\/td>\n<\/tr>\n<tr>\n<td class=\"vehicletext\">Pumpenleistung<\/td>\n<td class=\"vehicledata\">2000 l \/ min bei 10 bar<\/td>\n<\/tr>\n<\/tbody>\n<\/table>\n<table class=\"vehicle\">\n<thead>\n<tr>\n<th colspan=\"2\">Besonderheiten:<\/th>\n<\/tr>\n<\/thead>\n<tbody>\n<tr>\n<td class=\"vehicletext\">Stomerzeuger<\/td>\n<td class=\"vehicledata\">5 KVA<\/td>\n<\/tr>\n<tr>\n<td class=\"vehicletext\">Lichtmast<\/td>\n<td class=\"vehicledata\">2 x 1000 W<\/td>\n<\/tr>\n<tr>\n<td class=\"vehicletext\">Tragkraftsprizte<\/td>\n<td class=\"vehicledata\">800 l \/ min bei 8 bar<\/td>\n<\/tr>\n<\/tbody>\n<\/table>\n","protected":false},"excerpt":{"rendered":"<p>&nbsp; Allgemeine Informationen: Typ MLF Besatzung 1 \/ 6 Funkrufname Florian Brilon 11 MLF 1 Standort Scharfenberg Technische Daten: Baujahr 2009 Leistung 115 KW \/ 156 PS Hersteller Mercedes-Benz Fahrgestell Atego 816F Aufbau Schlingmann Gewicht 8,6 t Wassertank 1000 Liter Pumpenleistung 2000 l \/ min bei 10 bar Besonderheiten: Stomerzeuger 5 KVA Lichtmast 2 x [&hellip;]<\/p>\n","protected":false},"author":8,"featured_media":0,"parent":11,"menu_order":0,"comment_status":"closed","ping_status":"closed","template":"","meta":{"_exactmetrics_skip_tracking":false,"_exactmetrics_sitenote_active":false,"_exactmetrics_sitenote_note":"","_exactmetrics_sitenote_category":0,"jetpack_post_was_ever_published":false,"footnotes":""},"class_list":["post-1355","page","type-page","status-publish","hentry"],"jetpack_shortlink":"https:\/\/wp.me\/PCIJa-lR","jetpack_sharing_enabled":true,"jetpack-related-posts":[{"id":817,"url":"https:\/\/www.feuerwehr-brilon.de\/?page_id=817","url_meta":{"origin":1355,"position":0},"title":"Mittleres-L\u00f6sch-Fahrzeug &#8211; Th\u00fclen","author":"Andreas Becker","date":"28. August 2009","format":false,"excerpt":"\u00a0 Allgemeine Informationen: Typ MLF Besatzung 1 \/ 5 Funkrufname Florian Brilon 12 MLF 1 Standort Th\u00fclen Technische Daten: Baujahr 2005 Leistung 110 KW \/ 150 PS Hersteller Mercedes Benz Fahrgestell 815D Aufbau Schlingmann Gewicht 7,49 t Wassertank 750 Pumpenleistung 2000 l\/min bei 10 bar Besonderheiten: Stromerzeuger 5 kVA, Tragkraftspritze,\u2026","rel":"","context":"In &quot;Allgemein&quot;","block_context":{"text":"Allgemein","link":"https:\/\/www.feuerwehr-brilon.de\/?cat=1"},"img":{"alt_text":"StLF 10\/6","src":"\/images\/fahrzeuge\/stlf_thuelen_gross_1.JPG","width":350,"height":200,"srcset":"\/images\/fahrzeuge\/stlf_thuelen_gross_1.JPG 1x, \/images\/fahrzeuge\/stlf_thuelen_gross_1.JPG 1.5x, \/images\/fahrzeuge\/stlf_thuelen_gross_1.JPG 2x"},"classes":[]},{"id":816,"url":"https:\/\/www.feuerwehr-brilon.de\/?page_id=816","url_meta":{"origin":1355,"position":1},"title":"Mittleres-L\u00f6sch-Fahrzeug &#8211; Altenb\u00fcren","author":"Andreas Becker","date":"28. August 2009","format":false,"excerpt":"\u00a0 Allgemeine Informationen: Typ MLF Besatzung 1 \/ 6 Funkrufname Florian Brilon 3 MLF 1 Standort Altenb\u00fcren Technische Daten: Baujahr 2005 Leistung 110 KW \/ 150 PS Hersteller Mercedes Benz Fahrgestell 815 D Aufbau Schlingmann Gewicht 7,49 t Wassertank 750 l Pumpenleistung 2000 l\/min bei 10 bar Besonderheiten: Stromerzeuger 5kVa,\u2026","rel":"","context":"In &quot;Allgemein&quot;","block_context":{"text":"Allgemein","link":"https:\/\/www.feuerwehr-brilon.de\/?cat=1"},"img":{"alt_text":"StLF 10\/6","src":"\/images\/fahrzeuge\/stlf_altenb_gross_1.JPG","width":350,"height":200,"srcset":"\/images\/fahrzeuge\/stlf_altenb_gross_1.JPG 1x, \/images\/fahrzeuge\/stlf_altenb_gross_1.JPG 1.5x, \/images\/fahrzeuge\/stlf_altenb_gross_1.JPG 2x"},"classes":[]},{"id":30996,"url":"https:\/\/www.feuerwehr-brilon.de\/?page_id=30996","url_meta":{"origin":1355,"position":2},"title":"Mittleres-L\u00f6sch-Fahrzeug &#8211; Brilon (Au\u00dfenwache)","author":"Andreas Becker","date":"19. April 2023","format":false,"excerpt":"\u00a0 Allgemeine Informationen: Typ MLF Besatzung 1 \/ 5 Funkrufname Florian Brilon 1 MLF 1 Standort Brilon - Au\u00dfenwache Technische Daten: Baujahr 2022 Leistung 162 KW \/ 220 PS Hersteller MAN Fahrgestell TGL 10.220 Aufbau WISS Gewicht 10 t Wassertank 1000 l Pumpenleistung 1500 l\/min bei 10 bar Besonderheiten: 4\u2026","rel":"","context":"\u00c4hnlicher Beitrag","block_context":{"text":"\u00c4hnlicher Beitrag","link":""},"img":{"alt_text":"MLF-1","src":"\/images\/fahrzeuge\/MLF_gross_1.JPG","width":350,"height":200,"srcset":"\/images\/fahrzeuge\/MLF_gross_1.JPG 1x, \/images\/fahrzeuge\/MLF_gross_1.JPG 1.5x, \/images\/fahrzeuge\/MLF_gross_1.JPG 2x"},"classes":[]},{"id":812,"url":"https:\/\/www.feuerwehr-brilon.de\/?page_id=812","url_meta":{"origin":1355,"position":3},"title":"Mittleres-L\u00f6sch-Fahrzeug &#8211; Alme","author":"Andreas Becker","date":"14. Oktober 2009","format":false,"excerpt":"\u00a0 Allgemeine Informationen: Typ MLF Besatzung 1 \/ 6 Funkrufname Florian Brilon 2 MLF 1 Standort Alme Technische Daten: Baujahr 2004 Leistung 110 KW \/ 150 PS Hersteller Mercedes Benz Fahrgestell 815 D Aufbau Ziegler Gewicht 7,49 t Wassertank 500 l Pumpenleistung 1000 l\/min bei 10 bar Besonderheiten: Differentialsperre, Tragkraftspritze\u2026","rel":"","context":"In &quot;Allgemein&quot;","block_context":{"text":"Allgemein","link":"https:\/\/www.feuerwehr-brilon.de\/?cat=1"},"img":{"alt_text":"StLF 10\/6","src":"\/images\/fahrzeuge\/stlf_alme_gross_1.JPG","width":350,"height":200,"srcset":"\/images\/fahrzeuge\/stlf_alme_gross_1.JPG 1x, \/images\/fahrzeuge\/stlf_alme_gross_1.JPG 1.5x, \/images\/fahrzeuge\/stlf_alme_gross_1.JPG 2x"},"classes":[]},{"id":1090,"url":"https:\/\/www.feuerwehr-brilon.de\/?page_id=1090","url_meta":{"origin":1355,"position":4},"title":"Fahrzeug\u00fcbergabe bei der L\u00f6schgruppe Scharfenberg","author":"Marc Heines","date":"3. Juli 2009","format":false,"excerpt":"Die Stadt Brilon hat f\u00fcr die L\u00f6schgruppe Scharfenberg ein neues Fahrzeug beschafft. Die feierliche \u00dcbergabe findet am 20. M\u00e4rz statt. 16:30 Uhr\u00a0 Empfang der G\u00e4ste an der Sch\u00fctzenhalle 17:00 Uhr Segnungsgottesdienst in der Kirche anschlie\u00dfend Fahrzeugweihe an der Sch\u00fctzenhalle Alle Freunde und F\u00f6rderer der Feuerwehr und der L\u00f6schgruppe Scharfenberg sind\u2026","rel":"","context":"In &quot;Allgemein&quot;","block_context":{"text":"Allgemein","link":"https:\/\/www.feuerwehr-brilon.de\/?cat=1"},"img":{"alt_text":"scharfenberg_fahrzeug","src":"https:\/\/i0.wp.com\/www.feuerwehr-brilon.de\/wp-up\/2009\/07\/scharfenberg_fahrzeug.jpg?resize=350%2C200","width":350,"height":200},"classes":[]},{"id":472,"url":"https:\/\/www.feuerwehr-brilon.de\/?page_id=472","url_meta":{"origin":1355,"position":5},"title":"Hydrantenkarren","author":"Marc Heines","date":"13. Dezember 2008","format":false,"excerpt":"Hydrantenkarre aus dem Jahre 1912 (ca.). Sie war von ca. 1912 bis in die 60er Jahre in Scharfenberg im Einsatz. Auch in Brilon wurde ein deratiges Fahrzeug von 1912 bis 1930 eingesetzt. Die Hydrantenkarre wurde ca. 1912 hergestellt. Sie wurde von vier Personen gezogen und diente zum Transport von Schl\u00e4uchen\u2026","rel":"","context":"In &quot;Allgemein&quot;","block_context":{"text":"Allgemein","link":"https:\/\/www.feuerwehr-brilon.de\/?cat=1"},"img":{"alt_text":"","src":"https:\/\/i0.wp.com\/www.feuerwehr-brilon.de\/wp-up\/2008\/12\/hydrantenkarren_scharfenberg.jpg?resize=350%2C200","width":350,"height":200},"classes":[]}],"_links":{"self":[{"href":"https:\/\/www.feuerwehr-brilon.de\/index.php?rest_route=\/wp\/v2\/pages\/1355","targetHints":{"allow":["GET"]}}],"collection":[{"href":"https:\/\/www.feuerwehr-brilon.de\/index.php?rest_route=\/wp\/v2\/pages"}],"about":[{"href":"https:\/\/www.feuerwehr-brilon.de\/index.php?rest_route=\/wp\/v2\/types\/page"}],"author":[{"embeddable":true,"href":"https:\/\/www.feuerwehr-brilon.de\/index.php?rest_route=\/wp\/v2\/users\/8"}],"replies":[{"embeddable":true,"href":"https:\/\/www.feuerwehr-brilon.de\/index.php?rest_route=%2Fwp%2Fv2%2Fcomments&post=1355"}],"version-history":[{"count":3,"href":"https:\/\/www.feuerwehr-brilon.de\/index.php?rest_route=\/wp\/v2\/pages\/1355\/revisions"}],"predecessor-version":[{"id":16648,"href":"https:\/\/www.feuerwehr-brilon.de\/index.php?rest_route=\/wp\/v2\/pages\/1355\/revisions\/16648"}],"up":[{"embeddable":true,"href":"https:\/\/www.feuerwehr-brilon.de\/index.php?rest_route=\/wp\/v2\/pages\/11"}],"wp:attachment":[{"href":"https:\/\/www.feuerwehr-brilon.de\/index.php?rest_route=%2Fwp%2Fv2%2Fmedia&parent=1355"}],"curies":[{"name":"wp","href":"https:\/\/api.w.org\/{rel}","templated":true}]}}