{"id":16295,"date":"2018-08-17T13:47:40","date_gmt":"2018-08-17T12:47:40","guid":{"rendered":"https:\/\/www.feuerwehr-brilon.de\/?page_id=16295"},"modified":"2018-08-18T09:02:04","modified_gmt":"2018-08-18T08:02:04","slug":"geraete-wagen-gefahrgut","status":"publish","type":"page","link":"https:\/\/www.feuerwehr-brilon.de\/?page_id=16295","title":{"rendered":"Ger\u00e4te-Wagen-Gefahrgut"},"content":{"rendered":"<table>\n<tbody>\n<tr>\n<td width=\"440\"><a href=\"\/images\/fahrzeuge\/gwg2_gross_1.jpg\" rel=\"lightbox\"><img decoding=\"async\" class=\"alignleft size-thumbnail wp-image-16281\" src=\"\/images\/fahrzeuge\/gwg2_gross_1.jpg\" alt=\"Gw-G\" width=\"\" height=\"\"><\/a><\/td>\n<td><a href=\"\/images\/fahrzeuge\/gwg2_gross_1.jpg\" rel=\"lightbox\"><img loading=\"lazy\" decoding=\"async\" class=\"size-thumbnail wp-image-16281 alignright\" src=\"\/images\/fahrzeuge\/gwg2_gross_1.jpg\" alt=\"Gw-G\" width=\"132\" height=\"88\"><\/a><a href=\"\/images\/fahrzeuge\/gwg2_gross_2.jpg\" rel=\"lightbox\"><img loading=\"lazy\" decoding=\"async\" class=\"aligright size-thumbnail wp-image-16281 alignright\" src=\"\/images\/fahrzeuge\/gwg2_gross_2.jpg\" alt=\"Gw-G\" width=\"132\" height=\"88\"><\/a><\/td>\n<\/tr>\n<\/tbody>\n<\/table>\n<p>&nbsp;<\/p>\n<table class=\"vehicle\">\n<thead>\n<tr>\n<th colspan=\"2\">Allgemeine Informationen:<\/th>\n<\/tr>\n<\/thead>\n<tbody>\n<tr>\n<td class=\"vehicletext\">Typ<\/td>\n<td class=\"vehicledata\">Gw-G<\/td>\n<\/tr>\n<tr>\n<td class=\"vehicletext\">Besatzung<\/td>\n<td class=\"vehicledata\">1 \/ 5<\/td>\n<\/tr>\n<tr>\n<td class=\"vehicletext\">Funkrufname<\/td>\n<td class=\"vehicledata\">Florian Sauerland 5 Gw-G 1<\/td>\n<\/tr>\n<tr>\n<td class=\"vehicletext\">Standort<\/td>\n<td class=\"vehicledata\">Brilon<\/td>\n<\/tr>\n<\/tbody>\n<\/table>\n<table class=\"vehicle\">\n<thead>\n<tr>\n<th colspan=\"2\">Technische Daten:<\/th>\n<\/tr>\n<\/thead>\n<tbody>\n<tr>\n<td class=\"vehicletext\">Baujahr<\/td>\n<td class=\"vehicledata\">2018<\/td>\n<\/tr>\n<tr>\n<td class=\"vehicletext\">Leistung<\/td>\n<td class=\"vehicledata\">213 KW \/ 290 PS<\/td>\n<\/tr>\n<tr>\n<td class=\"vehicletext\">Hersteller<\/td>\n<td class=\"vehicledata\">MAN<\/td>\n<\/tr>\n<tr>\n<td class=\"vehicletext\">Fahrgestell<\/td>\n<td class=\"vehicledata\">TGM 15.290 BL 4 x 2<\/td>\n<\/tr>\n<tr>\n<td class=\"vehicletext\">Aufbau<\/td>\n<td class=\"vehicledata\">Gimaex<\/td>\n<\/tr>\n<tr>\n<td class=\"vehicletext\">Gewicht<\/td>\n<td class=\"vehicledata\">15 t<\/td>\n<\/tr>\n<\/tbody>\n<\/table>\n<table class=\"vehicle\">\n<thead>\n<tr>\n<th colspan=\"2\">Besonderheiten:<\/th>\n<\/tr>\n<\/thead>\n<tbody>\n<tr>\n<td class=\"vehicletext\" colspan=\"2\">Lichtmast 4 x Xenon, Ladebordwand 1.500 kg, drei Rollcontainer Atemschutz: Pumpen und Armaturen sowie Strom\/Beleuchtung. Umfangreiche Beladung zur Durchf\u00fchrung von Sofortma\u00dfnahmen bei der Bek\u00e4mpfung von Unf\u00e4llen mit gef\u00e4hrlichen Stoffen und Mineral\u00f6l<\/td>\n<\/tr>\n<\/tbody>\n<\/table>\n","protected":false},"excerpt":{"rendered":"<p>&nbsp; Allgemeine Informationen: Typ Gw-G Besatzung 1 \/ 5 Funkrufname Florian Sauerland 5 Gw-G 1 Standort Brilon Technische Daten: Baujahr 2018 Leistung 213 KW \/ 290 PS Hersteller MAN Fahrgestell TGM 15.290 BL 4 x 2 Aufbau Gimaex Gewicht 15 t Besonderheiten: Lichtmast 4 x Xenon, Ladebordwand 1.500 kg, drei Rollcontainer Atemschutz: Pumpen und Armaturen [&hellip;]<\/p>\n","protected":false},"author":8,"featured_media":0,"parent":11,"menu_order":0,"comment_status":"closed","ping_status":"closed","template":"","meta":{"_exactmetrics_skip_tracking":false,"_exactmetrics_sitenote_active":false,"_exactmetrics_sitenote_note":"","_exactmetrics_sitenote_category":0,"jetpack_post_was_ever_published":false,"footnotes":""},"class_list":["post-16295","page","type-page","status-publish","hentry"],"jetpack_shortlink":"https:\/\/wp.me\/PCIJa-4eP","jetpack_sharing_enabled":true,"jetpack-related-posts":[{"id":806,"url":"https:\/\/www.feuerwehr-brilon.de\/?page_id=806","url_meta":{"origin":16295,"position":0},"title":"Ger\u00e4tewagen-Gefahrgut 02 &#8211; Brilon","author":"Andreas Becker","date":"28. August 2009","format":false,"excerpt":"Allgemeine Informationen: Typ Gw-G 2 Besatzung 1 \/ 2 Funkrufname Florian Brilon 1 GwG 1 Standort Brilon Technische Daten: Baujahr 1989 Leistung 125 kW \/ 170 PS Hersteller Mercedes Benz Fahrgestell 817 F Aufbau Ziegler Gewicht 9 t Besonderheiten: Stromerzeuger 8kVA, Lichtmast 3000 Watt, Fl\u00fcssigkeitssauger, Aufnahmeger\u00e4t f\u00fcr Gef\u00e4hrliche Stoffe u.\u2026","rel":"","context":"In &quot;Allgemein&quot;","block_context":{"text":"Allgemein","link":"https:\/\/www.feuerwehr-brilon.de\/?cat=1"},"img":{"alt_text":"","src":"","width":0,"height":0},"classes":[]},{"id":811,"url":"https:\/\/www.feuerwehr-brilon.de\/?page_id=811","url_meta":{"origin":16295,"position":1},"title":"Klein-Einsatz-Fahrzeug","author":"Andreas Becker","date":"28. August 2009","format":false,"excerpt":"\u00a0 Allgemeine Informationen: Typ Kleineinsatz-Fahrzeug Besatzung 1 \/ 5 Funkrufname Florian Brilon 1 KEF 1 Standort Brilon Technische Daten: Baujahr 1996 Leistung 70 KW \/ 95 PS Hersteller Mercedes-Benz Fahrgestell 312 D Aufbau Schmitz Gewicht 3,49 t Besonderheiten: Fahrzeug zur Abarbeitung von Eins\u00e4tzen bei denen nur wenig Personal ben\u00f6tigt wird,\u2026","rel":"","context":"In &quot;Allgemein&quot;","block_context":{"text":"Allgemein","link":"https:\/\/www.feuerwehr-brilon.de\/?cat=1"},"img":{"alt_text":"KEF","src":"\/images\/fahrzeuge\/kef_brilon_gross_1.JPG","width":350,"height":200,"srcset":"\/images\/fahrzeuge\/kef_brilon_gross_1.JPG 1x, \/images\/fahrzeuge\/kef_brilon_gross_1.JPG 1.5x, \/images\/fahrzeuge\/kef_brilon_gross_1.JPG 2x"},"classes":[]},{"id":808,"url":"https:\/\/www.feuerwehr-brilon.de\/?page_id=808","url_meta":{"origin":16295,"position":2},"title":"Ger\u00e4tewagen-Logistik 01 &#8211; Brilon","author":"Andreas Becker","date":"25. August 2009","format":false,"excerpt":"Allgemeine Informationen: Typ Gw-L1 Besatzung 1 \/ 2 Funkrufname Florian Brilon 1 GwLogistik1 1 Standort Brilon Technische Daten: Baujahr 1999 Leistung kW \/ PS Hersteller Volkswagen Fahrgestell Aufbau Gewicht 3,49 t Besonderheiten: \u00d6lbindemittel f\u00fcr Stra\u00dfenraum und Wasserfl\u00e4chen, Bindemittelstreuwagen, Warnschilder f\u00fcr den Stra\u00dfenverkehrWeitere m\u00f6gliche Beladung per Gitterboxen: Schaummittel, Bindemittel, Atemluftflaschen","rel":"","context":"In &quot;Allgemein&quot;","block_context":{"text":"Allgemein","link":"https:\/\/www.feuerwehr-brilon.de\/?cat=1"},"img":{"alt_text":"","src":"","width":0,"height":0},"classes":[]},{"id":16659,"url":"https:\/\/www.feuerwehr-brilon.de\/?page_id=16659","url_meta":{"origin":16295,"position":3},"title":"Ger\u00e4teWagen-Logistik 1 &#8211; Hoppecke","author":"Andreas Becker","date":"14. Juni 2020","format":false,"excerpt":"\u00a0 Allgemeine Informationen: Typ GW Logistik 1 Besatzung 1 \/ 5 Funkrufname Florian Brilon 5 Gw-Logistik 1-1 Standort Hoppecke Technische Daten: Baujahr 2018 Leistung 184 kW\/ 250 PS Hersteller MAN Fahrgestell MAN 12.250 BL Aufbau Ziegler Gewicht 11,99 t Besonderheiten: Lichtmast 6 x Xenon, Zusatzbeladung Strom (14 kVA), Motors\u00e4ge, Licht,\u2026","rel":"","context":"\u00c4hnlicher Beitrag","block_context":{"text":"\u00c4hnlicher Beitrag","link":""},"img":{"alt_text":"Ger\u00e4tewagen-Logistik-1","src":"\/images\/fahrzeuge\/gwl_1_gross_1.JPG","width":350,"height":200,"srcset":"\/images\/fahrzeuge\/gwl_1_gross_1.JPG 1x, \/images\/fahrzeuge\/gwl_1_gross_1.JPG 1.5x, \/images\/fahrzeuge\/gwl_1_gross_1.JPG 2x"},"classes":[]},{"id":11756,"url":"https:\/\/www.feuerwehr-brilon.de\/?page_id=11756","url_meta":{"origin":16295,"position":4},"title":"Ger\u00e4teWagen-Logistik 2","author":"Andreas Becker","date":"20. April 2015","format":false,"excerpt":"\u00a0 Allgemeine Informationen: Typ GW Logistik 2 Besatzung 1 \/ 5 Funkrufname Florian Brilon 1 Gw-Logistik 2-1 Standort Brilon Technische Daten: Baujahr 2015 Leistung 213 kW\/ 290 PS Hersteller MAN Fahrgestell MAN 13.290 BL Aufbau Ziegler Gewicht 14,1 t Besonderheiten: Lichtmast 6 x Xenon, Seilwinde 50 kN, Zusatzbeladung Strom (14\u2026","rel":"","context":"\u00c4hnlicher Beitrag","block_context":{"text":"\u00c4hnlicher Beitrag","link":""},"img":{"alt_text":"Ger\u00e4tewagen-Logistik-2","src":"\/images\/fahrzeuge\/gwl_2_gross_1.JPG","width":350,"height":200,"srcset":"\/images\/fahrzeuge\/gwl_2_gross_1.JPG 1x, \/images\/fahrzeuge\/gwl_2_gross_1.JPG 1.5x, \/images\/fahrzeuge\/gwl_2_gross_1.JPG 2x"},"classes":[]},{"id":815,"url":"https:\/\/www.feuerwehr-brilon.de\/?page_id=815","url_meta":{"origin":16295,"position":5},"title":"TSF &#8211; Bontkirchen","author":"Andreas Becker","date":"28. August 2009","format":false,"excerpt":"Allgemeine Informationen: Typ TSF Besatzung 1 \/ 5 Funkrufname Florian Sauerland 5-47-5 Standort Bontkirchen Technische Daten: Baujahr 1986 Leistung 70 KW \/ 95 PS Hersteller Mercedes Benz Fahrgestell 602 KA Aufbau Ziegler Gewicht 3,49 t Wassertank - Pumpenleistung TS 8\/8 800 Liter\/min Besonderheiten: Differentialsperre, 4 Atemschutzger\u00e4te","rel":"","context":"In &quot;Allgemein&quot;","block_context":{"text":"Allgemein","link":"https:\/\/www.feuerwehr-brilon.de\/?cat=1"},"img":{"alt_text":"","src":"","width":0,"height":0},"classes":[]}],"_links":{"self":[{"href":"https:\/\/www.feuerwehr-brilon.de\/index.php?rest_route=\/wp\/v2\/pages\/16295","targetHints":{"allow":["GET"]}}],"collection":[{"href":"https:\/\/www.feuerwehr-brilon.de\/index.php?rest_route=\/wp\/v2\/pages"}],"about":[{"href":"https:\/\/www.feuerwehr-brilon.de\/index.php?rest_route=\/wp\/v2\/types\/page"}],"author":[{"embeddable":true,"href":"https:\/\/www.feuerwehr-brilon.de\/index.php?rest_route=\/wp\/v2\/users\/8"}],"replies":[{"embeddable":true,"href":"https:\/\/www.feuerwehr-brilon.de\/index.php?rest_route=%2Fwp%2Fv2%2Fcomments&post=16295"}],"version-history":[{"count":3,"href":"https:\/\/www.feuerwehr-brilon.de\/index.php?rest_route=\/wp\/v2\/pages\/16295\/revisions"}],"predecessor-version":[{"id":16304,"href":"https:\/\/www.feuerwehr-brilon.de\/index.php?rest_route=\/wp\/v2\/pages\/16295\/revisions\/16304"}],"up":[{"embeddable":true,"href":"https:\/\/www.feuerwehr-brilon.de\/index.php?rest_route=\/wp\/v2\/pages\/11"}],"wp:attachment":[{"href":"https:\/\/www.feuerwehr-brilon.de\/index.php?rest_route=%2Fwp%2Fv2%2Fmedia&parent=16295"}],"curies":[{"name":"wp","href":"https:\/\/api.w.org\/{rel}","templated":true}]}}