{"id":1691,"date":"2009-11-20T22:17:51","date_gmt":"2009-11-20T20:17:51","guid":{"rendered":"http:\/\/www.feuerwehr-brilon.de\/?page_id=1691"},"modified":"2022-06-16T00:15:54","modified_gmt":"2022-06-15T22:15:54","slug":"wehrfuhrer","status":"publish","type":"page","link":"https:\/\/www.feuerwehr-brilon.de\/?page_id=1691","title":{"rendered":"Wehrf\u00fchrer"},"content":{"rendered":"<h2 style=\"text-align: center;\">Leiter der Feuerwehr<\/h2>\n<table border=\"0\" width=\"100%\" cellspacing=\"0\" cellpadding=\"0\">\n<tbody>\n<tr>\n<td align=\"center\"><img loading=\"lazy\" decoding=\"async\" class=\"alignnone size-full wp-image-690\" title=\"wf\" src=\"http:\/\/www.feuerwehr-brilon.de\/images\/passbilder\/tba.jpg\" alt=\"\" width=\"200\" height=\"288\"><\/td>\n<\/tr>\n<tr>\n<td align=\"center\">Leiter der Feuerwehr<\/td>\n<\/tr>\n<tr>\n<td align=\"center\">StBI Thomas Bauerfeind<\/td>\n<\/tr>\n<tr>\n<td align=\"center\"><a href=\"mailto:t.bauerfeind@feuerwehr-brilon.de\">t.bauerfeind(at)feuerwehr-brilon.de<\/a><\/td>\n<\/tr>\n<\/tbody>\n<\/table>\n<table border=\"0\" width=\"100%\" cellspacing=\"0\" cellpadding=\"0\">\n<tbody>\n<tr>\n<td align=\"center\"><img loading=\"lazy\" decoding=\"async\" class=\"alignnone size-full wp-image-690\" title=\"\" src=\"http:\/\/www.feuerwehr-brilon.de\/images\/passbilder\/abecker.jpg\" alt=\"\" width=\"200\" height=\"273\"><\/td>\n<td align=\"center\"><img loading=\"lazy\" decoding=\"async\" class=\"alignnone size-full wp-image-691\" title=\"\" src=\"http:\/\/www.feuerwehr-brilon.de\/images\/passbilder\/mhenke.jpg\" alt=\"\" width=\"200\" height=\"273\"><\/td>\n<\/tr>\n<tr>\n<td align=\"center\">stv. Leiter der Feuerwehr<\/td>\n<td align=\"center\">stv. Leiter der Feuerwehr<\/td>\n<\/tr>\n<tr>\n<td align=\"center\">StBI Andreas Becker<\/td>\n<td align=\"center\">StBI Manuel Henke<\/td>\n<\/tr>\n<tr>\n<td align=\"center\"><a href=\"mailto:a.becker@feuerwehr-brilon.de\">a.becker(at)feuerwehr-brilon.de<\/a><\/td>\n<td align=\"center\"><a href=\"mailto:m.henke@feuerwehr-brilon.de\">m.henke(at)feuerwehr-brilon.de<\/a><\/td>\n<\/tr>\n<\/tbody>\n<\/table>\n<p>&nbsp;<\/p>\n<p>&nbsp;<\/p>\n<h2 style=\"text-align: center;\">bisherige Leiter der Feuerwehr<\/h2>\n<table border=\"0\" width=\"100%\" cellspacing=\"0\" cellpadding=\"0\">\n<tbody>\n<tr>\n<td align=\"center\"><img loading=\"lazy\" decoding=\"async\" class=\"alignnone size-full wp-image-690\" title=\"1\" src=\"http:\/\/www.feuerwehr-brilon.de\/images\/wehrfuehrer\/wf_1.jpg\" alt=\"\" width=\"200\" height=\"288\"><\/td>\n<\/tr>\n<tr>\n<td align=\"center\">1. Hauptmann und Chef der Freiwilligen Feuerwehr<\/td>\n<\/tr>\n<tr>\n<td align=\"center\">Gastwirt Richard Lohmann<\/td>\n<\/tr>\n<tr>\n<td align=\"center\">10. August 1879 &#8211; 1882<\/td>\n<\/tr>\n<tr>\n<td align=\"center\"><img loading=\"lazy\" decoding=\"async\" class=\"alignnone size-full wp-image-690\" title=\"2\" src=\"http:\/\/www.feuerwehr-brilon.de\/images\/wehrfuehrer\/wf_2.jpg\" alt=\"\" width=\"200\" height=\"288\"><\/td>\n<\/tr>\n<tr>\n<td align=\"center\">2. Chef und Bezirksfeldwebel<\/td>\n<\/tr>\n<tr>\n<td align=\"center\">Wilhelm Barufka<\/td>\n<\/tr>\n<tr>\n<td align=\"center\">1882 &#8211; 1885<\/td>\n<\/tr>\n<tr>\n<td align=\"center\"><img loading=\"lazy\" decoding=\"async\" class=\"alignnone size-full wp-image-690\" title=\"3\" src=\"http:\/\/www.feuerwehr-brilon.de\/images\/wehrfuehrer\/wf_3.jpg\" alt=\"\" width=\"200\" height=\"288\"><\/td>\n<\/tr>\n<tr>\n<td align=\"center\">3. Hauptman der Wehr<\/td>\n<\/tr>\n<tr>\n<td align=\"center\">Kaufmann Joseph Clotten<\/td>\n<\/tr>\n<tr>\n<td align=\"center\">1885 &#8211; 1892<\/td>\n<\/tr>\n<tr>\n<td align=\"center\"><img loading=\"lazy\" decoding=\"async\" class=\"alignnone size-full wp-image-690\" title=\"4\" src=\"http:\/\/www.feuerwehr-brilon.de\/images\/wehrfuehrer\/wf_4.jpg\" alt=\"\" width=\"200\" height=\"288\"><\/td>\n<\/tr>\n<tr>\n<td align=\"center\">4. Leiter der Wehr<\/td>\n<\/tr>\n<tr>\n<td align=\"center\">Sattlermeister Karl Reimann<\/td>\n<\/tr>\n<tr>\n<td align=\"center\">1892 &#8211; 1895<\/td>\n<\/tr>\n<tr>\n<td align=\"center\"><img loading=\"lazy\" decoding=\"async\" class=\"alignnone size-full wp-image-690\" title=\"5\" src=\"http:\/\/www.feuerwehr-brilon.de\/images\/wehrfuehrer\/wf_5.jpg\" alt=\"\" width=\"200\" height=\"288\"><\/td>\n<\/tr>\n<tr>\n<td align=\"center\">5. Hauptmann und Chef der Feuerwehr<\/td>\n<\/tr>\n<tr>\n<td align=\"center\">Kreisassistenten Franz Struif<\/td>\n<\/tr>\n<tr>\n<td align=\"center\">1896 &#8211; 1901<\/td>\n<\/tr>\n<tr>\n<td align=\"center\"><img loading=\"lazy\" decoding=\"async\" class=\"alignnone size-full wp-image-690\" title=\"6\" src=\"http:\/\/www.feuerwehr-brilon.de\/images\/wehrfuehrer\/wf_6.jpg\" alt=\"\" width=\"200\" height=\"288\"><\/td>\n<\/tr>\n<tr>\n<td align=\"center\">6. Hauptmann und Chef der Wehr<\/td>\n<\/tr>\n<tr>\n<td align=\"center\">Amtskassenrendant W.Br\u00fcggemann<\/td>\n<\/tr>\n<tr>\n<td align=\"center\">1901 &#8211; 1903<\/td>\n<\/tr>\n<tr>\n<td align=\"center\">1903 vom Blitz t\u00f6dlich getroffen<\/td>\n<\/tr>\n<tr>\n<td align=\"center\"><img loading=\"lazy\" decoding=\"async\" class=\"alignnone size-full wp-image-690\" title=\"7\" src=\"http:\/\/www.feuerwehr-brilon.de\/images\/wehrfuehrer\/wf_7.jpg\" alt=\"\" width=\"200\" height=\"288\"><\/td>\n<\/tr>\n<tr>\n<td align=\"center\">7. Kreisbrandmeister und Chef der Freiwilligen Feuerwehr<\/td>\n<\/tr>\n<tr>\n<td align=\"center\">Stadtsekret\u00e4r Fritz H\u00fcser<\/td>\n<\/tr>\n<tr>\n<td align=\"center\">1903 &#8211; 1921<\/td>\n<\/tr>\n<tr>\n<td align=\"center\"><img loading=\"lazy\" decoding=\"async\" class=\"alignnone size-full wp-image-690\" title=\"8\" src=\"http:\/\/www.feuerwehr-brilon.de\/images\/wehrfuehrer\/wf_8.jpg\" alt=\"\" width=\"200\" height=\"288\"><\/td>\n<\/tr>\n<tr>\n<td align=\"center\">8. Chef der Feuerwehr und 1. Branddirektor<\/td>\n<\/tr>\n<tr>\n<td align=\"center\">Stadtbaumeister Josef Hellmold<\/td>\n<\/tr>\n<tr>\n<td align=\"center\">1921 &#8211; 1938<\/td>\n<\/tr>\n<tr>\n<td align=\"center\"><img loading=\"lazy\" decoding=\"async\" class=\"alignnone size-full wp-image-690\" title=\"9\" src=\"http:\/\/www.feuerwehr-brilon.de\/images\/wehrfuehrer\/wf_9.jpg\" alt=\"\" width=\"200\" height=\"288\"><\/td>\n<\/tr>\n<tr>\n<td align=\"center\">9. Chef und Hauptbrandmeister<\/td>\n<\/tr>\n<tr>\n<td align=\"center\">Josef B\u00f6ddicker<\/td>\n<\/tr>\n<tr>\n<td align=\"center\">1938 &#8211; 1939<\/td>\n<\/tr>\n<tr>\n<td align=\"center\">Zu Beginn des 2. Weltkrieges eingezogen<\/td>\n<\/tr>\n<tr>\n<td align=\"center\"><img loading=\"lazy\" decoding=\"async\" class=\"alignnone size-full wp-image-690\" title=\"10\" src=\"http:\/\/www.feuerwehr-brilon.de\/images\/wehrfuehrer\/wf_10.jpg\" alt=\"\" width=\"200\" height=\"228\"><\/td>\n<\/tr>\n<tr>\n<td align=\"center\">10. Brandmeister<\/td>\n<\/tr>\n<tr>\n<td align=\"center\">Theodor Wiegelmann<\/td>\n<\/tr>\n<tr>\n<td align=\"center\">1939<\/td>\n<\/tr>\n<tr>\n<td align=\"center\"><img loading=\"lazy\" decoding=\"async\" class=\"alignnone size-full wp-image-690\" title=\"11\" src=\"http:\/\/www.feuerwehr-brilon.de\/images\/wehrfuehrer\/wf_11.jpg\" alt=\"\" width=\"200\" height=\"288\"><\/td>\n<\/tr>\n<tr>\n<td align=\"center\">11. Chef Hauptbrandmeister und Wehrf\u00fchrer<\/td>\n<\/tr>\n<tr>\n<td align=\"center\">Josef B\u00f6ddicker<\/td>\n<\/tr>\n<tr>\n<td align=\"center\">1945 &#8211; 1964<\/td>\n<\/tr>\n<tr>\n<td align=\"center\">Nach dem Krieg wieder Chef der Wehr<\/td>\n<\/tr>\n<tr>\n<td align=\"center\"><img loading=\"lazy\" decoding=\"async\" class=\"alignnone size-full wp-image-690\" title=\"12\" src=\"http:\/\/www.feuerwehr-brilon.de\/images\/wehrfuehrer\/wf_12.jpg\" alt=\"\" width=\"200\" height=\"288\"><\/td>\n<\/tr>\n<tr>\n<td align=\"center\">12. Chef und Hauptbrandmeister<\/td>\n<\/tr>\n<tr>\n<td align=\"center\">Josef Frigger<\/td>\n<\/tr>\n<tr>\n<td align=\"center\">1964<\/td>\n<\/tr>\n<tr>\n<td align=\"center\">kurz darauf schwer erkrankt<\/td>\n<\/tr>\n<tr>\n<td align=\"center\"><img loading=\"lazy\" decoding=\"async\" class=\"alignnone size-full wp-image-690\" title=\"13\" src=\"http:\/\/www.feuerwehr-brilon.de\/images\/wehrfuehrer\/wf_13.jpg\" alt=\"\" width=\"200\" height=\"288\"><\/td>\n<\/tr>\n<tr>\n<td align=\"center\">13. Chef und Hauptbrandmeister<\/td>\n<\/tr>\n<tr>\n<td align=\"center\">Bernhard Schreckenberg<\/td>\n<\/tr>\n<tr>\n<td align=\"center\">1964<\/td>\n<\/tr>\n<tr>\n<td align=\"center\">sp\u00e4ter Kreisbrandmeister<\/td>\n<\/tr>\n<tr>\n<td align=\"center\"><img loading=\"lazy\" decoding=\"async\" class=\"alignnone size-full wp-image-690\" title=\"14\" src=\"http:\/\/www.feuerwehr-brilon.de\/images\/wehrfuehrer\/wf_14.jpg\" alt=\"\" width=\"200\" height=\"288\"><\/td>\n<\/tr>\n<tr>\n<td align=\"center\">14. Wehrf\u00fchrer und Hauptbrandmeister<\/td>\n<\/tr>\n<tr>\n<td align=\"center\">Josef Becker<\/td>\n<\/tr>\n<tr>\n<td align=\"center\">nn<\/td>\n<\/tr>\n<tr>\n<td align=\"center\"><img loading=\"lazy\" decoding=\"async\" class=\"alignnone size-full wp-image-690\" title=\"15\" src=\"http:\/\/www.feuerwehr-brilon.de\/images\/wehrfuehrer\/wf_15.jpg\" alt=\"\" width=\"200\" height=\"288\"><\/td>\n<\/tr>\n<tr>\n<td align=\"center\">15. Wehrf\u00fchrer<\/td>\n<\/tr>\n<tr>\n<td align=\"center\">Hans-Josef B\u00f6ddicker<\/td>\n<\/tr>\n<tr>\n<td align=\"center\">1989 &#8211; 1993<\/td>\n<\/tr>\n<tr>\n<td align=\"center\"><img loading=\"lazy\" decoding=\"async\" class=\"alignnone size-full wp-image-690\" title=\"16\" src=\"http:\/\/www.feuerwehr-brilon.de\/images\/wehrfuehrer\/wf_16.jpg\" alt=\"\" width=\"200\" height=\"288\"><\/td>\n<\/tr>\n<tr>\n<td align=\"center\">16. Leiter der Feuerwehr<\/td>\n<\/tr>\n<tr>\n<td align=\"center\">G\u00fcnther Piasecki<\/td>\n<\/tr>\n<tr>\n<td align=\"center\">1993 &#8211; 2009<\/td>\n<\/tr>\n<tr>\n<td align=\"center\"><img loading=\"lazy\" decoding=\"async\" class=\"alignnone size-full wp-image-690\" title=\"16\" src=\"http:\/\/www.feuerwehr-brilon.de\/images\/wehrfuehrer\/whillebrand.jpg\" alt=\"\" width=\"200\" height=\"288\"><\/td>\n<\/tr>\n<tr>\n<td align=\"center\">17. Leiter der Feuerwehr<\/td>\n<\/tr>\n<tr>\n<td align=\"center\">Wolfgang Hillebrand<\/td>\n<\/tr>\n<tr>\n<td align=\"center\">2009 &#8211; 2021<\/td>\n<\/tr>\n<\/tbody>\n<\/table>\n","protected":false},"excerpt":{"rendered":"<p>Leiter der Feuerwehr Leiter der Feuerwehr StBI Thomas Bauerfeind t.bauerfeind(at)feuerwehr-brilon.de stv. Leiter der Feuerwehr stv. Leiter der Feuerwehr StBI Andreas Becker StBI Manuel Henke a.becker(at)feuerwehr-brilon.de m.henke(at)feuerwehr-brilon.de &nbsp; &nbsp; bisherige Leiter der Feuerwehr 1. Hauptmann und Chef der Freiwilligen Feuerwehr Gastwirt Richard Lohmann 10. August 1879 &#8211; 1882 2. Chef und Bezirksfeldwebel Wilhelm Barufka 1882 &#8211; [&hellip;]<\/p>\n","protected":false},"author":6,"featured_media":0,"parent":700,"menu_order":0,"comment_status":"closed","ping_status":"closed","template":"","meta":{"_exactmetrics_skip_tracking":false,"_exactmetrics_sitenote_active":false,"_exactmetrics_sitenote_note":"","_exactmetrics_sitenote_category":0,"jetpack_post_was_ever_published":false,"footnotes":""},"class_list":["post-1691","page","type-page","status-publish","hentry"],"jetpack_shortlink":"https:\/\/wp.me\/PCIJa-rh","jetpack_sharing_enabled":true,"jetpack-related-posts":[{"id":1737,"url":"https:\/\/www.feuerwehr-brilon.de\/?page_id=1737","url_meta":{"origin":1691,"position":0},"title":"Jugendfeuerwehrwarte","author":"Marc Heines","date":"29. Januar 2010","format":false,"excerpt":"Stadtjugendfeuerwehrwart Stadtjugendfeuerwehrwart stv. Stadtjugendfeuerwehrwart Holger Knackstedt jugendfeuerwehr(at)feuerwehr-brilon.de jugendfeuerwehr(at)feuerwehr-brilon.de Der Stadtjugendfeuerwehrwart vertritt die Jugendfeuerwehr der Stadt Brilon Er ist der Betreuer der Jugendfeuerwehr innerhalb der Stadt und der Verbindungsmann zum Leiter der Feuerwehr Er ist ferner Kontaktperson zu anderen Stellen auf Stadt-, Kreis- und Landesebene Jugendfeuerwehr Alme Jugendfeuerwehrwart stv. Jugendfeuerwehrwart Hendrik\u2026","rel":"","context":"In &quot;Allgemein&quot;","block_context":{"text":"Allgemein","link":"https:\/\/www.feuerwehr-brilon.de\/?cat=1"},"img":{"alt_text":"","src":"https:\/\/i0.wp.com\/www.feuerwehr-brilon.de\/images\/passbilder\/hkn.JPG?resize=350%2C200","width":350,"height":200},"classes":[]},{"id":99,"url":"https:\/\/www.feuerwehr-brilon.de\/?page_id=99","url_meta":{"origin":1691,"position":1},"title":"Vorstand","author":"Daniel Vogel","date":"18. August 2008","format":false,"excerpt":"Der Vorstand mit den Funktionstr\u00e4gern \u00a0 Musikzugf\u00fchrer \u00a0 Freddi Renerich stv. Musikzugf\u00fchrer \u00a0 Daniel Vogel stv. Musikzugf\u00fchrer \u00a0 Winfried Wiegelmann \u00a0 Tambourmajor \u00a0 Sven Becker stv. Tambourmajor \u00a0 Frederik Bohne \u00a0 Musikalischer Leiter \u00a0 Benedikt Wiese stv. Musikalische Leiterin \u00a0 Eileen Becker \u00a0 Kassenwartin Meike B\u00f6ddicker stv. Kassenwartin Petra Niggemeyer\u2026","rel":"","context":"In &quot;Allgemein&quot;","block_context":{"text":"Allgemein","link":"https:\/\/www.feuerwehr-brilon.de\/?cat=1"},"img":{"alt_text":"","src":"","width":0,"height":0},"classes":[]},{"id":466,"url":"https:\/\/www.feuerwehr-brilon.de\/?page_id=466","url_meta":{"origin":1691,"position":2},"title":"Steigleiter","author":"Marc Heines","date":"13. Dezember 2008","format":false,"excerpt":"Steigleiter aus dem Jahre 1929. Sie war von 1929 bis 1959 beim L\u00f6schzug Brilon im Einsatz. Die Steigleiter beim Festzug zum 775-j\u00e4hrigen Stadtjubil\u00e4um der Stadt Brilon im Jahre 1995. Die Leiter wurde von der FirmaMagirus in Ulm hergestellt. Sie hat eine Leiterl\u00e4nge von 10 m und wurde von vier bis\u2026","rel":"","context":"In &quot;Allgemein&quot;","block_context":{"text":"Allgemein","link":"https:\/\/www.feuerwehr-brilon.de\/?cat=1"},"img":{"alt_text":"","src":"https:\/\/i0.wp.com\/www.feuerwehr-brilon.de\/wp-up\/2008\/12\/steigleiter_festzug_neu.jpg?resize=350%2C200","width":350,"height":200},"classes":[]},{"id":1252,"url":"https:\/\/www.feuerwehr-brilon.de\/?page_id=1252","url_meta":{"origin":1691,"position":3},"title":"Einsatzabteilung","author":"Andreas Becker","date":"28. August 2009","format":false,"excerpt":"Hier sind alle aktiven Brandsch\u00fctzer organisiert. L\u00f6schzugf\u00fchrungGeleitet wird der L\u00f6schzug vom L\u00f6schzugf\u00fchrer und seinen Stellvertretern L\u00f6schzugf\u00fchrer BOI Marc Heines m.heines(at)feuerwehr-brilon.de stv. L\u00f6schzugf\u00fchrer stv. L\u00f6schzugf\u00fchrer BOI Thomas B\u00f6ddicker BOI Michael Klaholz brilon(at)feuerwehr-brilon.de brilon(at)feuerwehr-brilon.de X Die Mannschaft gliedert sich in drei Z\u00fcge und f\u00fcnf Schleifen. Die einzelnen Schleifen k\u00f6nnen \u00fcber Meldeempf\u00e4nger getrennt\u2026","rel":"","context":"In &quot;Allgemein&quot;","block_context":{"text":"Allgemein","link":"https:\/\/www.feuerwehr-brilon.de\/?cat=1"},"img":{"alt_text":"","src":"https:\/\/i0.wp.com\/www.feuerwehr-brilon.de\/images\/passbilder\/mhe.jpg?resize=350%2C200","width":350,"height":200},"classes":[]},{"id":1299,"url":"https:\/\/www.feuerwehr-brilon.de\/?page_id=1299","url_meta":{"origin":1691,"position":4},"title":"L\u00f6schzug Brilon e. V.","author":"Marc Heines","date":"28. August 2009","format":false,"excerpt":"Der L\u00f6schzug Brilon e.V. wurde gegr\u00fcndet zur Pflege des Feuerwehrwesens und zur F\u00f6rderung der Kameradschaft und der Jugendpflege. Mitglied werden k\u00f6nnen alle Angeh\u00f6rigen des L\u00f6schzug Brilon, des Tambourkorps, der Jugendfeuerwehr und der Ehrenabteilung. Man kann aber auch als F\u00f6rderndes Mitglied aufgenommen werden. Die Organe des Vereins sind die Mitgliederversammlung und\u2026","rel":"","context":"In &quot;Allgemein&quot;","block_context":{"text":"Allgemein","link":"https:\/\/www.feuerwehr-brilon.de\/?cat=1"},"img":{"alt_text":"","src":"","width":0,"height":0},"classes":[]},{"id":700,"url":"https:\/\/www.feuerwehr-brilon.de\/?page_id=700","url_meta":{"origin":1691,"position":5},"title":"Wir \u00fcber uns","author":"Marc Heines","date":"20. November 2009","format":false,"excerpt":"Feuerwehr Brilon das bedeutet 13 Einheiten mit fast 440 aktiven Feuerwehrleuten 7 Jugendfeuerwehren mit etwa 72 Jugendlichen 1 Tambourkorps mit \u00fcber 54 Musikerinnen und Musikern aber auch einsatzbereit rund um die Uhr viele tausend Stunden an Aus- und Fortbildungen allgemeine Jugendarbeit musikalische\u00a0 Begleitung von Anl\u00e4ssen aller Art Unterst\u00fctzung der Stadt\u2026","rel":"","context":"In &quot;Allgemein&quot;","block_context":{"text":"Allgemein","link":"https:\/\/www.feuerwehr-brilon.de\/?cat=1"},"img":{"alt_text":"","src":"","width":0,"height":0},"classes":[]}],"_links":{"self":[{"href":"https:\/\/www.feuerwehr-brilon.de\/index.php?rest_route=\/wp\/v2\/pages\/1691","targetHints":{"allow":["GET"]}}],"collection":[{"href":"https:\/\/www.feuerwehr-brilon.de\/index.php?rest_route=\/wp\/v2\/pages"}],"about":[{"href":"https:\/\/www.feuerwehr-brilon.de\/index.php?rest_route=\/wp\/v2\/types\/page"}],"author":[{"embeddable":true,"href":"https:\/\/www.feuerwehr-brilon.de\/index.php?rest_route=\/wp\/v2\/users\/6"}],"replies":[{"embeddable":true,"href":"https:\/\/www.feuerwehr-brilon.de\/index.php?rest_route=%2Fwp%2Fv2%2Fcomments&post=1691"}],"version-history":[{"count":3,"href":"https:\/\/www.feuerwehr-brilon.de\/index.php?rest_route=\/wp\/v2\/pages\/1691\/revisions"}],"predecessor-version":[{"id":29867,"href":"https:\/\/www.feuerwehr-brilon.de\/index.php?rest_route=\/wp\/v2\/pages\/1691\/revisions\/29867"}],"up":[{"embeddable":true,"href":"https:\/\/www.feuerwehr-brilon.de\/index.php?rest_route=\/wp\/v2\/pages\/700"}],"wp:attachment":[{"href":"https:\/\/www.feuerwehr-brilon.de\/index.php?rest_route=%2Fwp%2Fv2%2Fmedia&parent=1691"}],"curies":[{"name":"wp","href":"https:\/\/api.w.org\/{rel}","templated":true}]}}