{"id":1721,"date":"2009-11-20T20:28:50","date_gmt":"2009-11-20T19:28:50","guid":{"rendered":"http:\/\/www.feuerwehr-brilon.de\/?page_id=1721"},"modified":"2026-02-23T12:47:48","modified_gmt":"2026-02-23T11:47:48","slug":"sicherheitsbeauftragter","status":"publish","type":"page","link":"https:\/\/www.feuerwehr-brilon.de\/?page_id=1721","title":{"rendered":"Sicherheitsbeauftragter"},"content":{"rendered":"<p>Jede Feuerwehr ist verpflichtet einen Sicherheitsbeauftragten zu ernennen.<\/p>\n<table border=\"0\" cellspacing=\"0\" cellpadding=\"0\" width=\"100%\">\n<tbody>\n<tr>\n<td align=\"center\"><img loading=\"lazy\" decoding=\"async\" class=\"alignnone size-full wp-image-690\" title=\"sb\" src=\"http:\/\/www.feuerwehr-brilon.de\/images\/passbilder\/1_passbild_blank.jpg\" alt=\"\" width=\"200\" height=\"288\" \/><\/td>\n<\/tr>\n<tr>\n<td align=\"center\">Sicherheitsbeauftragter<\/td>\n<\/tr>\n<tr>\n<td align=\"center\">Pascal Kutz<\/td>\n<\/tr>\n<tr>\n<td align=\"center\"><a href=\"mailto:sicherheitsbeauftragter@feuerwehr-brilon.de\">sicherheitsbeauftragter(at)feuerwehr-brilon.de<\/a><\/td>\n<\/tr>\n<\/tbody>\n<\/table>\n<table border=\"0\" cellspacing=\"0\" cellpadding=\"0\" width=\"100%\">\n<tbody>\n<tr>\n<td align=\"center\"><img loading=\"lazy\" decoding=\"async\" class=\"alignnone size-full wp-image-690\" title=\"sb\" src=\"http:\/\/www.feuerwehr-brilon.de\/images\/passbilder\/1_passbild_blank.jpg\" alt=\"\" width=\"200\" height=\"288\" \/><\/td>\n<\/tr>\n<tr>\n<td align=\"center\">stv. Sicherheitsbeauftragter<\/td>\n<\/tr>\n<tr>\n<td align=\"center\">Ferdinand Martini<\/td>\n<\/tr>\n<tr>\n<td align=\"center\"><a href=\"mailto:sicherheitsbeauftragter@feuerwehr-brilon.de\">sicherheitsbeauftragter(at)feuerwehr-brilon.de<\/a><\/td>\n<\/tr>\n<\/tbody>\n<\/table>\n<p>Die Sicherheitsbeauftragten haben\u2026<\/p>\n<ul>\n<li>den Tr\u00e4ger der Feuerwehr bei der Unfallverh\u00fctung zu unterst\u00fctzen, zu beraten;<\/li>\n<li>auf Unfallgefahren aufmerksam zu machen und erkannteM\u00e4ngel zu melden;<\/li>\n<li>das Vorhandensein der Schutzausr\u00fcstung zu kontrollieren;<\/li>\n<li>auf das Benutzen, Tragen der Schutzausr\u00fcstung zu achten;<\/li>\n<li>die Feuerwehrangeh\u00f6rigen von der Notwendigkeit der pers\u00f6nlichen Schutzausr\u00fcstungen zu \u00fcberzeugen;<\/li>\n<li>bei Feuerwehrh\u00e4usern, Fahrzeugen und Ger\u00e4ten auf derensicherheitstechnischen Zustand zu achten;<\/li>\n<li>festzustellen, ob die Ger\u00e4te in den vorgeschriebenen Zeitabst\u00e4ndengepr\u00fcft werden;<\/li>\n<li>die Feuerwehrangeh\u00f6rigen zu unfallsicherem Handeln anzuhalten;<\/li>\n<li>aus Unf\u00e4llen R\u00fcckschl\u00fcsse auf \u00e4hnliche Gefahren zu ziehen<\/li>\n<li>und auf deren Beseitigung hinzuwirken.<\/li>\n<\/ul>\n","protected":false},"excerpt":{"rendered":"<p>Jede Feuerwehr ist verpflichtet einen Sicherheitsbeauftragten zu ernennen. Sicherheitsbeauftragter Pascal Kutz sicherheitsbeauftragter(at)feuerwehr-brilon.de stv. Sicherheitsbeauftragter Ferdinand Martini sicherheitsbeauftragter(at)feuerwehr-brilon.de Die Sicherheitsbeauftragten haben\u2026 den Tr\u00e4ger der Feuerwehr bei der Unfallverh\u00fctung zu unterst\u00fctzen, zu beraten; auf Unfallgefahren aufmerksam zu machen und erkannteM\u00e4ngel zu melden; das Vorhandensein der Schutzausr\u00fcstung zu kontrollieren; auf das Benutzen, Tragen der Schutzausr\u00fcstung zu achten; die [&hellip;]<\/p>\n","protected":false},"author":6,"featured_media":0,"parent":700,"menu_order":0,"comment_status":"closed","ping_status":"closed","template":"","meta":{"_exactmetrics_skip_tracking":false,"_exactmetrics_sitenote_active":false,"_exactmetrics_sitenote_note":"","_exactmetrics_sitenote_category":0,"jetpack_post_was_ever_published":false,"footnotes":""},"class_list":["post-1721","page","type-page","status-publish","hentry"],"jetpack_shortlink":"https:\/\/wp.me\/PCIJa-rL","jetpack_sharing_enabled":true,"jetpack-related-posts":[{"id":700,"url":"https:\/\/www.feuerwehr-brilon.de\/?page_id=700","url_meta":{"origin":1721,"position":0},"title":"Wir \u00fcber uns","author":"Marc Heines","date":"20. November 2009","format":false,"excerpt":"Feuerwehr Brilon das bedeutet 13 Einheiten mit fast 440 aktiven Feuerwehrleuten 7 Jugendfeuerwehren mit etwa 72 Jugendlichen 1 Tambourkorps mit \u00fcber 54 Musikerinnen und Musikern aber auch einsatzbereit rund um die Uhr viele tausend Stunden an Aus- und Fortbildungen allgemeine Jugendarbeit musikalische\u00a0 Begleitung von Anl\u00e4ssen aller Art Unterst\u00fctzung der Stadt\u2026","rel":"","context":"In &quot;Allgemein&quot;","block_context":{"text":"Allgemein","link":"https:\/\/www.feuerwehr-brilon.de\/?cat=1"},"img":{"alt_text":"","src":"","width":0,"height":0},"classes":[]},{"id":687,"url":"https:\/\/www.feuerwehr-brilon.de\/?page_id=687","url_meta":{"origin":1721,"position":1},"title":"L\u00f6schzug- und L\u00f6schgruppenf\u00fchrer","author":"Marc Heines","date":"29. Januar 2009","format":false,"excerpt":"L\u00f6schzug Brilon L\u00f6schzugf\u00fchrer stv. L\u00f6schzugf\u00fchrer Marc Heines Thomas B\u00f6ddicker brilon(at)feuerwehr-brilon.de L\u00f6schgruppe Alme L\u00f6schgruppenf\u00fchrer stv. L\u00f6schgruppenf\u00fchrer Patrick Sewtz Ansgar Rettler alme(at)feuerwehr-brilon.de L\u00f6schgruppe Altenb\u00fcren L\u00f6schgruppenf\u00fchrer stv. L\u00f6schgruppenf\u00fchrer Manuel H\u00fcmmecke Michael Vo\u00df altenbueren(at)feuerwehr-brilon.de L\u00f6schgruppe Bontkirchen L\u00f6schgruppenf\u00fchrer stv. L\u00f6schgruppenf\u00fchrer Thorsten Schwermer Peter Hennecke bontkirchen(at)feuerwehr-brilon.de L\u00f6schgruppe Hoppecke L\u00f6schgruppenf\u00fchrer stv. L\u00f6schgruppenf\u00fchrer Nicolas Sch\u00f6rmann Till Kemmerling hoppecke(at)feuerwehr-brilon.de\u2026","rel":"","context":"In &quot;Allgemein&quot;","block_context":{"text":"Allgemein","link":"https:\/\/www.feuerwehr-brilon.de\/?cat=1"},"img":{"alt_text":"","src":"https:\/\/i0.wp.com\/www.feuerwehr-brilon.de\/images\/passbilder\/mhe.jpg?resize=350%2C200","width":350,"height":200},"classes":[]},{"id":1737,"url":"https:\/\/www.feuerwehr-brilon.de\/?page_id=1737","url_meta":{"origin":1721,"position":2},"title":"Jugendfeuerwehrwarte","author":"Marc Heines","date":"29. Januar 2010","format":false,"excerpt":"Stadtjugendfeuerwehrwart Stadtjugendfeuerwehrwart stv. Stadtjugendfeuerwehrwart Holger Knackstedt jugendfeuerwehr(at)feuerwehr-brilon.de jugendfeuerwehr(at)feuerwehr-brilon.de Der Stadtjugendfeuerwehrwart vertritt die Jugendfeuerwehr der Stadt Brilon Er ist der Betreuer der Jugendfeuerwehr innerhalb der Stadt und der Verbindungsmann zum Leiter der Feuerwehr Er ist ferner Kontaktperson zu anderen Stellen auf Stadt-, Kreis- und Landesebene Jugendfeuerwehr Alme Jugendfeuerwehrwart stv. Jugendfeuerwehrwart Hendrik\u2026","rel":"","context":"In &quot;Allgemein&quot;","block_context":{"text":"Allgemein","link":"https:\/\/www.feuerwehr-brilon.de\/?cat=1"},"img":{"alt_text":"","src":"https:\/\/i0.wp.com\/www.feuerwehr-brilon.de\/images\/passbilder\/hkn.JPG?resize=350%2C200","width":350,"height":200},"classes":[]},{"id":1691,"url":"https:\/\/www.feuerwehr-brilon.de\/?page_id=1691","url_meta":{"origin":1721,"position":3},"title":"Wehrf\u00fchrer","author":"Marc Heines","date":"20. November 2009","format":false,"excerpt":"Leiter der Feuerwehr Leiter der Feuerwehr StBI Thomas Bauerfeind t.bauerfeind(at)feuerwehr-brilon.de stv. Leiter der Feuerwehr stv. Leiter der Feuerwehr StBI Andreas Becker StBI Manuel Henke a.becker(at)feuerwehr-brilon.de m.henke(at)feuerwehr-brilon.de \u00a0 \u00a0 bisherige Leiter der Feuerwehr 1. Hauptmann und Chef der Freiwilligen Feuerwehr Gastwirt Richard Lohmann 10. August 1879 - 1882 2. Chef und\u2026","rel":"","context":"In &quot;Allgemein&quot;","block_context":{"text":"Allgemein","link":"https:\/\/www.feuerwehr-brilon.de\/?cat=1"},"img":{"alt_text":"","src":"https:\/\/i0.wp.com\/www.feuerwehr-brilon.de\/images\/passbilder\/tba.jpg?resize=350%2C200","width":350,"height":200},"classes":[]},{"id":97,"url":"https:\/\/www.feuerwehr-brilon.de\/?page_id=97","url_meta":{"origin":1721,"position":4},"title":"Kontakt","author":"Daniel Vogel","date":"18. August 2008","format":false,"excerpt":"Auf dieser Seite finden Sie die wichtigsten Kontaktinformationen des Tambourkorps der Freiwilligen Feuerwehr Brilon. \u00a0 Musikzugf\u00fchrer Freddi Renerich Wei\u00dfstra\u00dfe 1 59929 Brilon Tel.: 02961 - 1083 E-Mail: tambourkorps(at)feuerwehr-brilon.de \u00a0 Tambourmajor Sven Becker Glockengie\u00dferweg 35 59929 Brilon E-Mail: tambourkorps(at)feuerwehr-brilon.de \u00a0","rel":"","context":"In &quot;Allgemein&quot;","block_context":{"text":"Allgemein","link":"https:\/\/www.feuerwehr-brilon.de\/?cat=1"},"img":{"alt_text":"","src":"","width":0,"height":0},"classes":[]},{"id":1725,"url":"https:\/\/www.feuerwehr-brilon.de\/?page_id=1725","url_meta":{"origin":1721,"position":5},"title":"Pressesprecher","author":"Marc Heines","date":"20. November 2009","format":false,"excerpt":"er ist Schnittstelle zwischen Feuerwehr und Au\u00dfenwelt Kontakt zur Presse bei Eins\u00e4tzen und sonstigen Veranstaltungen Bearbeitung und Weiterleitung von Anfragen \u00d6ffentlichkeitsarbeit inkl. Betrieb des Internetauftrittes Pressesprecher Pressesprecher BOI Marcus Bange StBI Andreas Becker presse(at)feuerwehr-brilon.de presse(at)feuerwehr-brilon.de","rel":"","context":"In &quot;Allgemein&quot;","block_context":{"text":"Allgemein","link":"https:\/\/www.feuerwehr-brilon.de\/?cat=1"},"img":{"alt_text":"","src":"https:\/\/i0.wp.com\/www.feuerwehr-brilon.de\/images\/passbilder\/presse_stv.jpg?resize=350%2C200","width":350,"height":200},"classes":[]}],"_links":{"self":[{"href":"https:\/\/www.feuerwehr-brilon.de\/index.php?rest_route=\/wp\/v2\/pages\/1721","targetHints":{"allow":["GET"]}}],"collection":[{"href":"https:\/\/www.feuerwehr-brilon.de\/index.php?rest_route=\/wp\/v2\/pages"}],"about":[{"href":"https:\/\/www.feuerwehr-brilon.de\/index.php?rest_route=\/wp\/v2\/types\/page"}],"author":[{"embeddable":true,"href":"https:\/\/www.feuerwehr-brilon.de\/index.php?rest_route=\/wp\/v2\/users\/6"}],"replies":[{"embeddable":true,"href":"https:\/\/www.feuerwehr-brilon.de\/index.php?rest_route=%2Fwp%2Fv2%2Fcomments&post=1721"}],"version-history":[{"count":4,"href":"https:\/\/www.feuerwehr-brilon.de\/index.php?rest_route=\/wp\/v2\/pages\/1721\/revisions"}],"predecessor-version":[{"id":34451,"href":"https:\/\/www.feuerwehr-brilon.de\/index.php?rest_route=\/wp\/v2\/pages\/1721\/revisions\/34451"}],"up":[{"embeddable":true,"href":"https:\/\/www.feuerwehr-brilon.de\/index.php?rest_route=\/wp\/v2\/pages\/700"}],"wp:attachment":[{"href":"https:\/\/www.feuerwehr-brilon.de\/index.php?rest_route=%2Fwp%2Fv2%2Fmedia&parent=1721"}],"curies":[{"name":"wp","href":"https:\/\/api.w.org\/{rel}","templated":true}]}}