{"id":1725,"date":"2009-11-20T20:28:07","date_gmt":"2009-11-20T19:28:07","guid":{"rendered":"http:\/\/www.feuerwehr-brilon.de\/?page_id=1725"},"modified":"2022-06-17T10:23:27","modified_gmt":"2022-06-17T08:23:27","slug":"pressesprecher","status":"publish","type":"page","link":"https:\/\/www.feuerwehr-brilon.de\/?page_id=1725","title":{"rendered":"Pressesprecher"},"content":{"rendered":"<ul>\n<li>er ist Schnittstelle zwischen Feuerwehr und Au\u00dfenwelt<\/li>\n<\/ul>\n<ul>\n<li>Kontakt zur Presse bei Eins\u00e4tzen und sonstigen Veranstaltungen<\/li>\n<\/ul>\n<ul>\n<li>Bearbeitung und Weiterleitung von Anfragen<\/li>\n<\/ul>\n<ul>\n<li>\u00d6ffentlichkeitsarbeit inkl. Betrieb des Internetauftrittes<\/li>\n<\/ul>\n<table width=\"100%\" border=\"0\" cellspacing=\"0\" cellpadding=\"0\">\n<tbody>\n<tr>\n<td align=\"center\"><img loading=\"lazy\" decoding=\"async\" class=\"alignnone size-full wp-image-690\" title=\"presse\" src=\"http:\/\/www.feuerwehr-brilon.de\/images\/passbilder\/presse_stv.jpg\" alt=\"\" width=\"200\" height=\"267\"><\/td>\n<td align=\"center\"><img loading=\"lazy\" decoding=\"async\" class=\"alignnone size-full wp-image-690\" title=\"presse\" src=\"http:\/\/www.feuerwehr-brilon.de\/images\/passbilder\/abecker.jpg\" alt=\"\" width=\"200\" height=\"267\"><\/td>\n<\/tr>\n<tr>\n<td align=\"center\">Pressesprecher<\/td>\n<td align=\"center\">Pressesprecher<\/td>\n<\/tr>\n<tr>\n<td align=\"center\">BOI Marcus Bange<\/td>\n<td align=\"center\">StBI Andreas Becker<\/td>\n<\/tr>\n<tr>\n<td align=\"center\"><a href=\"mailto:presse@feuerwehr-brilon.de\">presse(at)feuerwehr-brilon.de<\/a><\/td>\n<td align=\"center\"><a href=\"mailto:presse@feuerwehr-brilon.de\">presse(at)feuerwehr-brilon.de<\/a><\/td>\n<\/tr>\n<\/tbody>\n<\/table>\n","protected":false},"excerpt":{"rendered":"<p>er ist Schnittstelle zwischen Feuerwehr und Au\u00dfenwelt Kontakt zur Presse bei Eins\u00e4tzen und sonstigen Veranstaltungen Bearbeitung und Weiterleitung von Anfragen \u00d6ffentlichkeitsarbeit inkl. Betrieb des Internetauftrittes Pressesprecher Pressesprecher BOI Marcus Bange StBI Andreas Becker presse(at)feuerwehr-brilon.de presse(at)feuerwehr-brilon.de<\/p>\n","protected":false},"author":6,"featured_media":0,"parent":700,"menu_order":0,"comment_status":"closed","ping_status":"closed","template":"","meta":{"_exactmetrics_skip_tracking":false,"_exactmetrics_sitenote_active":false,"_exactmetrics_sitenote_note":"","_exactmetrics_sitenote_category":0,"jetpack_post_was_ever_published":false,"footnotes":""},"class_list":["post-1725","page","type-page","status-publish","hentry"],"jetpack_shortlink":"https:\/\/wp.me\/PCIJa-rP","jetpack_sharing_enabled":true,"jetpack-related-posts":[{"id":700,"url":"https:\/\/www.feuerwehr-brilon.de\/?page_id=700","url_meta":{"origin":1725,"position":0},"title":"Wir \u00fcber uns","author":"Marc Heines","date":"20. November 2009","format":false,"excerpt":"Feuerwehr Brilon das bedeutet 13 Einheiten mit fast 440 aktiven Feuerwehrleuten 7 Jugendfeuerwehren mit etwa 72 Jugendlichen 1 Tambourkorps mit \u00fcber 54 Musikerinnen und Musikern aber auch einsatzbereit rund um die Uhr viele tausend Stunden an Aus- und Fortbildungen allgemeine Jugendarbeit musikalische\u00a0 Begleitung von Anl\u00e4ssen aller Art Unterst\u00fctzung der Stadt\u2026","rel":"","context":"In &quot;Allgemein&quot;","block_context":{"text":"Allgemein","link":"https:\/\/www.feuerwehr-brilon.de\/?cat=1"},"img":{"alt_text":"","src":"","width":0,"height":0},"classes":[]},{"id":34,"url":"https:\/\/www.feuerwehr-brilon.de\/?page_id=34","url_meta":{"origin":1725,"position":1},"title":"Impressum","author":"Daniel Vogel","date":"28. Mai 2008","format":false,"excerpt":"Seit Anfang 2002 muss der Betreiber einer gesch\u00e4ftsm\u00e4\u00dfig gef\u00fchrten Homepage eine so genannte Anbieterkennzeichnung vorhalten. Sie muss leicht erkennbar, unmittelbar erreichbar und st\u00e4ndig verf\u00fcgbar diverse Angaben zur Person machen. Mit gesch\u00e4ftsm\u00e4\u00dfig sind dabei nicht alleine gewerbliche oder kommerzielle Angebote gemeint. Die Impressumspflicht ergibt sich aus \u00a7 6 Teledienstegesetz (TDG). Es\u2026","rel":"","context":"In &quot;Allgemein&quot;","block_context":{"text":"Allgemein","link":"https:\/\/www.feuerwehr-brilon.de\/?cat=1"},"img":{"alt_text":"","src":"","width":0,"height":0},"classes":[]},{"id":9271,"url":"https:\/\/www.feuerwehr-brilon.de\/?page_id=9271","url_meta":{"origin":1725,"position":2},"title":"Newsletter Anmeldung","author":"Andreas Becker","date":"20. November 2013","format":false,"excerpt":"Vielen Dank f\u00fcr Ihre Anmeldung. Sie erhalten in K\u00fcrze eine E-Mail an die angegebene E-Mail-Adresse mit einem Best\u00e4tigungslink. Klicken Sie bitte auf den Link. Wir stellen so sicher, dass Sie sich pers\u00f6nlich an unseren Newsletter angemeldet haben und kein Missbrauch Ihrer E-Mail-Adresse vorliegt. ...das Presse Team der Feuerwehr Brilon","rel":"","context":"\u00c4hnlicher Beitrag","block_context":{"text":"\u00c4hnlicher Beitrag","link":""},"img":{"alt_text":"","src":"","width":0,"height":0},"classes":[]},{"id":1691,"url":"https:\/\/www.feuerwehr-brilon.de\/?page_id=1691","url_meta":{"origin":1725,"position":3},"title":"Wehrf\u00fchrer","author":"Marc Heines","date":"20. November 2009","format":false,"excerpt":"Leiter der Feuerwehr Leiter der Feuerwehr StBI Thomas Bauerfeind t.bauerfeind(at)feuerwehr-brilon.de stv. Leiter der Feuerwehr stv. Leiter der Feuerwehr StBI Andreas Becker StBI Manuel Henke a.becker(at)feuerwehr-brilon.de m.henke(at)feuerwehr-brilon.de \u00a0 \u00a0 bisherige Leiter der Feuerwehr 1. Hauptmann und Chef der Freiwilligen Feuerwehr Gastwirt Richard Lohmann 10. August 1879 - 1882 2. Chef und\u2026","rel":"","context":"In &quot;Allgemein&quot;","block_context":{"text":"Allgemein","link":"https:\/\/www.feuerwehr-brilon.de\/?cat=1"},"img":{"alt_text":"","src":"https:\/\/i0.wp.com\/www.feuerwehr-brilon.de\/images\/passbilder\/tba.jpg?resize=350%2C200","width":350,"height":200},"classes":[]},{"id":687,"url":"https:\/\/www.feuerwehr-brilon.de\/?page_id=687","url_meta":{"origin":1725,"position":4},"title":"L\u00f6schzug- und L\u00f6schgruppenf\u00fchrer","author":"Marc Heines","date":"29. Januar 2009","format":false,"excerpt":"L\u00f6schzug Brilon L\u00f6schzugf\u00fchrer stv. L\u00f6schzugf\u00fchrer Marc Heines Thomas B\u00f6ddicker brilon(at)feuerwehr-brilon.de L\u00f6schgruppe Alme L\u00f6schgruppenf\u00fchrer stv. L\u00f6schgruppenf\u00fchrer Patrick Sewtz Ansgar Rettler alme(at)feuerwehr-brilon.de L\u00f6schgruppe Altenb\u00fcren L\u00f6schgruppenf\u00fchrer stv. L\u00f6schgruppenf\u00fchrer Manuel H\u00fcmmecke Michael Vo\u00df altenbueren(at)feuerwehr-brilon.de L\u00f6schgruppe Bontkirchen L\u00f6schgruppenf\u00fchrer stv. L\u00f6schgruppenf\u00fchrer Thorsten Schwermer Peter Hennecke bontkirchen(at)feuerwehr-brilon.de L\u00f6schgruppe Hoppecke L\u00f6schgruppenf\u00fchrer stv. L\u00f6schgruppenf\u00fchrer Nicolas Sch\u00f6rmann Till Kemmerling hoppecke(at)feuerwehr-brilon.de\u2026","rel":"","context":"In &quot;Allgemein&quot;","block_context":{"text":"Allgemein","link":"https:\/\/www.feuerwehr-brilon.de\/?cat=1"},"img":{"alt_text":"","src":"https:\/\/i0.wp.com\/www.feuerwehr-brilon.de\/images\/passbilder\/mhe.jpg?resize=350%2C200","width":350,"height":200},"classes":[]},{"id":1721,"url":"https:\/\/www.feuerwehr-brilon.de\/?page_id=1721","url_meta":{"origin":1725,"position":5},"title":"Sicherheitsbeauftragter","author":"Marc Heines","date":"20. November 2009","format":false,"excerpt":"Jede Feuerwehr ist verpflichtet einen Sicherheitsbeauftragten zu ernennen. Sicherheitsbeauftragter Pascal Kutz sicherheitsbeauftragter(at)feuerwehr-brilon.de stv. Sicherheitsbeauftragter Ferdinand Martini sicherheitsbeauftragter(at)feuerwehr-brilon.de Die Sicherheitsbeauftragten haben\u2026 den Tr\u00e4ger der Feuerwehr bei der Unfallverh\u00fctung zu unterst\u00fctzen, zu beraten; auf Unfallgefahren aufmerksam zu machen und erkannteM\u00e4ngel zu melden; das Vorhandensein der Schutzausr\u00fcstung zu kontrollieren; auf das Benutzen, Tragen\u2026","rel":"","context":"In &quot;Allgemein&quot;","block_context":{"text":"Allgemein","link":"https:\/\/www.feuerwehr-brilon.de\/?cat=1"},"img":{"alt_text":"","src":"https:\/\/i0.wp.com\/www.feuerwehr-brilon.de\/images\/passbilder\/1_passbild_blank.jpg?resize=350%2C200","width":350,"height":200},"classes":[]}],"_links":{"self":[{"href":"https:\/\/www.feuerwehr-brilon.de\/index.php?rest_route=\/wp\/v2\/pages\/1725","targetHints":{"allow":["GET"]}}],"collection":[{"href":"https:\/\/www.feuerwehr-brilon.de\/index.php?rest_route=\/wp\/v2\/pages"}],"about":[{"href":"https:\/\/www.feuerwehr-brilon.de\/index.php?rest_route=\/wp\/v2\/types\/page"}],"author":[{"embeddable":true,"href":"https:\/\/www.feuerwehr-brilon.de\/index.php?rest_route=\/wp\/v2\/users\/6"}],"replies":[{"embeddable":true,"href":"https:\/\/www.feuerwehr-brilon.de\/index.php?rest_route=%2Fwp%2Fv2%2Fcomments&post=1725"}],"version-history":[{"count":3,"href":"https:\/\/www.feuerwehr-brilon.de\/index.php?rest_route=\/wp\/v2\/pages\/1725\/revisions"}],"predecessor-version":[{"id":34111,"href":"https:\/\/www.feuerwehr-brilon.de\/index.php?rest_route=\/wp\/v2\/pages\/1725\/revisions\/34111"}],"up":[{"embeddable":true,"href":"https:\/\/www.feuerwehr-brilon.de\/index.php?rest_route=\/wp\/v2\/pages\/700"}],"wp:attachment":[{"href":"https:\/\/www.feuerwehr-brilon.de\/index.php?rest_route=%2Fwp%2Fv2%2Fmedia&parent=1725"}],"curies":[{"name":"wp","href":"https:\/\/api.w.org\/{rel}","templated":true}]}}