{"id":2111,"date":"2010-01-30T12:44:32","date_gmt":"2010-01-30T10:44:32","guid":{"rendered":"http:\/\/www.feuerwehr-brilon.de\/?page_id=2111"},"modified":"2010-01-31T17:58:05","modified_gmt":"2010-01-31T15:58:05","slug":"brand-1904","status":"publish","type":"page","link":"https:\/\/www.feuerwehr-brilon.de\/?page_id=2111","title":{"rendered":"Brand 1904"},"content":{"rendered":"<h2 style=\"margin-top: 0cm; margin-bottom: 0cm; line-height: 0.56cm;\">Brilon 29. August<\/h2>\n<p style=\"margin-bottom: 0cm; line-height: 0.6cm;\" align=\"justify\">\n<\/br><br \/>\nFreitag\u00a0 Abend gegen \u00bd 11 Uhr ert\u00f6nte in unserer Stadt Feuerl\u00e4rm. In dem Hause des Sch\u00e4fers Hillebrand an der Niederstra\u00dfe war beim Fruchtabladen infolge Explosion einer Sturmlaterne Feuer auf dem Boden entstanden. Das Feuer griff mit elementarer Gewalt um sich und erfasste bald das Nachbarhaus des Kaufmanns Kraft an der Derkerestra\u00dfe. Die in dem Kraftschen Hause lagernden leicht brennbaren Stoffe gaben dem Feuer reichlich Nahrung, soda\u00df dem verbrennenden Elemente selbst bei Aufbietung aller verf\u00fcgbaren Mittel kein Einhalt mehr zu tun war, und so ist es denn auch erkl\u00e4rlich, dass das nebenanliegende Schrowangensche Haus ein Raub der Flammen wurde. Die drei H\u00e4user brannten vollst\u00e4ndig nieder. Das Rettungswerk musste infolge des leidigen Wassermangels nur auf die Mobilien und den Schutz der anliegenden Geb\u00e4ude beschr\u00e4nkt werden. Wie wir h\u00f6ren, sollen alle Sch\u00e4den durch Versicherung gedeckt sein.<\/p>\n","protected":false},"excerpt":{"rendered":"<p>Brilon 29. August Freitag\u00a0 Abend gegen \u00bd 11 Uhr ert\u00f6nte in unserer Stadt Feuerl\u00e4rm. In dem Hause des Sch\u00e4fers Hillebrand an der Niederstra\u00dfe war beim Fruchtabladen infolge Explosion einer Sturmlaterne Feuer auf dem Boden entstanden. Das Feuer griff mit elementarer Gewalt um sich und erfasste bald das Nachbarhaus des Kaufmanns Kraft an der Derkerestra\u00dfe. Die [&hellip;]<\/p>\n","protected":false},"author":8,"featured_media":0,"parent":2119,"menu_order":0,"comment_status":"closed","ping_status":"closed","template":"","meta":{"_exactmetrics_skip_tracking":false,"_exactmetrics_sitenote_active":false,"_exactmetrics_sitenote_note":"","_exactmetrics_sitenote_category":0,"jetpack_post_was_ever_published":false,"footnotes":""},"class_list":["post-2111","page","type-page","status-publish","hentry"],"jetpack_shortlink":"https:\/\/wp.me\/PCIJa-y3","jetpack_sharing_enabled":true,"jetpack-related-posts":[{"id":1803,"url":"https:\/\/www.feuerwehr-brilon.de\/?page_id=1803","url_meta":{"origin":2111,"position":0},"title":"Brand 1852","author":"Marc Heines","date":"20. November 2009","format":false,"excerpt":"Brilon, 22.Juli Gestern gegen 1 Uhr Nachts brach in der Kapellenstra\u00dfe in der Wohnung des Desonomen Geck Feuer aus und breitete sich so rasend schnell, da\u00df die Bewohner kaum Zeit fanden das nackte Leben zu retten, ja viele erst aus tiefem Schlafe geweckt werden mu\u00dften, als es in ihrem Hause\u2026","rel":"","context":"In &quot;Allgemein&quot;","block_context":{"text":"Allgemein","link":"https:\/\/www.feuerwehr-brilon.de\/?cat=1"},"img":{"alt_text":"","src":"","width":0,"height":0},"classes":[]},{"id":14422,"url":"https:\/\/www.feuerwehr-brilon.de\/?page_id=14422","url_meta":{"origin":2111,"position":1},"title":"Brandschutzerziehung &#8211; Brandschutzaufkl\u00e4rung","author":"Andreas Becker","date":"21. Februar 2017","format":false,"excerpt":"Auf dieser Seite erfahren Sie: - Was bedeutet \u00fcberhaupt \u201eBrandschutzerziehung\u201c? - Welchen Hintergrund hat die \u201eBrandschutzerziehung\u201c? - An wen richtet sich die \u201eBrandschutzerziehung\/Brandschutzaufkl\u00e4rung\u201c? - Wer f\u00fchrt die \u201eBrandschutzerziehung\/Brandschutzaufkl\u00e4rung\u201c durch? \u00a0 Brandschutzerziehung \u2013 Wieso? Weshalb? Warum? Die Brandschutzerziehung befasst sich u.a. mit dem richtigen Verhalten in einem Brandfall, dem Erlernen des\u2026","rel":"","context":"\u00c4hnlicher Beitrag","block_context":{"text":"\u00c4hnlicher Beitrag","link":""},"img":{"alt_text":"","src":"https:\/\/i0.wp.com\/www.feuerwehr-brilon.de\/wp-up\/2017\/02\/Fuchs_Streichholz-130x150.png?resize=350%2C200","width":350,"height":200},"classes":[]},{"id":1791,"url":"https:\/\/www.feuerwehr-brilon.de\/?page_id=1791","url_meta":{"origin":2111,"position":2},"title":"Brandreglement","author":"Marc Heines","date":"20. November 2009","format":false,"excerpt":"Verrichtung der Nachtw\u00e4chter So bald die Nachtw\u00e4chter, es seien Strassen- oder Thurmw\u00e4chter in irgend einem Theile der Stadt Feuer erblicken, hat einer von ihnen durch Blasen das gew\u00f6hnliche Feuerzeichen zu geben, annebst der Thurmw\u00e4chter die Feuerlaterne nach demjenigen Theile der Stadt auszuh\u00e4ngen, wo er das Feuer wahrgenom\u00admen hat, sein Kamerad\u2026","rel":"","context":"In &quot;Allgemein&quot;","block_context":{"text":"Allgemein","link":"https:\/\/www.feuerwehr-brilon.de\/?cat=1"},"img":{"alt_text":"","src":"","width":0,"height":0},"classes":[]},{"id":41,"url":"https:\/\/www.feuerwehr-brilon.de\/?page_id=41","url_meta":{"origin":2111,"position":3},"title":"Fettexplosion","author":"Daniel Vogel","date":"29. Mai 2008","format":false,"excerpt":"Immer wieder h\u00f6rt oder liest man in Berichten den Begriff Fettexplosion. Aber was passiert bei einer Fettexplosion ? Wie kann sie verhindert werden ? Wir bedanken uns an dieser Stelle bei den Freiwilligen Feuerwehren Hamburg-Altona und Hamburg-Langenhorn, die uns diese Bilder zur Verf\u00fcgung gestellt haben. Eine Fettexplosion entsteht beim Eingie\u00dfen\u2026","rel":"","context":"In &quot;Allgemein&quot;","block_context":{"text":"Allgemein","link":"https:\/\/www.feuerwehr-brilon.de\/?cat=1"},"img":{"alt_text":"","src":"","width":0,"height":0},"classes":[]},{"id":52,"url":"https:\/\/www.feuerwehr-brilon.de\/?page_id=52","url_meta":{"origin":2111,"position":4},"title":"Freie Fahrt","author":"Daniel Vogel","date":"31. Mai 2008","format":false,"excerpt":"Richtig planen, einsichtig parken, damit wir zu Ihnen durchkommen!Im Notfall wird es oftmals eng auf der Stra\u00dfe und damit mit der Zeit. Nicht nur die tonnenschweren L\u00f6sch- und Rettungsfahrzeuge haben Schwierigkeiten, sich zwischen wissentlichen Falschparkern und gedankenlos abgestellten Fahrzeugen ihren Weg zu bahnen. Sogar die kleineren Notfall-Rettungswagen haben ihre Probleme.\u2026","rel":"","context":"In &quot;Allgemein&quot;","block_context":{"text":"Allgemein","link":"https:\/\/www.feuerwehr-brilon.de\/?cat=1"},"img":{"alt_text":"","src":"","width":0,"height":0},"classes":[]},{"id":767,"url":"https:\/\/www.feuerwehr-brilon.de\/?page_id=767","url_meta":{"origin":2111,"position":5},"title":"Kartoffelbraten","author":"Marc Heines","date":"29. M\u00e4rz 2009","format":false,"excerpt":"Die Ehrenabteilung des L\u00f6schzuges Brilon hat ihr schon fast traditionelles Kartoffelbraten durchgef\u00fchrt. Die Mitglieder der Ehrenabteilung trafen sich dazu mit ihren Ehefrauen und den Frauen der verstorbenen Feuerwehrm\u00e4nner am Rochusw\u00e4ldchen. Nach einer kleinen Wanderung zu Reermanns H\u00fctte folgte zun\u00e4chst ein gem\u00fctliches Kaffeetrinken. Anschlie\u00dfend gab es Kartoffeln direkt aus dem Feuer.\u2026","rel":"","context":"In &quot;Allgemein&quot;","block_context":{"text":"Allgemein","link":"https:\/\/www.feuerwehr-brilon.de\/?cat=1"},"img":{"alt_text":"","src":"https:\/\/i0.wp.com\/www.feuerwehr-brilon.de\/wp-up\/2009\/03\/ehrenabteilung_kartoffelbraten_550.jpg?resize=350%2C200","width":350,"height":200},"classes":[]}],"_links":{"self":[{"href":"https:\/\/www.feuerwehr-brilon.de\/index.php?rest_route=\/wp\/v2\/pages\/2111","targetHints":{"allow":["GET"]}}],"collection":[{"href":"https:\/\/www.feuerwehr-brilon.de\/index.php?rest_route=\/wp\/v2\/pages"}],"about":[{"href":"https:\/\/www.feuerwehr-brilon.de\/index.php?rest_route=\/wp\/v2\/types\/page"}],"author":[{"embeddable":true,"href":"https:\/\/www.feuerwehr-brilon.de\/index.php?rest_route=\/wp\/v2\/users\/8"}],"replies":[{"embeddable":true,"href":"https:\/\/www.feuerwehr-brilon.de\/index.php?rest_route=%2Fwp%2Fv2%2Fcomments&post=2111"}],"version-history":[{"count":0,"href":"https:\/\/www.feuerwehr-brilon.de\/index.php?rest_route=\/wp\/v2\/pages\/2111\/revisions"}],"up":[{"embeddable":true,"href":"https:\/\/www.feuerwehr-brilon.de\/index.php?rest_route=\/wp\/v2\/pages\/2119"}],"wp:attachment":[{"href":"https:\/\/www.feuerwehr-brilon.de\/index.php?rest_route=%2Fwp%2Fv2%2Fmedia&parent=2111"}],"curies":[{"name":"wp","href":"https:\/\/api.w.org\/{rel}","templated":true}]}}