{"id":2119,"date":"2010-01-31T17:55:51","date_gmt":"2010-01-31T15:55:51","guid":{"rendered":"http:\/\/www.feuerwehr-brilon.de\/?page_id=2119"},"modified":"2015-10-09T17:04:49","modified_gmt":"2015-10-09T15:04:49","slug":"historisches","status":"publish","type":"page","link":"https:\/\/www.feuerwehr-brilon.de\/?page_id=2119","title":{"rendered":"Historisches"},"content":{"rendered":"<h2>Historisches zur Feuerwehr Brilon<\/h2>\n<p>redaktionell bearbeitet von Wolfgang Schreckenberg <a href=\"mailto:w.schreckenberg@web.de\">KONTAKT<\/a><\/p>\n<ul>\n<li><a href=\"http:\/\/www.feuerwehr-brilon.de\/?p=11847\">Kreisfeuerwehrtag und Amtsfeuerwehrtag 1963<\/a><\/li>\n<li><a href=\"http:\/\/www.feuerwehr-brilon.de\/?p=11717\">14 Tonner mit 23700 Litern Heiz\u00f6l flog aus Kurve 1965<\/a><\/li>\n<li><a href=\"http:\/\/www.feuerwehr-brilon.de\/?p=11445\">Blitzeinschlag im Kirchturm 1810<\/a><\/li>\n<li><a href=\"http:\/\/www.feuerwehr-brilon.de\/?page_id=1791\">Brandreglement<\/a><\/li>\n<li><a href=\"http:\/\/www.feuerwehr-brilon.de\/?page_id=1786\">Feuersbrunst 1742<\/a><\/li>\n<li><a href=\"http:\/\/www.feuerwehr-brilon.de\/?page_id=1803\">Brand 1852<\/a><\/li>\n<li><a href=\"http:\/\/www.feuerwehr-brilon.de\/?page_id=2111\">Brand 1904<\/a><\/li>\n<li><a href=\"http:\/\/www.feuerwehr-brilon.de\/?page_id=4649\">Geschichte seit 1879<\/a><\/li>\n<\/ul>\n","protected":false},"excerpt":{"rendered":"<p>Historisches zur Feuerwehr Brilon redaktionell bearbeitet von Wolfgang Schreckenberg KONTAKT Kreisfeuerwehrtag und Amtsfeuerwehrtag 1963 14 Tonner mit 23700 Litern Heiz\u00f6l flog aus Kurve 1965 Blitzeinschlag im Kirchturm 1810 Brandreglement Feuersbrunst 1742 Brand 1852 Brand 1904 Geschichte seit 1879<\/p>\n","protected":false},"author":8,"featured_media":0,"parent":0,"menu_order":0,"comment_status":"closed","ping_status":"closed","template":"","meta":{"_exactmetrics_skip_tracking":false,"_exactmetrics_sitenote_active":false,"_exactmetrics_sitenote_note":"","_exactmetrics_sitenote_category":0,"jetpack_post_was_ever_published":false,"footnotes":""},"class_list":["post-2119","page","type-page","status-publish","hentry"],"jetpack_shortlink":"https:\/\/wp.me\/PCIJa-yb","jetpack_sharing_enabled":true,"jetpack-related-posts":[{"id":2111,"url":"https:\/\/www.feuerwehr-brilon.de\/?page_id=2111","url_meta":{"origin":2119,"position":0},"title":"Brand 1904","author":"Andreas Becker","date":"30. Januar 2010","format":false,"excerpt":"Brilon 29. August Freitag\u00a0 Abend gegen \u00bd 11 Uhr ert\u00f6nte in unserer Stadt Feuerl\u00e4rm. In dem Hause des Sch\u00e4fers Hillebrand an der Niederstra\u00dfe war beim Fruchtabladen infolge Explosion einer Sturmlaterne Feuer auf dem Boden entstanden. Das Feuer griff mit elementarer Gewalt um sich und erfasste bald das Nachbarhaus des Kaufmanns\u2026","rel":"","context":"In &quot;Allgemein&quot;","block_context":{"text":"Allgemein","link":"https:\/\/www.feuerwehr-brilon.de\/?cat=1"},"img":{"alt_text":"","src":"","width":0,"height":0},"classes":[]},{"id":4163,"url":"https:\/\/www.feuerwehr-brilon.de\/?page_id=4163","url_meta":{"origin":2119,"position":1},"title":"Sch\u00fctzenfest 2005 in Brilon II","author":"Andreas Becker","date":"17. Januar 2011","format":false,"excerpt":"Konzert in der Sch\u00fctzenhalle am Montag","rel":"","context":"\u00c4hnlicher Beitrag","block_context":{"text":"\u00c4hnlicher Beitrag","link":""},"img":{"alt_text":"","src":"https:\/\/i0.wp.com\/www.feuerwehr-brilon.de\/wp-up\/2011\/01\/Schue05Mo_1.jpg?resize=350%2C200","width":350,"height":200},"classes":[]},{"id":4147,"url":"https:\/\/www.feuerwehr-brilon.de\/?page_id=4147","url_meta":{"origin":2119,"position":2},"title":"Sch\u00fctzenfest 2005 in Brilon","author":"Andreas Becker","date":"17. Januar 2011","format":false,"excerpt":"Erster Auftritt des historischen Tambourkorps im gro\u00dfen Festumzug bei der K\u00f6nigsparade auf dem Marktplatz Aufmarsch auf dem Marktplatz Konzert am Montagnachmittag nach dem Vogelschiessen in der Briloner Sch\u00fctzenhalle Weitere Bilder","rel":"","context":"\u00c4hnlicher Beitrag","block_context":{"text":"\u00c4hnlicher Beitrag","link":""},"img":{"alt_text":"","src":"https:\/\/i0.wp.com\/www.feuerwehr-brilon.de\/wp-up\/2011\/01\/Schue05So_1-500x340.jpg?resize=350%2C200","width":350,"height":200},"classes":[]},{"id":1791,"url":"https:\/\/www.feuerwehr-brilon.de\/?page_id=1791","url_meta":{"origin":2119,"position":3},"title":"Brandreglement","author":"Marc Heines","date":"20. November 2009","format":false,"excerpt":"Verrichtung der Nachtw\u00e4chter So bald die Nachtw\u00e4chter, es seien Strassen- oder Thurmw\u00e4chter in irgend einem Theile der Stadt Feuer erblicken, hat einer von ihnen durch Blasen das gew\u00f6hnliche Feuerzeichen zu geben, annebst der Thurmw\u00e4chter die Feuerlaterne nach demjenigen Theile der Stadt auszuh\u00e4ngen, wo er das Feuer wahrgenom\u00admen hat, sein Kamerad\u2026","rel":"","context":"In &quot;Allgemein&quot;","block_context":{"text":"Allgemein","link":"https:\/\/www.feuerwehr-brilon.de\/?cat=1"},"img":{"alt_text":"","src":"","width":0,"height":0},"classes":[]},{"id":1803,"url":"https:\/\/www.feuerwehr-brilon.de\/?page_id=1803","url_meta":{"origin":2119,"position":4},"title":"Brand 1852","author":"Marc Heines","date":"20. November 2009","format":false,"excerpt":"Brilon, 22.Juli Gestern gegen 1 Uhr Nachts brach in der Kapellenstra\u00dfe in der Wohnung des Desonomen Geck Feuer aus und breitete sich so rasend schnell, da\u00df die Bewohner kaum Zeit fanden das nackte Leben zu retten, ja viele erst aus tiefem Schlafe geweckt werden mu\u00dften, als es in ihrem Hause\u2026","rel":"","context":"In &quot;Allgemein&quot;","block_context":{"text":"Allgemein","link":"https:\/\/www.feuerwehr-brilon.de\/?cat=1"},"img":{"alt_text":"","src":"","width":0,"height":0},"classes":[]},{"id":83,"url":"https:\/\/www.feuerwehr-brilon.de\/?page_id=83","url_meta":{"origin":2119,"position":5},"title":"Historisches Tambourkorps","author":"Daniel Vogel","date":"19. August 2008","format":false,"excerpt":"Sie erhalten hier Informationen \u00fcber das Historische Tambourkorps der Freiwilligen Feuerwehr Brilon. Das historische Tambourkorps bestand von 2004 bis 2019. Das historische Tambourkorps der Feuerwehr Brilon im Jahre 2005:\u00a0v.l.n.r.: vorne: Bernd Becker, Hans Derhahn, Gerhard M\u00fcller, Freddi Renerich, Winfried Wiegelmann, Wolfgang L\u00fcddemann, Willi R\u00f6ttger, Klaus Hillebrand; hinten: Wolfgang Schrewe, Karl-Heinz\u2026","rel":"","context":"In &quot;Allgemein&quot;","block_context":{"text":"Allgemein","link":"https:\/\/www.feuerwehr-brilon.de\/?cat=1"},"img":{"alt_text":"","src":"https:\/\/i0.wp.com\/www.feuerwehr-brilon.de\/wp-up\/2008\/08\/hist__tambourkorps_050612-105720_1000-500x325.jpg?resize=350%2C200","width":350,"height":200},"classes":[]}],"_links":{"self":[{"href":"https:\/\/www.feuerwehr-brilon.de\/index.php?rest_route=\/wp\/v2\/pages\/2119","targetHints":{"allow":["GET"]}}],"collection":[{"href":"https:\/\/www.feuerwehr-brilon.de\/index.php?rest_route=\/wp\/v2\/pages"}],"about":[{"href":"https:\/\/www.feuerwehr-brilon.de\/index.php?rest_route=\/wp\/v2\/types\/page"}],"author":[{"embeddable":true,"href":"https:\/\/www.feuerwehr-brilon.de\/index.php?rest_route=\/wp\/v2\/users\/8"}],"replies":[{"embeddable":true,"href":"https:\/\/www.feuerwehr-brilon.de\/index.php?rest_route=%2Fwp%2Fv2%2Fcomments&post=2119"}],"version-history":[{"count":3,"href":"https:\/\/www.feuerwehr-brilon.de\/index.php?rest_route=\/wp\/v2\/pages\/2119\/revisions"}],"predecessor-version":[{"id":12809,"href":"https:\/\/www.feuerwehr-brilon.de\/index.php?rest_route=\/wp\/v2\/pages\/2119\/revisions\/12809"}],"wp:attachment":[{"href":"https:\/\/www.feuerwehr-brilon.de\/index.php?rest_route=%2Fwp%2Fv2%2Fmedia&parent=2119"}],"curies":[{"name":"wp","href":"https:\/\/api.w.org\/{rel}","templated":true}]}}