{"id":2129,"date":"2010-02-13T13:13:56","date_gmt":"2010-02-13T11:13:56","guid":{"rendered":"http:\/\/www.feuerwehr-brilon.de\/?page_id=2129"},"modified":"2016-05-15T12:00:23","modified_gmt":"2016-05-15T10:00:23","slug":"restauration-dl-18","status":"publish","type":"page","link":"https:\/\/www.feuerwehr-brilon.de\/?page_id=2129","title":{"rendered":"Restauration &#8211; DL 18"},"content":{"rendered":"<p><strong><span style=\"font-size: small;\">Restauration der DL 18 Opel Blitz <\/span><\/strong><br \/>\nNachdem die Restauration des Schweren L\u00f6schgruppenfahrzeugs LF 15 mit der Instandsetzung der fest eingebauten Feuerl\u00f6schkreiselpumpe im letzten Jahr erfolgreich ihr Ende fand, haben sich nun einige technikinteressierte Kameraden des L\u00f6schzugs Brilon entschlossen, auch die alte Opel Blitz Drehleiter wieder herzurichten.<\/p>\n<p><strong><span style=\"text-decoration: underline;\"><span style=\"font-size: x-small;\">Zur Geschichte des Fahrzeuges:<\/span><\/span><br \/>\n<\/strong> <a rel=\"lytebox[vacation]\" href=\"http:\/\/www.feuerwehr-brilon.de\/images\/DL18\/DLBeerdigWasserm.jpg\" target=\"_blank\"><br \/>\n<img loading=\"lazy\" decoding=\"async\" class=\"alignleft size-thumbnail wp-image-2156\" title=\"Beerdigung 1965\" src=\"http:\/\/www.feuerwehr-brilon.de\/images\/DL18\/DLBeerdigWasserm.jpg\" alt=\"Beerdigung Wassermeister 1965\" width=\"165\" height=\"106\" \/><\/a><\/p>\n<p>Der\u00a0 damals erste und einzige motorisierte Leiterwagen seiner Art im gesamten Kreisgebiet wurde 1959 der Freiwilligen Feuerwehr Brilon-Stadt zu ihrem 80 j\u00e4hrigem Jubil\u00e4um \u00fcbergeben. Hier tat sie bis 1975 treu ihre Dienste und wurde von einer Magirus-Deutz  DLK 23\/12 abgel\u00f6st.<\/p>\n<p style=\"text-align: left;\"><em><br \/>\n<\/em><\/p>\n<p>Weitere 20 Jahre  verrichtete die Drehleiter anschlie\u00dfend im Standort Hoppecke ihren Dienst, wo sie aufgrund technischer M\u00e4ngel am 04.01.1996 vom T\u00dcD  in den Ruhestand geschickt wurde.<br \/>\nAm 16.10.2000 wurde der Leiterwagen dem \u201eF\u00f6rderverein zur Erhaltung historischer Nutzfahrzeuge, Ger\u00e4te und Uniformen L\u00fcnen e.V. mittels eines Pachtvertrags verliehen und in einem Museum untergestellt, wo man sie  sicher aufgehoben glaubte.<br \/>\nAls dann jedoch 2004 die Idee geboren wurde, die DL 18 zur Vervollst\u00e4ndigung der noch existierenden Briloner Feuerwehrfahrzeuge, anl\u00e4sslich des 125 j\u00e4hrigen Bestehens der Wehr, zur Schau zu stellen, kam der gro\u00dfe Schock. Die Wehrleitung erfuhr auf telefonische Anfrage hin  von der Insolvenz des Museuminhabers und niemand wusste etwas \u00fcber den Verbleib der Briloner Leiter.<\/p>\n<p><a rel=\"lytebox[vacation]\" href=\"http:\/\/www.feuerwehr-brilon.de\/images\/DL18\/DL18-Einsatz2.jpg\" target=\"_blank\"><img loading=\"lazy\" decoding=\"async\" class=\"size-thumbnail wp-image-2156 alignleft\" title=\"Drehleiter im Einsatz\" src=\"http:\/\/www.feuerwehr-brilon.de\/images\/DL18\/DL18-Einsatz2.jpg\" alt=\"Drehleiter im Einsatz\" width=\"145\" height=\"106\" \/><\/a><\/p>\n<p>Nach ausf\u00fchrlichen Recherchen und einer\u00a0 Zwangsmittelandrohung bekam man dann doch\u00a0 eine  Information, wonach die Fahrzeuge aus dem\u00a0 Museum an mehrere Standorte verteilt wurden\u00a0 und\u00a0 der Briloner Wagen direkt an der Nordsee in\u00a0  Bohmstedt , 10 Kilometer n\u00f6rdlich von Husum\u00a0  stehen solle.<br \/>\nSofort wurde sich mit einem Tieflader auf den Weg gemacht, um zu retten, was  noch zu retten war. Die Drehleiter wurde dort tats\u00e4chlich wiedergefunden, jedoch in einem sehr mitgenommenen Zustand, welcher nicht zuletzt durch Einfl\u00fcsse des Salzwassers an der See herbeigef\u00fchrt wurde. Der Rost nagte bereits heftig an Aufbau und Leiterpark. Positiv war jedoch, dass der Opel noch komplett war und  nicht diversen Teilej\u00e4gern zum Opfer gefallen war. Der Wehrleiter pers\u00f6nlich brachte das &#8222;alte Sch\u00e4tzchen&#8222; wieder in die Heimat zur\u00fcck, wobei er sich zu allem \u00dcberfluss noch eine schwere Handverletzung zuzog.<br \/>\nNach langer Tortour und einer notd\u00fcrftigen Auffrischung der Drehleiter konnte sie dann doch  p\u00fcnktlich zum Jubil\u00e4um von  der  Bev\u00f6lkerung in Augenschein genommen werden.<\/p>\n<p>Nach dem Fest verschwand der Wagen f\u00fcr weitere 5 Jahre in einer Garage, bis sie von den Briloner Wehrleuten als restaurationsw\u00fcrdig befunden wurde.<\/p>\n<p>Die Restauration begann am 16.10.09 mit der Demontage des Leiterparks.<br \/>\n<a rel=\"lytebox[vacation]\" href=\"http:\/\/www.feuerwehr-brilon.de\/images\/DL18\/DL18-Leiter.jpg\"><img loading=\"lazy\" decoding=\"async\" class=\"alignnone size-full wp-image-2569\" title=\"Demontage\" src=\"http:\/\/www.feuerwehr-brilon.de\/images\/DL18\/DL18-Leiter.jpg\" alt=\"Demontage Leiterpark\" width=\"520\" height=\"390\" \/><\/a><\/p>\n<p>Aktueller Stand:<br \/>\n<a rel=\"lytebox[vacation]\" href=\"http:\/\/www.feuerwehr-brilon.de\/images\/DL18\/DL18_AKT.jpg\"><img loading=\"lazy\" decoding=\"async\" class=\"alignnone size-full wp-image-2569\" title=\"DL18\" src=\"http:\/\/www.feuerwehr-brilon.de\/images\/DL18\/DL18_AKT.jpg\" alt=\"DL18_Motor\" width=\"520\" height=\"390\" \/><\/a><\/p>\n<p>\n<strong>Bildergalerien von der Restauration:<\/strong><\/p>\n<p><a href=\"http:\/\/www.feuerwehr-brilon.de\/?page_id=2535\"><strong> >> Bildergalerie 2010-2011<\/strong><\/a><br \/>\n<a href=\"http:\/\/www.feuerwehr-brilon.de\/?page_id=8367\"><strong> >> Leiterpark (NEU)<\/strong><\/a><br \/>\n<a href=\"http:\/\/www.feuerwehr-brilon.de\/?page_id=13439\"> >> Oldtimer Rundfahrten<\/a><br \/>\n<a href=\"http:\/\/www.feuerwehr-brilon.de\/?page_id=8373\"><strong> <\/strong><\/a><\/p>\n<p><\/p>\n<p><script src=\"http:\/\/connect.facebook.net\/en_US\/all.js#xfbml=1\"><\/script><fb:like-box href=\"http:\/\/www.facebook.com\/DL18OpelBlitz\" width=\"520\" show_faces=\"true\" stream=\"false\" header=\"true\"><\/fb:like-box><\/p>\n","protected":false},"excerpt":{"rendered":"<p>Restauration der DL 18 Opel Blitz Nachdem die Restauration des Schweren L\u00f6schgruppenfahrzeugs LF 15 mit der Instandsetzung der fest eingebauten Feuerl\u00f6schkreiselpumpe im letzten Jahr erfolgreich ihr Ende fand, haben sich nun einige technikinteressierte Kameraden des L\u00f6schzugs Brilon entschlossen, auch die alte Opel Blitz Drehleiter wieder herzurichten. Zur Geschichte des Fahrzeuges: Der\u00a0 damals erste und einzige [&hellip;]<\/p>\n","protected":false},"author":8,"featured_media":0,"parent":465,"menu_order":0,"comment_status":"closed","ping_status":"closed","template":"","meta":{"_exactmetrics_skip_tracking":false,"_exactmetrics_sitenote_active":false,"_exactmetrics_sitenote_note":"","_exactmetrics_sitenote_category":0,"jetpack_post_was_ever_published":false,"footnotes":""},"class_list":["post-2129","page","type-page","status-publish","hentry"],"jetpack_shortlink":"https:\/\/wp.me\/PCIJa-yl","jetpack_sharing_enabled":true,"jetpack-related-posts":[{"id":465,"url":"https:\/\/www.feuerwehr-brilon.de\/?page_id=465","url_meta":{"origin":2129,"position":0},"title":"DL 18","author":"Marc Heines","date":"13. Dezember 2008","format":false,"excerpt":"Drehleiter DL 18 aus dem Jahre 1959. Das Fahrzeug war von 1959 bis 1975 beim L\u00f6schzug Brilon und von 1975 bis 1995 bei der L\u00f6schgruppe Hoppecke im Einsatz. X Typ DLK 18 Leistung 44 KW \/ 60 PS Baujahr 1959 Gewicht 3.800 kg Fahrgestell Opel Blitz 1,75 t Besatzung 1\u2026","rel":"","context":"In &quot;Allgemein&quot;","block_context":{"text":"Allgemein","link":"https:\/\/www.feuerwehr-brilon.de\/?cat=1"},"img":{"alt_text":"","src":"https:\/\/i0.wp.com\/www.feuerwehr-brilon.de\/wp-up\/2008\/12\/dl_18.jpg?resize=350%2C200","width":350,"height":200},"classes":[]},{"id":13439,"url":"https:\/\/www.feuerwehr-brilon.de\/?page_id=13439","url_meta":{"origin":2129,"position":1},"title":"Oldtimer Rundfahrten","author":"Andreas Becker","date":"15. Mai 2016","format":false,"excerpt":"07.05.2016 - Oldtimer Sauerland Rundfahrt - Brilon","rel":"","context":"\u00c4hnlicher Beitrag","block_context":{"text":"\u00c4hnlicher Beitrag","link":""},"img":{"alt_text":"IMG_0075","src":"https:\/\/i0.wp.com\/www.feuerwehr-brilon.de\/wp-up\/2016\/05\/IMG_0075-113x150.jpg?resize=350%2C200","width":350,"height":200},"classes":[]},{"id":2535,"url":"https:\/\/www.feuerwehr-brilon.de\/?page_id=2535","url_meta":{"origin":2129,"position":2},"title":"DL18 Bildergalerie 2011","author":"Andreas Becker","date":"21. M\u00e4rz 2010","format":false,"excerpt":"Fortschritt bis Dezember 2011 [nggallery id=39]","rel":"","context":"In &quot;Allgemein&quot;","block_context":{"text":"Allgemein","link":"https:\/\/www.feuerwehr-brilon.de\/?cat=1"},"img":{"alt_text":"","src":"","width":0,"height":0},"classes":[]},{"id":8367,"url":"https:\/\/www.feuerwehr-brilon.de\/?page_id=8367","url_meta":{"origin":2129,"position":3},"title":"DL 18 &#8211; Leiterpark","author":"Andreas Becker","date":"23. Mai 2013","format":false,"excerpt":"Demontage, Lackierung und Montage Leiterpark... [nggallery id=47]","rel":"","context":"\u00c4hnlicher Beitrag","block_context":{"text":"\u00c4hnlicher Beitrag","link":""},"img":{"alt_text":"","src":"","width":0,"height":0},"classes":[]},{"id":8373,"url":"https:\/\/www.feuerwehr-brilon.de\/?page_id=8373","url_meta":{"origin":2129,"position":4},"title":"DL 18 Bildergalerie 2013","author":"Andreas Becker","date":"23. Mai 2013","format":false,"excerpt":"Fortschritt bis Mai 2013 [nggallery id=48]","rel":"","context":"\u00c4hnlicher Beitrag","block_context":{"text":"\u00c4hnlicher Beitrag","link":""},"img":{"alt_text":"","src":"","width":0,"height":0},"classes":[]},{"id":468,"url":"https:\/\/www.feuerwehr-brilon.de\/?page_id=468","url_meta":{"origin":2129,"position":5},"title":"Mannschaftswagen","author":"Marc Heines","date":"13. Dezember 2008","format":false,"excerpt":"Mannschaftswagen aus dem Jahre 1938. Das Fahrzeug war von 1938 bis in die 60-er Jahre beim L\u00f6schzug Brilon im Einsatz. Das Fahrzeug wurde am 31. Dezember 1938 durch die Feuerschutzpolizei (Feuerwehr) Brilon \u00fcbernommen. Es war das erste motorisierte Fahrzeug der Feuerwehr Brilon. Das Photo entstand anl\u00e4\u00dflich des 60-j\u00e4hrigen Jubil\u00e4ums der\u2026","rel":"","context":"In &quot;Allgemein&quot;","block_context":{"text":"Allgemein","link":"https:\/\/www.feuerwehr-brilon.de\/?cat=1"},"img":{"alt_text":"","src":"https:\/\/i0.wp.com\/www.feuerwehr-brilon.de\/wp-up\/2008\/12\/mannschaftswagen_brilon_1939.jpg?resize=350%2C200","width":350,"height":200},"classes":[]}],"_links":{"self":[{"href":"https:\/\/www.feuerwehr-brilon.de\/index.php?rest_route=\/wp\/v2\/pages\/2129","targetHints":{"allow":["GET"]}}],"collection":[{"href":"https:\/\/www.feuerwehr-brilon.de\/index.php?rest_route=\/wp\/v2\/pages"}],"about":[{"href":"https:\/\/www.feuerwehr-brilon.de\/index.php?rest_route=\/wp\/v2\/types\/page"}],"author":[{"embeddable":true,"href":"https:\/\/www.feuerwehr-brilon.de\/index.php?rest_route=\/wp\/v2\/users\/8"}],"replies":[{"embeddable":true,"href":"https:\/\/www.feuerwehr-brilon.de\/index.php?rest_route=%2Fwp%2Fv2%2Fcomments&post=2129"}],"version-history":[{"count":3,"href":"https:\/\/www.feuerwehr-brilon.de\/index.php?rest_route=\/wp\/v2\/pages\/2129\/revisions"}],"predecessor-version":[{"id":13464,"href":"https:\/\/www.feuerwehr-brilon.de\/index.php?rest_route=\/wp\/v2\/pages\/2129\/revisions\/13464"}],"up":[{"embeddable":true,"href":"https:\/\/www.feuerwehr-brilon.de\/index.php?rest_route=\/wp\/v2\/pages\/465"}],"wp:attachment":[{"href":"https:\/\/www.feuerwehr-brilon.de\/index.php?rest_route=%2Fwp%2Fv2%2Fmedia&parent=2129"}],"curies":[{"name":"wp","href":"https:\/\/api.w.org\/{rel}","templated":true}]}}