{"id":24,"date":"2008-05-28T18:19:30","date_gmt":"2008-05-28T16:19:30","guid":{"rendered":"http:\/\/wptest.k-srv.de\/?page_id=24"},"modified":"2024-04-16T09:16:07","modified_gmt":"2024-04-16T07:16:07","slug":"scharfenberg","status":"publish","type":"page","link":"https:\/\/www.feuerwehr-brilon.de\/?page_id=24","title":{"rendered":"Scharfenberg"},"content":{"rendered":"<p><span style=\"color: #000000;\">Die L\u00f6schgruppe Scharfenberg besteht zur Zeit aus 35 Mitgliedern. Die L\u00f6schgruppe Scharfenberg ist f\u00fcr den Brandschutz im Ortsteil Scharfenberg (ca. 1.500 Einwohner) zust\u00e4ndig.<\/span><\/p>\n<p style=\"text-align: center;\"><img decoding=\"async\" src=\".\/images\/einheiten\/gh_scharfenberg.jpg\" alt=\"Scharfenberg\" usemap=\"#fahrzeug\" border=\"0\" \/><\/p>\n<map name=\"fahrzeug\">\n<area title=\"Fahrzeug\" shape=\"rect\" coords=\"135,159,230,238\" href=\"http:\/\/www.feuerwehr-brilon.de\/?page_id=1355\" alt=\"Fahrzeug\" \/> <\/map>\n<p style=\"text-align: center;\">Feuerwehrger\u00e4tehaus Scharfenberg<\/p>\n<p><span style=\"color: #000000;\"><br \/>\nL\u00f6schgruppenf\u00fchrer: Dirk Schulte<br \/>\nstellv. L\u00f6schgruppenf\u00fchrer: Jonas Rieke<br \/>\nstellv. L\u00f6schgruppenf\u00fchrer: Jonas Fehst<br \/>\n<\/span><\/p>\n<h3><span style=\"text-decoration: underline;\">Abri\u00df \u00fcber die Geschichte der L\u00f6schgruppe Scharfenberg<\/span><\/h3>\n<p>Die Freiwillige Feuerwehr Scharfenberg wurde offiziell am 18. April 1926 gegr\u00fcndet. Nachdem sich zuvor f\u00fcr die Pflichtfeuerwehrwehr immer weniger M\u00e4nner gemeldet hatten, wurde an diesem Tage auf Veranlassung der Verwaltungsbeh\u00f6rde eine Versammlung abgehalten. Sie hatte das Ziele eine Freiwillige Feuerwehr zu bilden. 25 Mann meldeten sich sofort zum aktiven und 12 Mann zum passiven Beitritt. Zum 1. Brandmeister wurde Fritz Becker sen. gew\u00e4hlt. Sein Stellvertreter wurde der Maurer Eduard Bange. Im Jahre 1927 wurden dann die ersten Ausr\u00fcstungsgegenst\u00e4nde angeschafft. 1935 wurden die Feuerwehren des Amtes Th\u00fclen zu einer Amtsfeuerwehr zusammengeschlossen. Im zweiten Weltkrieg konnten dann nur noch die notwendigsten Arbeiten verrichtet werden, da sich viele Kameraden bei der Wehrmacht befanden. Im Rahmen des m\u00fchsamen Neuaufbaus nach dem 2. Weltkrieg wurde zun\u00e4chst eine Motorspritze aus Alme aufgearbeitet. Die durch den Kreisbrandmeister 1951 vorgeschlagene Anschaffung eines Fahrzeuges scheiterte an den fehlenden finanziellen Mitteln. In dieser Zeit leistete die Briloner Feuerwehr Nachbarschaftshilfe, gegen Erstattung des Brennstoffes.<\/p>\n<p>Nach dem Umbau des Feuerwehrger\u00e4tehauses aus einem Baustofflager, der 1962 begonnen wurde, konnte anl\u00e4\u00dflich des Kreis- und Amtsfeuerwehrtages 1963 das erste Fahrzeug, ein TSF-T mit einer neuen Pumpe in Betrieb genommen werden. Zur kommunalen Neugliederung 1975 gab es einen erneuten Einschnitt. Die Feuerwehren verloren ihre Selbstst\u00e4ndigkeit und wurden als L\u00f6schgruppen dem Stadtbrandmeister der neuen Freiwilligen Feuerwehr der Stadt Brilon unterstellt. Ein Jahr sp\u00e4ter konnten die ersten Funkger\u00e4te in Dienst gestellt werden. Die Ausr\u00fcstung wurde nun weiter verbessert, insbesondere Uniformen wurden angeschafft.<\/p>\n<p>Nach der \u00dcbernahme eines neuen Schulungsraumes 1981, konnte im selben Jahr ein neues Fahrzeug, ein Tragkraftspritzenfahrzeug (TSF) angeschafft werden. Nach den Umbauten am Feuerwehrhaus, die von 1996 bis 1997 in Eigenleistung durch die Feuerwehr durchgef\u00fchrt wurden verf\u00fcgt die Feuerwehr heute mit einem L\u00f6schgruppenfahrzeug (LF 8 ) \u00fcber eine gute technische Ausstattung und ein modernes Feuerwehrhaus.<\/p>\n","protected":false},"excerpt":{"rendered":"<p>Die L\u00f6schgruppe Scharfenberg besteht zur Zeit aus 35 Mitgliedern. Die L\u00f6schgruppe Scharfenberg ist f\u00fcr den Brandschutz im Ortsteil Scharfenberg (ca. 1.500 Einwohner) zust\u00e4ndig. Feuerwehrger\u00e4tehaus Scharfenberg L\u00f6schgruppenf\u00fchrer: Dirk Schulte stellv. L\u00f6schgruppenf\u00fchrer: Jonas Rieke stellv. L\u00f6schgruppenf\u00fchrer: Jonas Fehst Abri\u00df \u00fcber die Geschichte der L\u00f6schgruppe Scharfenberg Die Freiwillige Feuerwehr Scharfenberg wurde offiziell am 18. April 1926 gegr\u00fcndet. Nachdem [&hellip;]<\/p>\n","protected":false},"author":3,"featured_media":0,"parent":5,"menu_order":10,"comment_status":"closed","ping_status":"closed","template":"","meta":{"_exactmetrics_skip_tracking":false,"_exactmetrics_sitenote_active":false,"_exactmetrics_sitenote_note":"","_exactmetrics_sitenote_category":0,"jetpack_post_was_ever_published":false,"footnotes":""},"class_list":["post-24","page","type-page","status-publish","hentry"],"jetpack_shortlink":"https:\/\/wp.me\/PCIJa-o","jetpack_sharing_enabled":true,"jetpack-related-posts":[{"id":687,"url":"https:\/\/www.feuerwehr-brilon.de\/?page_id=687","url_meta":{"origin":24,"position":0},"title":"L\u00f6schzug- und L\u00f6schgruppenf\u00fchrer","author":"Marc Heines","date":"29. Januar 2009","format":false,"excerpt":"L\u00f6schzug Brilon L\u00f6schzugf\u00fchrer stv. L\u00f6schzugf\u00fchrer Marc Heines Thomas B\u00f6ddicker brilon(at)feuerwehr-brilon.de L\u00f6schgruppe Alme L\u00f6schgruppenf\u00fchrer stv. L\u00f6schgruppenf\u00fchrer Patrick Sewtz Ansgar Rettler alme(at)feuerwehr-brilon.de L\u00f6schgruppe Altenb\u00fcren L\u00f6schgruppenf\u00fchrer stv. L\u00f6schgruppenf\u00fchrer Manuel H\u00fcmmecke Michael Vo\u00df altenbueren(at)feuerwehr-brilon.de L\u00f6schgruppe Bontkirchen L\u00f6schgruppenf\u00fchrer stv. L\u00f6schgruppenf\u00fchrer Thorsten Schwermer Peter Hennecke bontkirchen(at)feuerwehr-brilon.de L\u00f6schgruppe Hoppecke L\u00f6schgruppenf\u00fchrer stv. L\u00f6schgruppenf\u00fchrer Nicolas Sch\u00f6rmann Till Kemmerling hoppecke(at)feuerwehr-brilon.de\u2026","rel":"","context":"In &quot;Allgemein&quot;","block_context":{"text":"Allgemein","link":"https:\/\/www.feuerwehr-brilon.de\/?cat=1"},"img":{"alt_text":"","src":"https:\/\/i0.wp.com\/www.feuerwehr-brilon.de\/images\/passbilder\/mhe.jpg?resize=350%2C200","width":350,"height":200},"classes":[]},{"id":1090,"url":"https:\/\/www.feuerwehr-brilon.de\/?page_id=1090","url_meta":{"origin":24,"position":1},"title":"Fahrzeug\u00fcbergabe bei der L\u00f6schgruppe Scharfenberg","author":"Marc Heines","date":"3. Juli 2009","format":false,"excerpt":"Die Stadt Brilon hat f\u00fcr die L\u00f6schgruppe Scharfenberg ein neues Fahrzeug beschafft. Die feierliche \u00dcbergabe findet am 20. M\u00e4rz statt. 16:30 Uhr\u00a0 Empfang der G\u00e4ste an der Sch\u00fctzenhalle 17:00 Uhr Segnungsgottesdienst in der Kirche anschlie\u00dfend Fahrzeugweihe an der Sch\u00fctzenhalle Alle Freunde und F\u00f6rderer der Feuerwehr und der L\u00f6schgruppe Scharfenberg sind\u2026","rel":"","context":"In &quot;Allgemein&quot;","block_context":{"text":"Allgemein","link":"https:\/\/www.feuerwehr-brilon.de\/?cat=1"},"img":{"alt_text":"scharfenberg_fahrzeug","src":"https:\/\/i0.wp.com\/www.feuerwehr-brilon.de\/wp-up\/2009\/07\/scharfenberg_fahrzeug.jpg?resize=350%2C200","width":350,"height":200},"classes":[]},{"id":50,"url":"https:\/\/www.feuerwehr-brilon.de\/?page_id=50","url_meta":{"origin":24,"position":2},"title":"Madfeld","author":"Daniel Vogel","date":"31. Mai 2008","format":false,"excerpt":"Die L\u00f6schgruppe Madfeld besteht zur Zeit aus 35 Mitgliedern. Die L\u00f6schgruppe Madfeld ist f\u00fcr den Brandschutz in den Ortsteilen Madfeld (1.368 Einwohner) und Radlinghausen (133 Einwohner) zust\u00e4ndig. Feuerwehrger\u00e4tehaus Madfeld L\u00f6schgruppenf\u00fchrer: Heinz-J\u00fcrgen Schulte stellv. L\u00f6schgruppenf\u00fchrer: Jan Philipp Becker stellv. L\u00f6schgruppenf\u00fchrer: Sven Decker \u00a0 Abri\u00df \u00fcber die Geschichte der L\u00f6schgruppe Madfeld Die\u2026","rel":"","context":"In &quot;Allgemein&quot;","block_context":{"text":"Allgemein","link":"https:\/\/www.feuerwehr-brilon.de\/?cat=1"},"img":{"alt_text":"","src":"","width":0,"height":0},"classes":[]},{"id":30,"url":"https:\/\/www.feuerwehr-brilon.de\/?page_id=30","url_meta":{"origin":24,"position":3},"title":"Th\u00fclen","author":"Daniel Vogel","date":"28. Mai 2008","format":false,"excerpt":"Die L\u00f6schgruppe Th\u00fclen besteht zur Zeit aus 30 Mitgliedern. Die L\u00f6schgruppe Th\u00fclen ist f\u00fcr den Brandschutz im Ortsteil Th\u00fclen (1.112 Einwohner) zust\u00e4ndig. Die Mitglieder der L\u00f6schgruppe Th\u00fclen im Jubil\u00e4umsjahr 2012: \u00a0 \u00a0 \u00a0 \u00a0 \u00a0 \u00a0 \u00a0 \u00a0 \u00a0 \u00a0 \u00a0 \u00a0 Feuerwehrger\u00e4tehaus Th\u00fclen L\u00f6schgruppenf\u00fchrer: Patrick Schl\u00fcter Stellv. L\u00f6schgruppenf\u00fchrer: Christian\u2026","rel":"","context":"In &quot;Allgemein&quot;","block_context":{"text":"Allgemein","link":"https:\/\/www.feuerwehr-brilon.de\/?cat=1"},"img":{"alt_text":"","src":"\/images\/gruppenbild\/gr_thuelen.jpg","width":350,"height":200},"classes":[]},{"id":27,"url":"https:\/\/www.feuerwehr-brilon.de\/?page_id=27","url_meta":{"origin":24,"position":4},"title":"Alme","author":"Daniel Vogel","date":"28. Mai 2008","format":false,"excerpt":"Die L\u00f6schgruppe Alme besteht zur Zeit aus 27 Mitgliedern. Sie ist f\u00fcr den Brandschutz im Ortsteil Alme ( 1.831 Einwohner) zust\u00e4ndig. Feuerwehrger\u00e4tehaus Alme L\u00f6schgruppenf\u00fchrer: Patrik Sewtz stellv. L\u00f6schgruppenf\u00fchrer: Ansgar Rettler Historisches der L\u00f6schgruppe Alme","rel":"","context":"In &quot;Allgemein&quot;","block_context":{"text":"Allgemein","link":"https:\/\/www.feuerwehr-brilon.de\/?cat=1"},"img":{"alt_text":"","src":"https:\/\/i0.wp.com\/www.feuerwehr-brilon.de\/images\/gruppenbild\/gr_alme.jpg?resize=350%2C200","width":350,"height":200,"srcset":"https:\/\/i0.wp.com\/www.feuerwehr-brilon.de\/images\/gruppenbild\/gr_alme.jpg?resize=350%2C200 1x, https:\/\/i0.wp.com\/www.feuerwehr-brilon.de\/images\/gruppenbild\/gr_alme.jpg?resize=525%2C300 1.5x"},"classes":[]},{"id":26,"url":"https:\/\/www.feuerwehr-brilon.de\/?page_id=26","url_meta":{"origin":24,"position":5},"title":"W\u00fclfte","author":"Andreas Becker","date":"28. Mai 2008","format":false,"excerpt":"Die L\u00f6schgruppe W\u00fclfte besteht zur Zeit aus 13 aktiven Mitgliedern und 5 Mitgliedern in der Ehrenabteilung. Die L\u00f6schgruppe W\u00fclfte ist f\u00fcr den Brandschutz im Ortsteil W\u00fclfte (414 Einwohner) zust\u00e4ndig. Feuerwehrger\u00e4tehaus W\u00fclfte L\u00f6schgruppenf\u00fchrer: Tobias Ising stellv. L\u00f6schgruppenf\u00fchrer: Stefan Flock","rel":"","context":"In &quot;Allgemein&quot;","block_context":{"text":"Allgemein","link":"https:\/\/www.feuerwehr-brilon.de\/?cat=1"},"img":{"alt_text":"","src":"","width":0,"height":0},"classes":[]}],"_links":{"self":[{"href":"https:\/\/www.feuerwehr-brilon.de\/index.php?rest_route=\/wp\/v2\/pages\/24","targetHints":{"allow":["GET"]}}],"collection":[{"href":"https:\/\/www.feuerwehr-brilon.de\/index.php?rest_route=\/wp\/v2\/pages"}],"about":[{"href":"https:\/\/www.feuerwehr-brilon.de\/index.php?rest_route=\/wp\/v2\/types\/page"}],"author":[{"embeddable":true,"href":"https:\/\/www.feuerwehr-brilon.de\/index.php?rest_route=\/wp\/v2\/users\/3"}],"replies":[{"embeddable":true,"href":"https:\/\/www.feuerwehr-brilon.de\/index.php?rest_route=%2Fwp%2Fv2%2Fcomments&post=24"}],"version-history":[{"count":4,"href":"https:\/\/www.feuerwehr-brilon.de\/index.php?rest_route=\/wp\/v2\/pages\/24\/revisions"}],"predecessor-version":[{"id":32307,"href":"https:\/\/www.feuerwehr-brilon.de\/index.php?rest_route=\/wp\/v2\/pages\/24\/revisions\/32307"}],"up":[{"embeddable":true,"href":"https:\/\/www.feuerwehr-brilon.de\/index.php?rest_route=\/wp\/v2\/pages\/5"}],"wp:attachment":[{"href":"https:\/\/www.feuerwehr-brilon.de\/index.php?rest_route=%2Fwp%2Fv2%2Fmedia&parent=24"}],"curies":[{"name":"wp","href":"https:\/\/api.w.org\/{rel}","templated":true}]}}