{"id":243,"date":"2008-08-18T22:04:12","date_gmt":"2008-08-18T20:04:12","guid":{"rendered":"http:\/\/www.feuerwehr-brilon.de\/?page_id=243"},"modified":"2010-10-26T21:22:07","modified_gmt":"2010-10-26T19:22:07","slug":"geschichte","status":"publish","type":"page","link":"https:\/\/www.feuerwehr-brilon.de\/?page_id=243","title":{"rendered":"Geschichte"},"content":{"rendered":"<p><!--[if gte mso 9]><xml> <w:WordDocument> <w:View>Normal<\/w:View> <w:Zoom>0<\/w:Zoom> <w:HyphenationZone>21<\/w:HyphenationZone> <w:Compatibility> <w:BreakWrappedTables \/> <w:SnapToGridInCell \/> <w:WrapTextWithPunct \/> <w:UseAsianBreakRules \/> <\/w:Compatibility> <w:BrowserLevel>MicrosoftInternetExplorer4<\/w:BrowserLevel> <\/w:WordDocument> <\/xml><![endif]--> <!--[if gte mso 10]>\n\n\n\n<style>\n\/* Style Definitions *\/\ntable.MsoNormalTable\n{mso-style-name:\"Normale Tabelle\";\nmso-tstyle-rowband-size:0;\nmso-tstyle-colband-size:0;\nmso-style-noshow:yes;\nmso-style-parent:\"\";\nmso-padding-alt:0cm 5.4pt 0cm 5.4pt;\nmso-para-margin:0cm;\nmso-para-margin-bottom:.0001pt;\nmso-pagination:widow-orphan;\nfont-size:10.0pt;\nfont-family:\"Times New Roman\";}\n<\/style>\n\n<![endif]--><span style=\"color: #000000;\">In einem original Auszug der Sauerl\u00e4nder Zeitung vom 09.12.1919 wurde das Tambourkorps das erste Mal im Jahr 1919 schriftlich erw\u00e4hnt, und zwar hatte sich die nach dem Kriege aufgel\u00f6ste Musikkapelle der Feuerwehr wieder neu gegr\u00fcndet, um in der Turnhalle einige M\u00e4rsche zum Vortrag zu bringen. Von dort ging es zur\u00fcck zur Spritzenhalle in Abwechslung mit dem neu gegr\u00fcndeten Trommler und Pfeifenkorps.<\/span><\/p>\n<p><span style=\"color: #000000;\">Im Jahre 1926 gr\u00fcndeten der Major des Tambourkorps des Turnvereins Brilon, Herr August Wedemann, und der Major des Feuerwehr-Tambourkorps, Herr Franz Thiele, mit 17 m\u00e4nnlichen Spielleuten ein neues Tambourkorps. Leiter wurde Franz Thiele. Flei\u00dfiges und intensives \u00dcben \u2013 man traf sich dreimal pro Woche \u2013 f\u00fchrte dieses Tambourkorps zu hohem K\u00f6nnen. Die sehr guten Leistungen konnten auf zahlreichen Wettstreiten in ganz Westfalen und selbst im Rheinland immer wieder unter Beweis gestellt werden. Das Tambourkorps gewann viele erste Preise und war weit und breit geachtet und gef\u00fcrchtet.<\/span><\/p>\n<p style=\"text-align: center;\"><img loading=\"lazy\" decoding=\"async\" class=\"alignnone size-medium wp-image-244\" style=\"vertical-align: text-bottom;\" title=\"Das Vereinigte Tambourkorps Brilon im Jahre 1926\" src=\"http:\/\/www.feuerwehr-brilon.de\/wp-up\/2008\/08\/tambourkorps_1926_600-500x340.jpg\" alt=\"\" width=\"500\" height=\"340\" \/><\/p>\n<p><br clear=\"all\"><br clear=\"all\"><\/p>\n<div style=\"TEXT-ALIGN: center\">Das Vereinigte Tambourkorps Brilon im Jahre 1926<\/div>\n<p style=\"TEXT-ALIGN: center\">\n<p style=\"TEXT-ALIGN: center\"><span style=\"color: #000000;\"><img loading=\"lazy\" decoding=\"async\" class=\"alignnone size-medium wp-image-245 aligncenter\" title=\"Tambourkorps auf dem Marktplatz vermutlich in den 20er Jahren\" src=\"http:\/\/www.feuerwehr-brilon.de\/wp-up\/2008\/08\/auf_dem_markt_2.jpg\" alt=\"\" width=\"450\" height=\"284\" \/><\/span><\/p>\n<p><br clear=\"all\"><\/p>\n<div style=\"TEXT-ALIGN: center\">Tambourkorps auf dem Marktplatz vermutlich in den 20er Jahren<\/div>\n<p><span style=\"color: #000000;\">Ab 1935 war das Tambourkorps der Freiwilligen Feuerwehr zum Standarten- Tambourkorps der SA nach Meschede befohlen. Diese dunkle Zeit m\u00fcndete in den 2. Weltkrieg; viele Spielleute starben im Feld.<\/span><\/p>\n<p style=\"TEXT-ALIGN: center\"><span style=\"color: #000000;\"><a href=\"http:\/\/www.feuerwehr-brilon.de\/wp-up\/2008\/08\/auf_dem_markt_2.jpg\"><\/a><\/span><\/p>\n<p><br clear=\"all\"><\/p>\n<p style=\"TEXT-ALIGN: center\"><span style=\"color: #000000;\"><img loading=\"lazy\" decoding=\"async\" class=\"alignnone size-medium wp-image-246 aligncenter\" title=\"In der Strackestra\u00dfe in den 30er Jahren\" src=\"http:\/\/www.feuerwehr-brilon.de\/wp-up\/2008\/08\/tambourkorps_30er_strackestrasse.jpg\" alt=\"\" width=\"500\" height=\"333\" \/><\/span><\/p>\n<p><br clear=\"all\"><\/p>\n<div style=\"TEXT-ALIGN: center\">In der Strackestra\u00dfe in den 30er Jahren<\/div>\n<p style=\"TEXT-ALIGN: center\"><span style=\"color: #000000;\"><a href=\"http:\/\/www.feuerwehr-brilon.de\/wp-up\/2008\/08\/auf_dem_markt_2.jpg\"><\/a><a href=\"http:\/\/www.feuerwehr-brilon.de\/wp-up\/2008\/08\/tambourkorps_30er_strackestrasse.jpg\"><\/a><\/span><\/p>\n<p><br clear=\"all\"><\/p>\n<p style=\"TEXT-ALIGN: center\"><span style=\"color: #000000;\"><img loading=\"lazy\" decoding=\"async\" class=\"alignnone size-medium wp-image-247 aligncenter\" title=\"Sch\u00fctzenfest 1938, Derkere Stra\u00dfe\" src=\"http:\/\/www.feuerwehr-brilon.de\/wp-up\/2008\/08\/schutzenfest_1938_derkerestr.jpg\" alt=\"\" width=\"275\" height=\"350\" \/><\/span><\/p>\n<p><br clear=\"all\"><\/p>\n<div style=\"TEXT-ALIGN: center\">Sch\u00fctzenfest 1938, Derkere Stra\u00dfe<\/div>\n<p><span style=\"color: #000000;\">1948 wurde das Tambourkorps mit 7 Spielleuten neu gegr\u00fcndet. Es besuchte 1949 den ersten Wettstreit in Scharfenberg und erhielt auch hier erste Preise. Aus gesundheitlichen Gr\u00fcnden \u00fcbergab Tambourmajor Thiele 1953 den Tambourstab an Franz Martini.<\/span><\/p>\n<p><span style=\"color: #000000;\">Franz Thiele wurde f\u00fcr seine Verdienste zum Ehren-Tambourmajor ernannt. Unter der langj\u00e4hrigen und kontinuierlichen Stabf\u00fchrung von Franz Martini konnte das Tambourkorps der Freiwilligen Feuerwehr seine Leistungen immer weiter steigern und noch viele Wettstreite gewinnen. 1979 waren 21 Spielleute im Tambourkorps aktiv.<\/span><\/p>\n<p><!--[if gte mso 10]>\n\n\n\n<style>\n\/* Style Definitions *\/\ntable.MsoNormalTable\n{mso-style-name:\"Normale Tabelle\";\nmso-tstyle-rowband-size:0;\nmso-tstyle-colband-size:0;\nmso-style-noshow:yes;\nmso-style-parent:\"\";\nmso-padding-alt:0cm 5.4pt 0cm 5.4pt;\nmso-para-margin:0cm;\nmso-para-margin-bottom:.0001pt;\nmso-pagination:widow-orphan;\nfont-size:10.0pt;\nfont-family:\"Times New Roman\";}\n<\/style>\n\n<![endif]--><span style=\"color: #000000;\">1980 \u00fcbergab Franz Martini den Tambourstab an Karl-Josef Padberg. F\u00fcr seine geleistete Arbeit und f\u00fcr seine Verdienste wurde Franz Martini zum Ehrentambourmajor ernannt. Karl Padberg \u00fcbernahm die nicht immer leichte Aufgabe des Tambourmajors des Tambourkorps der Freiwilligen Feuerwehr Brilon, der er 25 Jahre bis 2005 mit vollem Einsatz nachkam. Auch Karl Padberg wurde f\u00fcr seine Verdienste zum Ehrenmajor ernannt. Als Nachfolger f\u00fcr Karl Padberg \u00fcbernahm der Fl\u00f6tist Freddi Renerich das Amt der Tambourmajors bis in die heutige Zeit.<\/span><\/p>\n<p><span style=\"color: #000000;\">Die ersten Lehrg\u00e4nge des Landesfeuerwehrmusikverbandes besuchten Paul Hillebrand und Karl Padberg im Jahr 1981, welche zu dieser Zeit noch in Sankt Vieth stattfanden. Sp\u00e4tere Lehrg\u00e4nge, sowie auch die heutigen angebotenen Lehrg\u00e4nge finden in Rietberg-Westerwiehe statt.<\/span><\/p>\n<p style=\"TEXT-ALIGN: center\"><span style=\"color: #000000;\"><a href=\"http:\/\/www.feuerwehr-brilon.de\/wp-up\/2008\/08\/auf_dem_markt_2.jpg\"><\/a><a href=\"http:\/\/www.feuerwehr-brilon.de\/wp-up\/2008\/08\/tambourkorps_30er_strackestrasse.jpg\"><\/a><a href=\"http:\/\/www.feuerwehr-brilon.de\/wp-up\/2008\/08\/schutzenfest_1938_derkerestr.jpg\"><\/a><\/span><\/p>\n<p><br clear=\"all\"><\/p>\n<p style=\"TEXT-ALIGN: center\"><span style=\"color: #000000;\"><img loading=\"lazy\" decoding=\"async\" class=\"alignnone size-medium wp-image-248 aligncenter\" title=\"In der Bahnhofstra\u00dfe im Jahre 1948\" src=\"http:\/\/www.feuerwehr-brilon.de\/wp-up\/2008\/08\/bahnhofstr__1948.jpg\" alt=\"\" width=\"450\" height=\"317\" \/><\/span><\/p>\n<p><br clear=\"all\"><\/p>\n<div style=\"TEXT-ALIGN: center\">In der Bahnhofstra\u00dfe im Jahre 1948<\/div>\n<p><span style=\"color: #000000;\">1982 wurden aus Nachwuchssorgen erstmals auch weibliche Spielleute in das Tambourkorps aufgenommen. Seit Gr\u00fcndung des Tambourkorps wurden die verschiedenen Musikst\u00fccke nur nach dem Geh\u00f6r gespielt, bis Paul Hillebrand im Jahr 1983 das Spielen nach Noten einf\u00fchrte \u2013 zumindest bei den Fl\u00f6ten. Was er aufgebaut hatte, ist in der heutigen Zeit nicht mehr wegzudenken und wurde in j\u00fcngerer Zeit vom Spielkameraden Michael Ester weitergef\u00fchrt, nicht nur bei den Fl\u00f6tisten, sondern auch bei den Trommlern.<\/span><\/p>\n<p><span style=\"color: #000000;\">Nachdem immer mehr Tambourkorps von der Holzfl\u00f6te auf die Blechfl\u00f6te wechselten, verabschiedete sich im Jahr 1984 auch das Briloner Tambourkorps von seinen Holzfl\u00f6ten und schaffte die ersten Blechfl\u00f6ten an. Eine etwas gr\u00f6\u00dfere Investition war die Anschaffung neuer kleiner Trommeln. In den Jahren 1990\/91 wurden die in die Jahre gekommenen, wohl bekannten goldenen Trommeln mit rot-wei\u00dfem Rahmen gegen neue, silberne Trommeln ausgetauscht, die bis Mai 2008 im Einsatz waren. Ab Juni 2008 entschied man sich f\u00fcr neue wei\u00dfe Paradetrommeln mit Holzkorpus. Auch wurden noch zus\u00e4tzliche Alt- und Diskantfl\u00f6ten angeschafft, um den Klangk\u00f6rper der heutigen Zeit anzupassen, denn moderne B\u00fchnenst\u00fccke, Stimmungslieder usw. geh\u00f6ren nebst der klassischen Marschmusik mittlerweile zum Tagesgesch\u00e4ft der Spielleute.<\/span><!--[if gte mso 9]><xml> <w:WordDocument> <w:View>Normal<\/w:View> <w:Zoom>0<\/w:Zoom> <w:HyphenationZone>21<\/w:HyphenationZone> <w:Compatibility> <w:BreakWrappedTables \/> <w:SnapToGridInCell \/> <w:WrapTextWithPunct \/> <w:UseAsianBreakRules \/> <\/w:Compatibility> <w:BrowserLevel>MicrosoftInternetExplorer4<\/w:BrowserLevel> <\/w:WordDocument> <\/xml><![endif]--> <!--[if gte mso 10]>\n\n\n\n<style>\n\/* Style Definitions *\/\ntable.MsoNormalTable\n{mso-style-name:\"Normale Tabelle\";\nmso-tstyle-rowband-size:0;\nmso-tstyle-colband-size:0;\nmso-style-noshow:yes;\nmso-style-parent:\"\";\nmso-padding-alt:0cm 5.4pt 0cm 5.4pt;\nmso-para-margin:0cm;\nmso-para-margin-bottom:.0001pt;\nmso-pagination:widow-orphan;\nfont-size:10.0pt;\nfont-family:\"Times New Roman\";}\n<\/style>\n\n<![endif]--><\/p>\n<p><span style=\"color: #000000;\">Nach vielen Diskussionen mit dem L\u00f6schzug, ob sich ein Tambourkorps noch Tambourkorps nennen darf, wenn au\u00dfer kleinen Trommeln und Fl\u00f6ten noch andere Instrumente zum Einsatz kommen, wurden im Jahr 1993 eine gro\u00dfe Trommel sowie ein Paar Becken gekauft. Zur Freude aller Musiker, aber auch zur Freude aller derer, die zur Musik des Tambourkorps marschieren mussten. Die Kameraden Michael Padberg und Udo Haag gaben das Spielen an der kleinen Trommel auf und \u00fcbernahmen die Besetzung f\u00fcr gro\u00dfe Trommel und Becken.<\/span><\/p>\n<p style=\"TEXT-ALIGN: center\"><span style=\"color: #000000;\"><a href=\"http:\/\/www.feuerwehr-brilon.de\/wp-up\/2008\/08\/auf_dem_markt_2.jpg\"><\/a><a href=\"http:\/\/www.feuerwehr-brilon.de\/wp-up\/2008\/08\/tambourkorps_30er_strackestrasse.jpg\"><\/a><a href=\"http:\/\/www.feuerwehr-brilon.de\/wp-up\/2008\/08\/schutzenfest_1938_derkerestr.jpg\"><\/a><a href=\"http:\/\/www.feuerwehr-brilon.de\/wp-up\/2008\/08\/bahnhofstr__1948.jpg\"><\/a><\/span><\/p>\n<p><br clear=\"all\"><\/p>\n<p style=\"TEXT-ALIGN: center\"><span style=\"color: #000000;\"><img loading=\"lazy\" decoding=\"async\" class=\"alignnone size-medium wp-image-249 aligncenter\" title=\"1959 auf dem Briloner Marktplatz\" src=\"http:\/\/www.feuerwehr-brilon.de\/wp-up\/2008\/08\/auf_dem_markt_1959.jpg\" alt=\"\" width=\"480\" height=\"345\" \/><\/span><\/p>\n<p><br clear=\"all\"><\/p>\n<div style=\"TEXT-ALIGN: center\">1959 auf dem Briloner Marktplatz<\/div>\n<p><span style=\"color: #000000;\">Das heutige Tambourkorps sorgt f\u00fcr die musikalische Umrahmung bei Veranstaltungen der Feuerwehr und \u00fcbernimmt weiterhin die Festmusik an einigen Sch\u00fctzenfesten im Sauerland. Auch bei runden Geburtstagen oder auf Jubil\u00e4en ist das Tambourkorps bei der Darbringung von St\u00e4ndchen zu sehen und zu h\u00f6ren.<\/span><\/p>\n","protected":false},"excerpt":{"rendered":"<p>In einem original Auszug der Sauerl\u00e4nder Zeitung vom 09.12.1919 wurde das Tambourkorps das erste Mal im Jahr 1919 schriftlich erw\u00e4hnt, und zwar hatte sich die nach dem Kriege aufgel\u00f6ste Musikkapelle der Feuerwehr wieder neu gegr\u00fcndet, um in der Turnhalle einige M\u00e4rsche zum Vortrag zu bringen. Von dort ging es zur\u00fcck zur Spritzenhalle in Abwechslung mit [&hellip;]<\/p>\n","protected":false},"author":3,"featured_media":0,"parent":82,"menu_order":7,"comment_status":"closed","ping_status":"closed","template":"","meta":{"_exactmetrics_skip_tracking":false,"_exactmetrics_sitenote_active":false,"_exactmetrics_sitenote_note":"","_exactmetrics_sitenote_category":0,"jetpack_post_was_ever_published":false,"footnotes":""},"class_list":["post-243","page","type-page","status-publish","hentry"],"jetpack_shortlink":"https:\/\/wp.me\/PCIJa-3V","jetpack_sharing_enabled":true,"jetpack-related-posts":[{"id":525,"url":"https:\/\/www.feuerwehr-brilon.de\/?page_id=525","url_meta":{"origin":243,"position":0},"title":"Hintergrund","author":"Marc Heines","date":"16. Dezember 2008","format":false,"excerpt":"Hintergr\u00fcnde zur Farbgebung und Alarmeinrich- tungen des Schweren L\u00f6schgruppenfahrzeuges (SLG, sp\u00e4ter LF 15) Im Dritten Reich ergaben sich nach der Macht\u00fcbernahme im Januar 1933 auch f\u00fcr die Feuerwehren Neuerung und Umstellungen. Durch das preu\u00dfische Gesetz \u00fcber das Feuerl\u00f6schwesen vom 15. Dezember 1933 wurden die Berufsfeuerwehren, die freiwilligen Feuerwehren und die\u2026","rel":"","context":"In &quot;Allgemein&quot;","block_context":{"text":"Allgemein","link":"https:\/\/www.feuerwehr-brilon.de\/?cat=1"},"img":{"alt_text":"","src":"https:\/\/i0.wp.com\/www.feuerwehr-brilon.de\/wp-up\/2008\/12\/erlass_fahrzeuge_1-3-1937_neu.gif?resize=350%2C200","width":350,"height":200},"classes":[]},{"id":541,"url":"https:\/\/www.feuerwehr-brilon.de\/?page_id=541","url_meta":{"origin":243,"position":1},"title":"Weitere Teile","author":"Marc Heines","date":"16. Dezember 2008","format":false,"excerpt":"Die beiden Schlauchk\u00e4sten waren im Laufe der Zeit sehr stark besch\u00e4digt. Sie wurden nach den alten Vorbildern komplett neu aus Holz gebaut. Hier erfolgt der Zusammenbau. Montage der T\u00fcren an den Schlauchk\u00e4sten. In den Schlauchk\u00e4sten sind u.a. die Saugschl\u00e4uche untergebracht. Bei der Einstellung der Dieseleinspritzpumpe, die bei einer Spezialfirma abgedichtet\u2026","rel":"","context":"In &quot;Allgemein&quot;","block_context":{"text":"Allgemein","link":"https:\/\/www.feuerwehr-brilon.de\/?cat=1"},"img":{"alt_text":"","src":"https:\/\/i0.wp.com\/www.feuerwehr-brilon.de\/wp-up\/2008\/12\/schlauchkasten_2.jpg?resize=350%2C200","width":350,"height":200},"classes":[]},{"id":4649,"url":"https:\/\/www.feuerwehr-brilon.de\/?page_id=4649","url_meta":{"origin":243,"position":2},"title":"Geschichte seit 1879","author":"Andreas Becker","date":"25. M\u00e4rz 2011","format":false,"excerpt":"Nach einem Gro\u00dfbrand am 7.7.1877, dem in der Schulstra\u00dfe 20 H\u00e4user zum Opfer fielen, veranla\u00dfte der damalige B\u00fcrgermeister Schomberg die Gr\u00fcndung eines Freiwilligen Feuerwehr. Bei der Gr\u00fcndungsversammlung am 6. Juli 1879 meldeten sich zahlreiche B\u00fcrger aller Bev\u00f6lkerungskreise als freiwillige Mitglieder. 6. Juli 1879, die Feuerwehr Brilon wurde gegr\u00fcndet. In der\u2026","rel":"","context":"\u00c4hnlicher Beitrag","block_context":{"text":"\u00c4hnlicher Beitrag","link":""},"img":{"alt_text":"","src":"https:\/\/i0.wp.com\/www.feuerwehr-brilon.de\/wp-up\/2011\/03\/1879-500x386.jpg?resize=350%2C200","width":350,"height":200},"classes":[]},{"id":758,"url":"https:\/\/www.feuerwehr-brilon.de\/?page_id=758","url_meta":{"origin":243,"position":3},"title":"Ehrenabteilung","author":"Marc Heines","date":"29. M\u00e4rz 2009","format":false,"excerpt":"Die Ehrenabteilung des L\u00f6schzuges trifft sich viermal im Jahr. Neben dem Kartoffelbraten und einer Weihnachtsfeier werden auch gemeinsame Ausflugsfahrten durchgef\u00fchrt. So wird der Zusammenhalt der \u201epensionierten\u201c Feuerwehrm\u00e4nner aufrechterhalten.Sie erhalten hier einige Informationen \u00fcber die Aktivit\u00e4ten der Ehrenabteilung. Ehrenabteilungen aus Brilon, Olsberg und Niedersfeld zu Besuch bei der Fa. Impuls Herbstfest\u2026","rel":"","context":"In &quot;Allgemein&quot;","block_context":{"text":"Allgemein","link":"https:\/\/www.feuerwehr-brilon.de\/?cat=1"},"img":{"alt_text":"","src":"","width":0,"height":0},"classes":[]},{"id":1691,"url":"https:\/\/www.feuerwehr-brilon.de\/?page_id=1691","url_meta":{"origin":243,"position":4},"title":"Wehrf\u00fchrer","author":"Marc Heines","date":"20. November 2009","format":false,"excerpt":"Leiter der Feuerwehr Leiter der Feuerwehr StBI Thomas Bauerfeind t.bauerfeind(at)feuerwehr-brilon.de stv. Leiter der Feuerwehr stv. Leiter der Feuerwehr StBI Andreas Becker StBI Manuel Henke a.becker(at)feuerwehr-brilon.de m.henke(at)feuerwehr-brilon.de \u00a0 \u00a0 bisherige Leiter der Feuerwehr 1. Hauptmann und Chef der Freiwilligen Feuerwehr Gastwirt Richard Lohmann 10. August 1879 - 1882 2. Chef und\u2026","rel":"","context":"In &quot;Allgemein&quot;","block_context":{"text":"Allgemein","link":"https:\/\/www.feuerwehr-brilon.de\/?cat=1"},"img":{"alt_text":"","src":"https:\/\/i0.wp.com\/www.feuerwehr-brilon.de\/images\/passbilder\/tba.jpg?resize=350%2C200","width":350,"height":200},"classes":[]},{"id":535,"url":"https:\/\/www.feuerwehr-brilon.de\/?page_id=535","url_meta":{"origin":243,"position":5},"title":"Beginn","author":"Marc Heines","date":"16. Dezember 2008","format":false,"excerpt":"Beginn der Restaurierung Das Fahrzeug vor der Restaurierung. Die Pendelwinker, Kennleuchten und der Motorkugelwecker wurde im Laufe der Zeit entfernt bzw. ersetzt, es wurde andere Spiegel montiert und eine andere Stossstange angebracht. Das Fahrzeug wurde \u00e4usserlich und besonders im Aufbau umgebaut. Der 80 PS Motor vor Beginn der Arbeiten. Mittig\u2026","rel":"","context":"In &quot;Allgemein&quot;","block_context":{"text":"Allgemein","link":"https:\/\/www.feuerwehr-brilon.de\/?cat=1"},"img":{"alt_text":"","src":"https:\/\/i0.wp.com\/www.feuerwehr-brilon.de\/wp-up\/2008\/12\/slg__lf_15_.jpg?resize=350%2C200","width":350,"height":200},"classes":[]}],"_links":{"self":[{"href":"https:\/\/www.feuerwehr-brilon.de\/index.php?rest_route=\/wp\/v2\/pages\/243","targetHints":{"allow":["GET"]}}],"collection":[{"href":"https:\/\/www.feuerwehr-brilon.de\/index.php?rest_route=\/wp\/v2\/pages"}],"about":[{"href":"https:\/\/www.feuerwehr-brilon.de\/index.php?rest_route=\/wp\/v2\/types\/page"}],"author":[{"embeddable":true,"href":"https:\/\/www.feuerwehr-brilon.de\/index.php?rest_route=\/wp\/v2\/users\/3"}],"replies":[{"embeddable":true,"href":"https:\/\/www.feuerwehr-brilon.de\/index.php?rest_route=%2Fwp%2Fv2%2Fcomments&post=243"}],"version-history":[{"count":1,"href":"https:\/\/www.feuerwehr-brilon.de\/index.php?rest_route=\/wp\/v2\/pages\/243\/revisions"}],"predecessor-version":[{"id":4144,"href":"https:\/\/www.feuerwehr-brilon.de\/index.php?rest_route=\/wp\/v2\/pages\/243\/revisions\/4144"}],"up":[{"embeddable":true,"href":"https:\/\/www.feuerwehr-brilon.de\/index.php?rest_route=\/wp\/v2\/pages\/82"}],"wp:attachment":[{"href":"https:\/\/www.feuerwehr-brilon.de\/index.php?rest_route=%2Fwp%2Fv2%2Fmedia&parent=243"}],"curies":[{"name":"wp","href":"https:\/\/api.w.org\/{rel}","templated":true}]}}