{"id":257,"date":"2008-08-19T14:10:21","date_gmt":"2008-08-19T12:10:21","guid":{"rendered":"http:\/\/www.feuerwehr-brilon.de\/?page_id=257"},"modified":"2015-08-29T09:00:53","modified_gmt":"2015-08-29T07:00:53","slug":"jugendfeuerwehr","status":"publish","type":"page","link":"https:\/\/www.feuerwehr-brilon.de\/?page_id=257","title":{"rendered":"Jugendfeuerwehr"},"content":{"rendered":"<p><strong>Wir begr\u00fc\u00dfen Sie auf den Seiten der Jugendfeuerwehr der Freiwilligen Feuerwehr Brilon. In unserer Feuerwehr gibt es seit \u00fcber 30 Jahren in verschiedenen L\u00f6schgruppen sowie im L\u00f6schzug eine Jugendfeuerwehr.<\/strong><\/p>\n<p><a href=\"http:\/\/www.feuerwehr-brilon.de\/wp-up\/2009\/04\/jf_alle.jpg\"><img loading=\"lazy\" decoding=\"async\" class=\"alignnone size-medium wp-image-780\" title=\"jf_alle\" src=\"http:\/\/www.feuerwehr-brilon.de\/wp-up\/2009\/04\/jf_alle-500x170.jpg\" alt=\"\" width=\"500\" height=\"170\" \/><\/a><\/p>\n<div style=\"float:left\">\nZur Zeit bestehen sechs Jugendfeuerwehren mit insgesamt 78 Jugendfeuerwehrm\u00e4nnern und -frauen. Die einzelnen Jugendfeuerwehren stellen sich auf den folgenden Seiten vor. Sie berichten dort \u00fcber ihre Gruppen, die Aktivtit\u00e4ten, Dienstabende und Freizeitveranstaltungen.<\/p>\n<p>In der Jugendfeuerwehr der Briloner Feuerwehr wird neben dem feuerwehrtechnischen Dienst allgemeine Jugendarbeit geleistet. Dabei wird etwa zur H\u00e4lfte Feuerwehrdienst, zur anderen H\u00e4lfte Jugendarbeit absolviert. Sie erhalten hier einen allgemeinen \u00dcberblick.<\/p>\n<p>Im Rahmem der Ausbildung des feuerwehrtechnischen Dienstes werden \u00dcbungen, Wettk\u00e4mpfe, theoretische und praktische Ausbildungsabende durchgef\u00fchrt.<\/p>\n<p>Im Rahmen der allgemeinen Jugendarbeit werden vielf\u00e4ltige Aktionen durchgef\u00fchrt. Neben mehrt\u00e4gigen Ausflugsfahrten Zeltlagern und Tagestouren gibt es Besichtigungen und viele weitere Aktionen.<\/p>\n<p><img loading=\"lazy\" decoding=\"async\" class=\"alignleft size-medium wp-image-262\" title=\"Leistungsspange\" src=\"http:\/\/www.feuerwehr-brilon.de\/wp-up\/2008\/08\/leistungsspange_neu.gif\" alt=\"\" width=\"150\" height=\"69\" \/>Bei der sogenannten Leistungsspange kann bei einem Wettbewerb eine Auszeichnung verliehen werden. Neben feuerwehrtechnischen \u00dcbungen sind dabei auch sportliche Teile zu absolvieren. Neben einem theoretischen Teil mit Fragenbeantwortung wird auch das Erscheinungsbild der Gruppe bewertet. Als Auszeichnung wird die \u201cLeistungsspange der deutschen Jugendfeuerwehr\u201d verliehen. Au\u00dferdem zeigt der Feuerwehrnachwuchs bei der Jugendflamme das erlernte Wissen.<\/p>\n<p style=\"text-align: justify;\"><a href=\"http:\/\/www.feuerwehr-brilon.de\/wp-up\/2008\/08\/jupp_1_klein_neu.jpg\"><\/a><\/p>\n<p style=\"text-align: left;\"><a href=\"http:\/\/www.feuerwehr-brilon.de\/wp-up\/2008\/08\/img_5270.jpg\"><img loading=\"lazy\" decoding=\"async\" class=\"alignnone size-thumbnail wp-image-290\" title=\"Leistungsspange 2007 in G\u00fctersloh\" src=\"http:\/\/www.feuerwehr-brilon.de\/wp-up\/2008\/08\/img_5270-125x125.jpg\" alt=\"\" width=\"125\" height=\"125\" \/><\/a><a href=\"http:\/\/www.feuerwehr-brilon.de\/wp-up\/2008\/08\/img_5274.jpg\"><img loading=\"lazy\" decoding=\"async\" class=\"alignnone size-thumbnail wp-image-291\" title=\"Leistungsspange 2007 in G\u00fctersloh\" src=\"http:\/\/www.feuerwehr-brilon.de\/wp-up\/2008\/08\/img_5274-125x125.jpg\" alt=\"\" width=\"125\" height=\"125\" \/><\/a><a href=\"http:\/\/www.feuerwehr-brilon.de\/wp-up\/2008\/08\/img_5275.jpg\"><img loading=\"lazy\" decoding=\"async\" class=\"alignnone size-thumbnail wp-image-292\" title=\"Leistungsspange 2007 in G\u00fctersloh\" src=\"http:\/\/www.feuerwehr-brilon.de\/wp-up\/2008\/08\/img_5275-125x125.jpg\" alt=\"\" width=\"125\" height=\"125\" \/><\/a><a href=\"http:\/\/www.feuerwehr-brilon.de\/wp-up\/2008\/08\/lsp2007.jpg\"><img loading=\"lazy\" decoding=\"async\" class=\"alignnone size-thumbnail wp-image-293\" title=\"Leistungsspange 2007 in G\u00fctersloh\" src=\"http:\/\/www.feuerwehr-brilon.de\/wp-up\/2008\/08\/lsp2007-125x125.jpg\" alt=\"\" width=\"125\" height=\"125\" \/><\/a><\/p>\n<\/div>\n","protected":false},"excerpt":{"rendered":"<p>Wir begr\u00fc\u00dfen Sie auf den Seiten der Jugendfeuerwehr der Freiwilligen Feuerwehr Brilon. In unserer Feuerwehr gibt es seit \u00fcber 30 Jahren in verschiedenen L\u00f6schgruppen sowie im L\u00f6schzug eine Jugendfeuerwehr. Zur Zeit bestehen sechs Jugendfeuerwehren mit insgesamt 78 Jugendfeuerwehrm\u00e4nnern und -frauen. Die einzelnen Jugendfeuerwehren stellen sich auf den folgenden Seiten vor. Sie berichten dort \u00fcber ihre [&hellip;]<\/p>\n","protected":false},"author":3,"featured_media":0,"parent":0,"menu_order":96,"comment_status":"closed","ping_status":"closed","template":"","meta":{"_exactmetrics_skip_tracking":false,"_exactmetrics_sitenote_active":false,"_exactmetrics_sitenote_note":"","_exactmetrics_sitenote_category":0,"jetpack_post_was_ever_published":false,"footnotes":""},"class_list":["post-257","page","type-page","status-publish","hentry"],"jetpack_shortlink":"https:\/\/wp.me\/PCIJa-49","jetpack_sharing_enabled":true,"jetpack-related-posts":[{"id":272,"url":"https:\/\/www.feuerwehr-brilon.de\/?page_id=272","url_meta":{"origin":257,"position":0},"title":"Hoppecke","author":"Daniel Vogel","date":"19. August 2008","format":false,"excerpt":"Die Jugendfeuerwehr der L\u00f6schgruppe Hoppecke hat zur Zeit 13 Mitglieder. Sie wurde im Jahre 1991 neu gegr\u00fcndet. \u00a0 Die Jugendfeuerwehr der L\u00f6schgruppe Hoppecke im Jahre 2011 Jugendfeuerwehrwart: Marcel Morhenne stellv. Jugendfeuerwehrwart: Hier geht's zum aktuellen Dienstplan Unsere Seifenkiste im Einsatz, Seifenkistenrennen beim Stadtjugendfeuerwehrtag in Madfeld 1999. Im Verlauf von einigen\u2026","rel":"","context":"In &quot;Allgemein&quot;","block_context":{"text":"Allgemein","link":"https:\/\/www.feuerwehr-brilon.de\/?cat=1"},"img":{"alt_text":"","src":"https:\/\/i0.wp.com\/www.feuerwehr-brilon.de\/images\/gruppenbild\/jf_hoppecke_.jpg?resize=350%2C200","width":350,"height":200},"classes":[]},{"id":5,"url":"https:\/\/www.feuerwehr-brilon.de\/?page_id=5","url_meta":{"origin":257,"position":1},"title":"Einheiten","author":"Daniel Vogel","date":"28. Mai 2008","format":false,"excerpt":"Auf dieser Seite finden Sie eine \u00dcbersicht \u00fcber alle L\u00f6schgruppen und L\u00f6schz\u00fcge der Stadt Brilon. Insgesamt besteht die Freiwillige Feuerwehr der Stadt Brilon aus einem L\u00f6schzug und zw\u00f6lf L\u00f6schgruppen. In diesen Einheiten sind sieben Jugendfeuerwehren integriert. Im aktiven Dienst stehen insgesamt 380 Kameraden, in der Jugendfeuerwehr sind 92 M\u00e4dchen und\u2026","rel":"","context":"In &quot;Allgemein&quot;","block_context":{"text":"Allgemein","link":"https:\/\/www.feuerwehr-brilon.de\/?cat=1"},"img":{"alt_text":"","src":"","width":0,"height":0},"classes":[]},{"id":1307,"url":"https:\/\/www.feuerwehr-brilon.de\/?page_id=1307","url_meta":{"origin":257,"position":2},"title":"Mitglied werden","author":"Marc Heines","date":"28. August 2009","format":false,"excerpt":"Sie wollen sich aktiv bei der Feuerwehr beteiligen? Wir m\u00f6chten Ihnen hier kurz die allgemeinen Voraussetzungen aufz\u00e4hlen und darstellen, was einen zun\u00e4chst erwartet. Einsatzabteilung X Mindestalter 18 Jahre geistig und gesundheitlich geeignet nicht vorbestraft Wohnort oder Besch\u00e4ftigungsort im Einsatzbereich Hat man die Vorausseztungen erf\u00fcllt, kann man zun\u00e4chst bei den Schulungsabenden\u2026","rel":"","context":"In &quot;Allgemein&quot;","block_context":{"text":"Allgemein","link":"https:\/\/www.feuerwehr-brilon.de\/?cat=1"},"img":{"alt_text":"\u00dcbung","src":"https:\/\/i0.wp.com\/www.feuerwehr-brilon.de\/wp-up\/2009\/08\/SANY0084.JPG?resize=350%2C200","width":350,"height":200},"classes":[]},{"id":1285,"url":"https:\/\/www.feuerwehr-brilon.de\/?page_id=1285","url_meta":{"origin":257,"position":3},"title":"F\u00f6rderndes Mitglied","author":"Marc Heines","date":"28. August 2009","format":false,"excerpt":"Innerhalb der Feuerwehr gibt es zahlreiche M\u00f6glichkeiten sich aktiv zu beteiligen. Sei es musikalisch, in der Jugendarbeit oder in der Einsatzabteilung. Unabh\u00e4ngig davon gibt es jedoch auch zeitliche, gesundheitliche und viele andere Gr\u00fcnde, die einen hindern k\u00f6nnen sich aktiv zu beteiligen. Wenn sie uns dennoch unterst\u00fctzen\u00a0 wollen, dann werden sie\u2026","rel":"","context":"In &quot;Allgemein&quot;","block_context":{"text":"Allgemein","link":"https:\/\/www.feuerwehr-brilon.de\/?cat=1"},"img":{"alt_text":"tambourkorps","src":"https:\/\/i0.wp.com\/www.feuerwehr-brilon.de\/wp-up\/2009\/08\/tambourkorps.jpg?resize=350%2C200","width":350,"height":200},"classes":[]},{"id":281,"url":"https:\/\/www.feuerwehr-brilon.de\/?page_id=281","url_meta":{"origin":257,"position":4},"title":"Jugendraum","author":"Daniel Vogel","date":"19. August 2008","format":false,"excerpt":"In unserem Jugendraum im Feuerwehrhaus Brilon\u00a0findet im Winterhalbjahr die theoretische Ausbildung statt. Daneben wird er f\u00fcr die allgemeine Jugendarbeit genutzt. Neben einer \u00e4lteren Sammlung von Feuerwehrfahrzeugen sammeln wir hier unsere Urkunden und Pokale, die wir bei den verschiedensten Wettbewerben gewonnen haben.","rel":"","context":"In &quot;Allgemein&quot;","block_context":{"text":"Allgemein","link":"https:\/\/www.feuerwehr-brilon.de\/?cat=1"},"img":{"alt_text":"","src":"https:\/\/i0.wp.com\/www.feuerwehr-brilon.de\/wp-up\/2008\/08\/jugendraum_2.jpg?resize=350%2C200","width":350,"height":200},"classes":[]},{"id":270,"url":"https:\/\/www.feuerwehr-brilon.de\/?page_id=270","url_meta":{"origin":257,"position":5},"title":"Bontkirchen","author":"Daniel Vogel","date":"19. August 2008","format":false,"excerpt":"Die Jugendfeuerwehr der L\u00f6schgruppe Bontkirchen besteht zur Zeit aus 10 Mitgliedern. Sie wurde im Jahre 2005 neu gegr\u00fcndet. Die Jugendfeuerwehr der L\u00f6schgruppe Bontkirchen im Jahre 2014 mit Betreuern Jugendfeuerwehrwart: Frank Br\u00fcne stellv. Jugendfeuerwehrwart: Bernd Offergeld","rel":"","context":"In &quot;Allgemein&quot;","block_context":{"text":"Allgemein","link":"https:\/\/www.feuerwehr-brilon.de\/?cat=1"},"img":{"alt_text":"","src":"https:\/\/i0.wp.com\/www.feuerwehr-brilon.de\/images\/gruppenbild\/jf_bontkirchen.jpg?resize=350%2C200","width":350,"height":200},"classes":[]}],"_links":{"self":[{"href":"https:\/\/www.feuerwehr-brilon.de\/index.php?rest_route=\/wp\/v2\/pages\/257","targetHints":{"allow":["GET"]}}],"collection":[{"href":"https:\/\/www.feuerwehr-brilon.de\/index.php?rest_route=\/wp\/v2\/pages"}],"about":[{"href":"https:\/\/www.feuerwehr-brilon.de\/index.php?rest_route=\/wp\/v2\/types\/page"}],"author":[{"embeddable":true,"href":"https:\/\/www.feuerwehr-brilon.de\/index.php?rest_route=\/wp\/v2\/users\/3"}],"replies":[{"embeddable":true,"href":"https:\/\/www.feuerwehr-brilon.de\/index.php?rest_route=%2Fwp%2Fv2%2Fcomments&post=257"}],"version-history":[{"count":2,"href":"https:\/\/www.feuerwehr-brilon.de\/index.php?rest_route=\/wp\/v2\/pages\/257\/revisions"}],"predecessor-version":[{"id":12532,"href":"https:\/\/www.feuerwehr-brilon.de\/index.php?rest_route=\/wp\/v2\/pages\/257\/revisions\/12532"}],"wp:attachment":[{"href":"https:\/\/www.feuerwehr-brilon.de\/index.php?rest_route=%2Fwp%2Fv2%2Fmedia&parent=257"}],"curies":[{"name":"wp","href":"https:\/\/api.w.org\/{rel}","templated":true}]}}