{"id":26,"date":"2008-05-28T18:31:34","date_gmt":"2008-05-28T16:31:34","guid":{"rendered":"http:\/\/wptest.k-srv.de\/?page_id=26"},"modified":"2023-02-02T10:03:59","modified_gmt":"2023-02-02T09:03:59","slug":"wulfte","status":"publish","type":"page","link":"https:\/\/www.feuerwehr-brilon.de\/?page_id=26","title":{"rendered":"W\u00fclfte"},"content":{"rendered":"<p><span style=\"color: #000000;\">Die L\u00f6schgruppe W\u00fclfte besteht zur Zeit aus 13 aktiven Mitgliedern und 5 Mitgliedern in der Ehrenabteilung. Die L\u00f6schgruppe W\u00fclfte ist f\u00fcr den Brandschutz im Ortsteil W\u00fclfte (414 Einwohner) zust\u00e4ndig.<\/span><br \/>\n<img decoding=\"async\" usemap=\"#fahrzeug\" src=\".\/images\/einheiten\/gh_wuelfte.jpg\" border=\"0\" alt=\"W\u00fclfte\" \/><\/p>\n<map name=\"fahrzeug\">\n<area title=\"Fahrzeug\" shape=\"rect\" coords=\"149,199,232,274\" href=\"http:\/\/www.feuerwehr-brilon.de\/?page_id=818\" alt=\"Fahrzeug\" \/> <\/map>\n<p><br clear=\"all\"><\/p>\n<div>\n<p>Feuerwehrger\u00e4tehaus W\u00fclfte<\/p><\/div>\n<p><span style=\"color: #000000;\">L\u00f6schgruppenf\u00fchrer: Tobias Ising<br \/>\nstellv. L\u00f6schgruppenf\u00fchrer: Stefan Flock<\/span><\/p>\n","protected":false},"excerpt":{"rendered":"<p>Die L\u00f6schgruppe W\u00fclfte besteht zur Zeit aus 13 aktiven Mitgliedern und 5 Mitgliedern in der Ehrenabteilung. Die L\u00f6schgruppe W\u00fclfte ist f\u00fcr den Brandschutz im Ortsteil W\u00fclfte (414 Einwohner) zust\u00e4ndig. Feuerwehrger\u00e4tehaus W\u00fclfte L\u00f6schgruppenf\u00fchrer: Tobias Ising stellv. L\u00f6schgruppenf\u00fchrer: Stefan Flock<\/p>\n","protected":false},"author":8,"featured_media":0,"parent":5,"menu_order":12,"comment_status":"closed","ping_status":"closed","template":"","meta":{"_exactmetrics_skip_tracking":false,"_exactmetrics_sitenote_active":false,"_exactmetrics_sitenote_note":"","_exactmetrics_sitenote_category":0,"jetpack_post_was_ever_published":false,"footnotes":""},"class_list":["post-26","page","type-page","status-publish","hentry"],"jetpack_shortlink":"https:\/\/wp.me\/PCIJa-q","jetpack_sharing_enabled":true,"jetpack-related-posts":[{"id":687,"url":"https:\/\/www.feuerwehr-brilon.de\/?page_id=687","url_meta":{"origin":26,"position":0},"title":"L\u00f6schzug- und L\u00f6schgruppenf\u00fchrer","author":"Marc Heines","date":"29. Januar 2009","format":false,"excerpt":"L\u00f6schzug Brilon L\u00f6schzugf\u00fchrer stv. L\u00f6schzugf\u00fchrer Marc Heines Thomas B\u00f6ddicker brilon(at)feuerwehr-brilon.de L\u00f6schgruppe Alme L\u00f6schgruppenf\u00fchrer stv. L\u00f6schgruppenf\u00fchrer Patrick Sewtz Ansgar Rettler alme(at)feuerwehr-brilon.de L\u00f6schgruppe Altenb\u00fcren L\u00f6schgruppenf\u00fchrer stv. L\u00f6schgruppenf\u00fchrer Manuel H\u00fcmmecke Michael Vo\u00df altenbueren(at)feuerwehr-brilon.de L\u00f6schgruppe Bontkirchen L\u00f6schgruppenf\u00fchrer stv. L\u00f6schgruppenf\u00fchrer Thorsten Schwermer Peter Hennecke bontkirchen(at)feuerwehr-brilon.de L\u00f6schgruppe Hoppecke L\u00f6schgruppenf\u00fchrer stv. L\u00f6schgruppenf\u00fchrer Nicolas Sch\u00f6rmann Till Kemmerling hoppecke(at)feuerwehr-brilon.de\u2026","rel":"","context":"In &quot;Allgemein&quot;","block_context":{"text":"Allgemein","link":"https:\/\/www.feuerwehr-brilon.de\/?cat=1"},"img":{"alt_text":"","src":"https:\/\/i0.wp.com\/www.feuerwehr-brilon.de\/images\/passbilder\/mhe.jpg?resize=350%2C200","width":350,"height":200},"classes":[]},{"id":3481,"url":"https:\/\/www.feuerwehr-brilon.de\/?page_id=3481","url_meta":{"origin":26,"position":1},"title":"W\u00fclfte intern","author":"Marc Heines","date":"21. Oktober 2010","format":false,"excerpt":"Dein LG - F\u00fchrer hat noch nix eingestellt!","rel":"","context":"\u00c4hnlicher Beitrag","block_context":{"text":"\u00c4hnlicher Beitrag","link":""},"img":{"alt_text":"","src":"","width":0,"height":0},"classes":[]},{"id":818,"url":"https:\/\/www.feuerwehr-brilon.de\/?page_id=818","url_meta":{"origin":26,"position":2},"title":"Tragkraft-Spritzen-Fahrzeug &#8211; W\u00fclfte","author":"Andreas Becker","date":"12. September 2009","format":false,"excerpt":"\u00a0 Allgemeine Informationen: Typ TSF Besatzung 1 \/ 5 Funkrufname Florian Brilon 13 TSF 1 Standort W\u00fclfte Technische Daten: Baujahr 2009 Leistung 103 KW \/ 140 PS Hersteller Ford Fahrgestell FT 350M Aufbau P\u00fctting Gewicht 3,85 t Wassertank - Pumpenleistung - Besonderheiten: Pumpe TS 8\/8, Differentialsperre,","rel":"","context":"In &quot;Allgemein&quot;","block_context":{"text":"Allgemein","link":"https:\/\/www.feuerwehr-brilon.de\/?cat=1"},"img":{"alt_text":"TSF","src":"\/images\/fahrzeuge\/tsf_wuelfte_gross_1.JPG","width":350,"height":200,"srcset":"\/images\/fahrzeuge\/tsf_wuelfte_gross_1.JPG 1x, \/images\/fahrzeuge\/tsf_wuelfte_gross_1.JPG 1.5x, \/images\/fahrzeuge\/tsf_wuelfte_gross_1.JPG 2x"},"classes":[]},{"id":473,"url":"https:\/\/www.feuerwehr-brilon.de\/?page_id=473","url_meta":{"origin":26,"position":3},"title":"Handdruckspritzen","author":"Marc Heines","date":"13. Dezember 2008","format":false,"excerpt":"Brilon 1 Handdruckspritze aus dem Jahre 1880. Sie war von 1880 bis 1933 beim L\u00f6schzug Brilon im Einsatz. Die Handruckspritze wurde 1880 von der Firma Hoeing in Koeln hergestellt. Sie leistet 350 Liter pro Minute bei 8 Personen und 50 H\u00fcben. Sie wurde von zwei Pferden gezogen. Die Handruckspritze beim\u2026","rel":"","context":"In &quot;Allgemein&quot;","block_context":{"text":"Allgemein","link":"https:\/\/www.feuerwehr-brilon.de\/?cat=1"},"img":{"alt_text":"","src":"https:\/\/i0.wp.com\/www.feuerwehr-brilon.de\/wp-up\/2008\/12\/handdruckspritze_brilon_1.jpg?resize=350%2C200","width":350,"height":200},"classes":[]},{"id":8,"url":"https:\/\/www.feuerwehr-brilon.de\/?page_id=8","url_meta":{"origin":26,"position":4},"title":"Messinghausen","author":"Daniel Vogel","date":"28. Mai 2008","format":false,"excerpt":"Die L\u00f6schgruppe Messinghausen besteht zur Zeit aus 27 Mitgliedern. Daneben gibt es eine Jugendfeuerwehr mit\u00a024 Mitgliedern. Die L\u00f6schgruppe Messinghausen ist f\u00fcr den Brandschutz im Ortsteil Messinghausen (865 Einwohner) zust\u00e4ndig. Die L\u00f6schgruppe Messinghausen im Jahr 2013 L\u00f6schgruppenf\u00fchrer: Hans Joachim Hillebrand stellv. L\u00f6schgruppenf\u00fchrer: Dominik Willecke","rel":"","context":"In &quot;Allgemein&quot;","block_context":{"text":"Allgemein","link":"https:\/\/www.feuerwehr-brilon.de\/?cat=1"},"img":{"alt_text":"","src":"https:\/\/i0.wp.com\/www.feuerwehr-brilon.de\/images\/gruppenbild\/gr_messinghausen.jpg?resize=350%2C200","width":350,"height":200,"srcset":"https:\/\/i0.wp.com\/www.feuerwehr-brilon.de\/images\/gruppenbild\/gr_messinghausen.jpg?resize=350%2C200 1x, https:\/\/i0.wp.com\/www.feuerwehr-brilon.de\/images\/gruppenbild\/gr_messinghausen.jpg?resize=525%2C300 1.5x"},"classes":[]},{"id":21,"url":"https:\/\/www.feuerwehr-brilon.de\/?page_id=21","url_meta":{"origin":26,"position":5},"title":"R\u00f6senbeck","author":"Daniel Vogel","date":"28. Mai 2008","format":false,"excerpt":"Die L\u00f6schgruppe R\u00f6senbeck besteht zur Zeit aus 24 Mitgliedern. Daneben gibt es eine Jugendfeuerwehr mit 12 Mitgliedern. Die L\u00f6schgruppe R\u00f6senbeck ist f\u00fcr den Brandschutz im Ortsteil R\u00f6senbeck (844 Einwohner) zust\u00e4ndig. Feuerwehrger\u00e4tehaus R\u00f6senbeck L\u00f6schgruppenf\u00fchrer: Markus Sprenger stellv. L\u00f6schgruppenf\u00fchrer:","rel":"","context":"In &quot;Allgemein&quot;","block_context":{"text":"Allgemein","link":"https:\/\/www.feuerwehr-brilon.de\/?cat=1"},"img":{"alt_text":"","src":"","width":0,"height":0},"classes":[]}],"_links":{"self":[{"href":"https:\/\/www.feuerwehr-brilon.de\/index.php?rest_route=\/wp\/v2\/pages\/26","targetHints":{"allow":["GET"]}}],"collection":[{"href":"https:\/\/www.feuerwehr-brilon.de\/index.php?rest_route=\/wp\/v2\/pages"}],"about":[{"href":"https:\/\/www.feuerwehr-brilon.de\/index.php?rest_route=\/wp\/v2\/types\/page"}],"author":[{"embeddable":true,"href":"https:\/\/www.feuerwehr-brilon.de\/index.php?rest_route=\/wp\/v2\/users\/8"}],"replies":[{"embeddable":true,"href":"https:\/\/www.feuerwehr-brilon.de\/index.php?rest_route=%2Fwp%2Fv2%2Fcomments&post=26"}],"version-history":[{"count":3,"href":"https:\/\/www.feuerwehr-brilon.de\/index.php?rest_route=\/wp\/v2\/pages\/26\/revisions"}],"predecessor-version":[{"id":6561,"href":"https:\/\/www.feuerwehr-brilon.de\/index.php?rest_route=\/wp\/v2\/pages\/26\/revisions\/6561"}],"up":[{"embeddable":true,"href":"https:\/\/www.feuerwehr-brilon.de\/index.php?rest_route=\/wp\/v2\/pages\/5"}],"wp:attachment":[{"href":"https:\/\/www.feuerwehr-brilon.de\/index.php?rest_route=%2Fwp%2Fv2%2Fmedia&parent=26"}],"curies":[{"name":"wp","href":"https:\/\/api.w.org\/{rel}","templated":true}]}}