{"id":27,"date":"2008-05-28T18:32:01","date_gmt":"2008-05-28T16:32:01","guid":{"rendered":"http:\/\/wptest.k-srv.de\/?page_id=27"},"modified":"2023-02-02T09:53:22","modified_gmt":"2023-02-02T08:53:22","slug":"alme","status":"publish","type":"page","link":"https:\/\/www.feuerwehr-brilon.de\/?page_id=27","title":{"rendered":"Alme"},"content":{"rendered":"<p><span style=\"color: #000000;\">Die L\u00f6schgruppe Alme besteht zur Zeit aus 27 Mitgliedern. Sie ist f\u00fcr den Brandschutz im Ortsteil Alme ( 1.831 Einwohner) zust\u00e4ndig.<\/span><\/p>\n<p><span style=\"color: #000000;\"><a rel=\"lytebox\" href=\"http:\/\/www.feuerwehr-brilon.de\/images\/gruppenbild\/gr_alme.jpg\"><img loading=\"lazy\" decoding=\"async\" class=\"alignnone size-medium wp-image-776\" title=\"Anklicken zum Vergr\u00f6\u00dfern\" src=\"http:\/\/www.feuerwehr-brilon.de\/images\/gruppenbild\/gr_alme.jpg\" alt=\"\" width=\"600\" height=\"334\" \/> <\/a><br \/>\n<\/span><\/p>\n<p>Feuerwehrger\u00e4tehaus Alme<\/p>\n<p><img decoding=\"async\" usemap=\"#fahrzeug\" src=\".\/images\/einheiten\/gh_alme.jpg\" border=\"0\" alt=\"Alme\" \/><\/p>\n<map name=\"fahrzeug\">\n<area title=\"Fahrzeug\" shape=\"rect\" coords=\"26,119,191,248\" href=\"http:\/\/www.feuerwehr-brilon.de\/?page_id=812\" alt=\"Fahrzeug\" \/> <\/map>\n<p><span style=\"color: #000000;\">L\u00f6schgruppenf\u00fchrer: Patrik Sewtz<\/span><br \/>\n<span style=\"color: #000000;\">stellv. L\u00f6schgruppenf\u00fchrer: Ansgar Rettler<\/span><\/p>\n<p><!--\n\n\n\n<h3><span style=\"color: #000000;\">Dienstplan<\/span><\/h3>\n\n\n\n[caption id=\"attachment_1741\" align=\"alignnone\" width=\"100\" caption=\"Dienstplan \"]<a title=\"Dienstplan\" href=\"http:\/\/www.feuerwehr-brilon.de\/images\/dienstplan\/dp_alme.pdf\" target=\"_blank\" rel=\"noopener noreferrer\"><img loading=\"lazy\" decoding=\"async\" class=\"size-full wp-image-1741\" src=\"http:\/\/www.feuerwehr-brilon.de\/images\/dienstplan\/dp_alme_bild.jpg\" alt=\"Dienstplan\" width=\"100\" height=\"119\" \/><\/a>[\/caption]\n\n--><\/p>\n<ul>\n<li><a href=\"http:\/\/www.feuerwehr-brilon.de\/?page_id=769\">Historisches der L\u00f6schgruppe Alme<\/a><\/li>\n<\/ul>\n","protected":false},"excerpt":{"rendered":"<p>Die L\u00f6schgruppe Alme besteht zur Zeit aus 27 Mitgliedern. Sie ist f\u00fcr den Brandschutz im Ortsteil Alme ( 1.831 Einwohner) zust\u00e4ndig. Feuerwehrger\u00e4tehaus Alme L\u00f6schgruppenf\u00fchrer: Patrik Sewtz stellv. L\u00f6schgruppenf\u00fchrer: Ansgar Rettler Historisches der L\u00f6schgruppe Alme<\/p>\n","protected":false},"author":3,"featured_media":0,"parent":5,"menu_order":1,"comment_status":"closed","ping_status":"closed","template":"","meta":{"_exactmetrics_skip_tracking":false,"_exactmetrics_sitenote_active":false,"_exactmetrics_sitenote_note":"","_exactmetrics_sitenote_category":0,"jetpack_post_was_ever_published":false,"footnotes":""},"class_list":["post-27","page","type-page","status-publish","hentry"],"jetpack_shortlink":"https:\/\/wp.me\/PCIJa-r","jetpack_sharing_enabled":true,"jetpack-related-posts":[{"id":687,"url":"https:\/\/www.feuerwehr-brilon.de\/?page_id=687","url_meta":{"origin":27,"position":0},"title":"L\u00f6schzug- und L\u00f6schgruppenf\u00fchrer","author":"Marc Heines","date":"29. Januar 2009","format":false,"excerpt":"L\u00f6schzug Brilon L\u00f6schzugf\u00fchrer stv. L\u00f6schzugf\u00fchrer Marc Heines Thomas B\u00f6ddicker brilon(at)feuerwehr-brilon.de L\u00f6schgruppe Alme L\u00f6schgruppenf\u00fchrer stv. L\u00f6schgruppenf\u00fchrer Patrick Sewtz Ansgar Rettler alme(at)feuerwehr-brilon.de L\u00f6schgruppe Altenb\u00fcren L\u00f6schgruppenf\u00fchrer stv. L\u00f6schgruppenf\u00fchrer Manuel H\u00fcmmecke Michael Vo\u00df altenbueren(at)feuerwehr-brilon.de L\u00f6schgruppe Bontkirchen L\u00f6schgruppenf\u00fchrer stv. L\u00f6schgruppenf\u00fchrer Thorsten Schwermer Peter Hennecke bontkirchen(at)feuerwehr-brilon.de L\u00f6schgruppe Hoppecke L\u00f6schgruppenf\u00fchrer stv. L\u00f6schgruppenf\u00fchrer Nicolas Sch\u00f6rmann Till Kemmerling hoppecke(at)feuerwehr-brilon.de\u2026","rel":"","context":"In &quot;Allgemein&quot;","block_context":{"text":"Allgemein","link":"https:\/\/www.feuerwehr-brilon.de\/?cat=1"},"img":{"alt_text":"","src":"https:\/\/i0.wp.com\/www.feuerwehr-brilon.de\/images\/passbilder\/mhe.jpg?resize=350%2C200","width":350,"height":200},"classes":[]},{"id":266,"url":"https:\/\/www.feuerwehr-brilon.de\/?page_id=266","url_meta":{"origin":27,"position":1},"title":"Alme","author":"Daniel Vogel","date":"19. August 2008","format":false,"excerpt":"Die Jugendfeuerwehr der L\u00f6schgruppe Alme besteht zur Zeit aus 10 Mitgliedern. Sie wurde im am 10.9.2003 gegr\u00fcndet. \u00a0 Die Jugendfeuerwehr der L\u00f6schgruppe Alme 2009 mit Betreuern Jugendfeuerwehrwart: Wolfgang Henke stellv. Jugendfeuerwehrwart: Hendrik Runge Bilder","rel":"","context":"In &quot;Allgemein&quot;","block_context":{"text":"Allgemein","link":"https:\/\/www.feuerwehr-brilon.de\/?cat=1"},"img":{"alt_text":"","src":"https:\/\/i0.wp.com\/www.feuerwehr-brilon.de\/wp-up\/2009\/04\/gruppe09-500x329.jpg?resize=350%2C200","width":350,"height":200},"classes":[]},{"id":3458,"url":"https:\/\/www.feuerwehr-brilon.de\/?page_id=3458","url_meta":{"origin":27,"position":2},"title":"Alme intern","author":"Marc Heines","date":"21. Oktober 2010","format":false,"excerpt":"Download","rel":"","context":"\u00c4hnlicher Beitrag","block_context":{"text":"\u00c4hnlicher Beitrag","link":""},"img":{"alt_text":"","src":"","width":0,"height":0},"classes":[]},{"id":23302,"url":"https:\/\/www.feuerwehr-brilon.de\/?page_id=23302","url_meta":{"origin":27,"position":3},"title":"Mannschaft-Transport-Fahrzeug &#8211; Alme","author":"Andreas Becker","date":"12. Mai 2023","format":false,"excerpt":"\u00a0 Allgemeine Informationen: Typ MTF Besatzung 1 \/ 8 Funkrufname Florian Brilon 2 MTF 1 Standort Alme Technische Daten: Baujahr 2021 Leistung 130 KW \/ 176 PS Hersteller VW Fahrgestell Crafter Aufbau Sch\u00e4fer Gewicht 3,49 t Besonderheiten: Heckwarneinrichtung","rel":"","context":"\u00c4hnlicher Beitrag","block_context":{"text":"\u00c4hnlicher Beitrag","link":""},"img":{"alt_text":"mtf_alme-1","src":"\/images\/fahrzeuge\/mtf_alme_gross_1.JPG","width":350,"height":200,"srcset":"\/images\/fahrzeuge\/mtf_alme_gross_1.JPG 1x, \/images\/fahrzeuge\/mtf_alme_gross_1.JPG 1.5x, \/images\/fahrzeuge\/mtf_alme_gross_1.JPG 2x"},"classes":[]},{"id":812,"url":"https:\/\/www.feuerwehr-brilon.de\/?page_id=812","url_meta":{"origin":27,"position":4},"title":"Mittleres-L\u00f6sch-Fahrzeug &#8211; Alme","author":"Andreas Becker","date":"14. Oktober 2009","format":false,"excerpt":"\u00a0 Allgemeine Informationen: Typ MLF Besatzung 1 \/ 6 Funkrufname Florian Brilon 2 MLF 1 Standort Alme Technische Daten: Baujahr 2004 Leistung 110 KW \/ 150 PS Hersteller Mercedes Benz Fahrgestell 815 D Aufbau Ziegler Gewicht 7,49 t Wassertank 500 l Pumpenleistung 1000 l\/min bei 10 bar Besonderheiten: Differentialsperre, Tragkraftspritze\u2026","rel":"","context":"In &quot;Allgemein&quot;","block_context":{"text":"Allgemein","link":"https:\/\/www.feuerwehr-brilon.de\/?cat=1"},"img":{"alt_text":"StLF 10\/6","src":"\/images\/fahrzeuge\/stlf_alme_gross_1.JPG","width":350,"height":200,"srcset":"\/images\/fahrzeuge\/stlf_alme_gross_1.JPG 1x, \/images\/fahrzeuge\/stlf_alme_gross_1.JPG 1.5x, \/images\/fahrzeuge\/stlf_alme_gross_1.JPG 2x"},"classes":[]},{"id":785,"url":"https:\/\/www.feuerwehr-brilon.de\/?page_id=785","url_meta":{"origin":27,"position":5},"title":"Bilder","author":"Marc Heines","date":"8. April 2009","format":false,"excerpt":"","rel":"","context":"In &quot;Allgemein&quot;","block_context":{"text":"Allgemein","link":"https:\/\/www.feuerwehr-brilon.de\/?cat=1"},"img":{"alt_text":"","src":"https:\/\/i0.wp.com\/www.feuerwehr-brilon.de\/wp-up\/2009\/04\/gruppe06.jpg?resize=350%2C200&ssl=1","width":350,"height":200},"classes":[]}],"_links":{"self":[{"href":"https:\/\/www.feuerwehr-brilon.de\/index.php?rest_route=\/wp\/v2\/pages\/27","targetHints":{"allow":["GET"]}}],"collection":[{"href":"https:\/\/www.feuerwehr-brilon.de\/index.php?rest_route=\/wp\/v2\/pages"}],"about":[{"href":"https:\/\/www.feuerwehr-brilon.de\/index.php?rest_route=\/wp\/v2\/types\/page"}],"author":[{"embeddable":true,"href":"https:\/\/www.feuerwehr-brilon.de\/index.php?rest_route=\/wp\/v2\/users\/3"}],"replies":[{"embeddable":true,"href":"https:\/\/www.feuerwehr-brilon.de\/index.php?rest_route=%2Fwp%2Fv2%2Fcomments&post=27"}],"version-history":[{"count":3,"href":"https:\/\/www.feuerwehr-brilon.de\/index.php?rest_route=\/wp\/v2\/pages\/27\/revisions"}],"predecessor-version":[{"id":22752,"href":"https:\/\/www.feuerwehr-brilon.de\/index.php?rest_route=\/wp\/v2\/pages\/27\/revisions\/22752"}],"up":[{"embeddable":true,"href":"https:\/\/www.feuerwehr-brilon.de\/index.php?rest_route=\/wp\/v2\/pages\/5"}],"wp:attachment":[{"href":"https:\/\/www.feuerwehr-brilon.de\/index.php?rest_route=%2Fwp%2Fv2%2Fmedia&parent=27"}],"curies":[{"name":"wp","href":"https:\/\/api.w.org\/{rel}","templated":true}]}}