{"id":276,"date":"2008-08-19T14:53:45","date_gmt":"2008-08-19T12:53:45","guid":{"rendered":"http:\/\/www.feuerwehr-brilon.de\/?page_id=276"},"modified":"2022-04-28T13:49:01","modified_gmt":"2022-04-28T12:49:01","slug":"messinghausen","status":"publish","type":"page","link":"https:\/\/www.feuerwehr-brilon.de\/?page_id=276","title":{"rendered":"Messinghausen"},"content":{"rendered":"<p>&nbsp;<\/p>\n<p><span style=\"color: #000000;\">Die Jugendfeuerwehr der L\u00f6schgruppe Messinghausen hat zur Zeit\u00a015 Mitglieder. Sie wurde am 12.4.1972 gegr\u00fcndet.<\/span><\/p>\n<p><span style=\"color: #000000;\"><a href=\"http:\/\/www.feuerwehr-brilon.de\/images\/gruppenbild\/jf_messinghausen.jpg\" rel=\"lytebox\"><img loading=\"lazy\" decoding=\"async\" class=\"alignnone size-medium wp-image-776\" title=\"Gruppenfoto der Jugendfeuerwehr Messinghausen\" src=\"http:\/\/www.feuerwehr-brilon.de\/images\/gruppenbild\/jf_messinghausen.jpg\" alt=\"\" width=\"500\" height=\"375\" \/><\/a><\/span><\/p>\n<p style=\"text-align: left;\"><span style=\"color: #000000;\">Jugendfeuerwehrwart: Uwe Arens<\/span><br \/>\n<span style=\"color: #000000;\">stellv. Jugendfeuerwehrwart: Benjamin Kleff<\/span><\/p>\n<div id=\"attachment_1741\" style=\"width: 110px\" class=\"wp-caption alignnone\"><a title=\"Dienstplan\" href=\"http:\/\/www.feuerwehr-brilon.de\/images\/dienstplan\/dp_jf_messinghausen.pdf\" target=\"_blank\" rel=\"noopener\"><img loading=\"lazy\" decoding=\"async\" aria-describedby=\"caption-attachment-1741\" class=\"size-full wp-image-1741\" title=\"Dienstplan\" src=\"http:\/\/www.feuerwehr-brilon.de\/images\/dienstplan\/dp_jf_messinghausen_bild.jpg\" alt=\"Dienstplan\" width=\"100\" height=\"119\" \/><\/a><p id=\"caption-attachment-1741\" class=\"wp-caption-text\">Dienstplan<\/p><\/div>\n<div style=\"text-align: left;\"><a href=\"http:\/\/www.feuerwehr-brilon.de\/?page_id=778\">Weitere Bilder<\/a><\/div>\n","protected":false},"excerpt":{"rendered":"<p>&nbsp; Die Jugendfeuerwehr der L\u00f6schgruppe Messinghausen hat zur Zeit\u00a015 Mitglieder. Sie wurde am 12.4.1972 gegr\u00fcndet. Jugendfeuerwehrwart: Uwe Arens stellv. Jugendfeuerwehrwart: Benjamin Kleff Weitere Bilder<\/p>\n","protected":false},"author":8,"featured_media":0,"parent":257,"menu_order":6,"comment_status":"closed","ping_status":"closed","template":"","meta":{"_exactmetrics_skip_tracking":false,"_exactmetrics_sitenote_active":false,"_exactmetrics_sitenote_note":"","_exactmetrics_sitenote_category":0,"jetpack_post_was_ever_published":false,"footnotes":""},"class_list":["post-276","page","type-page","status-publish","hentry"],"jetpack_shortlink":"https:\/\/wp.me\/PCIJa-4s","jetpack_sharing_enabled":true,"jetpack-related-posts":[{"id":1737,"url":"https:\/\/www.feuerwehr-brilon.de\/?page_id=1737","url_meta":{"origin":276,"position":0},"title":"Jugendfeuerwehrwarte","author":"Marc Heines","date":"29. Januar 2010","format":false,"excerpt":"Stadtjugendfeuerwehrwart Stadtjugendfeuerwehrwart stv. Stadtjugendfeuerwehrwart Holger Knackstedt jugendfeuerwehr(at)feuerwehr-brilon.de jugendfeuerwehr(at)feuerwehr-brilon.de Der Stadtjugendfeuerwehrwart vertritt die Jugendfeuerwehr der Stadt Brilon Er ist der Betreuer der Jugendfeuerwehr innerhalb der Stadt und der Verbindungsmann zum Leiter der Feuerwehr Er ist ferner Kontaktperson zu anderen Stellen auf Stadt-, Kreis- und Landesebene Jugendfeuerwehr Alme Jugendfeuerwehrwart stv. Jugendfeuerwehrwart Hendrik\u2026","rel":"","context":"In &quot;Allgemein&quot;","block_context":{"text":"Allgemein","link":"https:\/\/www.feuerwehr-brilon.de\/?cat=1"},"img":{"alt_text":"","src":"https:\/\/i0.wp.com\/www.feuerwehr-brilon.de\/images\/passbilder\/hkn.JPG?resize=350%2C200","width":350,"height":200},"classes":[]},{"id":1299,"url":"https:\/\/www.feuerwehr-brilon.de\/?page_id=1299","url_meta":{"origin":276,"position":1},"title":"L\u00f6schzug Brilon e. V.","author":"Marc Heines","date":"28. August 2009","format":false,"excerpt":"Der L\u00f6schzug Brilon e.V. wurde gegr\u00fcndet zur Pflege des Feuerwehrwesens und zur F\u00f6rderung der Kameradschaft und der Jugendpflege. Mitglied werden k\u00f6nnen alle Angeh\u00f6rigen des L\u00f6schzug Brilon, des Tambourkorps, der Jugendfeuerwehr und der Ehrenabteilung. Man kann aber auch als F\u00f6rderndes Mitglied aufgenommen werden. Die Organe des Vereins sind die Mitgliederversammlung und\u2026","rel":"","context":"In &quot;Allgemein&quot;","block_context":{"text":"Allgemein","link":"https:\/\/www.feuerwehr-brilon.de\/?cat=1"},"img":{"alt_text":"","src":"","width":0,"height":0},"classes":[]},{"id":266,"url":"https:\/\/www.feuerwehr-brilon.de\/?page_id=266","url_meta":{"origin":276,"position":2},"title":"Alme","author":"Daniel Vogel","date":"19. August 2008","format":false,"excerpt":"Die Jugendfeuerwehr der L\u00f6schgruppe Alme besteht zur Zeit aus 10 Mitgliedern. Sie wurde im am 10.9.2003 gegr\u00fcndet. \u00a0 Die Jugendfeuerwehr der L\u00f6schgruppe Alme 2009 mit Betreuern Jugendfeuerwehrwart: Wolfgang Henke stellv. Jugendfeuerwehrwart: Hendrik Runge Bilder","rel":"","context":"In &quot;Allgemein&quot;","block_context":{"text":"Allgemein","link":"https:\/\/www.feuerwehr-brilon.de\/?cat=1"},"img":{"alt_text":"","src":"https:\/\/i0.wp.com\/www.feuerwehr-brilon.de\/wp-up\/2009\/04\/gruppe09-500x329.jpg?resize=350%2C200","width":350,"height":200},"classes":[]},{"id":270,"url":"https:\/\/www.feuerwehr-brilon.de\/?page_id=270","url_meta":{"origin":276,"position":3},"title":"Bontkirchen","author":"Daniel Vogel","date":"19. August 2008","format":false,"excerpt":"Die Jugendfeuerwehr der L\u00f6schgruppe Bontkirchen besteht zur Zeit aus 10 Mitgliedern. Sie wurde im Jahre 2005 neu gegr\u00fcndet. Die Jugendfeuerwehr der L\u00f6schgruppe Bontkirchen im Jahre 2014 mit Betreuern Jugendfeuerwehrwart: Frank Br\u00fcne stellv. Jugendfeuerwehrwart: Bernd Offergeld","rel":"","context":"In &quot;Allgemein&quot;","block_context":{"text":"Allgemein","link":"https:\/\/www.feuerwehr-brilon.de\/?cat=1"},"img":{"alt_text":"","src":"https:\/\/i0.wp.com\/www.feuerwehr-brilon.de\/images\/gruppenbild\/jf_bontkirchen.jpg?resize=350%2C200","width":350,"height":200},"classes":[]},{"id":280,"url":"https:\/\/www.feuerwehr-brilon.de\/?page_id=280","url_meta":{"origin":276,"position":4},"title":"Brilon","author":"Daniel Vogel","date":"19. August 2008","format":false,"excerpt":"Die Jugendfeuerwehr Brilon im Januar 2024, sie hat derzeit 22 Mitglieder. Sie wurde 1969 gegr\u00fcndet. Die Jugendfeuerwehr des L\u00f6schzuges Brilon im Jahre 2019 mit Betreuern Jugendfeuerwehrwart: Holger Knackstedt stellv. Jugendfeuerwehrwart: Reinhard Becker KONTAKT PER MAIL","rel":"","context":"In &quot;Allgemein&quot;","block_context":{"text":"Allgemein","link":"https:\/\/www.feuerwehr-brilon.de\/?cat=1"},"img":{"alt_text":"","src":"https:\/\/i0.wp.com\/www.feuerwehr-brilon.de\/images\/gruppenbild\/jf_brilon_24.jpg?resize=350%2C200","width":350,"height":200,"srcset":"https:\/\/i0.wp.com\/www.feuerwehr-brilon.de\/images\/gruppenbild\/jf_brilon_24.jpg?resize=350%2C200 1x, https:\/\/i0.wp.com\/www.feuerwehr-brilon.de\/images\/gruppenbild\/jf_brilon_24.jpg?resize=525%2C300 1.5x, https:\/\/i0.wp.com\/www.feuerwehr-brilon.de\/images\/gruppenbild\/jf_brilon_24.jpg?resize=700%2C400 2x"},"classes":[]},{"id":14920,"url":"https:\/\/www.feuerwehr-brilon.de\/?page_id=14920","url_meta":{"origin":276,"position":5},"title":"Th\u00fclen","author":"Andreas Becker","date":"15. Juni 2017","format":false,"excerpt":"Die Jugendfeuerwehr der L\u00f6schgruppe Th\u00fclen besteht zur Zeit aus 16 Mitgliedern. Sie wurde am 23. Mai 2017 gegr\u00fcndet. Jugendfeuerwehrwart: Thomas Walzak Stelv. Jugendfeuerwehrwart: Sebastian Wrede \u00dcbungsabend: Dienstags (alle 2 Wochen) Beginn: 18:00 Uhr \u00bb Zum aktuellen Dienstplan","rel":"","context":"\u00c4hnlicher Beitrag","block_context":{"text":"\u00c4hnlicher Beitrag","link":""},"img":{"alt_text":"","src":"https:\/\/i0.wp.com\/www.feuerwehr-brilon.de\/images\/gruppenbild\/jf_thuelen.jpg?resize=350%2C200","width":350,"height":200,"srcset":"https:\/\/i0.wp.com\/www.feuerwehr-brilon.de\/images\/gruppenbild\/jf_thuelen.jpg?resize=350%2C200 1x, https:\/\/i0.wp.com\/www.feuerwehr-brilon.de\/images\/gruppenbild\/jf_thuelen.jpg?resize=525%2C300 1.5x, https:\/\/i0.wp.com\/www.feuerwehr-brilon.de\/images\/gruppenbild\/jf_thuelen.jpg?resize=700%2C400 2x"},"classes":[]}],"_links":{"self":[{"href":"https:\/\/www.feuerwehr-brilon.de\/index.php?rest_route=\/wp\/v2\/pages\/276","targetHints":{"allow":["GET"]}}],"collection":[{"href":"https:\/\/www.feuerwehr-brilon.de\/index.php?rest_route=\/wp\/v2\/pages"}],"about":[{"href":"https:\/\/www.feuerwehr-brilon.de\/index.php?rest_route=\/wp\/v2\/types\/page"}],"author":[{"embeddable":true,"href":"https:\/\/www.feuerwehr-brilon.de\/index.php?rest_route=\/wp\/v2\/users\/8"}],"replies":[{"embeddable":true,"href":"https:\/\/www.feuerwehr-brilon.de\/index.php?rest_route=%2Fwp%2Fv2%2Fcomments&post=276"}],"version-history":[{"count":3,"href":"https:\/\/www.feuerwehr-brilon.de\/index.php?rest_route=\/wp\/v2\/pages\/276\/revisions"}],"predecessor-version":[{"id":29725,"href":"https:\/\/www.feuerwehr-brilon.de\/index.php?rest_route=\/wp\/v2\/pages\/276\/revisions\/29725"}],"up":[{"embeddable":true,"href":"https:\/\/www.feuerwehr-brilon.de\/index.php?rest_route=\/wp\/v2\/pages\/257"}],"wp:attachment":[{"href":"https:\/\/www.feuerwehr-brilon.de\/index.php?rest_route=%2Fwp%2Fv2%2Fmedia&parent=276"}],"curies":[{"name":"wp","href":"https:\/\/api.w.org\/{rel}","templated":true}]}}