{"id":278,"date":"2008-08-19T14:58:14","date_gmt":"2008-08-19T12:58:14","guid":{"rendered":"http:\/\/www.feuerwehr-brilon.de\/?page_id=278"},"modified":"2019-02-10T09:58:17","modified_gmt":"2019-02-10T08:58:17","slug":"rosenbeck","status":"publish","type":"page","link":"https:\/\/www.feuerwehr-brilon.de\/?page_id=278","title":{"rendered":"R\u00f6senbeck"},"content":{"rendered":"<p><span style=\"color: #000000;\">Die Jugendfeuerwehr der L\u00f6schgruppe R\u00f6senbeck hat zur Zeit 11 Mitglieder. Sie wurde im Jahre 1971 gegr\u00fcndet.<\/span><\/p>\n<p style=\"text-align: center;\"><img loading=\"lazy\" decoding=\"async\" class=\"alignnone size-medium wp-image-279\" title=\"Die Jugendfeuerwehr der L\u00f6schgruppe R\u00f6senbeck im Jahre 2003\" src=\"\/images\/gruppenbild\/jf_roesenbeck.jpg\" alt=\"\" width=\"500\" height=\"363\" \/><\/p>\n<p><br clear=\"all\"><\/p>\n<p style=\"text-align: center;\">Die Jugendfeuerwehr der L\u00f6schgruppe R\u00f6senbeck im Jahre 2011<\/p>\n<p><span style=\"color: #000000;\">Jugendfeuerwehrwart: Philipp Gerhold<\/span><br \/>\n<span style=\"color: #000000;\">stv. Jugendfeuerwehrwart: Stefan Schmidt<\/span><\/p>\n<p><a href=\"http:\/\/www.feuerwehr-brilon.de\/images\/dienstplan\/dp_jf_roesenbeck.pdf\" target=\"_blank\">Hier geht\u00b4s zum aktuellen Dienstplan<\/a><\/p>\n","protected":false},"excerpt":{"rendered":"<p>Die Jugendfeuerwehr der L\u00f6schgruppe R\u00f6senbeck hat zur Zeit 11 Mitglieder. Sie wurde im Jahre 1971 gegr\u00fcndet. Die Jugendfeuerwehr der L\u00f6schgruppe R\u00f6senbeck im Jahre 2011 Jugendfeuerwehrwart: Philipp Gerhold stv. Jugendfeuerwehrwart: Stefan Schmidt Hier geht\u00b4s zum aktuellen Dienstplan<\/p>\n","protected":false},"author":3,"featured_media":0,"parent":257,"menu_order":7,"comment_status":"closed","ping_status":"closed","template":"","meta":{"_exactmetrics_skip_tracking":false,"_exactmetrics_sitenote_active":false,"_exactmetrics_sitenote_note":"","_exactmetrics_sitenote_category":0,"jetpack_post_was_ever_published":false,"footnotes":""},"class_list":["post-278","page","type-page","status-publish","hentry"],"jetpack_shortlink":"https:\/\/wp.me\/PCIJa-4u","jetpack_sharing_enabled":true,"jetpack-related-posts":[{"id":270,"url":"https:\/\/www.feuerwehr-brilon.de\/?page_id=270","url_meta":{"origin":278,"position":0},"title":"Bontkirchen","author":"Daniel Vogel","date":"19. August 2008","format":false,"excerpt":"Die Jugendfeuerwehr der L\u00f6schgruppe Bontkirchen besteht zur Zeit aus 10 Mitgliedern. Sie wurde im Jahre 2005 neu gegr\u00fcndet. Die Jugendfeuerwehr der L\u00f6schgruppe Bontkirchen im Jahre 2014 mit Betreuern Jugendfeuerwehrwart: Frank Br\u00fcne stellv. Jugendfeuerwehrwart: Bernd Offergeld","rel":"","context":"In &quot;Allgemein&quot;","block_context":{"text":"Allgemein","link":"https:\/\/www.feuerwehr-brilon.de\/?cat=1"},"img":{"alt_text":"","src":"https:\/\/i0.wp.com\/www.feuerwehr-brilon.de\/images\/gruppenbild\/jf_bontkirchen.jpg?resize=350%2C200","width":350,"height":200},"classes":[]},{"id":272,"url":"https:\/\/www.feuerwehr-brilon.de\/?page_id=272","url_meta":{"origin":278,"position":1},"title":"Hoppecke","author":"Daniel Vogel","date":"19. August 2008","format":false,"excerpt":"Die Jugendfeuerwehr der L\u00f6schgruppe Hoppecke hat zur Zeit 13 Mitglieder. Sie wurde im Jahre 1991 neu gegr\u00fcndet. \u00a0 Die Jugendfeuerwehr der L\u00f6schgruppe Hoppecke im Jahre 2011 Jugendfeuerwehrwart: Marcel Morhenne stellv. Jugendfeuerwehrwart: Hier geht's zum aktuellen Dienstplan Unsere Seifenkiste im Einsatz, Seifenkistenrennen beim Stadtjugendfeuerwehrtag in Madfeld 1999. Im Verlauf von einigen\u2026","rel":"","context":"In &quot;Allgemein&quot;","block_context":{"text":"Allgemein","link":"https:\/\/www.feuerwehr-brilon.de\/?cat=1"},"img":{"alt_text":"","src":"https:\/\/i0.wp.com\/www.feuerwehr-brilon.de\/images\/gruppenbild\/jf_hoppecke_.jpg?resize=350%2C200","width":350,"height":200},"classes":[]},{"id":1737,"url":"https:\/\/www.feuerwehr-brilon.de\/?page_id=1737","url_meta":{"origin":278,"position":2},"title":"Jugendfeuerwehrwarte","author":"Marc Heines","date":"29. Januar 2010","format":false,"excerpt":"Stadtjugendfeuerwehrwart Stadtjugendfeuerwehrwart stv. Stadtjugendfeuerwehrwart Holger Knackstedt jugendfeuerwehr(at)feuerwehr-brilon.de jugendfeuerwehr(at)feuerwehr-brilon.de Der Stadtjugendfeuerwehrwart vertritt die Jugendfeuerwehr der Stadt Brilon Er ist der Betreuer der Jugendfeuerwehr innerhalb der Stadt und der Verbindungsmann zum Leiter der Feuerwehr Er ist ferner Kontaktperson zu anderen Stellen auf Stadt-, Kreis- und Landesebene Jugendfeuerwehr Alme Jugendfeuerwehrwart stv. Jugendfeuerwehrwart Hendrik\u2026","rel":"","context":"In &quot;Allgemein&quot;","block_context":{"text":"Allgemein","link":"https:\/\/www.feuerwehr-brilon.de\/?cat=1"},"img":{"alt_text":"","src":"https:\/\/i0.wp.com\/www.feuerwehr-brilon.de\/images\/passbilder\/hkn.JPG?resize=350%2C200","width":350,"height":200},"classes":[]},{"id":21,"url":"https:\/\/www.feuerwehr-brilon.de\/?page_id=21","url_meta":{"origin":278,"position":3},"title":"R\u00f6senbeck","author":"Daniel Vogel","date":"28. Mai 2008","format":false,"excerpt":"Die L\u00f6schgruppe R\u00f6senbeck besteht zur Zeit aus 24 Mitgliedern. Daneben gibt es eine Jugendfeuerwehr mit 12 Mitgliedern. Die L\u00f6schgruppe R\u00f6senbeck ist f\u00fcr den Brandschutz im Ortsteil R\u00f6senbeck (844 Einwohner) zust\u00e4ndig. Feuerwehrger\u00e4tehaus R\u00f6senbeck L\u00f6schgruppenf\u00fchrer: Markus Sprenger stellv. L\u00f6schgruppenf\u00fchrer:","rel":"","context":"In &quot;Allgemein&quot;","block_context":{"text":"Allgemein","link":"https:\/\/www.feuerwehr-brilon.de\/?cat=1"},"img":{"alt_text":"","src":"","width":0,"height":0},"classes":[]},{"id":266,"url":"https:\/\/www.feuerwehr-brilon.de\/?page_id=266","url_meta":{"origin":278,"position":4},"title":"Alme","author":"Daniel Vogel","date":"19. August 2008","format":false,"excerpt":"Die Jugendfeuerwehr der L\u00f6schgruppe Alme besteht zur Zeit aus 10 Mitgliedern. Sie wurde im am 10.9.2003 gegr\u00fcndet. \u00a0 Die Jugendfeuerwehr der L\u00f6schgruppe Alme 2009 mit Betreuern Jugendfeuerwehrwart: Wolfgang Henke stellv. Jugendfeuerwehrwart: Hendrik Runge Bilder","rel":"","context":"In &quot;Allgemein&quot;","block_context":{"text":"Allgemein","link":"https:\/\/www.feuerwehr-brilon.de\/?cat=1"},"img":{"alt_text":"","src":"https:\/\/i0.wp.com\/www.feuerwehr-brilon.de\/wp-up\/2009\/04\/gruppe09-500x329.jpg?resize=350%2C200","width":350,"height":200},"classes":[]},{"id":276,"url":"https:\/\/www.feuerwehr-brilon.de\/?page_id=276","url_meta":{"origin":278,"position":5},"title":"Messinghausen","author":"Andreas Becker","date":"19. August 2008","format":false,"excerpt":"\u00a0 Die Jugendfeuerwehr der L\u00f6schgruppe Messinghausen hat zur Zeit\u00a015 Mitglieder. Sie wurde am 12.4.1972 gegr\u00fcndet. Jugendfeuerwehrwart: Uwe Arens stellv. Jugendfeuerwehrwart: Benjamin Kleff Weitere Bilder","rel":"","context":"In &quot;Allgemein&quot;","block_context":{"text":"Allgemein","link":"https:\/\/www.feuerwehr-brilon.de\/?cat=1"},"img":{"alt_text":"","src":"https:\/\/i0.wp.com\/www.feuerwehr-brilon.de\/images\/gruppenbild\/jf_messinghausen.jpg?resize=350%2C200","width":350,"height":200},"classes":[]}],"_links":{"self":[{"href":"https:\/\/www.feuerwehr-brilon.de\/index.php?rest_route=\/wp\/v2\/pages\/278","targetHints":{"allow":["GET"]}}],"collection":[{"href":"https:\/\/www.feuerwehr-brilon.de\/index.php?rest_route=\/wp\/v2\/pages"}],"about":[{"href":"https:\/\/www.feuerwehr-brilon.de\/index.php?rest_route=\/wp\/v2\/types\/page"}],"author":[{"embeddable":true,"href":"https:\/\/www.feuerwehr-brilon.de\/index.php?rest_route=\/wp\/v2\/users\/3"}],"replies":[{"embeddable":true,"href":"https:\/\/www.feuerwehr-brilon.de\/index.php?rest_route=%2Fwp%2Fv2%2Fcomments&post=278"}],"version-history":[{"count":3,"href":"https:\/\/www.feuerwehr-brilon.de\/index.php?rest_route=\/wp\/v2\/pages\/278\/revisions"}],"predecessor-version":[{"id":16817,"href":"https:\/\/www.feuerwehr-brilon.de\/index.php?rest_route=\/wp\/v2\/pages\/278\/revisions\/16817"}],"up":[{"embeddable":true,"href":"https:\/\/www.feuerwehr-brilon.de\/index.php?rest_route=\/wp\/v2\/pages\/257"}],"wp:attachment":[{"href":"https:\/\/www.feuerwehr-brilon.de\/index.php?rest_route=%2Fwp%2Fv2%2Fmedia&parent=278"}],"curies":[{"name":"wp","href":"https:\/\/api.w.org\/{rel}","templated":true}]}}