{"id":30,"date":"2008-05-28T18:35:40","date_gmt":"2008-05-28T16:35:40","guid":{"rendered":"http:\/\/wptest.k-srv.de\/?page_id=30"},"modified":"2022-11-16T00:11:37","modified_gmt":"2022-11-15T22:11:37","slug":"thulen","status":"publish","type":"page","link":"https:\/\/www.feuerwehr-brilon.de\/?page_id=30","title":{"rendered":"Th\u00fclen"},"content":{"rendered":"<p><span style=\"color: #000000;\">Die L\u00f6schgruppe Th\u00fclen besteht zur Zeit aus 30 Mitgliedern. Die L\u00f6schgruppe Th\u00fclen ist f\u00fcr den Brandschutz im Ortsteil Th\u00fclen (1.112 Einwohner) zust\u00e4ndig.<\/span><\/p>\n<p>Die Mitglieder der L\u00f6schgruppe Th\u00fclen im Jubil\u00e4umsjahr 2012:<br \/>\n<span style=\"color: #000000;\"><a href=\"http:\/\/www.feuerwehr-brilon.de\/images\/gruppenbild\/gr_thuelen.jpg\" rel=\"lytebox\"><img loading=\"lazy\" decoding=\"async\" class=\"alignleft\" src=\"\/images\/gruppenbild\/gr_thuelen.jpg\" alt=\"\" width=\"500\" height=\"334\" \/><\/a><\/span><\/p>\n<div align=\"center\">\n<p>&nbsp;<\/p>\n<p>&nbsp;<\/p>\n<p>&nbsp;<\/p>\n<p>&nbsp;<\/p>\n<p>&nbsp;<\/p>\n<p>&nbsp;<\/p>\n<p>&nbsp;<\/p>\n<p>&nbsp;<\/p>\n<p>&nbsp;<\/p>\n<p>&nbsp;<\/p>\n<p>&nbsp;<\/p>\n<p>&nbsp;<\/p>\n<p style=\"text-align: left;\">Feuerwehrger\u00e4tehaus Th\u00fclen<\/p>\n<\/div>\n<p><img decoding=\"async\" src=\".\/images\/einheiten\/gh_thuelen.jpg\" alt=\"Th\u00fclen\" usemap=\"#fahrzeug\" border=\"0\" \/><\/p>\n<map name=\"fahrzeug\">\n<area title=\"Fahrzeug\" shape=\"rect\" coords=\"178,147,254,223\" href=\"http:\/\/www.feuerwehr-brilon.de\/?page_id=817\" alt=\"Fahrzeug\" \/><\/map>\n<p><span style=\"color: #000000;\">L\u00f6schgruppenf\u00fchrer: Patrick Schl\u00fcter<br \/>\nStellv. L\u00f6schgruppenf\u00fchrer: Christian Patzke<\/span><\/p>\n","protected":false},"excerpt":{"rendered":"<p>Die L\u00f6schgruppe Th\u00fclen besteht zur Zeit aus 30 Mitgliedern. Die L\u00f6schgruppe Th\u00fclen ist f\u00fcr den Brandschutz im Ortsteil Th\u00fclen (1.112 Einwohner) zust\u00e4ndig. Die Mitglieder der L\u00f6schgruppe Th\u00fclen im Jubil\u00e4umsjahr 2012: &nbsp; &nbsp; &nbsp; &nbsp; &nbsp; &nbsp; &nbsp; &nbsp; &nbsp; &nbsp; &nbsp; &nbsp; Feuerwehrger\u00e4tehaus Th\u00fclen L\u00f6schgruppenf\u00fchrer: Patrick Schl\u00fcter Stellv. L\u00f6schgruppenf\u00fchrer: Christian Patzke<\/p>\n","protected":false},"author":3,"featured_media":0,"parent":5,"menu_order":11,"comment_status":"closed","ping_status":"closed","template":"","meta":{"_exactmetrics_skip_tracking":false,"_exactmetrics_sitenote_active":false,"_exactmetrics_sitenote_note":"","_exactmetrics_sitenote_category":0,"jetpack_post_was_ever_published":false,"footnotes":""},"class_list":["post-30","page","type-page","status-publish","hentry"],"jetpack_shortlink":"https:\/\/wp.me\/PCIJa-u","jetpack_sharing_enabled":true,"jetpack-related-posts":[{"id":12,"url":"https:\/\/www.feuerwehr-brilon.de\/?page_id=12","url_meta":{"origin":30,"position":0},"title":"Bontkirchen","author":"Daniel Vogel","date":"28. Mai 2008","format":false,"excerpt":"Die L\u00f6schgruppe Bontkirchen besteht zur Zeit aus 22 Mitgliedern. Die Jugendfeuerwehr befindet sich im Wiederaufbau. Die L\u00f6schgruppe ist f\u00fcr den Brandschutz im Ortsteil Bontkirchen (538 Einwohner) zust\u00e4ndig. Die L\u00f6schgruppe Bontkirchen im Jahr 2015 \u00a0 L\u00f6schgruppenf\u00fchrer: Thorsten Schwermer stellv. L\u00f6schgruppenf\u00fchrer: Peter Hennecke Abri\u00df \u00fcber die Geschichte der L\u00f6schgruppe Bontkirchen Die Freiwillige\u2026","rel":"","context":"In &quot;Allgemein&quot;","block_context":{"text":"Allgemein","link":"https:\/\/www.feuerwehr-brilon.de\/?cat=1"},"img":{"alt_text":"","src":"","width":0,"height":0},"classes":[]},{"id":687,"url":"https:\/\/www.feuerwehr-brilon.de\/?page_id=687","url_meta":{"origin":30,"position":1},"title":"L\u00f6schzug- und L\u00f6schgruppenf\u00fchrer","author":"Marc Heines","date":"29. Januar 2009","format":false,"excerpt":"L\u00f6schzug Brilon L\u00f6schzugf\u00fchrer stv. L\u00f6schzugf\u00fchrer Marc Heines Thomas B\u00f6ddicker brilon(at)feuerwehr-brilon.de L\u00f6schgruppe Alme L\u00f6schgruppenf\u00fchrer stv. L\u00f6schgruppenf\u00fchrer Patrick Sewtz Ansgar Rettler alme(at)feuerwehr-brilon.de L\u00f6schgruppe Altenb\u00fcren L\u00f6schgruppenf\u00fchrer stv. L\u00f6schgruppenf\u00fchrer Manuel H\u00fcmmecke Michael Vo\u00df altenbueren(at)feuerwehr-brilon.de L\u00f6schgruppe Bontkirchen L\u00f6schgruppenf\u00fchrer stv. L\u00f6schgruppenf\u00fchrer Thorsten Schwermer Peter Hennecke bontkirchen(at)feuerwehr-brilon.de L\u00f6schgruppe Hoppecke L\u00f6schgruppenf\u00fchrer stv. L\u00f6schgruppenf\u00fchrer Nicolas Sch\u00f6rmann Till Kemmerling hoppecke(at)feuerwehr-brilon.de\u2026","rel":"","context":"In &quot;Allgemein&quot;","block_context":{"text":"Allgemein","link":"https:\/\/www.feuerwehr-brilon.de\/?cat=1"},"img":{"alt_text":"","src":"https:\/\/i0.wp.com\/www.feuerwehr-brilon.de\/images\/passbilder\/mhe.jpg?resize=350%2C200","width":350,"height":200},"classes":[]},{"id":14920,"url":"https:\/\/www.feuerwehr-brilon.de\/?page_id=14920","url_meta":{"origin":30,"position":2},"title":"Th\u00fclen","author":"Andreas Becker","date":"15. Juni 2017","format":false,"excerpt":"Die Jugendfeuerwehr der L\u00f6schgruppe Th\u00fclen besteht zur Zeit aus 16 Mitgliedern. Sie wurde am 23. Mai 2017 gegr\u00fcndet. Jugendfeuerwehrwart: Thomas Walzak Stelv. Jugendfeuerwehrwart: Sebastian Wrede \u00dcbungsabend: Dienstags (alle 2 Wochen) Beginn: 18:00 Uhr \u00bb Zum aktuellen Dienstplan","rel":"","context":"\u00c4hnlicher Beitrag","block_context":{"text":"\u00c4hnlicher Beitrag","link":""},"img":{"alt_text":"","src":"https:\/\/i0.wp.com\/www.feuerwehr-brilon.de\/images\/gruppenbild\/jf_thuelen.jpg?resize=350%2C200","width":350,"height":200,"srcset":"https:\/\/i0.wp.com\/www.feuerwehr-brilon.de\/images\/gruppenbild\/jf_thuelen.jpg?resize=350%2C200 1x, https:\/\/i0.wp.com\/www.feuerwehr-brilon.de\/images\/gruppenbild\/jf_thuelen.jpg?resize=525%2C300 1.5x, https:\/\/i0.wp.com\/www.feuerwehr-brilon.de\/images\/gruppenbild\/jf_thuelen.jpg?resize=700%2C400 2x"},"classes":[]},{"id":24,"url":"https:\/\/www.feuerwehr-brilon.de\/?page_id=24","url_meta":{"origin":30,"position":3},"title":"Scharfenberg","author":"Daniel Vogel","date":"28. Mai 2008","format":false,"excerpt":"Die L\u00f6schgruppe Scharfenberg besteht zur Zeit aus 35 Mitgliedern. Die L\u00f6schgruppe Scharfenberg ist f\u00fcr den Brandschutz im Ortsteil Scharfenberg (ca. 1.500 Einwohner) zust\u00e4ndig. Feuerwehrger\u00e4tehaus Scharfenberg L\u00f6schgruppenf\u00fchrer: Dirk Schulte stellv. L\u00f6schgruppenf\u00fchrer: Jonas Rieke stellv. L\u00f6schgruppenf\u00fchrer: Jonas Fehst Abri\u00df \u00fcber die Geschichte der L\u00f6schgruppe Scharfenberg Die Freiwillige Feuerwehr Scharfenberg wurde offiziell am\u2026","rel":"","context":"In &quot;Allgemein&quot;","block_context":{"text":"Allgemein","link":"https:\/\/www.feuerwehr-brilon.de\/?cat=1"},"img":{"alt_text":"","src":"","width":0,"height":0},"classes":[]},{"id":442,"url":"https:\/\/www.feuerwehr-brilon.de\/?page_id=442","url_meta":{"origin":30,"position":4},"title":"Termine","author":"Marc Heines","date":"2. Dezember 2008","format":false,"excerpt":"Auf dieser Seite werden besondere Termine und Veranstaltungen der Feuerwehr Brilon aufgelistet. Weitere Termine finden Sie unter dem Link des entsprechendem Monats. Jan. Feb. M\u00e4r. Apr. Mai Juni Juli Aug. Sep. Okt. Nov. Dez. Januar 18.1. 19:00 Uhr Ausbilderbesprechung TM II ::Feuerwehrhaus Brilon:: 21.1. 08:30 Uhr Fzg. und Ger\u00e4tepr\u00fcfung ::Feuerwehrhaus\u2026","rel":"","context":"In &quot;Allgemein&quot;","block_context":{"text":"Allgemein","link":"https:\/\/www.feuerwehr-brilon.de\/?cat=1"},"img":{"alt_text":"kalender","src":".\/images\/sonstige\/kalender.jpg","width":350,"height":200},"classes":[]},{"id":3479,"url":"https:\/\/www.feuerwehr-brilon.de\/?page_id=3479","url_meta":{"origin":30,"position":5},"title":"Th\u00fclen intern","author":"Marc Heines","date":"21. Oktober 2010","format":false,"excerpt":"Download","rel":"","context":"\u00c4hnlicher Beitrag","block_context":{"text":"\u00c4hnlicher Beitrag","link":""},"img":{"alt_text":"","src":"","width":0,"height":0},"classes":[]}],"_links":{"self":[{"href":"https:\/\/www.feuerwehr-brilon.de\/index.php?rest_route=\/wp\/v2\/pages\/30","targetHints":{"allow":["GET"]}}],"collection":[{"href":"https:\/\/www.feuerwehr-brilon.de\/index.php?rest_route=\/wp\/v2\/pages"}],"about":[{"href":"https:\/\/www.feuerwehr-brilon.de\/index.php?rest_route=\/wp\/v2\/types\/page"}],"author":[{"embeddable":true,"href":"https:\/\/www.feuerwehr-brilon.de\/index.php?rest_route=\/wp\/v2\/users\/3"}],"replies":[{"embeddable":true,"href":"https:\/\/www.feuerwehr-brilon.de\/index.php?rest_route=%2Fwp%2Fv2%2Fcomments&post=30"}],"version-history":[{"count":4,"href":"https:\/\/www.feuerwehr-brilon.de\/index.php?rest_route=\/wp\/v2\/pages\/30\/revisions"}],"predecessor-version":[{"id":30334,"href":"https:\/\/www.feuerwehr-brilon.de\/index.php?rest_route=\/wp\/v2\/pages\/30\/revisions\/30334"}],"up":[{"embeddable":true,"href":"https:\/\/www.feuerwehr-brilon.de\/index.php?rest_route=\/wp\/v2\/pages\/5"}],"wp:attachment":[{"href":"https:\/\/www.feuerwehr-brilon.de\/index.php?rest_route=%2Fwp%2Fv2%2Fmedia&parent=30"}],"curies":[{"name":"wp","href":"https:\/\/api.w.org\/{rel}","templated":true}]}}