{"id":30996,"date":"2023-04-19T11:10:43","date_gmt":"2023-04-19T09:10:43","guid":{"rendered":"https:\/\/www.feuerwehr-brilon.de\/?page_id=30996"},"modified":"2023-04-19T11:10:43","modified_gmt":"2023-04-19T09:10:43","slug":"mittleres-loesch-fahrzeug-brilon-aussenwache","status":"publish","type":"page","link":"https:\/\/www.feuerwehr-brilon.de\/?page_id=30996","title":{"rendered":"Mittleres-L\u00f6sch-Fahrzeug &#8211; Brilon (Au\u00dfenwache)"},"content":{"rendered":"<table>\n<tbody>\n<tr>\n<td width=\"440\"><a href=\"\/images\/fahrzeuge\/MLF_gross_1.JPG\" rel=\"lightbox\"><img decoding=\"async\" class=\"alignleft size-thumbnail wp-image-16281\" src=\"\/images\/fahrzeuge\/MLF_gross_1.JPG\" alt=\"MLF-1\" width=\"\" height=\"\" \/><\/a><\/td>\n<td><a href=\"\/images\/fahrzeuge\/MLF_gross_1.JPG\" rel=\"lightbox\"><img loading=\"lazy\" decoding=\"async\" class=\"aligright size-thumbnail wp-image-16281 alignright\" src=\"\/images\/fahrzeuge\/MLF_gross_1.JPG\" alt=\"MLF-1\" width=\"132\" height=\"88\" \/><\/a><br \/>\n<a href=\"\/images\/fahrzeuge\/MLF_gross_2.JPG\" rel=\"lightbox\"><img loading=\"lazy\" decoding=\"async\" class=\"aligright size-thumbnail wp-image-16281 alignright\" src=\"\/images\/fahrzeuge\/MLF_gross_2.JPG\" alt=\"MLF-1\" width=\"132\" height=\"88\" \/><\/a><br \/>\n<a href=\"\/images\/fahrzeuge\/MLF_gross_3.JPG\" rel=\"lightbox\"><img loading=\"lazy\" decoding=\"async\" class=\"aligright size-thumbnail wp-image-16281 alignright\" src=\"\/images\/fahrzeuge\/MLF_gross_3.JPG\" alt=\"MLF-1\" width=\"132\" height=\"88\" \/><\/a><\/td>\n<\/tr>\n<\/tbody>\n<\/table>\n<p>&nbsp;<\/p>\n<table class=\"vehicle\">\n<thead>\n<tr>\n<th colspan=\"2\">Allgemeine Informationen:<\/th>\n<\/tr>\n<\/thead>\n<tbody>\n<tr>\n<td class=\"vehicletext\">Typ<\/td>\n<td class=\"vehicledata\">MLF<\/td>\n<\/tr>\n<tr>\n<td class=\"vehicletext\">Besatzung<\/td>\n<td class=\"vehicledata\">1 \/ 5<\/td>\n<\/tr>\n<tr>\n<td class=\"vehicletext\">Funkrufname<\/td>\n<td class=\"vehicledata\">Florian Brilon 1 MLF 1<\/td>\n<\/tr>\n<tr>\n<td class=\"vehicletext\">Standort<\/td>\n<td class=\"vehicledata\">Brilon &#8211; Au\u00dfenwache<\/td>\n<\/tr>\n<\/tbody>\n<\/table>\n<table class=\"vehicle\">\n<thead>\n<tr>\n<th colspan=\"2\">Technische Daten:<\/th>\n<\/tr>\n<\/thead>\n<tbody>\n<tr>\n<td class=\"vehicletext\">Baujahr<\/td>\n<td class=\"vehicledata\">2022<\/td>\n<\/tr>\n<tr>\n<td class=\"vehicletext\">Leistung<\/td>\n<td class=\"vehicledata\">162 KW \/ 220 PS<\/td>\n<\/tr>\n<tr>\n<td class=\"vehicletext\">Hersteller<\/td>\n<td class=\"vehicledata\">MAN<\/td>\n<\/tr>\n<tr>\n<td class=\"vehicletext\">Fahrgestell<\/td>\n<td class=\"vehicledata\">TGL 10.220<\/td>\n<\/tr>\n<tr>\n<td class=\"vehicletext\">Aufbau<\/td>\n<td class=\"vehicledata\">WISS<\/td>\n<\/tr>\n<tr>\n<td class=\"vehicletext\">Gewicht<\/td>\n<td class=\"vehicledata\">10 t<\/td>\n<\/tr>\n<tr>\n<td class=\"vehicletext\">Wassertank<\/td>\n<td class=\"vehicledata\">1000 l<\/td>\n<\/tr>\n<tr>\n<td class=\"vehicletext\">Pumpenleistung<\/td>\n<td class=\"vehicledata\">1500 l\/min bei 10 bar<\/td>\n<\/tr>\n<\/tbody>\n<\/table>\n<table class=\"vehicle\">\n<thead>\n<tr>\n<th colspan=\"2\">Besonderheiten:<\/th>\n<\/tr>\n<\/thead>\n<tbody>\n<tr>\n<td class=\"vehicletext\" colspan=\"2\">4 Atemschutzger\u00e4te, Rauchschutzvorhang, Stromerzeuger 8kVA, elektrischer Hochleistungsl\u00fcfter, Mittelschaumpistole, Lichtmast, Waldbrandausstattung (2x Waldbrandtasche, Waldbrandverteiler), Notfallrucksack, Tauchpumpe, S\u00e4bels\u00e4ge 230V, Multicut-Rettungss\u00e4ge, 2x Schnellangriffsverteiler<\/td>\n<\/tr>\n<\/tbody>\n<\/table>\n","protected":false},"excerpt":{"rendered":"<p>&nbsp; Allgemeine Informationen: Typ MLF Besatzung 1 \/ 5 Funkrufname Florian Brilon 1 MLF 1 Standort Brilon &#8211; Au\u00dfenwache Technische Daten: Baujahr 2022 Leistung 162 KW \/ 220 PS Hersteller MAN Fahrgestell TGL 10.220 Aufbau WISS Gewicht 10 t Wassertank 1000 l Pumpenleistung 1500 l\/min bei 10 bar Besonderheiten: 4 Atemschutzger\u00e4te, Rauchschutzvorhang, Stromerzeuger 8kVA, elektrischer [&hellip;]<\/p>\n","protected":false},"author":8,"featured_media":0,"parent":11,"menu_order":0,"comment_status":"closed","ping_status":"closed","template":"","meta":{"_exactmetrics_skip_tracking":false,"_exactmetrics_sitenote_active":false,"_exactmetrics_sitenote_note":"","_exactmetrics_sitenote_category":0,"jetpack_post_was_ever_published":false,"footnotes":""},"class_list":["post-30996","page","type-page","status-publish","hentry"],"jetpack_shortlink":"https:\/\/wp.me\/PCIJa-83W","jetpack_sharing_enabled":true,"jetpack-related-posts":[{"id":817,"url":"https:\/\/www.feuerwehr-brilon.de\/?page_id=817","url_meta":{"origin":30996,"position":0},"title":"Mittleres-L\u00f6sch-Fahrzeug &#8211; Th\u00fclen","author":"Andreas Becker","date":"28. August 2009","format":false,"excerpt":"\u00a0 Allgemeine Informationen: Typ MLF Besatzung 1 \/ 5 Funkrufname Florian Brilon 12 MLF 1 Standort Th\u00fclen Technische Daten: Baujahr 2005 Leistung 110 KW \/ 150 PS Hersteller Mercedes Benz Fahrgestell 815D Aufbau Schlingmann Gewicht 7,49 t Wassertank 750 Pumpenleistung 2000 l\/min bei 10 bar Besonderheiten: Stromerzeuger 5 kVA, Tragkraftspritze,\u2026","rel":"","context":"In &quot;Allgemein&quot;","block_context":{"text":"Allgemein","link":"https:\/\/www.feuerwehr-brilon.de\/?cat=1"},"img":{"alt_text":"StLF 10\/6","src":"\/images\/fahrzeuge\/stlf_thuelen_gross_1.JPG","width":350,"height":200,"srcset":"\/images\/fahrzeuge\/stlf_thuelen_gross_1.JPG 1x, \/images\/fahrzeuge\/stlf_thuelen_gross_1.JPG 1.5x, \/images\/fahrzeuge\/stlf_thuelen_gross_1.JPG 2x"},"classes":[]},{"id":816,"url":"https:\/\/www.feuerwehr-brilon.de\/?page_id=816","url_meta":{"origin":30996,"position":1},"title":"Mittleres-L\u00f6sch-Fahrzeug &#8211; Altenb\u00fcren","author":"Andreas Becker","date":"28. August 2009","format":false,"excerpt":"\u00a0 Allgemeine Informationen: Typ MLF Besatzung 1 \/ 6 Funkrufname Florian Brilon 3 MLF 1 Standort Altenb\u00fcren Technische Daten: Baujahr 2005 Leistung 110 KW \/ 150 PS Hersteller Mercedes Benz Fahrgestell 815 D Aufbau Schlingmann Gewicht 7,49 t Wassertank 750 l Pumpenleistung 2000 l\/min bei 10 bar Besonderheiten: Stromerzeuger 5kVa,\u2026","rel":"","context":"In &quot;Allgemein&quot;","block_context":{"text":"Allgemein","link":"https:\/\/www.feuerwehr-brilon.de\/?cat=1"},"img":{"alt_text":"StLF 10\/6","src":"\/images\/fahrzeuge\/stlf_altenb_gross_1.JPG","width":350,"height":200,"srcset":"\/images\/fahrzeuge\/stlf_altenb_gross_1.JPG 1x, \/images\/fahrzeuge\/stlf_altenb_gross_1.JPG 1.5x, \/images\/fahrzeuge\/stlf_altenb_gross_1.JPG 2x"},"classes":[]},{"id":1355,"url":"https:\/\/www.feuerwehr-brilon.de\/?page_id=1355","url_meta":{"origin":30996,"position":2},"title":"Mittleres-L\u00f6sch-Fahrzeug &#8211; Scharfenberg","author":"Andreas Becker","date":"28. August 2009","format":false,"excerpt":"\u00a0 Allgemeine Informationen: Typ MLF Besatzung 1 \/ 6 Funkrufname Florian Brilon 11 MLF 1 Standort Scharfenberg Technische Daten: Baujahr 2009 Leistung 115 KW \/ 156 PS Hersteller Mercedes-Benz Fahrgestell Atego 816F Aufbau Schlingmann Gewicht 8,6 t Wassertank 1000 Liter Pumpenleistung 2000 l \/ min bei 10 bar Besonderheiten: Stomerzeuger\u2026","rel":"","context":"In &quot;Allgemein&quot;","block_context":{"text":"Allgemein","link":"https:\/\/www.feuerwehr-brilon.de\/?cat=1"},"img":{"alt_text":"StLF 10\/6","src":"\/images\/fahrzeuge\/stlf_10_6_scharfenberg_gross_1.JPG","width":350,"height":200,"srcset":"\/images\/fahrzeuge\/stlf_10_6_scharfenberg_gross_1.JPG 1x, \/images\/fahrzeuge\/stlf_10_6_scharfenberg_gross_1.JPG 1.5x, \/images\/fahrzeuge\/stlf_10_6_scharfenberg_gross_1.JPG 2x"},"classes":[]},{"id":812,"url":"https:\/\/www.feuerwehr-brilon.de\/?page_id=812","url_meta":{"origin":30996,"position":3},"title":"Mittleres-L\u00f6sch-Fahrzeug &#8211; Alme","author":"Andreas Becker","date":"14. Oktober 2009","format":false,"excerpt":"\u00a0 Allgemeine Informationen: Typ MLF Besatzung 1 \/ 6 Funkrufname Florian Brilon 2 MLF 1 Standort Alme Technische Daten: Baujahr 2004 Leistung 110 KW \/ 150 PS Hersteller Mercedes Benz Fahrgestell 815 D Aufbau Ziegler Gewicht 7,49 t Wassertank 500 l Pumpenleistung 1000 l\/min bei 10 bar Besonderheiten: Differentialsperre, Tragkraftspritze\u2026","rel":"","context":"In &quot;Allgemein&quot;","block_context":{"text":"Allgemein","link":"https:\/\/www.feuerwehr-brilon.de\/?cat=1"},"img":{"alt_text":"StLF 10\/6","src":"\/images\/fahrzeuge\/stlf_alme_gross_1.JPG","width":350,"height":200,"srcset":"\/images\/fahrzeuge\/stlf_alme_gross_1.JPG 1x, \/images\/fahrzeuge\/stlf_alme_gross_1.JPG 1.5x, \/images\/fahrzeuge\/stlf_alme_gross_1.JPG 2x"},"classes":[]},{"id":22960,"url":"https:\/\/www.feuerwehr-brilon.de\/?page_id=22960","url_meta":{"origin":30996,"position":4},"title":"Klein-L\u00f6sch-Fahrzeug &#8211; Nehden","author":"Andreas Becker","date":"29. Dezember 2020","format":false,"excerpt":"Allgemeine Informationen: Typ KLF Besatzung 1 \/ 5 Funkrufname Florian Brilon 8 KLF 1-1 Standort Nehden Technische Daten: Baujahr 2020 Leistung 140 kW\/ 190 PS Hersteller Mercedes Benz Fahrgestell Mercedes Sprinter 519 CDI Aufbau Brandschutztechnik G\u00f6rlitz Gewicht 5,5 t Besonderheiten: Motors\u00e4ge, Stromerzeuger 3kVA, Lichtsatz mit 2x 1000W Scheinwerfer, Lichtmast LED","rel":"","context":"\u00c4hnlicher Beitrag","block_context":{"text":"\u00c4hnlicher Beitrag","link":""},"img":{"alt_text":"Kleinl\u00f6schfahrzeug","src":"\/images\/fahrzeuge\/klf_1_gross_1.JPG","width":350,"height":200,"srcset":"\/images\/fahrzeuge\/klf_1_gross_1.JPG 1x, \/images\/fahrzeuge\/klf_1_gross_1.JPG 1.5x, \/images\/fahrzeuge\/klf_1_gross_1.JPG 2x"},"classes":[]},{"id":755,"url":"https:\/\/www.feuerwehr-brilon.de\/?page_id=755","url_meta":{"origin":30996,"position":5},"title":"L\u00f6schgruppen-Fahrzeug 20-01 &#8211; Brilon","author":"Andreas Becker","date":"25. August 2009","format":false,"excerpt":"\u00a0 Allgemeine Informationen: Typ LF-20 Besatzung 1 \/ 8 Funkrufname Florian Brilon 1 LF20 1 Standort Brilon - Au\u00dfenwache Technische Daten: Baujahr 1994 Leistung 177 KW \/ 240 PS Hersteller Mercedes-Benz Fahrgestell 1224 AF Aufbau Schlingmann Gewicht 13,49 t Wassertank 1600 l Pumpenleistung 1600 l\/min bei 8 bar Besonderheiten: Stromerzeuger\u2026","rel":"","context":"In &quot;Allgemein&quot;","block_context":{"text":"Allgemein","link":"https:\/\/www.feuerwehr-brilon.de\/?cat=1"},"img":{"alt_text":"HLF-1","src":"\/images\/fahrzeuge\/lf_16_12_gross_1.JPG","width":350,"height":200,"srcset":"\/images\/fahrzeuge\/lf_16_12_gross_1.JPG 1x, \/images\/fahrzeuge\/lf_16_12_gross_1.JPG 1.5x, \/images\/fahrzeuge\/lf_16_12_gross_1.JPG 2x"},"classes":[]}],"_links":{"self":[{"href":"https:\/\/www.feuerwehr-brilon.de\/index.php?rest_route=\/wp\/v2\/pages\/30996","targetHints":{"allow":["GET"]}}],"collection":[{"href":"https:\/\/www.feuerwehr-brilon.de\/index.php?rest_route=\/wp\/v2\/pages"}],"about":[{"href":"https:\/\/www.feuerwehr-brilon.de\/index.php?rest_route=\/wp\/v2\/types\/page"}],"author":[{"embeddable":true,"href":"https:\/\/www.feuerwehr-brilon.de\/index.php?rest_route=\/wp\/v2\/users\/8"}],"replies":[{"embeddable":true,"href":"https:\/\/www.feuerwehr-brilon.de\/index.php?rest_route=%2Fwp%2Fv2%2Fcomments&post=30996"}],"version-history":[{"count":3,"href":"https:\/\/www.feuerwehr-brilon.de\/index.php?rest_route=\/wp\/v2\/pages\/30996\/revisions"}],"predecessor-version":[{"id":31018,"href":"https:\/\/www.feuerwehr-brilon.de\/index.php?rest_route=\/wp\/v2\/pages\/30996\/revisions\/31018"}],"up":[{"embeddable":true,"href":"https:\/\/www.feuerwehr-brilon.de\/index.php?rest_route=\/wp\/v2\/pages\/11"}],"wp:attachment":[{"href":"https:\/\/www.feuerwehr-brilon.de\/index.php?rest_route=%2Fwp%2Fv2%2Fmedia&parent=30996"}],"curies":[{"name":"wp","href":"https:\/\/api.w.org\/{rel}","templated":true}]}}