{"id":32,"date":"2008-05-28T23:41:03","date_gmt":"2008-05-28T21:41:03","guid":{"rendered":"http:\/\/wptest.k-srv.de\/?page_id=32"},"modified":"2024-10-11T11:40:38","modified_gmt":"2024-10-11T09:40:38","slug":"kontakt","status":"publish","type":"page","link":"https:\/\/www.feuerwehr-brilon.de\/?page_id=32","title":{"rendered":"Kontakt"},"content":{"rendered":"<p><span style=\"color: #000000;\">Auf dieser Seite finden Sie die wichtigsten Kontaktinformationen der Freiwilligen Feuerwehr der Stadt Brilon. <\/span><\/p>\n<p><span style=\"color: #000000;\"><strong>Freiwillige Feuerwehr der Stadt Brilon<\/strong><br \/>\nGrimmestra\u00dfe 26<br \/>\n59929 Brilon<br \/>\nTelefon: 02961\/2224<br \/>\nE-Mail: <a href=\"mailto:info@feuerwehr-brilon.de\">info@feuerwehr-brilon.de<\/a><br \/>\nInternet: www.feuerwehr-brilon.de<\/span><\/p>\n<p><span style=\"color: #000000;\"><strong>Stadt Brilon<\/strong><br \/>\nAm Markt 1<br \/>\n59929 Brilon<br \/>\nTelefon: 02961-794-0<br \/>\nTelefax: 02961-794-108<br \/>\nE-Mail: info@brilon.de<br \/>\nInternet: www.brilon.de<\/span><\/p>\n","protected":false},"excerpt":{"rendered":"<p>Auf dieser Seite finden Sie die wichtigsten Kontaktinformationen der Freiwilligen Feuerwehr der Stadt Brilon. Freiwillige Feuerwehr der Stadt Brilon Grimmestra\u00dfe 26 59929 Brilon Telefon: 02961\/2224 E-Mail: info@feuerwehr-brilon.de Internet: www.feuerwehr-brilon.de Stadt Brilon Am Markt 1 59929 Brilon Telefon: 02961-794-0 Telefax: 02961-794-108 E-Mail: info@brilon.de Internet: www.brilon.de<\/p>\n","protected":false},"author":3,"featured_media":0,"parent":0,"menu_order":99,"comment_status":"closed","ping_status":"closed","template":"","meta":{"_exactmetrics_skip_tracking":false,"_exactmetrics_sitenote_active":false,"_exactmetrics_sitenote_note":"","_exactmetrics_sitenote_category":0,"jetpack_post_was_ever_published":false,"footnotes":""},"class_list":["post-32","page","type-page","status-publish","hentry"],"jetpack_shortlink":"https:\/\/wp.me\/PCIJa-w","jetpack_sharing_enabled":true,"jetpack-related-posts":[{"id":97,"url":"https:\/\/www.feuerwehr-brilon.de\/?page_id=97","url_meta":{"origin":32,"position":0},"title":"Kontakt","author":"Daniel Vogel","date":"18. August 2008","format":false,"excerpt":"Auf dieser Seite finden Sie die wichtigsten Kontaktinformationen des Tambourkorps der Freiwilligen Feuerwehr Brilon. \u00a0 Musikzugf\u00fchrer Freddi Renerich Wei\u00dfstra\u00dfe 1 59929 Brilon Tel.: 02961 - 1083 E-Mail: tambourkorps(at)feuerwehr-brilon.de \u00a0 Tambourmajor Sven Becker Glockengie\u00dferweg 35 59929 Brilon E-Mail: tambourkorps(at)feuerwehr-brilon.de \u00a0","rel":"","context":"In &quot;Allgemein&quot;","block_context":{"text":"Allgemein","link":"https:\/\/www.feuerwehr-brilon.de\/?cat=1"},"img":{"alt_text":"","src":"","width":0,"height":0},"classes":[]},{"id":34,"url":"https:\/\/www.feuerwehr-brilon.de\/?page_id=34","url_meta":{"origin":32,"position":1},"title":"Impressum","author":"Daniel Vogel","date":"28. Mai 2008","format":false,"excerpt":"Seit Anfang 2002 muss der Betreiber einer gesch\u00e4ftsm\u00e4\u00dfig gef\u00fchrten Homepage eine so genannte Anbieterkennzeichnung vorhalten. Sie muss leicht erkennbar, unmittelbar erreichbar und st\u00e4ndig verf\u00fcgbar diverse Angaben zur Person machen. Mit gesch\u00e4ftsm\u00e4\u00dfig sind dabei nicht alleine gewerbliche oder kommerzielle Angebote gemeint. Die Impressumspflicht ergibt sich aus \u00a7 6 Teledienstegesetz (TDG). Es\u2026","rel":"","context":"In &quot;Allgemein&quot;","block_context":{"text":"Allgemein","link":"https:\/\/www.feuerwehr-brilon.de\/?cat=1"},"img":{"alt_text":"","src":"","width":0,"height":0},"classes":[]},{"id":1737,"url":"https:\/\/www.feuerwehr-brilon.de\/?page_id=1737","url_meta":{"origin":32,"position":2},"title":"Jugendfeuerwehrwarte","author":"Marc Heines","date":"29. Januar 2010","format":false,"excerpt":"Stadtjugendfeuerwehrwart Stadtjugendfeuerwehrwart stv. Stadtjugendfeuerwehrwart Holger Knackstedt jugendfeuerwehr(at)feuerwehr-brilon.de jugendfeuerwehr(at)feuerwehr-brilon.de Der Stadtjugendfeuerwehrwart vertritt die Jugendfeuerwehr der Stadt Brilon Er ist der Betreuer der Jugendfeuerwehr innerhalb der Stadt und der Verbindungsmann zum Leiter der Feuerwehr Er ist ferner Kontaktperson zu anderen Stellen auf Stadt-, Kreis- und Landesebene Jugendfeuerwehr Alme Jugendfeuerwehrwart stv. Jugendfeuerwehrwart Hendrik\u2026","rel":"","context":"In &quot;Allgemein&quot;","block_context":{"text":"Allgemein","link":"https:\/\/www.feuerwehr-brilon.de\/?cat=1"},"img":{"alt_text":"","src":"https:\/\/i0.wp.com\/www.feuerwehr-brilon.de\/images\/passbilder\/hkn.JPG?resize=350%2C200","width":350,"height":200},"classes":[]},{"id":5,"url":"https:\/\/www.feuerwehr-brilon.de\/?page_id=5","url_meta":{"origin":32,"position":3},"title":"Einheiten","author":"Daniel Vogel","date":"28. Mai 2008","format":false,"excerpt":"Auf dieser Seite finden Sie eine \u00dcbersicht \u00fcber alle L\u00f6schgruppen und L\u00f6schz\u00fcge der Stadt Brilon. Insgesamt besteht die Freiwillige Feuerwehr der Stadt Brilon aus einem L\u00f6schzug und zw\u00f6lf L\u00f6schgruppen. In diesen Einheiten sind sieben Jugendfeuerwehren integriert. Im aktiven Dienst stehen insgesamt 380 Kameraden, in der Jugendfeuerwehr sind 92 M\u00e4dchen und\u2026","rel":"","context":"In &quot;Allgemein&quot;","block_context":{"text":"Allgemein","link":"https:\/\/www.feuerwehr-brilon.de\/?cat=1"},"img":{"alt_text":"","src":"","width":0,"height":0},"classes":[]},{"id":11,"url":"https:\/\/www.feuerwehr-brilon.de\/?page_id=11","url_meta":{"origin":32,"position":4},"title":"Fahrzeuge","author":"Daniel Vogel","date":"28. Mai 2008","format":false,"excerpt":"Bei der Freiwilligen Feuerwehr der Stadt Brilon sind in einem L\u00f6schzug und zw\u00f6lf L\u00f6schgruppen folgende Fahrzeuge stationiert. Einsatzfahrzeuge des L\u00f6schzug Brilon ELW 1 KEF TLF 4000 DLK 23\/12 HLF 20-01 LF 20 KatS HLF 20-02 Gw-L 2 GW-G MLF Einsatzfahrzeuge der L\u00f6schgruppen MLF Alme MTF Alme MLF Altenb\u00fcren MLF Bontkirchen\u2026","rel":"","context":"In &quot;Allgemein&quot;","block_context":{"text":"Allgemein","link":"https:\/\/www.feuerwehr-brilon.de\/?cat=1"},"img":{"alt_text":"","src":"","width":0,"height":0},"classes":[]},{"id":9300,"url":"https:\/\/www.feuerwehr-brilon.de\/?page_id=9300","url_meta":{"origin":32,"position":5},"title":"Fahrzeug-Reservierungen","author":"Andreas Becker","date":"29. November 2013","format":false,"excerpt":"In diesem Kalender sind Fahrzeugreservierungen und Lehrg\u00e4nge zu sehen. Anfragen bzw. Fahrzeugreservierungen bitte an reservierung@feuerwehr-brilon.de senden. (Bitte auch Uhrzeiten von\/bis angeben!) Poolfahrzeuge: - MTF Brilon - LF20KatS Brilon - Gw-G Brilon - KEF Brilon - HLF20-2 Brilon - MTF Hoppecke","rel":"","context":"\u00c4hnlicher Beitrag","block_context":{"text":"\u00c4hnlicher Beitrag","link":""},"img":{"alt_text":"","src":"","width":0,"height":0},"classes":[]}],"_links":{"self":[{"href":"https:\/\/www.feuerwehr-brilon.de\/index.php?rest_route=\/wp\/v2\/pages\/32","targetHints":{"allow":["GET"]}}],"collection":[{"href":"https:\/\/www.feuerwehr-brilon.de\/index.php?rest_route=\/wp\/v2\/pages"}],"about":[{"href":"https:\/\/www.feuerwehr-brilon.de\/index.php?rest_route=\/wp\/v2\/types\/page"}],"author":[{"embeddable":true,"href":"https:\/\/www.feuerwehr-brilon.de\/index.php?rest_route=\/wp\/v2\/users\/3"}],"replies":[{"embeddable":true,"href":"https:\/\/www.feuerwehr-brilon.de\/index.php?rest_route=%2Fwp%2Fv2%2Fcomments&post=32"}],"version-history":[{"count":3,"href":"https:\/\/www.feuerwehr-brilon.de\/index.php?rest_route=\/wp\/v2\/pages\/32\/revisions"}],"predecessor-version":[{"id":4590,"href":"https:\/\/www.feuerwehr-brilon.de\/index.php?rest_route=\/wp\/v2\/pages\/32\/revisions\/4590"}],"wp:attachment":[{"href":"https:\/\/www.feuerwehr-brilon.de\/index.php?rest_route=%2Fwp%2Fv2%2Fmedia&parent=32"}],"curies":[{"name":"wp","href":"https:\/\/api.w.org\/{rel}","templated":true}]}}