{"id":3283,"date":"2010-10-02T13:07:26","date_gmt":"2010-10-02T11:07:26","guid":{"rendered":"http:\/\/www.feuerwehr-brilon.de\/?page_id=3283"},"modified":"2019-08-13T06:40:07","modified_gmt":"2019-08-13T04:40:07","slug":"nachster-termin","status":"publish","type":"page","link":"https:\/\/www.feuerwehr-brilon.de\/?page_id=3283","title":{"rendered":"N\u00e4chster Termin"},"content":{"rendered":"<p><img loading=\"lazy\" decoding=\"async\" src=\"http:\/\/www.feuerwehr-brilon.de\/images\/sonstige\/next_date_gross.jpg\" class=\"alignnone\" width=\"550\" height=\"792\"><\/p>\n","protected":false},"excerpt":{"rendered":"","protected":false},"author":8,"featured_media":0,"parent":442,"menu_order":0,"comment_status":"closed","ping_status":"closed","template":"","meta":{"_exactmetrics_skip_tracking":false,"_exactmetrics_sitenote_active":false,"_exactmetrics_sitenote_note":"","_exactmetrics_sitenote_category":0,"jetpack_post_was_ever_published":false,"footnotes":""},"class_list":["post-3283","page","type-page","status-publish","hentry"],"jetpack_shortlink":"https:\/\/wp.me\/PCIJa-QX","jetpack_sharing_enabled":true,"jetpack-related-posts":[{"id":10735,"url":"https:\/\/www.feuerwehr-brilon.de\/?page_id=10735","url_meta":{"origin":3283,"position":0},"title":"Bekanntmachungen am Dienstabend","author":"Andreas Becker","date":"22. Juli 2014","format":false,"excerpt":"Bekanntmachungen vom 15.12.2017: - Neue Gesichter in unseren Reihen \u00a0\u00a0\u00a0\u00a0 > Phillip Strohmenger ist von Hoppecke nach Brilon gezogen und geh\u00f6rt zur Schleife 205 \u00a0\u00a0\u00a0\u00a0 > Ab Anfang Februar wird Gokulnath Subramanian bei uns reinschnuppern - Beteiligung gesamt darstellen \u00a0\u00a0\u00a0\u00a0 Beteiligung \/ \u00dcbungsabend darstellen und aush\u00e4ngen - Fahrzeugpflege f\u00fcr 2018\u2026","rel":"","context":"\u00c4hnlicher Beitrag","block_context":{"text":"\u00c4hnlicher Beitrag","link":""},"img":{"alt_text":"","src":"","width":0,"height":0},"classes":[]},{"id":20,"url":"https:\/\/www.feuerwehr-brilon.de\/?page_id=20","url_meta":{"origin":3283,"position":1},"title":"Hoppecke","author":"Daniel Vogel","date":"28. Mai 2008","format":false,"excerpt":"Die L\u00f6schgruppe Hoppecke besteht zur Zeit aus 41 Mitgliedern. Daneben gibt es eine Jugendfeuerwehr mit 20 Mitgliedern. Die L\u00f6schgruppe Hoppecke ist f\u00fcr den Brandschutz in den Ortsteilen Hoppecke und Brilon Wald zust\u00e4ndig. Dar\u00fcber hinaus unterst\u00fctzt sie im Bedarfsfall die L\u00f6schgruppen Messinghausen und Bontkirchen. \u00a0 \u00a0 \u00a0 \u00a0 \u00a0 \u00a0 \u00a0\u2026","rel":"","context":"In &quot;Allgemein&quot;","block_context":{"text":"Allgemein","link":"https:\/\/www.feuerwehr-brilon.de\/?cat=1"},"img":{"alt_text":"","src":"\/images\/gruppenbild\/gr_hoppecke.jpg","width":350,"height":200},"classes":[]}],"_links":{"self":[{"href":"https:\/\/www.feuerwehr-brilon.de\/index.php?rest_route=\/wp\/v2\/pages\/3283","targetHints":{"allow":["GET"]}}],"collection":[{"href":"https:\/\/www.feuerwehr-brilon.de\/index.php?rest_route=\/wp\/v2\/pages"}],"about":[{"href":"https:\/\/www.feuerwehr-brilon.de\/index.php?rest_route=\/wp\/v2\/types\/page"}],"author":[{"embeddable":true,"href":"https:\/\/www.feuerwehr-brilon.de\/index.php?rest_route=\/wp\/v2\/users\/8"}],"replies":[{"embeddable":true,"href":"https:\/\/www.feuerwehr-brilon.de\/index.php?rest_route=%2Fwp%2Fv2%2Fcomments&post=3283"}],"version-history":[{"count":5,"href":"https:\/\/www.feuerwehr-brilon.de\/index.php?rest_route=\/wp\/v2\/pages\/3283\/revisions"}],"predecessor-version":[{"id":21692,"href":"https:\/\/www.feuerwehr-brilon.de\/index.php?rest_route=\/wp\/v2\/pages\/3283\/revisions\/21692"}],"up":[{"embeddable":true,"href":"https:\/\/www.feuerwehr-brilon.de\/index.php?rest_route=\/wp\/v2\/pages\/442"}],"wp:attachment":[{"href":"https:\/\/www.feuerwehr-brilon.de\/index.php?rest_route=%2Fwp%2Fv2%2Fmedia&parent=3283"}],"curies":[{"name":"wp","href":"https:\/\/api.w.org\/{rel}","templated":true}]}}