{"id":36,"date":"2008-05-28T23:58:39","date_gmt":"2008-05-28T21:58:39","guid":{"rendered":"http:\/\/wptest.k-srv.de\/?page_id=36"},"modified":"2012-11-30T17:14:20","modified_gmt":"2012-11-30T16:14:20","slug":"ratgeber","status":"publish","type":"page","link":"https:\/\/www.feuerwehr-brilon.de\/?page_id=36","title":{"rendered":"Ratgeber"},"content":{"rendered":"<p>Hier erhalten Sie allgemeine Informationen zum Brandschutz, zu Notf\u00e4llen, Notruf, Rauchmeldern, Feuerl\u00f6schern und Fettexplosionen. Daneben k\u00f6nnen Sie hier Informationen zu Wespen und den Umgang mit Ihnen abrufen.<\/p>\n<table width=\"100%\" border=\"0\" cellspacing=\"0\" cellpadding=\"0\">\n<tbody>\n<tr>\n<td align=\"center\" width=\"50%\"><a href=\"?page_id=51\"><img decoding=\"async\" src=\".\/images\/ratgeber\/das_richtige_verhalten.jpg\" alt=\"\" \/><\/a><\/td>\n<td align=\"center\" width=\"50%\"><a href=\"?page_id=39\"><img decoding=\"async\" src=\".\/images\/ratgeber\/der_richtige_notruf.jpg\" alt=\"\" \/><\/a><\/td>\n<\/tr>\n<tr>\n<td align=\"center\" width=\"50%\">Das richtige Verhalten<\/td>\n<td align=\"center\" width=\"50%\">Der richtige Notruf<\/td>\n<\/tr>\n<tr>\n<td align=\"center\" width=\"50%\"><a href=\"?page_id=41\"><img decoding=\"async\" src=\".\/images\/ratgeber\/fettexplosion.jpg\" alt=\"\" \/><\/a><\/td>\n<td align=\"center\" width=\"50%\"><a href=\"?page_id=37\"><img decoding=\"async\" src=\".\/images\/ratgeber\/feuerloescher.jpg\" alt=\"\" \/><\/a><\/td>\n<\/tr>\n<tr>\n<td align=\"center\" width=\"50%\">Fettexplosion<\/td>\n<td align=\"center\" width=\"50%\">Feuerl\u00f6scher<\/td>\n<\/tr>\n<tr>\n<td align=\"center\" width=\"50%\"><a href=\"?page_id=52\"><img decoding=\"async\" src=\".\/images\/ratgeber\/freie_fahrt.jpg\" alt=\"\" \/><\/a><\/td>\n<td align=\"center\" width=\"50%\"><a href=\"?page_id=38\"><img decoding=\"async\" src=\".\/images\/ratgeber\/hausnummern.jpg\" alt=\"\" \/><\/a><\/td>\n<\/tr>\n<tr>\n<td align=\"center\" width=\"50%\">Freie Fahrt<\/td>\n<td align=\"center\" width=\"50%\">Hausnummern<\/td>\n<\/tr>\n<tr>\n<td align=\"center\" width=\"50%\"><a href=\"?page_id=56\"><img decoding=\"async\" src=\".\/images\/ratgeber\/notruf_fax.jpg\" alt=\"\" \/><\/a><\/td>\n<td align=\"center\" width=\"50%\"><a href=\"?page_id=40\"><img decoding=\"async\" src=\".\/images\/ratgeber\/rauchmelder.jpg\" alt=\"\" \/><\/a><\/td>\n<\/tr>\n<tr>\n<td align=\"center\" width=\"50%\">Notruf Fax<\/td>\n<td align=\"center\" width=\"50%\">Rauchmelder<\/td>\n<\/tr>\n<tr>\n<td align=\"center\" width=\"50%\"><a href=\"?page_id=55\"><img decoding=\"async\" src=\".\/images\/ratgeber\/silvester.jpg\" alt=\"\" \/><\/a><\/td>\n<td align=\"center\" width=\"50%\"><a href=\"?page_id=7643\"><img decoding=\"async\" src=\".\/images\/ratgeber\/weihnachtszeit.jpg\" alt=\"\" \/><\/a><\/td>\n<\/tr>\n<tr>\n<td align=\"center\" width=\"50%\">Silvestertipps<\/td>\n<td align=\"center\" width=\"50%\">Weihnachtszeit<\/td>\n<\/tr>\n<tr>\n<td align=\"center\" width=\"50%\"><a href=\"?page_id=53\"><img decoding=\"async\" src=\".\/images\/ratgeber\/wespen.jpg\" alt=\"\" \/><\/a><\/td>\n<td align=\"center\" width=\"50%\"><\/td>\n<\/tr>\n<tr>\n<td align=\"center\" width=\"50%\">Wespen und Hornissen<\/td>\n<td align=\"center\" width=\"50%\"><\/td>\n<\/tr>\n<\/tbody>\n<\/table>\n","protected":false},"excerpt":{"rendered":"<p>Hier erhalten Sie allgemeine Informationen zum Brandschutz, zu Notf\u00e4llen, Notruf, Rauchmeldern, Feuerl\u00f6schern und Fettexplosionen. Daneben k\u00f6nnen Sie hier Informationen zu Wespen und den Umgang mit Ihnen abrufen. Das richtige Verhalten Der richtige Notruf Fettexplosion Feuerl\u00f6scher Freie Fahrt Hausnummern Notruf Fax Rauchmelder Silvestertipps Weihnachtszeit Wespen und Hornissen<\/p>\n","protected":false},"author":3,"featured_media":0,"parent":0,"menu_order":95,"comment_status":"closed","ping_status":"closed","template":"","meta":{"_exactmetrics_skip_tracking":false,"_exactmetrics_sitenote_active":false,"_exactmetrics_sitenote_note":"","_exactmetrics_sitenote_category":0,"jetpack_post_was_ever_published":false,"footnotes":""},"class_list":["post-36","page","type-page","status-publish","hentry"],"jetpack_shortlink":"https:\/\/wp.me\/PCIJa-A","jetpack_sharing_enabled":true,"jetpack-related-posts":[{"id":39,"url":"https:\/\/www.feuerwehr-brilon.de\/?page_id=39","url_meta":{"origin":36,"position":0},"title":"Der richtige Notruf","author":"Daniel Vogel","date":"29. Mai 2008","format":false,"excerpt":"Sollten Sie einmal einen Notruf absetzen m\u00fcssen, so sind die richtigen Informationen f\u00fcr die Einsatzzentrale sehr wichtig, damit schnellst m\u00f6glich die Feuerwehr, der Rettungsdienst oder auch die Polizei alarmiert werden kann. Hier die wichtigsten Leits\u00e4tze: 1. Was ist passiert? Beschreiben Sie in kurzen Stichw\u00f6rtern was passiert ist, z.B. Verkehrsunfall, bewusstlose\u2026","rel":"","context":"In &quot;Allgemein&quot;","block_context":{"text":"Allgemein","link":"https:\/\/www.feuerwehr-brilon.de\/?cat=1"},"img":{"alt_text":"","src":"","width":0,"height":0},"classes":[]},{"id":51,"url":"https:\/\/www.feuerwehr-brilon.de\/?page_id=51","url_meta":{"origin":36,"position":1},"title":"Das richtige Verhalten","author":"Daniel Vogel","date":"31. Mai 2008","format":false,"excerpt":"Was tun, wenn es brennt? Ruhe bewahren und keine Panik aufkommen lassen! Bevor Sie selbst zu l\u00f6schen versuchen, immer die Feuerwehr alarmieren \u00fcber Notruf oder Feuermelder Machen Sie klare Angaben \u00fcber die Adresse des Brandorts, sagen Sie, was in welchem Umfang brennt (wenn Sie das wissen) und nennen Sie Ihren\u2026","rel":"","context":"In &quot;Allgemein&quot;","block_context":{"text":"Allgemein","link":"https:\/\/www.feuerwehr-brilon.de\/?cat=1"},"img":{"alt_text":"","src":"","width":0,"height":0},"classes":[]},{"id":14422,"url":"https:\/\/www.feuerwehr-brilon.de\/?page_id=14422","url_meta":{"origin":36,"position":2},"title":"Brandschutzerziehung &#8211; Brandschutzaufkl\u00e4rung","author":"Andreas Becker","date":"21. Februar 2017","format":false,"excerpt":"Auf dieser Seite erfahren Sie: - Was bedeutet \u00fcberhaupt \u201eBrandschutzerziehung\u201c? - Welchen Hintergrund hat die \u201eBrandschutzerziehung\u201c? - An wen richtet sich die \u201eBrandschutzerziehung\/Brandschutzaufkl\u00e4rung\u201c? - Wer f\u00fchrt die \u201eBrandschutzerziehung\/Brandschutzaufkl\u00e4rung\u201c durch? \u00a0 Brandschutzerziehung \u2013 Wieso? Weshalb? Warum? Die Brandschutzerziehung befasst sich u.a. mit dem richtigen Verhalten in einem Brandfall, dem Erlernen des\u2026","rel":"","context":"\u00c4hnlicher Beitrag","block_context":{"text":"\u00c4hnlicher Beitrag","link":""},"img":{"alt_text":"","src":"https:\/\/i0.wp.com\/www.feuerwehr-brilon.de\/wp-up\/2017\/02\/Fuchs_Streichholz-130x150.png?resize=350%2C200","width":350,"height":200},"classes":[]},{"id":56,"url":"https:\/\/www.feuerwehr-brilon.de\/?page_id=56","url_meta":{"origin":36,"position":3},"title":"Notfall Fax","author":"Daniel Vogel","date":"31. Mai 2008","format":false,"excerpt":"Das Notfall Fax f\u00fcr behinderte und geh\u00f6rlose Menschen, sowie Menschen die nicht sprechen k\u00f6nnen. \u00bb Download (*.pdf) \u00bb Download (*.gif) Notfallfaxnummer der Rettungsleitstelle Meschede (nur f\u00fcr den Bereich des Hochsauerlandkreises): Telefax: 0291- 99 94 24 Ben\u00f6tigen Sie aus einem anderen Stadt-\/Kreisgebiet Hilfe, wenden Sie sich bitte an die dortige Rettungsleitstelle.","rel":"","context":"In &quot;Allgemein&quot;","block_context":{"text":"Allgemein","link":"https:\/\/www.feuerwehr-brilon.de\/?cat=1"},"img":{"alt_text":"","src":"","width":0,"height":0},"classes":[]},{"id":15,"url":"https:\/\/www.feuerwehr-brilon.de\/?page_id=15","url_meta":{"origin":36,"position":4},"title":"Alarmierung","author":"Andreas Becker","date":"28. Mai 2008","format":false,"excerpt":"F\u00fcr die Alarmierung der Freiwilligen Feuerwehr Brilon ist die Kreisleitstelle in Meschede zust\u00e4ndig. Die Leitstelle befindet sich im Zentrum f\u00fcr Feuerschutz und Rettungswesen. Hier l\u00e4uft im Rahmen der \"nicht-polizeilichen Gefahrenabwehr\" der Notruf 112 aus den 12 St\u00e4dten und Gemeinden des Hochsauerlandkreises auf. \u00a0 \u00a0 Sowohl die Funkkommunikation als auch die\u2026","rel":"","context":"In &quot;Allgemein&quot;","block_context":{"text":"Allgemein","link":"https:\/\/www.feuerwehr-brilon.de\/?cat=1"},"img":{"alt_text":"Pressestelle Hochsauerlandkreis","src":"https:\/\/i0.wp.com\/www.feuerwehr-brilon.de\/wp-up\/2018\/12\/Disponent-ZFR-Leitstelle-1-150x100.jpg?resize=350%2C200&ssl=1","width":350,"height":200},"classes":[]},{"id":7643,"url":"https:\/\/www.feuerwehr-brilon.de\/?page_id=7643","url_meta":{"origin":36,"position":5},"title":"Tipps zur Weihnachtszeit","author":"Andreas Becker","date":"30. November 2012","format":false,"excerpt":"Duft von frisch gebackenen Pl\u00e4tzchen, R\u00e4ucherst\u00e4bchen oder Punsch und Tannengr\u00fcn. Romantische Stimmung durch Kerzenschein oder Lichterketten. All dies geh\u00f6rt gewiss zur Weihnachtszeit wie die Geschenke unterm Tannenbaum an Heilig Abend. Leider auch die erh\u00f6hten Einsatzzahlen der Feuerwehr verursacht durch Zimmer- oder Wohnungsbr\u00e4nde. Nicht beaufsichtigte Adventsgestecke oder Wachskerzen am Christbaum, sind\u2026","rel":"","context":"\u00c4hnlicher Beitrag","block_context":{"text":"\u00c4hnlicher Beitrag","link":""},"img":{"alt_text":"","src":"","width":0,"height":0},"classes":[]}],"_links":{"self":[{"href":"https:\/\/www.feuerwehr-brilon.de\/index.php?rest_route=\/wp\/v2\/pages\/36","targetHints":{"allow":["GET"]}}],"collection":[{"href":"https:\/\/www.feuerwehr-brilon.de\/index.php?rest_route=\/wp\/v2\/pages"}],"about":[{"href":"https:\/\/www.feuerwehr-brilon.de\/index.php?rest_route=\/wp\/v2\/types\/page"}],"author":[{"embeddable":true,"href":"https:\/\/www.feuerwehr-brilon.de\/index.php?rest_route=\/wp\/v2\/users\/3"}],"replies":[{"embeddable":true,"href":"https:\/\/www.feuerwehr-brilon.de\/index.php?rest_route=%2Fwp%2Fv2%2Fcomments&post=36"}],"version-history":[{"count":1,"href":"https:\/\/www.feuerwehr-brilon.de\/index.php?rest_route=\/wp\/v2\/pages\/36\/revisions"}],"predecessor-version":[{"id":7657,"href":"https:\/\/www.feuerwehr-brilon.de\/index.php?rest_route=\/wp\/v2\/pages\/36\/revisions\/7657"}],"wp:attachment":[{"href":"https:\/\/www.feuerwehr-brilon.de\/index.php?rest_route=%2Fwp%2Fv2%2Fmedia&parent=36"}],"curies":[{"name":"wp","href":"https:\/\/api.w.org\/{rel}","templated":true}]}}