{"id":39,"date":"2008-05-29T00:07:20","date_gmt":"2008-05-28T22:07:20","guid":{"rendered":"http:\/\/wptest.k-srv.de\/?page_id=39"},"modified":"2015-02-10T13:33:59","modified_gmt":"2015-02-10T12:33:59","slug":"der-richtige-notruf","status":"publish","type":"page","link":"https:\/\/www.feuerwehr-brilon.de\/?page_id=39","title":{"rendered":"Der richtige Notruf"},"content":{"rendered":"<p><span style=\"color: #000000;\"><img decoding=\"async\" class=\"alignleft\" style=\"float: left;\" src=\".\/images\/ratgeber\/der_richtige_notruf.jpg\" alt=\"Der richtige Notruf\" title=\"Logo 112-Notruf (BMI)\" \/><\/span><\/p>\n<p>Sollten Sie einmal einen Notruf absetzen m\u00fcssen, so sind die richtigen Informationen f\u00fcr die Einsatzzentrale sehr wichtig, damit schnellst m\u00f6glich die Feuerwehr, der Rettungsdienst oder auch die Polizei alarmiert werden kann.<br \/>\n<\/br><br \/>\n<\/br><br \/>\n<\/br><br \/>\n<strong><span style=\"color: #000000;\">Hier die wichtigsten Leits\u00e4tze:<\/strong><\/br><\/p>\n<hr>\n<p><strong><span style=\"color: #000000;\"><\/p>\n<p>1. Was ist passiert?<\/p>\n<p><\/span><\/strong><\/p>\n<p><span style=\"color: #000000;\">Beschreiben Sie in kurzen Stichw\u00f6rtern was passiert ist, z.B. Verkehrsunfall, bewusstlose Person, Sturz von einer Leiter, Wohnung brennt etc..<\/span><\/p>\n<p><span style=\"color: #000000;\">&nbsp;<\/span><\/p>\n<p><strong><span style=\"color: #000000;\">2. Wo ist es passiert?<\/span><\/strong><\/p>\n<p><span style=\"color: #000000;\">Ortsangabe &#8211; Ortsteil, Stra\u00dfe, Hausnummer. Sind Sie am Unfallort fremd, fragen Sie Ortsans\u00e4ssige\/Passanten. Eine genaue Ortsangabe kann f\u00fcr die Einsatzkr\u00e4fte sehr hilfreich sein, um schnelle Hilfe zu leisten.<\/span><\/p>\n<p><span style=\"color: #000000;\">Sofern Sie \u00fcber ein Mobiltelefon anrufen, sollten Sie besonders pr\u00e4zise Angaben machen, da das Telefon nicht geortet werden kann. Auf \u00fcber\u00f6rtlichen Stra\u00dfen sind Kilometerangaben und\/oder Stationsnummern hilfreich. Wenn m\u00f6glich, sollte der letzte Abzweig oder die letzte Kreuzung genannt werden.<\/span><\/p>\n<p><span style=\"color: #000000;\">&nbsp;<\/span><\/p>\n<p><strong><span style=\"color: #000000;\">3. Wie viele Verletzte?<\/span><\/strong><\/p>\n<p><span style=\"color: #000000;\">Teilen Sie bitte so genau wie m\u00f6glich mit, wieviele Personen verletzt sind. Bei gr\u00f6\u00dferen Unf\u00e4llen reicht eine Sch\u00e4tzung aus.<\/span><\/p>\n<p><span style=\"color: #000000;\">&nbsp;<\/span><\/p>\n<p><strong><span style=\"color: #000000;\">4. Welche Arten von Verletzungen liegen vor?<\/span><\/strong><\/p>\n<p><span style=\"color: #000000;\">Wenn m\u00f6glich, nennen Sie uns die Art von Verletzungen und Erkrankungen. Bei Verkehrsunf\u00e4llen ist auch eine Angabe \u00fcber eingeklemmte Personen wichtig.<\/span><\/p>\n<p><span style=\"color: #000000;\">&nbsp;<\/span><\/p>\n<p><strong><span style=\"color: #000000;\">5. Wer meldet den Notruf?<\/span><\/strong><\/p>\n<p><span style=\"color: #000000;\">Nennen Sie uns bitte Ihren Namen und Ihre Telefonnummer. So k\u00f6nnen Sie bei R\u00fcckfragen erreicht werden.<\/span><\/p>\n<p><span style=\"color: #000000;\">&nbsp;<\/span><\/p>\n<p><strong><span style=\"color: #000000;\">6. Warten Sie auf R\u00fcckfragen.<\/span><\/strong><\/p>\n<p><span style=\"color: #000000;\">Die Leitstelle beendet das Gespr\u00e4ch.<\/span><\/p>\n","protected":false},"excerpt":{"rendered":"<p>Sollten Sie einmal einen Notruf absetzen m\u00fcssen, so sind die richtigen Informationen f\u00fcr die Einsatzzentrale sehr wichtig, damit schnellst m\u00f6glich die Feuerwehr, der Rettungsdienst oder auch die Polizei alarmiert werden kann. Hier die wichtigsten Leits\u00e4tze: 1. Was ist passiert? Beschreiben Sie in kurzen Stichw\u00f6rtern was passiert ist, z.B. Verkehrsunfall, bewusstlose Person, Sturz von einer Leiter, [&hellip;]<\/p>\n","protected":false},"author":3,"featured_media":0,"parent":36,"menu_order":0,"comment_status":"closed","ping_status":"closed","template":"","meta":{"_exactmetrics_skip_tracking":false,"_exactmetrics_sitenote_active":false,"_exactmetrics_sitenote_note":"","_exactmetrics_sitenote_category":0,"jetpack_post_was_ever_published":false,"footnotes":""},"class_list":["post-39","page","type-page","status-publish","hentry"],"jetpack_shortlink":"https:\/\/wp.me\/PCIJa-D","jetpack_sharing_enabled":true,"jetpack-related-posts":[{"id":36,"url":"https:\/\/www.feuerwehr-brilon.de\/?page_id=36","url_meta":{"origin":39,"position":0},"title":"Ratgeber","author":"Daniel Vogel","date":"28. Mai 2008","format":false,"excerpt":"Hier erhalten Sie allgemeine Informationen zum Brandschutz, zu Notf\u00e4llen, Notruf, Rauchmeldern, Feuerl\u00f6schern und Fettexplosionen. Daneben k\u00f6nnen Sie hier Informationen zu Wespen und den Umgang mit Ihnen abrufen. Das richtige Verhalten Der richtige Notruf Fettexplosion Feuerl\u00f6scher Freie Fahrt Hausnummern Notruf Fax Rauchmelder Silvestertipps Weihnachtszeit Wespen und Hornissen","rel":"","context":"In &quot;Allgemein&quot;","block_context":{"text":"Allgemein","link":"https:\/\/www.feuerwehr-brilon.de\/?cat=1"},"img":{"alt_text":"","src":"","width":0,"height":0},"classes":[]},{"id":56,"url":"https:\/\/www.feuerwehr-brilon.de\/?page_id=56","url_meta":{"origin":39,"position":1},"title":"Notfall Fax","author":"Daniel Vogel","date":"31. Mai 2008","format":false,"excerpt":"Das Notfall Fax f\u00fcr behinderte und geh\u00f6rlose Menschen, sowie Menschen die nicht sprechen k\u00f6nnen. \u00bb Download (*.pdf) \u00bb Download (*.gif) Notfallfaxnummer der Rettungsleitstelle Meschede (nur f\u00fcr den Bereich des Hochsauerlandkreises): Telefax: 0291- 99 94 24 Ben\u00f6tigen Sie aus einem anderen Stadt-\/Kreisgebiet Hilfe, wenden Sie sich bitte an die dortige Rettungsleitstelle.","rel":"","context":"In &quot;Allgemein&quot;","block_context":{"text":"Allgemein","link":"https:\/\/www.feuerwehr-brilon.de\/?cat=1"},"img":{"alt_text":"","src":"","width":0,"height":0},"classes":[]},{"id":7643,"url":"https:\/\/www.feuerwehr-brilon.de\/?page_id=7643","url_meta":{"origin":39,"position":2},"title":"Tipps zur Weihnachtszeit","author":"Andreas Becker","date":"30. November 2012","format":false,"excerpt":"Duft von frisch gebackenen Pl\u00e4tzchen, R\u00e4ucherst\u00e4bchen oder Punsch und Tannengr\u00fcn. Romantische Stimmung durch Kerzenschein oder Lichterketten. All dies geh\u00f6rt gewiss zur Weihnachtszeit wie die Geschenke unterm Tannenbaum an Heilig Abend. Leider auch die erh\u00f6hten Einsatzzahlen der Feuerwehr verursacht durch Zimmer- oder Wohnungsbr\u00e4nde. Nicht beaufsichtigte Adventsgestecke oder Wachskerzen am Christbaum, sind\u2026","rel":"","context":"\u00c4hnlicher Beitrag","block_context":{"text":"\u00c4hnlicher Beitrag","link":""},"img":{"alt_text":"","src":"","width":0,"height":0},"classes":[]},{"id":51,"url":"https:\/\/www.feuerwehr-brilon.de\/?page_id=51","url_meta":{"origin":39,"position":3},"title":"Das richtige Verhalten","author":"Daniel Vogel","date":"31. Mai 2008","format":false,"excerpt":"Was tun, wenn es brennt? Ruhe bewahren und keine Panik aufkommen lassen! Bevor Sie selbst zu l\u00f6schen versuchen, immer die Feuerwehr alarmieren \u00fcber Notruf oder Feuermelder Machen Sie klare Angaben \u00fcber die Adresse des Brandorts, sagen Sie, was in welchem Umfang brennt (wenn Sie das wissen) und nennen Sie Ihren\u2026","rel":"","context":"In &quot;Allgemein&quot;","block_context":{"text":"Allgemein","link":"https:\/\/www.feuerwehr-brilon.de\/?cat=1"},"img":{"alt_text":"","src":"","width":0,"height":0},"classes":[]},{"id":14422,"url":"https:\/\/www.feuerwehr-brilon.de\/?page_id=14422","url_meta":{"origin":39,"position":4},"title":"Brandschutzerziehung &#8211; Brandschutzaufkl\u00e4rung","author":"Andreas Becker","date":"21. Februar 2017","format":false,"excerpt":"Auf dieser Seite erfahren Sie: - Was bedeutet \u00fcberhaupt \u201eBrandschutzerziehung\u201c? - Welchen Hintergrund hat die \u201eBrandschutzerziehung\u201c? - An wen richtet sich die \u201eBrandschutzerziehung\/Brandschutzaufkl\u00e4rung\u201c? - Wer f\u00fchrt die \u201eBrandschutzerziehung\/Brandschutzaufkl\u00e4rung\u201c durch? \u00a0 Brandschutzerziehung \u2013 Wieso? Weshalb? Warum? Die Brandschutzerziehung befasst sich u.a. mit dem richtigen Verhalten in einem Brandfall, dem Erlernen des\u2026","rel":"","context":"\u00c4hnlicher Beitrag","block_context":{"text":"\u00c4hnlicher Beitrag","link":""},"img":{"alt_text":"","src":"https:\/\/i0.wp.com\/www.feuerwehr-brilon.de\/wp-up\/2017\/02\/Fuchs_Streichholz-130x150.png?resize=350%2C200","width":350,"height":200},"classes":[]},{"id":15,"url":"https:\/\/www.feuerwehr-brilon.de\/?page_id=15","url_meta":{"origin":39,"position":5},"title":"Alarmierung","author":"Andreas Becker","date":"28. Mai 2008","format":false,"excerpt":"F\u00fcr die Alarmierung der Freiwilligen Feuerwehr Brilon ist die Kreisleitstelle in Meschede zust\u00e4ndig. Die Leitstelle befindet sich im Zentrum f\u00fcr Feuerschutz und Rettungswesen. Hier l\u00e4uft im Rahmen der \"nicht-polizeilichen Gefahrenabwehr\" der Notruf 112 aus den 12 St\u00e4dten und Gemeinden des Hochsauerlandkreises auf. \u00a0 \u00a0 Sowohl die Funkkommunikation als auch die\u2026","rel":"","context":"In &quot;Allgemein&quot;","block_context":{"text":"Allgemein","link":"https:\/\/www.feuerwehr-brilon.de\/?cat=1"},"img":{"alt_text":"Pressestelle Hochsauerlandkreis","src":"https:\/\/i0.wp.com\/www.feuerwehr-brilon.de\/wp-up\/2018\/12\/Disponent-ZFR-Leitstelle-1-150x100.jpg?resize=350%2C200&ssl=1","width":350,"height":200},"classes":[]}],"_links":{"self":[{"href":"https:\/\/www.feuerwehr-brilon.de\/index.php?rest_route=\/wp\/v2\/pages\/39","targetHints":{"allow":["GET"]}}],"collection":[{"href":"https:\/\/www.feuerwehr-brilon.de\/index.php?rest_route=\/wp\/v2\/pages"}],"about":[{"href":"https:\/\/www.feuerwehr-brilon.de\/index.php?rest_route=\/wp\/v2\/types\/page"}],"author":[{"embeddable":true,"href":"https:\/\/www.feuerwehr-brilon.de\/index.php?rest_route=\/wp\/v2\/users\/3"}],"replies":[{"embeddable":true,"href":"https:\/\/www.feuerwehr-brilon.de\/index.php?rest_route=%2Fwp%2Fv2%2Fcomments&post=39"}],"version-history":[{"count":4,"href":"https:\/\/www.feuerwehr-brilon.de\/index.php?rest_route=\/wp\/v2\/pages\/39\/revisions"}],"predecessor-version":[{"id":11546,"href":"https:\/\/www.feuerwehr-brilon.de\/index.php?rest_route=\/wp\/v2\/pages\/39\/revisions\/11546"}],"up":[{"embeddable":true,"href":"https:\/\/www.feuerwehr-brilon.de\/index.php?rest_route=\/wp\/v2\/pages\/36"}],"wp:attachment":[{"href":"https:\/\/www.feuerwehr-brilon.de\/index.php?rest_route=%2Fwp%2Fv2%2Fmedia&parent=39"}],"curies":[{"name":"wp","href":"https:\/\/api.w.org\/{rel}","templated":true}]}}