{"id":40,"date":"2014-06-13T00:09:14","date_gmt":"2014-06-12T22:09:14","guid":{"rendered":"http:\/\/wptest.k-srv.de\/?page_id=40"},"modified":"2015-02-13T07:51:03","modified_gmt":"2015-02-13T06:51:03","slug":"rauchmelder","status":"publish","type":"page","link":"https:\/\/www.feuerwehr-brilon.de\/?page_id=40","title":{"rendered":"Rauchmelder"},"content":{"rendered":"<h1>Freitag, der 13. ist bundesweiter Rauchmeldertag<\/h1>\n<p><a href=\"http:\/\/www.feuerwehr-brilon.de\/images\/adviser\/rauchmelder\/rrl_01.jpg\" rel=\"lightbox\"><img loading=\"lazy\" decoding=\"async\" class=\"alignleft size-thumbnail wp-image-6555\" title=\"Rauchmelder\" alt=\"\" src=\"http:\/\/www.feuerwehr-brilon.de\/images\/adviser\/rauchmelder\/rrl_01_klein.jpg\" width=\"105\" height=\"150\" \/><\/a>In der Bundesrepublik Deutschland sterben pro Jahr mehr als sechshundert Menschen durch Feuer und vor allem auch Rauch. \u00dcber 5.000 Menschen werden bei Br\u00e4nden verletzt, die Sachsch\u00e4den betragen Millionen. Besonders gef\u00e4hrlich ist der bei Wohnungsbr\u00e4nden entstehende Rauch, weil er sich um ein Vielfaches schneller verbreitet als Feuer. Schon in wenigen Sekunden kann die gewohnte Umgebung so stark verrauchen, dass Lebensgefahr besteht.<\/p>\n<p>&nbsp;<\/p>\n<p>&nbsp;<\/p>\n<p><span style=\"color: #000000;\">Trotz gutem baulichem Brandschutz und aller Vorsicht und Aufmerksamkeit, ist letztlich niemand davor gesch\u00fctzt, dass nicht auch in der eigenen Wohnung ein Brand entstehen kann. Ein Defekt an einer elektrischen Leitung oder einem Ger\u00e4t, eine Unachtsamkeit im Haushalt, eine brennende Zigarette im Bett oder mit Feuer spielende Kinder so entsteht schnell ein Brand, der h\u00e4ufig nicht sofort bemerkt wird.<\/span><\/p>\n<p>Oft schwelen solche Brandherde \u00fcber Stunden. Sind M\u00f6bel oder andere Gegenst\u00e4nde mit hohen Kunststoffanteilen betroffen, entwickelt sich beim Verbrennen besonders giftiger Rauch. Wer im Schlaf \u00fcberrascht wird, kann durch die Rauchgase Kohlenmonoxid, Chlor oder Blaus\u00e4uregas das Bewusstsein verlieren. Im schlimmsten Fall erstickt man, ohne auch nur einen Hustenreiz zu versp\u00fcren. Rauchmelder k\u00f6nnen in solchen Situationen Leben retten. Durch einen lauten Warnton werden Menschen selbst aus tiefem Schlaf geweckt. So verschaffen Rauchmelder die n\u00f6tige Zeit, um zu fliehen und die Feuerwehr zu rufen oder m\u00f6glicherweise den Brand selbst zu bek\u00e4mpfen.<\/p>\n<p><span style=\"color: #000000;\"><strong>Wie funktionieren Rauchmelder?<\/strong><\/span><\/p>\n<p><span style=\"color: #000000;\">Die Ger\u00e4te der meisten Hersteller arbeiten nach dem Streulichtprinzip. Bei Rauch in einer bestimmten Konzentration wird ein Lichtstrahl im Ger\u00e4t auf eine Fotozelle gelenkt und l\u00f6st den akustischen Alarm aus.<\/span><\/p>\n<p><span style=\"color: #000000;\"><strong>Worauf ist beim Kauf zu achten?<\/strong><\/span><\/p>\n<p><span style=\"color: #000000;\">Batteriebetriebene Rauchmelder sind nicht teuer. Sie erhalten sie in Elektrofachgesch\u00e4ften, Baum\u00e4rkten und den Technikabteilungen von Kaufh\u00e4usern. Einen batteriebetriebenen Rauchmelder von guter Qualit\u00e4t kann man schon f\u00fcr deutlich unter 30 \u20ac kaufen.<\/span><\/p>\n<p><strong>Tipps f\u00fcr den Kauf &#8211; Bei der Ausstattung ist zu beachten:<\/strong><\/p>\n<p><a href=\"http:\/\/www.feuerwehr-brilon.de\/images\/adviser\/rauchmelder\/rrl_02.jpg\" rel=\"lightbox\"><img loading=\"lazy\" decoding=\"async\" class=\"size-thumbnail wp-image-6555 alignleft\" title=\"Rauchmelder\" alt=\"\" src=\"http:\/\/www.feuerwehr-brilon.de\/images\/adviser\/rauchmelder\/rrl_02_klein.jpg\" width=\"105\" height=\"150\" \/><\/a><\/p>\n<ul>\n<li><span style=\"color: #000000;\">das Ger\u00e4t sollte auf optischer Basis funktionieren,<\/span><\/li>\n<li><span style=\"color: #000000;\">batteriebetriebene Ger\u00e4te sollten schwache Batterien anzeigen (durchschnitfliche Lebensdauer der Batterie: ca. ein bis drei Jahre),<\/span><\/li>\n<li><span style=\"color: #000000;\">das Ger\u00e4t sollte ein CE-Zeichen besitzen, VdS-gepr\u00fcft nach DIN EN 14604 und ein Q-Zertifikat gem\u00e4\u00df VdS 3131 aufweisen,<\/span><\/li>\n<li><span style=\"color: #000000;\">die Ger\u00e4te sollten \u00fcber einen Testknopf verf\u00fcgen,<\/span><\/li>\n<li><span style=\"color: #000000;\">die Ger\u00e4te sollten die M\u00f6glichkeit einer Vernetzung bieten,<\/span><\/li>\n<li><span style=\"color: #000000;\">Markenhersteller gew\u00e4hren mehrj\u00e4hrige Garantien.<\/span><\/li>\n<\/ul>\n<p><span style=\"color: #000000;\"><strong>Rauchmelder f\u00fcr Geh\u00f6rlose<\/strong><\/span><\/p>\n<p><span style=\"color: #000000;\">Dieses System kombiniert eine Zentrale mit einem eingebauten Blitzlicht, einem oder mehreren Rauchmeldern und einem Vibrationsgeber, der beim Schlafen unter das Kopfkissen gelegt wird.<\/span><\/p>\n<p><span style=\"color: #000000;\"><strong>Wo werden Rauchmelder installiert?<\/strong><\/span><\/p>\n<p><span style=\"color: #000000;\">In Privathaushalten geh\u00f6ren Rauchmelder unter die Zimmerdecke und am besten in die Raummitte. Vorzugsweise sind sie vor den Schlafr\u00e4umen zu installieren und in den Schlafzimmern selbst &#8211; vor allem wenn Sie dort elektrische Ger\u00e4te wie Heizdecken, Fernsehapparate o. \u00e4. benutzen. Auch die Kinderzimmer sollten Sie durch ein zus\u00e4tzliches Ger\u00e4t sch\u00fctzen. In H\u00e4usern mit mehreren Stockwerken sollten die Rauchmelder im Flur auf den Etagen montiert werden. Wichtig ist auch ein Rauchmelder im Keller. In K\u00fcche und Bad sollten Sie auf eine Installation verzichten, weil dort durch Koch- und Wasserd\u00e4mpfe Fehlalarm ausgel\u00f6st werden k\u00f6nnte. Auch besonders staubige R\u00e4ume eignen sich nicht f\u00fcr eine Installation.<\/span><\/p>\n<p><span style=\"color: #000000;\">In gr\u00f6\u00dferen H\u00e4usern ist es sinnvoll, die Rauchmelder miteinander zu vernetzen, so dass ein Kellerbrand auch von den in der Wohnung installierten Ger\u00e4ten gemeldet wird.<\/span><\/p>\n<p><span style=\"color: #000000;\">Weitere Informationen erhalten Sie unter <\/span><a title=\"Rauchmelder-Lebensretter\" href=\"http:\/\/www.rauchmelder-lebensretter.de\" target=\"_blank\">www.rauchmelder-lebensretter.de<\/a><br \/>\n<div class=\"BorlabsCookie _brlbs-cb-youtube\"><div class=\"_brlbs-content-blocker\"> <div class=\"_brlbs-embed _brlbs-video-youtube\"> <img class=\"_brlbs-thumbnail\" src=\"https:\/\/www.feuerwehr-brilon.de\/wp-content\/plugins\/borlabs-cookie\/assets\/images\/cb-no-thumbnail.png\" alt=\"YouTube\"> <div class=\"_brlbs-caption\"> <p>Mit dem Laden des Videos akzeptieren Sie die Datenschutzerkl\u00e4rung von YouTube.<br><a href=\"https:\/\/policies.google.com\/privacy\" target=\"_blank\" rel=\"nofollow noopener noreferrer\">Mehr erfahren<\/a><\/p> <p><a class=\"_brlbs-btn _brlbs-icon-play-white\" href=\"#\" data-borlabs-cookie-unblock role=\"button\">Video laden<\/a><\/p> <p><label><input type=\"checkbox\" name=\"unblockAll\" value=\"1\" checked> <small>YouTube immer entsperren<\/small><\/label><\/p> <\/div> <\/div> <\/div><div class=\"borlabs-hide\" data-borlabs-cookie-type=\"content-blocker\" data-borlabs-cookie-id=\"youtube\"><script type=\"text\/template\">PGlmcmFtZSBsb2FkaW5nPSJsYXp5IiBzcmM9Imh0dHA6Ly9kZS55b3V0dWJlLmNvbS92L1B2UW1TVEhwYXQwJmFtcDthcD0lMjUyNmZtdCUzRDE4JmFtcDtyZWw9MCIgaGVpZ2h0PSIyOTUiIHdpZHRoPSI0ODAiIGFsbG93ZnVsbHNjcmVlbj0iIiBmcmFtZWJvcmRlcj0iMCI+PC9pZnJhbWU+PC9wPg==<\/script><\/div><\/div>\n","protected":false},"excerpt":{"rendered":"<p>Freitag, der 13. ist bundesweiter Rauchmeldertag In der Bundesrepublik Deutschland sterben pro Jahr mehr als sechshundert Menschen durch Feuer und vor allem auch Rauch. \u00dcber 5.000 Menschen werden bei Br\u00e4nden verletzt, die Sachsch\u00e4den betragen Millionen. Besonders gef\u00e4hrlich ist der bei Wohnungsbr\u00e4nden entstehende Rauch, weil er sich um ein Vielfaches schneller verbreitet als Feuer. Schon in [&hellip;]<\/p>\n","protected":false},"author":8,"featured_media":0,"parent":36,"menu_order":0,"comment_status":"closed","ping_status":"closed","template":"","meta":{"_exactmetrics_skip_tracking":false,"_exactmetrics_sitenote_active":false,"_exactmetrics_sitenote_note":"","_exactmetrics_sitenote_category":0,"jetpack_post_was_ever_published":false,"footnotes":""},"class_list":["post-40","page","type-page","status-publish","hentry"],"jetpack_shortlink":"https:\/\/wp.me\/PCIJa-E","jetpack_sharing_enabled":true,"jetpack-related-posts":[{"id":14422,"url":"https:\/\/www.feuerwehr-brilon.de\/?page_id=14422","url_meta":{"origin":40,"position":0},"title":"Brandschutzerziehung &#8211; Brandschutzaufkl\u00e4rung","author":"Andreas Becker","date":"21. Februar 2017","format":false,"excerpt":"Auf dieser Seite erfahren Sie: - Was bedeutet \u00fcberhaupt \u201eBrandschutzerziehung\u201c? - Welchen Hintergrund hat die \u201eBrandschutzerziehung\u201c? - An wen richtet sich die \u201eBrandschutzerziehung\/Brandschutzaufkl\u00e4rung\u201c? - Wer f\u00fchrt die \u201eBrandschutzerziehung\/Brandschutzaufkl\u00e4rung\u201c durch? \u00a0 Brandschutzerziehung \u2013 Wieso? Weshalb? Warum? Die Brandschutzerziehung befasst sich u.a. mit dem richtigen Verhalten in einem Brandfall, dem Erlernen des\u2026","rel":"","context":"\u00c4hnlicher Beitrag","block_context":{"text":"\u00c4hnlicher Beitrag","link":""},"img":{"alt_text":"","src":"https:\/\/i0.wp.com\/www.feuerwehr-brilon.de\/wp-up\/2017\/02\/Fuchs_Streichholz-130x150.png?resize=350%2C200","width":350,"height":200},"classes":[]},{"id":1803,"url":"https:\/\/www.feuerwehr-brilon.de\/?page_id=1803","url_meta":{"origin":40,"position":1},"title":"Brand 1852","author":"Marc Heines","date":"20. November 2009","format":false,"excerpt":"Brilon, 22.Juli Gestern gegen 1 Uhr Nachts brach in der Kapellenstra\u00dfe in der Wohnung des Desonomen Geck Feuer aus und breitete sich so rasend schnell, da\u00df die Bewohner kaum Zeit fanden das nackte Leben zu retten, ja viele erst aus tiefem Schlafe geweckt werden mu\u00dften, als es in ihrem Hause\u2026","rel":"","context":"In &quot;Allgemein&quot;","block_context":{"text":"Allgemein","link":"https:\/\/www.feuerwehr-brilon.de\/?cat=1"},"img":{"alt_text":"","src":"","width":0,"height":0},"classes":[]},{"id":51,"url":"https:\/\/www.feuerwehr-brilon.de\/?page_id=51","url_meta":{"origin":40,"position":2},"title":"Das richtige Verhalten","author":"Daniel Vogel","date":"31. Mai 2008","format":false,"excerpt":"Was tun, wenn es brennt? Ruhe bewahren und keine Panik aufkommen lassen! Bevor Sie selbst zu l\u00f6schen versuchen, immer die Feuerwehr alarmieren \u00fcber Notruf oder Feuermelder Machen Sie klare Angaben \u00fcber die Adresse des Brandorts, sagen Sie, was in welchem Umfang brennt (wenn Sie das wissen) und nennen Sie Ihren\u2026","rel":"","context":"In &quot;Allgemein&quot;","block_context":{"text":"Allgemein","link":"https:\/\/www.feuerwehr-brilon.de\/?cat=1"},"img":{"alt_text":"","src":"","width":0,"height":0},"classes":[]},{"id":1791,"url":"https:\/\/www.feuerwehr-brilon.de\/?page_id=1791","url_meta":{"origin":40,"position":3},"title":"Brandreglement","author":"Marc Heines","date":"20. November 2009","format":false,"excerpt":"Verrichtung der Nachtw\u00e4chter So bald die Nachtw\u00e4chter, es seien Strassen- oder Thurmw\u00e4chter in irgend einem Theile der Stadt Feuer erblicken, hat einer von ihnen durch Blasen das gew\u00f6hnliche Feuerzeichen zu geben, annebst der Thurmw\u00e4chter die Feuerlaterne nach demjenigen Theile der Stadt auszuh\u00e4ngen, wo er das Feuer wahrgenom\u00admen hat, sein Kamerad\u2026","rel":"","context":"In &quot;Allgemein&quot;","block_context":{"text":"Allgemein","link":"https:\/\/www.feuerwehr-brilon.de\/?cat=1"},"img":{"alt_text":"","src":"","width":0,"height":0},"classes":[]},{"id":2111,"url":"https:\/\/www.feuerwehr-brilon.de\/?page_id=2111","url_meta":{"origin":40,"position":4},"title":"Brand 1904","author":"Andreas Becker","date":"30. Januar 2010","format":false,"excerpt":"Brilon 29. August Freitag\u00a0 Abend gegen \u00bd 11 Uhr ert\u00f6nte in unserer Stadt Feuerl\u00e4rm. In dem Hause des Sch\u00e4fers Hillebrand an der Niederstra\u00dfe war beim Fruchtabladen infolge Explosion einer Sturmlaterne Feuer auf dem Boden entstanden. Das Feuer griff mit elementarer Gewalt um sich und erfasste bald das Nachbarhaus des Kaufmanns\u2026","rel":"","context":"In &quot;Allgemein&quot;","block_context":{"text":"Allgemein","link":"https:\/\/www.feuerwehr-brilon.de\/?cat=1"},"img":{"alt_text":"","src":"","width":0,"height":0},"classes":[]},{"id":41,"url":"https:\/\/www.feuerwehr-brilon.de\/?page_id=41","url_meta":{"origin":40,"position":5},"title":"Fettexplosion","author":"Daniel Vogel","date":"29. Mai 2008","format":false,"excerpt":"Immer wieder h\u00f6rt oder liest man in Berichten den Begriff Fettexplosion. Aber was passiert bei einer Fettexplosion ? Wie kann sie verhindert werden ? Wir bedanken uns an dieser Stelle bei den Freiwilligen Feuerwehren Hamburg-Altona und Hamburg-Langenhorn, die uns diese Bilder zur Verf\u00fcgung gestellt haben. Eine Fettexplosion entsteht beim Eingie\u00dfen\u2026","rel":"","context":"In &quot;Allgemein&quot;","block_context":{"text":"Allgemein","link":"https:\/\/www.feuerwehr-brilon.de\/?cat=1"},"img":{"alt_text":"","src":"","width":0,"height":0},"classes":[]}],"_links":{"self":[{"href":"https:\/\/www.feuerwehr-brilon.de\/index.php?rest_route=\/wp\/v2\/pages\/40","targetHints":{"allow":["GET"]}}],"collection":[{"href":"https:\/\/www.feuerwehr-brilon.de\/index.php?rest_route=\/wp\/v2\/pages"}],"about":[{"href":"https:\/\/www.feuerwehr-brilon.de\/index.php?rest_route=\/wp\/v2\/types\/page"}],"author":[{"embeddable":true,"href":"https:\/\/www.feuerwehr-brilon.de\/index.php?rest_route=\/wp\/v2\/users\/8"}],"replies":[{"embeddable":true,"href":"https:\/\/www.feuerwehr-brilon.de\/index.php?rest_route=%2Fwp%2Fv2%2Fcomments&post=40"}],"version-history":[{"count":3,"href":"https:\/\/www.feuerwehr-brilon.de\/index.php?rest_route=\/wp\/v2\/pages\/40\/revisions"}],"predecessor-version":[{"id":11549,"href":"https:\/\/www.feuerwehr-brilon.de\/index.php?rest_route=\/wp\/v2\/pages\/40\/revisions\/11549"}],"up":[{"embeddable":true,"href":"https:\/\/www.feuerwehr-brilon.de\/index.php?rest_route=\/wp\/v2\/pages\/36"}],"wp:attachment":[{"href":"https:\/\/www.feuerwehr-brilon.de\/index.php?rest_route=%2Fwp%2Fv2%2Fmedia&parent=40"}],"curies":[{"name":"wp","href":"https:\/\/api.w.org\/{rel}","templated":true}]}}