{"id":442,"date":"2008-12-02T13:15:40","date_gmt":"2008-12-02T12:15:40","guid":{"rendered":"http:\/\/www.feuerwehr-brilon.de\/?page_id=442"},"modified":"2012-09-07T08:27:22","modified_gmt":"2012-09-07T07:27:22","slug":"termine","status":"publish","type":"page","link":"https:\/\/www.feuerwehr-brilon.de\/?page_id=442","title":{"rendered":"Termine"},"content":{"rendered":"<p><img loading=\"lazy\" decoding=\"async\" class=\"alignleft\" title=\"kalender\" src=\".\/images\/sonstige\/kalender.jpg\" alt=\"kalender\" width=\"241\" height=\"179\" \/>Auf dieser Seite werden besondere Termine und Veranstaltungen der Feuerwehr Brilon aufgelistet.<\/p>\n<p>Weitere Termine finden Sie unter dem Link des entsprechendem Monats.<\/p>\n<div id=\"datebook\">\n<ul>\n<li><a href=\"http:\/\/www.feuerwehr-brilon.de\/?page_id=441\">Jan.<\/a><\/li>\n<li><a href=\"http:\/\/www.feuerwehr-brilon.de\/?page_id=447\">Feb.<\/a><\/li>\n<li><a href=\"http:\/\/www.feuerwehr-brilon.de\/?page_id=448\">M\u00e4r.<\/a><\/li>\n<li><a href=\"http:\/\/www.feuerwehr-brilon.de\/?page_id=449\">Apr.<\/a><\/li>\n<li><a href=\"http:\/\/www.feuerwehr-brilon.de\/?page_id=450\">Mai<\/a><\/li>\n<li><a href=\"http:\/\/www.feuerwehr-brilon.de\/?page_id=451\">Juni<\/a><\/li>\n<li><a href=\"http:\/\/www.feuerwehr-brilon.de\/?page_id=452\">Juli<\/a><\/li>\n<li><a href=\"http:\/\/www.feuerwehr-brilon.de\/?page_id=453\">Aug.<\/a><\/li>\n<li><a href=\"http:\/\/www.feuerwehr-brilon.de\/?page_id=454\">Sep.<\/a><\/li>\n<li><a href=\"http:\/\/www.feuerwehr-brilon.de\/?page_id=455\">Okt.<\/a><\/li>\n<li><a href=\"http:\/\/www.feuerwehr-brilon.de\/?page_id=456\">Nov.<\/a><\/li>\n<li><a href=\"http:\/\/www.feuerwehr-brilon.de\/?page_id=457\">Dez.<\/a><\/li>\n<\/ul>\n<p><strong><a href=\"http:\/\/www.feuerwehr-brilon.de\/?page_id=441\">Januar<\/a><\/strong><\/p>\n<table width=\"100%\" border=\"0\" cellpadding=\"0\">\n<tbody>\n<tr>\n<td width=\"110\">18.1.<br \/>\n19:00 Uhr<\/td>\n<td>Ausbilderbesprechung TM II<\/td>\n<td style=\"text-align: right;\">::Feuerwehrhaus Brilon::<\/td>\n<\/tr>\n<tr>\n<td width=\"110\">21.1.<br \/>\n08:30 Uhr<\/td>\n<td>Fzg. und Ger\u00e4tepr\u00fcfung<\/td>\n<td style=\"text-align: right;\">::Feuerwehrhaus Brilon::<\/td>\n<\/tr>\n<tr>\n<td width=\"110\">28.1.<br \/>\n08:30 Uhr<\/td>\n<td>Fzg. und Ger\u00e4tepr\u00fcfung<\/td>\n<td style=\"text-align: right;\">::Feuerwehrhaus Brilon::<\/td>\n<\/tr>\n<\/tbody>\n<\/table>\n<hr \/>\n<p><strong><a href=\"http:\/\/www.feuerwehr-brilon.de\/?page_id=447\">Februar<\/a><\/strong><\/p>\n<table width=\"100%\" border=\"0\" cellpadding=\"0\">\n<tbody>\n<tr>\n<td width=\"110\">24.2. &#8211; 17.3.<\/td>\n<td>Truppmann II Lehrgang<\/td>\n<td style=\"text-align: right;\">::Feuerwehrhaus Brilon::<\/td>\n<\/tr>\n<\/tbody>\n<\/table>\n<hr \/>\n<p><strong><a href=\"http:\/\/www.feuerwehr-brilon.de\/?page_id=448\">M\u00e4rz<\/a><\/strong><\/p>\n<table width=\"100%\" border=\"0\" cellpadding=\"0\">\n<tbody>\n<tr>\n<td width=\"110\">31.3.<\/td>\n<td>FIII Vorbereitung<\/td>\n<td style=\"text-align: right;\">::Feuerwehrhaus Brilon::<\/td>\n<\/tr>\n<\/tbody>\n<\/table>\n<hr \/>\n<p><strong><a href=\"http:\/\/www.feuerwehr-brilon.de\/?page_id=449\">April<\/a><\/strong><\/p>\n<table width=\"100%\" border=\"0\" cellpadding=\"0\">\n<tbody>\n<tr>\n<td width=\"110\">11.4.<br \/>\n18:00 Uhr<\/td>\n<td>Flash Over Container &#8211; Ahden<\/td>\n<td style=\"text-align: right;\">::Feuerwehrhaus Brilon::<\/td>\n<\/tr>\n<tr>\n<td width=\"110\">17.4.<\/td>\n<td>Kreisfeuerwehrtag<\/td>\n<td style=\"text-align: right;\">::Medebach::<\/td>\n<\/tr>\n<tr>\n<td width=\"110\">20. &#8211; 21.4.<\/td>\n<td>Maschinisten Fortbildung<\/td>\n<td style=\"text-align: right;\">::Feuerwehrhaus Brilon::<\/td>\n<\/tr>\n<tr>\n<td width=\"110\">29.4.<\/td>\n<td>100-j\u00e4hriges Bestehen L\u00f6schgruppe Th\u00fclen<\/td>\n<td style=\"text-align: right;\">::Th\u00fclen::<\/td>\n<\/tr>\n<\/tbody>\n<\/table>\n<hr \/>\n<p><strong><a href=\"http:\/\/www.feuerwehr-brilon.de\/?page_id=450\">Mai<\/a><\/strong><\/p>\n<table width=\"100%\" border=\"0\" cellpadding=\"0\">\n<tbody>\n<tr>\n<td width=\"110\">12.5.<\/td>\n<td>Stadtjugendfeuerwehrtag<\/td>\n<td style=\"text-align: right;\">::Messinghausen::<\/td>\n<\/tr>\n<tr>\n<td width=\"110\">19. &#8211; 20.5.<\/td>\n<td>Tag der Offenen T\u00fcr<\/td>\n<td style=\"text-align: right;\">::Scharfenberg::<\/td>\n<\/tr>\n<tr>\n<td width=\"110\">27.5.<\/td>\n<td>Tag der Offenen T\u00fcr<\/td>\n<td style=\"text-align: right;\">::Altenb\u00fcren::<\/td>\n<\/tr>\n<\/tbody>\n<\/table>\n<hr \/>\n<p><strong><a href=\"http:\/\/www.feuerwehr-brilon.de\/?page_id=451\">Juni<\/a><\/strong><\/p>\n<hr \/>\n<p><strong><a href=\"http:\/\/www.feuerwehr-brilon.de\/?page_id=452\">Juli<\/a><\/strong><\/p>\n<table width=\"100%\" border=\"0\" cellpadding=\"0\">\n<tbody>\n<tr>\n<td width=\"110\">15.7.<\/td>\n<td>Wandertag<\/td>\n<td style=\"text-align: right;\">::Brilon::<\/td>\n<\/tr>\n<\/tbody>\n<\/table>\n<hr \/>\n<p><strong><a href=\"http:\/\/www.feuerwehr-brilon.de\/?page_id=453\">August<\/a><\/strong><\/p>\n<table width=\"100%\" border=\"0\" cellpadding=\"0\">\n<tbody>\n<tr>\n<td width=\"110\">4. &#8211; 5.8.<\/td>\n<td>Tag der offenen T\u00fcr<\/td>\n<td style=\"text-align: right;\">::Madfeld::<\/td>\n<\/tr>\n<tr>\n<td width=\"110\">11. &#8211; 12.8.<\/td>\n<td>Waldfest An den Schwarzen Tannen<\/td>\n<td style=\"text-align: right;\">::Alme::<\/td>\n<\/tr>\n<tr>\n<td width=\"110\">18. &#8211; 19.8.<\/td>\n<td>Waldfest im Rochus<\/td>\n<td style=\"text-align: right;\">::Brilon::<\/td>\n<\/tr>\n<\/tbody>\n<\/table>\n<hr \/>\n<p><strong><a href=\"http:\/\/www.feuerwehr-brilon.de\/?page_id=454\">September<\/a><\/strong><\/p>\n<table width=\"100%\" border=\"0\" cellpadding=\"0\">\n<tbody>\n<tr>\n<td width=\"110\">29.9.<\/td>\n<td>Leistungsnachweis des HSK<\/td>\n<td style=\"text-align: right;\">::Sundern Hellefeld::<\/td>\n<\/tr>\n<\/tbody>\n<\/table>\n<hr \/>\n<p><strong><a href=\"http:\/\/www.feuerwehr-brilon.de\/?page_id=455\">Oktober<\/a><\/strong><\/p>\n<table width=\"100%\" border=\"0\" cellpadding=\"0\">\n<tbody>\n<tr>\n<td width=\"110\">2.10.<\/td>\n<td>Atemschutzstrecke<\/td>\n<td style=\"text-align: right;\">::Brilon::<\/td>\n<\/tr>\n<tr>\n<td width=\"110\">6.10.<\/td>\n<td>Herbstfest<\/td>\n<td style=\"text-align: right;\">::Hoppecke::<\/td>\n<\/tr>\n<tr>\n<td width=\"110\">10.10.<br \/>\n18:00 Uhr<\/td>\n<td>Flash Over Container &#8211; Ahden<\/td>\n<td style=\"text-align: right;\">::Feuerwehrhaus Brilon::<\/td>\n<\/tr>\n<tr>\n<td width=\"110\">16.10.<\/td>\n<td>Atemschutzstrecke<\/td>\n<td style=\"text-align: right;\">::Brilon::<\/td>\n<\/tr>\n<tr>\n<td width=\"110\">20.10.<\/td>\n<td>Stadt\u00fcbung<\/td>\n<td style=\"text-align: right;\">::Brilon::<\/td>\n<\/tr>\n<tr>\n<td width=\"110\">27.10.<\/td>\n<td>Fahrzeugweihe<\/td>\n<td style=\"text-align: right;\">::R\u00f6senbeck::<\/td>\n<\/tr>\n<\/tbody>\n<\/table>\n<hr \/>\n<p><strong><a href=\"http:\/\/www.feuerwehr-brilon.de\/?page_id=456\">November<\/a><\/strong><\/p>\n<table width=\"100%\" border=\"0\" cellpadding=\"0\">\n<tbody>\n<tr>\n<td width=\"110\">9.11.-11.11.<\/td>\n<td>Funklehrgang &#8211; Gruppe I<\/td>\n<td style=\"text-align: right;\">::Brilon::<\/td>\n<\/tr>\n<tr>\n<td width=\"110\">16.11.-18.11.<\/td>\n<td>Funklehrgang &#8211; Gruppe II<\/td>\n<td style=\"text-align: right;\">::Brilon::<\/td>\n<\/tr>\n<tr>\n<td width=\"110\">18.11.<\/td>\n<td>Volkstrauertag<\/td>\n<td style=\"text-align: right;\">::Deutschland::<\/td>\n<\/tr>\n<tr>\n<td width=\"110\">16.11. &#8211; 9.12.<\/td>\n<td>ABC I Lehrgang<\/td>\n<td style=\"text-align: right;\">::Feuerwehrhaus Brilon::<\/td>\n<\/tr>\n<\/tbody>\n<\/table>\n<hr \/>\n<p><strong><a href=\"http:\/\/www.feuerwehr-brilon.de\/?page_id=457\">Dezember<\/a><\/strong><\/p>\n<hr \/>\n<\/div>\n","protected":false},"excerpt":{"rendered":"<p>Auf dieser Seite werden besondere Termine und Veranstaltungen der Feuerwehr Brilon aufgelistet. Weitere Termine finden Sie unter dem Link des entsprechendem Monats. Jan. Feb. M\u00e4r. Apr. Mai Juni Juli Aug. Sep. Okt. Nov. Dez. Januar 18.1. 19:00 Uhr Ausbilderbesprechung TM II ::Feuerwehrhaus Brilon:: 21.1. 08:30 Uhr Fzg. und Ger\u00e4tepr\u00fcfung ::Feuerwehrhaus Brilon:: 28.1. 08:30 Uhr Fzg. [&hellip;]<\/p>\n","protected":false},"author":1,"featured_media":0,"parent":0,"menu_order":0,"comment_status":"closed","ping_status":"closed","template":"","meta":{"_exactmetrics_skip_tracking":false,"_exactmetrics_sitenote_active":false,"_exactmetrics_sitenote_note":"","_exactmetrics_sitenote_category":0,"jetpack_post_was_ever_published":false,"footnotes":""},"class_list":["post-442","page","type-page","status-publish","hentry"],"jetpack_shortlink":"https:\/\/wp.me\/PCIJa-78","jetpack_sharing_enabled":true,"jetpack-related-posts":[{"id":7773,"url":"https:\/\/www.feuerwehr-brilon.de\/?page_id=7773","url_meta":{"origin":442,"position":0},"title":"Kalender","author":"Andreas Becker","date":"4. Januar 2013","format":false,"excerpt":"","rel":"","context":"\u00c4hnlicher Beitrag","block_context":{"text":"\u00c4hnlicher Beitrag","link":""},"img":{"alt_text":"","src":"","width":0,"height":0},"classes":[]},{"id":3283,"url":"https:\/\/www.feuerwehr-brilon.de\/?page_id=3283","url_meta":{"origin":442,"position":1},"title":"N\u00e4chster Termin","author":"Andreas Becker","date":"2. Oktober 2010","format":false,"excerpt":"","rel":"","context":"\u00c4hnlicher Beitrag","block_context":{"text":"\u00c4hnlicher Beitrag","link":""},"img":{"alt_text":"","src":"https:\/\/i0.wp.com\/www.feuerwehr-brilon.de\/images\/sonstige\/next_date_gross.jpg?resize=350%2C200","width":350,"height":200,"srcset":"https:\/\/i0.wp.com\/www.feuerwehr-brilon.de\/images\/sonstige\/next_date_gross.jpg?resize=350%2C200 1x, https:\/\/i0.wp.com\/www.feuerwehr-brilon.de\/images\/sonstige\/next_date_gross.jpg?resize=525%2C300 1.5x"},"classes":[]},{"id":1090,"url":"https:\/\/www.feuerwehr-brilon.de\/?page_id=1090","url_meta":{"origin":442,"position":2},"title":"Fahrzeug\u00fcbergabe bei der L\u00f6schgruppe Scharfenberg","author":"Marc Heines","date":"3. Juli 2009","format":false,"excerpt":"Die Stadt Brilon hat f\u00fcr die L\u00f6schgruppe Scharfenberg ein neues Fahrzeug beschafft. Die feierliche \u00dcbergabe findet am 20. M\u00e4rz statt. 16:30 Uhr\u00a0 Empfang der G\u00e4ste an der Sch\u00fctzenhalle 17:00 Uhr Segnungsgottesdienst in der Kirche anschlie\u00dfend Fahrzeugweihe an der Sch\u00fctzenhalle Alle Freunde und F\u00f6rderer der Feuerwehr und der L\u00f6schgruppe Scharfenberg sind\u2026","rel":"","context":"In &quot;Allgemein&quot;","block_context":{"text":"Allgemein","link":"https:\/\/www.feuerwehr-brilon.de\/?cat=1"},"img":{"alt_text":"scharfenberg_fahrzeug","src":"https:\/\/i0.wp.com\/www.feuerwehr-brilon.de\/wp-up\/2009\/07\/scharfenberg_fahrzeug.jpg?resize=350%2C200","width":350,"height":200},"classes":[]},{"id":447,"url":"https:\/\/www.feuerwehr-brilon.de\/?page_id=447","url_meta":{"origin":442,"position":3},"title":"Februar","author":"Marc Heines","date":"5. Dezember 2008","format":false,"excerpt":"Jan. Feb. M\u00e4r. Apr. Mai Juni Juli Aug.Sep. Okt. Nov. Dez. 1 Mi 2 Do 3 Fr 4 Sa 5 So 6 Mo 7 Di 8 Mi 9 Do 10 Fr 11 Sa 12 So 13 Mo 14 Di 15 Mi 16 Do 17 Fr 18 Sa 19 So 20\u2026","rel":"","context":"In &quot;Allgemein&quot;","block_context":{"text":"Allgemein","link":"https:\/\/www.feuerwehr-brilon.de\/?cat=1"},"img":{"alt_text":"","src":"","width":0,"height":0},"classes":[]},{"id":451,"url":"https:\/\/www.feuerwehr-brilon.de\/?page_id=451","url_meta":{"origin":442,"position":4},"title":"Juni","author":"Marc Heines","date":"7. Dezember 2008","format":false,"excerpt":"Jan. Feb. M\u00e4r. Apr. Mai Juni Juli Aug. Sep. Okt. Nov. Dez. 1 Fr 2 Sa 3 So 4 Mo 5 Di 6 Mi 7 Do 8 Fr 9 Sa 10 So 11 Mo 12 Di 13 Mi 14 Do 15 Fr 16 Sa 17 So 18 Mo 19 Di\u2026","rel":"","context":"In &quot;Allgemein&quot;","block_context":{"text":"Allgemein","link":"https:\/\/www.feuerwehr-brilon.de\/?cat=1"},"img":{"alt_text":"","src":"","width":0,"height":0},"classes":[]},{"id":452,"url":"https:\/\/www.feuerwehr-brilon.de\/?page_id=452","url_meta":{"origin":442,"position":5},"title":"Juli","author":"Marc Heines","date":"7. Dezember 2008","format":false,"excerpt":"Jan. Feb. M\u00e4r. Apr. Mai Juni Juli Aug. Sep. Okt. Nov. Dez. 1 So 2 Mo 3 Di 4 Mi 5 Do 6 Fr 7 Sa 8 So 9 Mo 10 Di 11 Mi 12 Do 13 Fr 14 Sa 15 So 16 Mo 17 Di 18 Mi 19 Do\u2026","rel":"","context":"In &quot;Allgemein&quot;","block_context":{"text":"Allgemein","link":"https:\/\/www.feuerwehr-brilon.de\/?cat=1"},"img":{"alt_text":"","src":"","width":0,"height":0},"classes":[]}],"_links":{"self":[{"href":"https:\/\/www.feuerwehr-brilon.de\/index.php?rest_route=\/wp\/v2\/pages\/442","targetHints":{"allow":["GET"]}}],"collection":[{"href":"https:\/\/www.feuerwehr-brilon.de\/index.php?rest_route=\/wp\/v2\/pages"}],"about":[{"href":"https:\/\/www.feuerwehr-brilon.de\/index.php?rest_route=\/wp\/v2\/types\/page"}],"author":[{"embeddable":true,"href":"https:\/\/www.feuerwehr-brilon.de\/index.php?rest_route=\/wp\/v2\/users\/1"}],"replies":[{"embeddable":true,"href":"https:\/\/www.feuerwehr-brilon.de\/index.php?rest_route=%2Fwp%2Fv2%2Fcomments&post=442"}],"version-history":[{"count":3,"href":"https:\/\/www.feuerwehr-brilon.de\/index.php?rest_route=\/wp\/v2\/pages\/442\/revisions"}],"predecessor-version":[{"id":3964,"href":"https:\/\/www.feuerwehr-brilon.de\/index.php?rest_route=\/wp\/v2\/pages\/442\/revisions\/3964"}],"wp:attachment":[{"href":"https:\/\/www.feuerwehr-brilon.de\/index.php?rest_route=%2Fwp%2Fv2%2Fmedia&parent=442"}],"curies":[{"name":"wp","href":"https:\/\/api.w.org\/{rel}","templated":true}]}}