{"id":460,"date":"2008-12-17T15:56:35","date_gmt":"2008-12-17T14:56:35","guid":{"rendered":"http:\/\/www.feuerwehr-brilon.de\/?page_id=460"},"modified":"2011-03-25T22:52:33","modified_gmt":"2011-03-25T20:52:33","slug":"historische-fahrzeuge","status":"publish","type":"page","link":"https:\/\/www.feuerwehr-brilon.de\/?page_id=460","title":{"rendered":"Historische Fahrzeuge"},"content":{"rendered":"<p>Hier erhalten Sie einen \u00dcberblick \u00fcber erhaltene und besondere historische Fahrzeuge der Feuerwehr Brilon.<\/p>\n<p><strong>Motorisierte Fahrzeuge<\/strong><\/p>\n<hr \/>\n<p>\u00a0<\/p>\n<table border=\"0\" cellspacing=\"0\" cellpadding=\"0\" width=\"100%\">\n<tbody>\n<tr>\n<td width=\"50%\" align=\"center\"><a href=\"?page_id=463\"><img loading=\"lazy\" decoding=\"async\" class=\"alignnone size-full wp-image-601\" title=\"slg_oldtimer_grau\" src=\"http:\/\/www.feuerwehr-brilon.de\/wp-up\/2008\/12\/slg_oldtimer_grau.gif\" alt=\"\" width=\"160\" height=\"109\" \/><\/a><\/td>\n<td width=\"50%\" align=\"center\"><a href=\"?page_id=464\"><img loading=\"lazy\" decoding=\"async\" class=\"alignnone size-full wp-image-602\" title=\"dlk_23-12\" src=\"http:\/\/www.feuerwehr-brilon.de\/wp-up\/2008\/12\/dlk_23-12.gif\" alt=\"\" width=\"160\" height=\"97\" \/><\/a><\/td>\n<\/tr>\n<tr>\n<td align=\"center\">Schweres L\u00f6schgruppenfahrzeug LF 15<\/td>\n<td align=\"center\">Drehleiter DLK 23\/12<\/td>\n<\/tr>\n<tr>\n<td width=\"50%\" align=\"center\"><a href=\"?page_id=465\"><img loading=\"lazy\" decoding=\"async\" class=\"alignnone size-full wp-image-603\" title=\"dl_18\" src=\"http:\/\/www.feuerwehr-brilon.de\/wp-up\/2008\/12\/dl_18.gif\" alt=\"\" width=\"160\" height=\"104\" \/><\/a><\/td>\n<td width=\"50%\" align=\"center\"><a href=\"?page_id=619\"><img loading=\"lazy\" decoding=\"async\" class=\"alignnone size-full wp-image-616\" title=\"elw_1_2_klein_vorne\" src=\"http:\/\/www.feuerwehr-brilon.de\/wp-up\/2008\/12\/elw_1_2_klein_vorne.jpg\" alt=\"\" width=\"160\" height=\"120\" \/><\/a><a href=\"?page_id=466\"><\/a><\/td>\n<\/tr>\n<tr>\n<td align=\"center\">Drehleiter DL 18<\/td>\n<td align=\"center\">Einsatzleitwagen ELW<\/td>\n<\/tr>\n<tr>\n<td width=\"50%\" align=\"center\"><a href=\"?page_id=467\"><img loading=\"lazy\" decoding=\"async\" class=\"alignnone size-full wp-image-605\" title=\"tlf_16_neu\" src=\"http:\/\/www.feuerwehr-brilon.de\/wp-up\/2008\/12\/tlf_16_neu.gif\" alt=\"\" width=\"160\" height=\"116\" \/><\/a><\/td>\n<td width=\"50%\" align=\"center\"><a href=\"?page_id=468\"><img loading=\"lazy\" decoding=\"async\" class=\"alignnone size-full wp-image-606\" title=\"mannschaftswagen_brilon_1939_klein\" src=\"http:\/\/www.feuerwehr-brilon.de\/wp-up\/2008\/12\/mannschaftswagen_brilon_1939_klein.gif\" alt=\"\" width=\"160\" height=\"112\" \/><\/a><\/td>\n<\/tr>\n<tr>\n<td align=\"center\">Tankl\u00f6schfahrzeug TLF 16\/25<\/td>\n<td align=\"center\">Mannschaftswagen<\/td>\n<\/tr>\n<\/tbody>\n<\/table>\n<p><strong><\/strong><br \/>\n<BR><br \/>\n<strong>Nicht motorisierte Fahrzeuge<\/strong><\/p>\n<hr \/>\n<p>\u00a0<\/p>\n<table border=\"0\" cellspacing=\"0\" cellpadding=\"0\" width=\"100%\">\n<tbody>\n<tr>\n<td width=\"50%\" align=\"center\"><a href=\"?page_id=469\"><img loading=\"lazy\" decoding=\"async\" class=\"alignnone size-full wp-image-608\" title=\"tsa_brilon\" src=\"http:\/\/www.feuerwehr-brilon.de\/wp-up\/2008\/12\/tsa_brilon.gif\" alt=\"\" width=\"160\" height=\"116\" \/><\/a><a href=\"http:\/\/www.feuerwehr-brilon.de\/wp-up\/2008\/12\/tragkraftspritzenanhanger_1_500.gif\"><\/a><\/td>\n<td width=\"50%\" align=\"center\"><a href=\"?page_id=470\"><img loading=\"lazy\" decoding=\"async\" class=\"alignnone size-full wp-image-609\" title=\"tsa_madfeld\" src=\"http:\/\/www.feuerwehr-brilon.de\/wp-up\/2008\/12\/tsa_madfeld.gif\" alt=\"\" width=\"149\" height=\"120\" \/><\/a><\/td>\n<\/tr>\n<tr>\n<td align=\"center\">Tragkraftspritzenanh\u00e4nger Brilon<\/td>\n<td align=\"center\">Tragkraftspritzenanh\u00e4nger Madfeld<\/td>\n<\/tr>\n<tr>\n<td width=\"50%\" align=\"center\"><a href=\"?page_id=471\"><img loading=\"lazy\" decoding=\"async\" class=\"alignnone size-full wp-image-607\" title=\"tragkraftspritzenanhanger_1_500\" src=\"http:\/\/www.feuerwehr-brilon.de\/wp-up\/2008\/12\/tragkraftspritzenanhanger_1_500.gif\" alt=\"\" width=\"160\" height=\"114\" \/><\/a><\/td>\n<td width=\"50%\" align=\"center\"><a href=\"?page_id=473\"><img loading=\"lazy\" decoding=\"async\" class=\"alignnone size-full wp-image-610\" title=\"handdruckspritze_brilon_1\" src=\"http:\/\/www.feuerwehr-brilon.de\/wp-up\/2008\/12\/handdruckspritze_brilon_1.gif\" alt=\"\" width=\"160\" height=\"92\" \/><\/a><\/td>\n<\/tr>\n<tr>\n<td align=\"center\">Tragkraftspritzenkarren<\/td>\n<td align=\"center\">Handdruckspritze Brilon I<\/td>\n<\/tr>\n<tr>\n<td width=\"50%\" align=\"center\"><a href=\"?page_id=474\"><img loading=\"lazy\" decoding=\"async\" class=\"alignnone size-full wp-image-611\" title=\"handdruckspritze_brilon_2_festzug\" src=\"http:\/\/www.feuerwehr-brilon.de\/wp-up\/2008\/12\/handdruckspritze_brilon_2_festzug.gif\" alt=\"\" width=\"160\" height=\"110\" \/><\/a><\/td>\n<td width=\"50%\" align=\"center\"><a href=\"?page_id=475\"><img loading=\"lazy\" decoding=\"async\" class=\"alignnone size-full wp-image-612\" title=\"handruckspritze_rixen\" src=\"http:\/\/www.feuerwehr-brilon.de\/wp-up\/2008\/12\/handruckspritze_rixen.gif\" alt=\"\" width=\"160\" height=\"115\" \/><\/a><\/td>\n<\/tr>\n<tr>\n<td align=\"center\">Handdruckspritze Brilon II<\/td>\n<td align=\"center\">Handdruckspritze Rixen<\/td>\n<\/tr>\n<tr>\n<td width=\"50%\" align=\"center\"><a href=\"?page_id=4630\"><img loading=\"lazy\" decoding=\"async\" class=\"alignnone size-full wp-image-613\" title=\"handdruckspritze_rosenbeck_2000\" src=\"http:\/\/www.feuerwehr-brilon.de\/wp-up\/2008\/12\/handdruckspritze_rosenbeck_2000.gif\" alt=\"\" width=\"148\" height=\"120\" \/><\/a><\/td>\n<td width=\"50%\" align=\"center\"><a href=\"?page_id=477\"><img loading=\"lazy\" decoding=\"async\" class=\"alignnone size-full wp-image-614\" title=\"handspritze_wulfte\" src=\"http:\/\/www.feuerwehr-brilon.de\/wp-up\/2008\/12\/handspritze_wulfte.gif\" alt=\"\" width=\"127\" height=\"120\" \/><\/a><\/td>\n<\/tr>\n<tr>\n<td align=\"center\">Handdruckspritze R\u00f6senbeck<\/td>\n<td align=\"center\">Handdruckspritze W\u00fclfte<\/td>\n<\/tr>\n<tr>\n<td width=\"50%\" align=\"center\"><a href=\"?page_id=472\"><img loading=\"lazy\" decoding=\"async\" class=\"alignnone size-full wp-image-615\" title=\"hydrantenkarren_scharfenberg\" src=\"http:\/\/www.feuerwehr-brilon.de\/wp-up\/2008\/12\/hydrantenkarren_scharfenberg.gif\" alt=\"\" width=\"160\" height=\"116\" \/><\/a><a href=\"?page_id=476\"><\/a><\/td>\n<td width=\"50%\" align=\"center\"><a href=\"?page_id=466\"><img loading=\"lazy\" decoding=\"async\" class=\"alignnone size-full wp-image-604\" title=\"steigleiter_festzug_neu\" src=\"http:\/\/www.feuerwehr-brilon.de\/wp-up\/2008\/12\/steigleiter_festzug_neu.gif\" alt=\"\" width=\"155\" height=\"120\" \/><\/a><a href=\"?page_id=477\"><\/a><\/td>\n<\/tr>\n<tr>\n<td align=\"center\">Hydrantenkarren<\/td>\n<td align=\"center\">Steigleiter<\/td>\n<\/tr>\n<\/tbody>\n<\/table>\n","protected":false},"excerpt":{"rendered":"<p>Hier erhalten Sie einen \u00dcberblick \u00fcber erhaltene und besondere historische Fahrzeuge der Feuerwehr Brilon. Motorisierte Fahrzeuge \u00a0 Schweres L\u00f6schgruppenfahrzeug LF 15 Drehleiter DLK 23\/12 Drehleiter DL 18 Einsatzleitwagen ELW Tankl\u00f6schfahrzeug TLF 16\/25 Mannschaftswagen Nicht motorisierte Fahrzeuge \u00a0 Tragkraftspritzenanh\u00e4nger Brilon Tragkraftspritzenanh\u00e4nger Madfeld Tragkraftspritzenkarren Handdruckspritze Brilon I Handdruckspritze Brilon II Handdruckspritze Rixen Handdruckspritze R\u00f6senbeck Handdruckspritze W\u00fclfte Hydrantenkarren [&hellip;]<\/p>\n","protected":false},"author":6,"featured_media":0,"parent":0,"menu_order":98,"comment_status":"closed","ping_status":"closed","template":"","meta":{"_exactmetrics_skip_tracking":false,"_exactmetrics_sitenote_active":false,"_exactmetrics_sitenote_note":"","_exactmetrics_sitenote_category":0,"jetpack_post_was_ever_published":false,"footnotes":""},"class_list":["post-460","page","type-page","status-publish","hentry"],"jetpack_shortlink":"https:\/\/wp.me\/PCIJa-7q","jetpack_sharing_enabled":true,"jetpack-related-posts":[{"id":2535,"url":"https:\/\/www.feuerwehr-brilon.de\/?page_id=2535","url_meta":{"origin":460,"position":0},"title":"DL18 Bildergalerie 2011","author":"Andreas Becker","date":"21. M\u00e4rz 2010","format":false,"excerpt":"Fortschritt bis Dezember 2011 [nggallery id=39]","rel":"","context":"In &quot;Allgemein&quot;","block_context":{"text":"Allgemein","link":"https:\/\/www.feuerwehr-brilon.de\/?cat=1"},"img":{"alt_text":"","src":"","width":0,"height":0},"classes":[]},{"id":8367,"url":"https:\/\/www.feuerwehr-brilon.de\/?page_id=8367","url_meta":{"origin":460,"position":1},"title":"DL 18 &#8211; Leiterpark","author":"Andreas Becker","date":"23. Mai 2013","format":false,"excerpt":"Demontage, Lackierung und Montage Leiterpark... [nggallery id=47]","rel":"","context":"\u00c4hnlicher Beitrag","block_context":{"text":"\u00c4hnlicher Beitrag","link":""},"img":{"alt_text":"","src":"","width":0,"height":0},"classes":[]},{"id":8373,"url":"https:\/\/www.feuerwehr-brilon.de\/?page_id=8373","url_meta":{"origin":460,"position":2},"title":"DL 18 Bildergalerie 2013","author":"Andreas Becker","date":"23. Mai 2013","format":false,"excerpt":"Fortschritt bis Mai 2013 [nggallery id=48]","rel":"","context":"\u00c4hnlicher Beitrag","block_context":{"text":"\u00c4hnlicher Beitrag","link":""},"img":{"alt_text":"","src":"","width":0,"height":0},"classes":[]},{"id":13439,"url":"https:\/\/www.feuerwehr-brilon.de\/?page_id=13439","url_meta":{"origin":460,"position":3},"title":"Oldtimer Rundfahrten","author":"Andreas Becker","date":"15. Mai 2016","format":false,"excerpt":"07.05.2016 - Oldtimer Sauerland Rundfahrt - Brilon","rel":"","context":"\u00c4hnlicher Beitrag","block_context":{"text":"\u00c4hnlicher Beitrag","link":""},"img":{"alt_text":"IMG_0075","src":"https:\/\/i0.wp.com\/www.feuerwehr-brilon.de\/wp-up\/2016\/05\/IMG_0075-113x150.jpg?resize=350%2C200","width":350,"height":200},"classes":[]},{"id":471,"url":"https:\/\/www.feuerwehr-brilon.de\/?page_id=471","url_meta":{"origin":460,"position":4},"title":"Tragkraftspritzenkarren","author":"Marc Heines","date":"13. Dezember 2008","format":false,"excerpt":"Tragkraftspritzenkarren aus dem Jahre 1933. Er war von 1933 bis 1943 beim L\u00f6schzug Brilon im Einsatz. Der Hersteller des Tragkraftspritzenkarrens ist nicht bekannt. Er wurde von einem Traktor gezogen, Schlepper Deutz 11 PS. Die Tragkraftspritze TS 8\/8 leistet 800 Liter\/Minute bei 8 bar. m","rel":"","context":"In &quot;Allgemein&quot;","block_context":{"text":"Allgemein","link":"https:\/\/www.feuerwehr-brilon.de\/?cat=1"},"img":{"alt_text":"","src":"https:\/\/i0.wp.com\/www.feuerwehr-brilon.de\/wp-up\/2008\/12\/tragkraftspritzenanhanger_1_500.jpg?resize=350%2C200","width":350,"height":200},"classes":[]},{"id":619,"url":"https:\/\/www.feuerwehr-brilon.de\/?page_id=619","url_meta":{"origin":460,"position":5},"title":"Einsatzleitwagen ELW","author":"Marc Heines","date":"18. Dezember 2008","format":false,"excerpt":"Typ ELW (ehemals Bund) Leistung 51\u00a0KW \/\u00a070 PS Baujahr 1980 Gewicht 2.300\u00a0kg Fahrgestell Volkswagen Bulli 23 Besatzung 1 + 6 \u00a0 Im Heckbereich ist ein Stromaggregat und Zubeh\u00f6r untergebracht. In der oben sichtbaren Holzkiste sind B\u00fcromaterialien und Karten gelagert. Sie sind vom Mannschaftsraum zug\u00e4nglich. \u00a0 \u00a0 \u00a0","rel":"","context":"In &quot;Allgemein&quot;","block_context":{"text":"Allgemein","link":"https:\/\/www.feuerwehr-brilon.de\/?cat=1"},"img":{"alt_text":"","src":"https:\/\/i0.wp.com\/www.feuerwehr-brilon.de\/wp-up\/2008\/12\/elw_ii.jpg?resize=350%2C200","width":350,"height":200},"classes":[]}],"_links":{"self":[{"href":"https:\/\/www.feuerwehr-brilon.de\/index.php?rest_route=\/wp\/v2\/pages\/460","targetHints":{"allow":["GET"]}}],"collection":[{"href":"https:\/\/www.feuerwehr-brilon.de\/index.php?rest_route=\/wp\/v2\/pages"}],"about":[{"href":"https:\/\/www.feuerwehr-brilon.de\/index.php?rest_route=\/wp\/v2\/types\/page"}],"author":[{"embeddable":true,"href":"https:\/\/www.feuerwehr-brilon.de\/index.php?rest_route=\/wp\/v2\/users\/6"}],"replies":[{"embeddable":true,"href":"https:\/\/www.feuerwehr-brilon.de\/index.php?rest_route=%2Fwp%2Fv2%2Fcomments&post=460"}],"version-history":[{"count":3,"href":"https:\/\/www.feuerwehr-brilon.de\/index.php?rest_route=\/wp\/v2\/pages\/460\/revisions"}],"predecessor-version":[{"id":4628,"href":"https:\/\/www.feuerwehr-brilon.de\/index.php?rest_route=\/wp\/v2\/pages\/460\/revisions\/4628"}],"wp:attachment":[{"href":"https:\/\/www.feuerwehr-brilon.de\/index.php?rest_route=%2Fwp%2Fv2%2Fmedia&parent=460"}],"curies":[{"name":"wp","href":"https:\/\/api.w.org\/{rel}","templated":true}]}}