{"id":4630,"date":"2011-03-25T22:52:20","date_gmt":"2011-03-25T20:52:20","guid":{"rendered":"http:\/\/www.feuerwehr-brilon.de\/?page_id=4630"},"modified":"2011-03-25T22:52:20","modified_gmt":"2011-03-25T20:52:20","slug":"handdruckspritze-rosenbeck","status":"publish","type":"page","link":"https:\/\/www.feuerwehr-brilon.de\/?page_id=4630","title":{"rendered":"Handdruckspritze R\u00f6senbeck"},"content":{"rendered":"<p>Das Baujahr und die Herstellerfirma der Handruckspritze sind nicht bekannt. Die Handdruckspritze leistet 200 Liter pro Minute bei 50 H\u00fcben. Sie wurde f\u00fcnf Personen gezogen.<a rel=\"lytebox\" href=\"http:\/\/www.feuerwehr-brilon.de\/wp-up\/2011\/03\/pumpe_roesenbeck.jpg\"><img loading=\"lazy\" decoding=\"async\" class=\"alignleft size-medium wp-image-4638\" title=\"pumpe_roesenbeck\" src=\"http:\/\/www.feuerwehr-brilon.de\/wp-up\/2011\/03\/pumpe_roesenbeck-500x375.jpg\" alt=\"\" width=\"500\" height=\"363\" \/><\/a><br \/>\n<a rel=\"lytebox\" href=\"http:\/\/www.feuerwehr-brilon.de\/wp-up\/2011\/03\/Handdruckspritze_Rosenbeck_2000.jpg\"><img loading=\"lazy\" decoding=\"async\" class=\"size-full wp-image-4631 alignleft\" title=\"Handdruckspritze_Rosenbeck_2000\" src=\"http:\/\/www.feuerwehr-brilon.de\/wp-up\/2011\/03\/Handdruckspritze_Rosenbeck_2000.jpg\" alt=\"\" width=\"450\" height=\"363\" srcset=\"https:\/\/www.feuerwehr-brilon.de\/wp-up\/2011\/03\/Handdruckspritze_Rosenbeck_2000.jpg 450w, https:\/\/www.feuerwehr-brilon.de\/wp-up\/2011\/03\/Handdruckspritze_Rosenbeck_2000-150x121.jpg 150w\" sizes=\"auto, (max-width: 450px) 100vw, 450px\" \/><\/a><\/p>\n<p>&nbsp;<\/p>\n<p>&nbsp;<\/p>\n<p>&nbsp;<\/p>\n<p>&nbsp;<\/p>\n<p>&nbsp;<\/p>\n<p>&nbsp;<\/p>\n<p>&nbsp;<\/p>\n<p style=\"text-align: left;\">&nbsp;<\/p>\n<p style=\"text-align: left;\">&nbsp;<\/p>\n<p style=\"text-align: left;\">&nbsp;<\/p>\n<p style=\"text-align: left;\">&nbsp;<\/p>\n<p style=\"text-align: left;\">&nbsp;<\/p>\n<p style=\"text-align: left;\">&nbsp;<\/p>\n<p style=\"text-align: left;\">&nbsp;<\/p>\n<p style=\"text-align: left;\">Die Handruckspritze beim 750-j\u00e4hrigen Jubil\u00e4um R\u00f6senbecks im Jahre 2000.<br \/>\n<a rel=\"lytebox\" href=\"http:\/\/www.feuerwehr-brilon.de\/wp-up\/2011\/03\/Handdruckspritze_Rosenbeck_2000_pumpen.jpg\"><img loading=\"lazy\" decoding=\"async\" class=\"size-full wp-image-4632\" title=\"Handdruckspritze_Rosenbeck_2000_pumpen\" src=\"http:\/\/www.feuerwehr-brilon.de\/wp-up\/2011\/03\/Handdruckspritze_Rosenbeck_2000_pumpen.jpg\" alt=\"\" width=\"550\" height=\"398\" srcset=\"https:\/\/www.feuerwehr-brilon.de\/wp-up\/2011\/03\/Handdruckspritze_Rosenbeck_2000_pumpen.jpg 550w, https:\/\/www.feuerwehr-brilon.de\/wp-up\/2011\/03\/Handdruckspritze_Rosenbeck_2000_pumpen-150x108.jpg 150w, https:\/\/www.feuerwehr-brilon.de\/wp-up\/2011\/03\/Handdruckspritze_Rosenbeck_2000_pumpen-500x361.jpg 500w\" sizes=\"auto, (max-width: 550px) 100vw, 550px\" \/><\/a><\/p>\n","protected":false},"excerpt":{"rendered":"<p>Das Baujahr und die Herstellerfirma der Handruckspritze sind nicht bekannt. Die Handdruckspritze leistet 200 Liter pro Minute bei 50 H\u00fcben. Sie wurde f\u00fcnf Personen gezogen. &nbsp; &nbsp; &nbsp; &nbsp; &nbsp; &nbsp; &nbsp; &nbsp; &nbsp; &nbsp; &nbsp; &nbsp; &nbsp; &nbsp; Die Handruckspritze beim 750-j\u00e4hrigen Jubil\u00e4um R\u00f6senbecks im Jahre 2000.<\/p>\n","protected":false},"author":8,"featured_media":0,"parent":473,"menu_order":0,"comment_status":"closed","ping_status":"closed","template":"","meta":{"_exactmetrics_skip_tracking":false,"_exactmetrics_sitenote_active":false,"_exactmetrics_sitenote_note":"","_exactmetrics_sitenote_category":0,"jetpack_post_was_ever_published":false,"footnotes":""},"class_list":["post-4630","page","type-page","status-publish","hentry"],"jetpack_shortlink":"https:\/\/wp.me\/PCIJa-1cG","jetpack_sharing_enabled":true,"jetpack-related-posts":[{"id":460,"url":"https:\/\/www.feuerwehr-brilon.de\/?page_id=460","url_meta":{"origin":4630,"position":0},"title":"Historische Fahrzeuge","author":"Marc Heines","date":"17. Dezember 2008","format":false,"excerpt":"Hier erhalten Sie einen \u00dcberblick \u00fcber erhaltene und besondere historische Fahrzeuge der Feuerwehr Brilon. Motorisierte Fahrzeuge \u00a0 Schweres L\u00f6schgruppenfahrzeug LF 15 Drehleiter DLK 23\/12 Drehleiter DL 18 Einsatzleitwagen ELW Tankl\u00f6schfahrzeug TLF 16\/25 Mannschaftswagen Nicht motorisierte Fahrzeuge \u00a0 Tragkraftspritzenanh\u00e4nger Brilon Tragkraftspritzenanh\u00e4nger Madfeld Tragkraftspritzenkarren Handdruckspritze Brilon I Handdruckspritze Brilon II Handdruckspritze Rixen\u2026","rel":"","context":"In &quot;Allgemein&quot;","block_context":{"text":"Allgemein","link":"https:\/\/www.feuerwehr-brilon.de\/?cat=1"},"img":{"alt_text":"","src":"https:\/\/i0.wp.com\/www.feuerwehr-brilon.de\/wp-up\/2008\/12\/slg_oldtimer_grau.gif?resize=350%2C200","width":350,"height":200},"classes":[]},{"id":473,"url":"https:\/\/www.feuerwehr-brilon.de\/?page_id=473","url_meta":{"origin":4630,"position":1},"title":"Handdruckspritzen","author":"Marc Heines","date":"13. Dezember 2008","format":false,"excerpt":"Brilon 1 Handdruckspritze aus dem Jahre 1880. Sie war von 1880 bis 1933 beim L\u00f6schzug Brilon im Einsatz. Die Handruckspritze wurde 1880 von der Firma Hoeing in Koeln hergestellt. Sie leistet 350 Liter pro Minute bei 8 Personen und 50 H\u00fcben. Sie wurde von zwei Pferden gezogen. Die Handruckspritze beim\u2026","rel":"","context":"In &quot;Allgemein&quot;","block_context":{"text":"Allgemein","link":"https:\/\/www.feuerwehr-brilon.de\/?cat=1"},"img":{"alt_text":"","src":"https:\/\/i0.wp.com\/www.feuerwehr-brilon.de\/wp-up\/2008\/12\/handdruckspritze_brilon_1.jpg?resize=350%2C200","width":350,"height":200},"classes":[]},{"id":20,"url":"https:\/\/www.feuerwehr-brilon.de\/?page_id=20","url_meta":{"origin":4630,"position":2},"title":"Hoppecke","author":"Daniel Vogel","date":"28. Mai 2008","format":false,"excerpt":"Die L\u00f6schgruppe Hoppecke besteht zur Zeit aus 41 Mitgliedern. Daneben gibt es eine Jugendfeuerwehr mit 20 Mitgliedern. Die L\u00f6schgruppe Hoppecke ist f\u00fcr den Brandschutz in den Ortsteilen Hoppecke und Brilon Wald zust\u00e4ndig. Dar\u00fcber hinaus unterst\u00fctzt sie im Bedarfsfall die L\u00f6schgruppen Messinghausen und Bontkirchen. \u00a0 \u00a0 \u00a0 \u00a0 \u00a0 \u00a0 \u00a0\u2026","rel":"","context":"In &quot;Allgemein&quot;","block_context":{"text":"Allgemein","link":"https:\/\/www.feuerwehr-brilon.de\/?cat=1"},"img":{"alt_text":"","src":"\/images\/gruppenbild\/gr_hoppecke.jpg","width":350,"height":200},"classes":[]},{"id":822,"url":"https:\/\/www.feuerwehr-brilon.de\/?page_id=822","url_meta":{"origin":4630,"position":3},"title":"Geschichte","author":"Marc Heines","date":"11. Mai 2009","format":false,"excerpt":"Abri\u00df \u00fcber die Geschichte der L\u00f6schgruppe Messinghausen Die Freiwillige Feuerwehr Messinghausen wurde im Jahre 1913 gegr\u00fcndet. In den Jahren zuvor gab es in Messinghausen zwar Ger\u00e4tschaften zur Brandbek\u00e4mpfung, eine Pflichtfeuerwehr bestand jedoch, anders als in anderen Ortschaften, erst ab dem Jahre 1911. Zuvor hatten sich auch f\u00fcr eine Pflichtfeuerwehr nicht\u2026","rel":"","context":"In &quot;Allgemein&quot;","block_context":{"text":"Allgemein","link":"https:\/\/www.feuerwehr-brilon.de\/?cat=1"},"img":{"alt_text":"","src":"","width":0,"height":0},"classes":[]}],"_links":{"self":[{"href":"https:\/\/www.feuerwehr-brilon.de\/index.php?rest_route=\/wp\/v2\/pages\/4630","targetHints":{"allow":["GET"]}}],"collection":[{"href":"https:\/\/www.feuerwehr-brilon.de\/index.php?rest_route=\/wp\/v2\/pages"}],"about":[{"href":"https:\/\/www.feuerwehr-brilon.de\/index.php?rest_route=\/wp\/v2\/types\/page"}],"author":[{"embeddable":true,"href":"https:\/\/www.feuerwehr-brilon.de\/index.php?rest_route=\/wp\/v2\/users\/8"}],"replies":[{"embeddable":true,"href":"https:\/\/www.feuerwehr-brilon.de\/index.php?rest_route=%2Fwp%2Fv2%2Fcomments&post=4630"}],"version-history":[{"count":3,"href":"https:\/\/www.feuerwehr-brilon.de\/index.php?rest_route=\/wp\/v2\/pages\/4630\/revisions"}],"predecessor-version":[{"id":4647,"href":"https:\/\/www.feuerwehr-brilon.de\/index.php?rest_route=\/wp\/v2\/pages\/4630\/revisions\/4647"}],"up":[{"embeddable":true,"href":"https:\/\/www.feuerwehr-brilon.de\/index.php?rest_route=\/wp\/v2\/pages\/473"}],"wp:attachment":[{"href":"https:\/\/www.feuerwehr-brilon.de\/index.php?rest_route=%2Fwp%2Fv2%2Fmedia&parent=4630"}],"curies":[{"name":"wp","href":"https:\/\/api.w.org\/{rel}","templated":true}]}}