{"id":469,"date":"2008-12-13T16:21:31","date_gmt":"2008-12-13T15:21:31","guid":{"rendered":"http:\/\/www.feuerwehr-brilon.de\/?page_id=469"},"modified":"2010-10-26T19:26:21","modified_gmt":"2010-10-26T17:26:21","slug":"tragkraftspritzenanhanger-brilon","status":"publish","type":"page","link":"https:\/\/www.feuerwehr-brilon.de\/?page_id=469","title":{"rendered":"Tragkraftspritzenanh\u00e4nger"},"content":{"rendered":"<h1>Brilon<\/h1>\n<p>Der Tragkraftspritzenanh\u00e4nger wurde vom Milit\u00e4r erworben. Er war von 1948 bis 1970 beim L\u00f6schzug Brilon im Einsatz.<\/p>\n<p style=\"text-align: center;\"><img loading=\"lazy\" decoding=\"async\" class=\"size-full wp-image-505    aligncenter\" title=\"tsa_brilon\" src=\"http:\/\/www.feuerwehr-brilon.de\/wp-up\/2008\/12\/tsa_brilon.jpg\" alt=\"\" width=\"500\" height=\"363\" \/><\/p>\n<p><br clear=\"all\"><br \/>\nDas Baujahr und der Hersteller des Tragkraftspritzenanh\u00e4ngers sind nicht bekannt. Er wurde vom Milit\u00e4r erworben und von einem Fahrzeug (Bspw. Mannschaftswagen) gezogen.<\/p>\n<p><img loading=\"lazy\" decoding=\"async\" class=\"aligncenter size-full wp-image-504\" title=\"tsa_brilon_vorn\" src=\"http:\/\/www.feuerwehr-brilon.de\/wp-up\/2008\/12\/tsa_brilon_vorn.jpg\" alt=\"\" width=\"400\" height=\"338\" \/><br clear=\"all\"><\/p>\n<h1>Madfeld<\/h1>\n<p>Tragkraftspritzenanh\u00e4nger aus dem Jahre 1943. Er war bei der L\u00f6schgruppe Madfeld im Einsatz.<\/p>\n<p style=\"text-align: center;\"><img loading=\"lazy\" decoding=\"async\" class=\"aligncenter size-full wp-image-506\" title=\"tsa_madfeld\" src=\"http:\/\/www.feuerwehr-brilon.de\/wp-up\/2008\/12\/tsa_madfeld.jpg\" alt=\"\" width=\"500\" height=\"401\" \/><\/p>\n<p><br clear=\"all\"><br \/>\nDer Tragkraftspritzenanh\u00e4nger wurde im Jahre 1943 von der Fa. E.C.D.F Lader in J\u00f6hstadt gebaut, Fabr. Nr. 26738. Das Eigengewicht betr\u00e4gt 400 kg, die Nutzlast 500 kg und die zul\u00e4ssige Achslast 900 kg.<\/p>\n","protected":false},"excerpt":{"rendered":"<p>Brilon Der Tragkraftspritzenanh\u00e4nger wurde vom Milit\u00e4r erworben. Er war von 1948 bis 1970 beim L\u00f6schzug Brilon im Einsatz. Das Baujahr und der Hersteller des Tragkraftspritzenanh\u00e4ngers sind nicht bekannt. Er wurde vom Milit\u00e4r erworben und von einem Fahrzeug (Bspw. Mannschaftswagen) gezogen. Madfeld Tragkraftspritzenanh\u00e4nger aus dem Jahre 1943. Er war bei der L\u00f6schgruppe Madfeld im Einsatz. Der [&hellip;]<\/p>\n","protected":false},"author":6,"featured_media":0,"parent":460,"menu_order":7,"comment_status":"closed","ping_status":"closed","template":"","meta":{"_exactmetrics_skip_tracking":false,"_exactmetrics_sitenote_active":false,"_exactmetrics_sitenote_note":"","_exactmetrics_sitenote_category":0,"jetpack_post_was_ever_published":false,"footnotes":""},"class_list":["post-469","page","type-page","status-publish","hentry"],"jetpack_shortlink":"https:\/\/wp.me\/PCIJa-7z","jetpack_sharing_enabled":true,"jetpack-related-posts":[{"id":460,"url":"https:\/\/www.feuerwehr-brilon.de\/?page_id=460","url_meta":{"origin":469,"position":0},"title":"Historische Fahrzeuge","author":"Marc Heines","date":"17. Dezember 2008","format":false,"excerpt":"Hier erhalten Sie einen \u00dcberblick \u00fcber erhaltene und besondere historische Fahrzeuge der Feuerwehr Brilon. Motorisierte Fahrzeuge \u00a0 Schweres L\u00f6schgruppenfahrzeug LF 15 Drehleiter DLK 23\/12 Drehleiter DL 18 Einsatzleitwagen ELW Tankl\u00f6schfahrzeug TLF 16\/25 Mannschaftswagen Nicht motorisierte Fahrzeuge \u00a0 Tragkraftspritzenanh\u00e4nger Brilon Tragkraftspritzenanh\u00e4nger Madfeld Tragkraftspritzenkarren Handdruckspritze Brilon I Handdruckspritze Brilon II Handdruckspritze Rixen\u2026","rel":"","context":"In &quot;Allgemein&quot;","block_context":{"text":"Allgemein","link":"https:\/\/www.feuerwehr-brilon.de\/?cat=1"},"img":{"alt_text":"","src":"https:\/\/i0.wp.com\/www.feuerwehr-brilon.de\/wp-up\/2008\/12\/slg_oldtimer_grau.gif?resize=350%2C200","width":350,"height":200},"classes":[]},{"id":50,"url":"https:\/\/www.feuerwehr-brilon.de\/?page_id=50","url_meta":{"origin":469,"position":1},"title":"Madfeld","author":"Daniel Vogel","date":"31. Mai 2008","format":false,"excerpt":"Die L\u00f6schgruppe Madfeld besteht zur Zeit aus 35 Mitgliedern. Die L\u00f6schgruppe Madfeld ist f\u00fcr den Brandschutz in den Ortsteilen Madfeld (1.368 Einwohner) und Radlinghausen (133 Einwohner) zust\u00e4ndig. Feuerwehrger\u00e4tehaus Madfeld L\u00f6schgruppenf\u00fchrer: Heinz-J\u00fcrgen Schulte stellv. L\u00f6schgruppenf\u00fchrer: Jan Philipp Becker stellv. L\u00f6schgruppenf\u00fchrer: Sven Decker \u00a0 Abri\u00df \u00fcber die Geschichte der L\u00f6schgruppe Madfeld Die\u2026","rel":"","context":"In &quot;Allgemein&quot;","block_context":{"text":"Allgemein","link":"https:\/\/www.feuerwehr-brilon.de\/?cat=1"},"img":{"alt_text":"","src":"","width":0,"height":0},"classes":[]},{"id":20,"url":"https:\/\/www.feuerwehr-brilon.de\/?page_id=20","url_meta":{"origin":469,"position":2},"title":"Hoppecke","author":"Daniel Vogel","date":"28. Mai 2008","format":false,"excerpt":"Die L\u00f6schgruppe Hoppecke besteht zur Zeit aus 41 Mitgliedern. Daneben gibt es eine Jugendfeuerwehr mit 20 Mitgliedern. Die L\u00f6schgruppe Hoppecke ist f\u00fcr den Brandschutz in den Ortsteilen Hoppecke und Brilon Wald zust\u00e4ndig. Dar\u00fcber hinaus unterst\u00fctzt sie im Bedarfsfall die L\u00f6schgruppen Messinghausen und Bontkirchen. \u00a0 \u00a0 \u00a0 \u00a0 \u00a0 \u00a0 \u00a0\u2026","rel":"","context":"In &quot;Allgemein&quot;","block_context":{"text":"Allgemein","link":"https:\/\/www.feuerwehr-brilon.de\/?cat=1"},"img":{"alt_text":"","src":"\/images\/gruppenbild\/gr_hoppecke.jpg","width":350,"height":200},"classes":[]},{"id":272,"url":"https:\/\/www.feuerwehr-brilon.de\/?page_id=272","url_meta":{"origin":469,"position":3},"title":"Hoppecke","author":"Daniel Vogel","date":"19. August 2008","format":false,"excerpt":"Die Jugendfeuerwehr der L\u00f6schgruppe Hoppecke hat zur Zeit 13 Mitglieder. Sie wurde im Jahre 1991 neu gegr\u00fcndet. \u00a0 Die Jugendfeuerwehr der L\u00f6schgruppe Hoppecke im Jahre 2011 Jugendfeuerwehrwart: Marcel Morhenne stellv. Jugendfeuerwehrwart: Hier geht's zum aktuellen Dienstplan Unsere Seifenkiste im Einsatz, Seifenkistenrennen beim Stadtjugendfeuerwehrtag in Madfeld 1999. Im Verlauf von einigen\u2026","rel":"","context":"In &quot;Allgemein&quot;","block_context":{"text":"Allgemein","link":"https:\/\/www.feuerwehr-brilon.de\/?cat=1"},"img":{"alt_text":"","src":"https:\/\/i0.wp.com\/www.feuerwehr-brilon.de\/images\/gruppenbild\/jf_hoppecke_.jpg?resize=350%2C200","width":350,"height":200},"classes":[]},{"id":822,"url":"https:\/\/www.feuerwehr-brilon.de\/?page_id=822","url_meta":{"origin":469,"position":4},"title":"Geschichte","author":"Marc Heines","date":"11. Mai 2009","format":false,"excerpt":"Abri\u00df \u00fcber die Geschichte der L\u00f6schgruppe Messinghausen Die Freiwillige Feuerwehr Messinghausen wurde im Jahre 1913 gegr\u00fcndet. In den Jahren zuvor gab es in Messinghausen zwar Ger\u00e4tschaften zur Brandbek\u00e4mpfung, eine Pflichtfeuerwehr bestand jedoch, anders als in anderen Ortschaften, erst ab dem Jahre 1911. Zuvor hatten sich auch f\u00fcr eine Pflichtfeuerwehr nicht\u2026","rel":"","context":"In &quot;Allgemein&quot;","block_context":{"text":"Allgemein","link":"https:\/\/www.feuerwehr-brilon.de\/?cat=1"},"img":{"alt_text":"","src":"","width":0,"height":0},"classes":[]},{"id":473,"url":"https:\/\/www.feuerwehr-brilon.de\/?page_id=473","url_meta":{"origin":469,"position":5},"title":"Handdruckspritzen","author":"Marc Heines","date":"13. Dezember 2008","format":false,"excerpt":"Brilon 1 Handdruckspritze aus dem Jahre 1880. Sie war von 1880 bis 1933 beim L\u00f6schzug Brilon im Einsatz. Die Handruckspritze wurde 1880 von der Firma Hoeing in Koeln hergestellt. Sie leistet 350 Liter pro Minute bei 8 Personen und 50 H\u00fcben. Sie wurde von zwei Pferden gezogen. Die Handruckspritze beim\u2026","rel":"","context":"In &quot;Allgemein&quot;","block_context":{"text":"Allgemein","link":"https:\/\/www.feuerwehr-brilon.de\/?cat=1"},"img":{"alt_text":"","src":"https:\/\/i0.wp.com\/www.feuerwehr-brilon.de\/wp-up\/2008\/12\/handdruckspritze_brilon_1.jpg?resize=350%2C200","width":350,"height":200},"classes":[]}],"_links":{"self":[{"href":"https:\/\/www.feuerwehr-brilon.de\/index.php?rest_route=\/wp\/v2\/pages\/469","targetHints":{"allow":["GET"]}}],"collection":[{"href":"https:\/\/www.feuerwehr-brilon.de\/index.php?rest_route=\/wp\/v2\/pages"}],"about":[{"href":"https:\/\/www.feuerwehr-brilon.de\/index.php?rest_route=\/wp\/v2\/types\/page"}],"author":[{"embeddable":true,"href":"https:\/\/www.feuerwehr-brilon.de\/index.php?rest_route=\/wp\/v2\/users\/6"}],"replies":[{"embeddable":true,"href":"https:\/\/www.feuerwehr-brilon.de\/index.php?rest_route=%2Fwp%2Fv2%2Fcomments&post=469"}],"version-history":[{"count":0,"href":"https:\/\/www.feuerwehr-brilon.de\/index.php?rest_route=\/wp\/v2\/pages\/469\/revisions"}],"up":[{"embeddable":true,"href":"https:\/\/www.feuerwehr-brilon.de\/index.php?rest_route=\/wp\/v2\/pages\/460"}],"wp:attachment":[{"href":"https:\/\/www.feuerwehr-brilon.de\/index.php?rest_route=%2Fwp%2Fv2%2Fmedia&parent=469"}],"curies":[{"name":"wp","href":"https:\/\/api.w.org\/{rel}","templated":true}]}}