{"id":471,"date":"2008-12-13T16:34:06","date_gmt":"2008-12-13T15:34:06","guid":{"rendered":"http:\/\/www.feuerwehr-brilon.de\/?page_id=471"},"modified":"2010-10-26T19:50:26","modified_gmt":"2010-10-26T17:50:26","slug":"tragkraftspritzenkarren","status":"publish","type":"page","link":"https:\/\/www.feuerwehr-brilon.de\/?page_id=471","title":{"rendered":"Tragkraftspritzenkarren"},"content":{"rendered":"<p>Tragkraftspritzenkarren aus dem Jahre 1933. Er war von 1933 bis 1943 beim L\u00f6schzug Brilon im Einsatz.<\/p>\n<p><a href=\"http:\/\/www.feuerwehr-brilon.de\/wp-up\/2008\/12\/tragkraftspritzenanhanger_1_500.jpg\"><img loading=\"lazy\" decoding=\"async\" class=\"aligncenter size-full wp-image-508\" title=\"tragkraftspritzenanhanger_1_500\" src=\"http:\/\/www.feuerwehr-brilon.de\/wp-up\/2008\/12\/tragkraftspritzenanhanger_1_500.jpg\" alt=\"\" width=\"500\" height=\"357\" \/><\/a><br clear=\"all\"><\/p>\n<p>Der Hersteller des Tragkraftspritzenkarrens ist nicht bekannt. Er wurde von einem Traktor gezogen, Schlepper Deutz 11 PS. Die Tragkraftspritze TS 8\/8 leistet 800 Liter\/Minute bei 8 bar.<\/p>\n<p><a href=\"http:\/\/www.feuerwehr-brilon.de\/wp-up\/2008\/12\/tragkraftspritzenanhanger_3_400.jpg\"><img loading=\"lazy\" decoding=\"async\" class=\"aligncenter size-full wp-image-507\" title=\"tragkraftspritzenanhanger_3_400\" src=\"http:\/\/www.feuerwehr-brilon.de\/wp-up\/2008\/12\/tragkraftspritzenanhanger_3_400.jpg\" alt=\"\" width=\"400\" height=\"424\" \/><\/a><\/p>\n<p>m<\/p>\n","protected":false},"excerpt":{"rendered":"<p>Tragkraftspritzenkarren aus dem Jahre 1933. Er war von 1933 bis 1943 beim L\u00f6schzug Brilon im Einsatz. Der Hersteller des Tragkraftspritzenkarrens ist nicht bekannt. Er wurde von einem Traktor gezogen, Schlepper Deutz 11 PS. Die Tragkraftspritze TS 8\/8 leistet 800 Liter\/Minute bei 8 bar. m<\/p>\n","protected":false},"author":6,"featured_media":0,"parent":460,"menu_order":9,"comment_status":"closed","ping_status":"closed","template":"","meta":{"_exactmetrics_skip_tracking":false,"_exactmetrics_sitenote_active":false,"_exactmetrics_sitenote_note":"","_exactmetrics_sitenote_category":0,"jetpack_post_was_ever_published":false,"footnotes":""},"class_list":["post-471","page","type-page","status-publish","hentry"],"jetpack_shortlink":"https:\/\/wp.me\/PCIJa-7B","jetpack_sharing_enabled":true,"jetpack-related-posts":[{"id":473,"url":"https:\/\/www.feuerwehr-brilon.de\/?page_id=473","url_meta":{"origin":471,"position":0},"title":"Handdruckspritzen","author":"Marc Heines","date":"13. Dezember 2008","format":false,"excerpt":"Brilon 1 Handdruckspritze aus dem Jahre 1880. Sie war von 1880 bis 1933 beim L\u00f6schzug Brilon im Einsatz. Die Handruckspritze wurde 1880 von der Firma Hoeing in Koeln hergestellt. Sie leistet 350 Liter pro Minute bei 8 Personen und 50 H\u00fcben. Sie wurde von zwei Pferden gezogen. Die Handruckspritze beim\u2026","rel":"","context":"In &quot;Allgemein&quot;","block_context":{"text":"Allgemein","link":"https:\/\/www.feuerwehr-brilon.de\/?cat=1"},"img":{"alt_text":"","src":"https:\/\/i0.wp.com\/www.feuerwehr-brilon.de\/wp-up\/2008\/12\/handdruckspritze_brilon_1.jpg?resize=350%2C200","width":350,"height":200},"classes":[]},{"id":469,"url":"https:\/\/www.feuerwehr-brilon.de\/?page_id=469","url_meta":{"origin":471,"position":1},"title":"Tragkraftspritzenanh\u00e4nger","author":"Marc Heines","date":"13. Dezember 2008","format":false,"excerpt":"Brilon Der Tragkraftspritzenanh\u00e4nger wurde vom Milit\u00e4r erworben. Er war von 1948 bis 1970 beim L\u00f6schzug Brilon im Einsatz. Das Baujahr und der Hersteller des Tragkraftspritzenanh\u00e4ngers sind nicht bekannt. Er wurde vom Milit\u00e4r erworben und von einem Fahrzeug (Bspw. Mannschaftswagen) gezogen. Madfeld Tragkraftspritzenanh\u00e4nger aus dem Jahre 1943. Er war bei der\u2026","rel":"","context":"In &quot;Allgemein&quot;","block_context":{"text":"Allgemein","link":"https:\/\/www.feuerwehr-brilon.de\/?cat=1"},"img":{"alt_text":"","src":"https:\/\/i0.wp.com\/www.feuerwehr-brilon.de\/wp-up\/2008\/12\/tsa_brilon.jpg?resize=350%2C200","width":350,"height":200},"classes":[]},{"id":525,"url":"https:\/\/www.feuerwehr-brilon.de\/?page_id=525","url_meta":{"origin":471,"position":2},"title":"Hintergrund","author":"Marc Heines","date":"16. Dezember 2008","format":false,"excerpt":"Hintergr\u00fcnde zur Farbgebung und Alarmeinrich- tungen des Schweren L\u00f6schgruppenfahrzeuges (SLG, sp\u00e4ter LF 15) Im Dritten Reich ergaben sich nach der Macht\u00fcbernahme im Januar 1933 auch f\u00fcr die Feuerwehren Neuerung und Umstellungen. Durch das preu\u00dfische Gesetz \u00fcber das Feuerl\u00f6schwesen vom 15. Dezember 1933 wurden die Berufsfeuerwehren, die freiwilligen Feuerwehren und die\u2026","rel":"","context":"In &quot;Allgemein&quot;","block_context":{"text":"Allgemein","link":"https:\/\/www.feuerwehr-brilon.de\/?cat=1"},"img":{"alt_text":"","src":"https:\/\/i0.wp.com\/www.feuerwehr-brilon.de\/wp-up\/2008\/12\/erlass_fahrzeuge_1-3-1937_neu.gif?resize=350%2C200","width":350,"height":200},"classes":[]},{"id":281,"url":"https:\/\/www.feuerwehr-brilon.de\/?page_id=281","url_meta":{"origin":471,"position":3},"title":"Jugendraum","author":"Daniel Vogel","date":"19. August 2008","format":false,"excerpt":"In unserem Jugendraum im Feuerwehrhaus Brilon\u00a0findet im Winterhalbjahr die theoretische Ausbildung statt. Daneben wird er f\u00fcr die allgemeine Jugendarbeit genutzt. Neben einer \u00e4lteren Sammlung von Feuerwehrfahrzeugen sammeln wir hier unsere Urkunden und Pokale, die wir bei den verschiedensten Wettbewerben gewonnen haben.","rel":"","context":"In &quot;Allgemein&quot;","block_context":{"text":"Allgemein","link":"https:\/\/www.feuerwehr-brilon.de\/?cat=1"},"img":{"alt_text":"","src":"https:\/\/i0.wp.com\/www.feuerwehr-brilon.de\/wp-up\/2008\/08\/jugendraum_2.jpg?resize=350%2C200","width":350,"height":200},"classes":[]},{"id":1725,"url":"https:\/\/www.feuerwehr-brilon.de\/?page_id=1725","url_meta":{"origin":471,"position":4},"title":"Pressesprecher","author":"Marc Heines","date":"20. November 2009","format":false,"excerpt":"er ist Schnittstelle zwischen Feuerwehr und Au\u00dfenwelt Kontakt zur Presse bei Eins\u00e4tzen und sonstigen Veranstaltungen Bearbeitung und Weiterleitung von Anfragen \u00d6ffentlichkeitsarbeit inkl. Betrieb des Internetauftrittes Pressesprecher Pressesprecher BOI Marcus Bange StBI Andreas Becker presse(at)feuerwehr-brilon.de presse(at)feuerwehr-brilon.de","rel":"","context":"In &quot;Allgemein&quot;","block_context":{"text":"Allgemein","link":"https:\/\/www.feuerwehr-brilon.de\/?cat=1"},"img":{"alt_text":"","src":"https:\/\/i0.wp.com\/www.feuerwehr-brilon.de\/images\/passbilder\/presse_stv.jpg?resize=350%2C200","width":350,"height":200},"classes":[]},{"id":468,"url":"https:\/\/www.feuerwehr-brilon.de\/?page_id=468","url_meta":{"origin":471,"position":5},"title":"Mannschaftswagen","author":"Marc Heines","date":"13. Dezember 2008","format":false,"excerpt":"Mannschaftswagen aus dem Jahre 1938. Das Fahrzeug war von 1938 bis in die 60-er Jahre beim L\u00f6schzug Brilon im Einsatz. Das Fahrzeug wurde am 31. Dezember 1938 durch die Feuerschutzpolizei (Feuerwehr) Brilon \u00fcbernommen. Es war das erste motorisierte Fahrzeug der Feuerwehr Brilon. Das Photo entstand anl\u00e4\u00dflich des 60-j\u00e4hrigen Jubil\u00e4ums der\u2026","rel":"","context":"In &quot;Allgemein&quot;","block_context":{"text":"Allgemein","link":"https:\/\/www.feuerwehr-brilon.de\/?cat=1"},"img":{"alt_text":"","src":"https:\/\/i0.wp.com\/www.feuerwehr-brilon.de\/wp-up\/2008\/12\/mannschaftswagen_brilon_1939.jpg?resize=350%2C200","width":350,"height":200},"classes":[]}],"_links":{"self":[{"href":"https:\/\/www.feuerwehr-brilon.de\/index.php?rest_route=\/wp\/v2\/pages\/471","targetHints":{"allow":["GET"]}}],"collection":[{"href":"https:\/\/www.feuerwehr-brilon.de\/index.php?rest_route=\/wp\/v2\/pages"}],"about":[{"href":"https:\/\/www.feuerwehr-brilon.de\/index.php?rest_route=\/wp\/v2\/types\/page"}],"author":[{"embeddable":true,"href":"https:\/\/www.feuerwehr-brilon.de\/index.php?rest_route=\/wp\/v2\/users\/6"}],"replies":[{"embeddable":true,"href":"https:\/\/www.feuerwehr-brilon.de\/index.php?rest_route=%2Fwp%2Fv2%2Fcomments&post=471"}],"version-history":[{"count":0,"href":"https:\/\/www.feuerwehr-brilon.de\/index.php?rest_route=\/wp\/v2\/pages\/471\/revisions"}],"up":[{"embeddable":true,"href":"https:\/\/www.feuerwehr-brilon.de\/index.php?rest_route=\/wp\/v2\/pages\/460"}],"wp:attachment":[{"href":"https:\/\/www.feuerwehr-brilon.de\/index.php?rest_route=%2Fwp%2Fv2%2Fmedia&parent=471"}],"curies":[{"name":"wp","href":"https:\/\/api.w.org\/{rel}","templated":true}]}}