{"id":473,"date":"2008-12-13T16:42:11","date_gmt":"2008-12-13T15:42:11","guid":{"rendered":"http:\/\/www.feuerwehr-brilon.de\/?page_id=473"},"modified":"2010-10-26T19:45:26","modified_gmt":"2010-10-26T17:45:26","slug":"handdruckspritze-brilon-i","status":"publish","type":"page","link":"https:\/\/www.feuerwehr-brilon.de\/?page_id=473","title":{"rendered":"Handdruckspritzen"},"content":{"rendered":"<h1>Brilon 1<\/h1>\n<p>Handdruckspritze aus dem Jahre 1880. Sie war von 1880 bis 1933 beim L\u00f6schzug Brilon im Einsatz.<\/p>\n<p><a href=\"http:\/\/www.feuerwehr-brilon.de\/wp-up\/2008\/12\/handdruckspritze_brilon_1.jpg\"><img loading=\"lazy\" decoding=\"async\" class=\"aligncenter size-full wp-image-510\" title=\"handdruckspritze_brilon_1\" src=\"http:\/\/www.feuerwehr-brilon.de\/wp-up\/2008\/12\/handdruckspritze_brilon_1.jpg\" alt=\"\" width=\"500\" height=\"288\" \/><\/a><br \/>\n<br clear=\"all\"><br \/>\nDie Handruckspritze wurde 1880 von der Firma Hoeing in Koeln hergestellt. Sie leistet 350 Liter pro Minute bei 8 Personen und 50 H\u00fcben. Sie wurde von zwei Pferden gezogen.<\/p>\n<p><a href=\"http:\/\/www.feuerwehr-brilon.de\/wp-up\/2008\/12\/handdruckspritze_brilon_1_festzug.jpg\"><img loading=\"lazy\" decoding=\"async\" class=\"aligncenter size-full wp-image-511\" title=\"handdruckspritze_brilon_1_festzug\" src=\"http:\/\/www.feuerwehr-brilon.de\/wp-up\/2008\/12\/handdruckspritze_brilon_1_festzug.jpg\" alt=\"\" width=\"500\" height=\"328\" \/><\/a><br \/>\n<br clear=\"all\"><br \/>\nDie Handruckspritze beim Festzug zum 775-j\u00e4hrigen Stadtjubil\u00e4um der Stadt Brilon im Jahre 1995.<\/p>\n<h1>Brilon 2<\/h1>\n<p>Handdruckspritze aus dem Jahre 1923. Sie war von 1923 bis 1935 in Bigge im Einsatz.<\/p>\n<p><a href=\"http:\/\/www.feuerwehr-brilon.de\/wp-up\/2008\/12\/handdruckspritze_brilon_2_festzug.jpg\"><img loading=\"lazy\" decoding=\"async\" class=\"aligncenter size-full wp-image-513\" title=\"handdruckspritze_brilon_2_festzug\" src=\"http:\/\/www.feuerwehr-brilon.de\/wp-up\/2008\/12\/handdruckspritze_brilon_2_festzug.jpg\" alt=\"\" width=\"500\" height=\"344\" \/><\/a><br \/>\n<br clear=\"all\"><br \/>\nDie Handruckspritze wurde 1923 von der Firma Gerb. Kieslich hergestellt. Sie leistet 250 Liter pro Minute bei 8 Personen und 50 H\u00fcben. Sie wurde von zwei Pferden gezogen.<\/p>\n<p><a href=\"http:\/\/www.feuerwehr-brilon.de\/wp-up\/2008\/12\/handdruckspritze_brilon_2_festzug_2.jpg\"><img loading=\"lazy\" decoding=\"async\" class=\"aligncenter size-full wp-image-512\" title=\"handdruckspritze_brilon_2_festzug_2\" src=\"http:\/\/www.feuerwehr-brilon.de\/wp-up\/2008\/12\/handdruckspritze_brilon_2_festzug_2.jpg\" alt=\"\" width=\"350\" height=\"367\" \/><\/a><br \/>\n<br clear=\"all\"><br \/>\nDie Handruckspritze beim Festzug zum 775-j\u00e4hrigen Stadtjubil\u00e4um der Stadt Brilon im Jahre 1995.<\/p>\n<h1>Rixen<\/h1>\n<p>Handdruckspritze. Das Baujahr ist nicht bekannt. Sie war bei der L\u00f6schgruppe Rixen im Einsatz.<\/p>\n<p><a href=\"http:\/\/www.feuerwehr-brilon.de\/wp-up\/2008\/12\/handruckspritze_rixen.jpg\"><img loading=\"lazy\" decoding=\"async\" class=\"aligncenter size-full wp-image-514\" title=\"handruckspritze_rixen\" src=\"http:\/\/www.feuerwehr-brilon.de\/wp-up\/2008\/12\/handruckspritze_rixen.jpg\" alt=\"\" width=\"500\" height=\"361\" \/><\/a><br \/>\n<br clear=\"all\"><br \/>\nHersteller: Westf\u00e4lische Turn und Feuerwehr-ger\u00e4te-fabrik Heinrich Meyer Hagen i.W. Nr. 486<\/p>\n<h1>R\u00f6senbeck<\/h1>\n<p>Handdruckspritze, Baujahr unbekannt. Sie war in R\u00f6senbeck im Einsatz.<\/p>\n<p><a href=\"http:\/\/www.feuerwehr-brilon.de\/wp-up\/2008\/12\/handdruckspritze_rosenbeck_2000.jpg\"><img loading=\"lazy\" decoding=\"async\" class=\"aligncenter size-full wp-image-516\" title=\"handdruckspritze_rosenbeck_2000\" src=\"http:\/\/www.feuerwehr-brilon.de\/wp-up\/2008\/12\/handdruckspritze_rosenbeck_2000.jpg\" alt=\"\" width=\"450\" height=\"363\" \/><\/a><br \/>\n<br clear=\"all\"><br \/>\nDas Baujahr und die Herstellerfirma der Handruckspritze sind nicht bekannt. Die Handdruckspritze leistet 200 Liter pro Minute bei 50 H\u00fcben. Sie wurde f\u00fcnf Personen gezogen.<\/p>\n<p><a href=\"http:\/\/www.feuerwehr-brilon.de\/wp-up\/2008\/12\/handdruckspritze_rosenbeck_2000_pumpen.jpg\"><img loading=\"lazy\" decoding=\"async\" class=\"aligncenter size-full wp-image-515\" title=\"handdruckspritze_rosenbeck_2000_pumpen\" src=\"http:\/\/www.feuerwehr-brilon.de\/wp-up\/2008\/12\/handdruckspritze_rosenbeck_2000_pumpen.jpg\" alt=\"\" width=\"500\" height=\"361\" \/><\/a><br \/>\n<br clear=\"all\"><br \/>\nDie Handruckspritze beim 750-j\u00e4hrigen Jubil\u00e4um R\u00f6senbecks im Jahre 2000.<\/p>\n<p><a href=\"http:\/\/www.feuerwehr-brilon.de\/wp-up\/2008\/12\/handdruckspritze_rosenbeck_2000_gruppe_gross.jpg\"><img loading=\"lazy\" decoding=\"async\" class=\"aligncenter size-medium wp-image-517\" title=\"handdruckspritze_rosenbeck_2000_gruppe_gross\" src=\"http:\/\/www.feuerwehr-brilon.de\/wp-up\/2008\/12\/handdruckspritze_rosenbeck_2000_gruppe_gross-500x321.jpg\" alt=\"\" width=\"500\" height=\"321\" \/><\/a><br clear=\"all\"><\/p>\n<h1>W\u00fclfte<\/h1>\n<p>Handdruckspritze aus dem Jahre 1918. Sie war von 1940 bis 1963 bei der L\u00f6schgruppe W\u00fclfte im Einsatz.<\/p>\n<p><a href=\"http:\/\/www.feuerwehr-brilon.de\/wp-up\/2008\/12\/handspritze_wulfte.jpg\"><img loading=\"lazy\" decoding=\"async\" class=\"aligncenter size-full wp-image-518\" title=\"handspritze_wulfte\" src=\"http:\/\/www.feuerwehr-brilon.de\/wp-up\/2008\/12\/handspritze_wulfte.jpg\" alt=\"\" width=\"375\" height=\"353\" \/><\/a><br \/>\n<br clear=\"all\"><br \/>\nDie Handruckspritze  leistet 200 Liter pro Minute bei 50 H\u00fcben.<\/p>\n<p><a href=\"http:\/\/www.feuerwehr-brilon.de\/wp-up\/2008\/12\/handspritze_wulfte_typschild.gif\"><img loading=\"lazy\" decoding=\"async\" class=\"alignright size-full wp-image-519\" title=\"handspritze_wulfte_typschild\" src=\"http:\/\/www.feuerwehr-brilon.de\/wp-up\/2008\/12\/handspritze_wulfte_typschild.gif\" alt=\"\" width=\"200\" height=\"132\" \/><\/a><\/p>\n","protected":false},"excerpt":{"rendered":"<p>Brilon 1 Handdruckspritze aus dem Jahre 1880. Sie war von 1880 bis 1933 beim L\u00f6schzug Brilon im Einsatz. Die Handruckspritze wurde 1880 von der Firma Hoeing in Koeln hergestellt. Sie leistet 350 Liter pro Minute bei 8 Personen und 50 H\u00fcben. Sie wurde von zwei Pferden gezogen. Die Handruckspritze beim Festzug zum 775-j\u00e4hrigen Stadtjubil\u00e4um der [&hellip;]<\/p>\n","protected":false},"author":6,"featured_media":0,"parent":460,"menu_order":11,"comment_status":"closed","ping_status":"closed","template":"","meta":{"_exactmetrics_skip_tracking":false,"_exactmetrics_sitenote_active":false,"_exactmetrics_sitenote_note":"","_exactmetrics_sitenote_category":0,"jetpack_post_was_ever_published":false,"footnotes":""},"class_list":["post-473","page","type-page","status-publish","hentry"],"jetpack_shortlink":"https:\/\/wp.me\/PCIJa-7D","jetpack_sharing_enabled":true,"jetpack-related-posts":[{"id":4630,"url":"https:\/\/www.feuerwehr-brilon.de\/?page_id=4630","url_meta":{"origin":473,"position":0},"title":"Handdruckspritze R\u00f6senbeck","author":"Andreas Becker","date":"25. M\u00e4rz 2011","format":false,"excerpt":"Das Baujahr und die Herstellerfirma der Handruckspritze sind nicht bekannt. Die Handdruckspritze leistet 200 Liter pro Minute bei 50 H\u00fcben. Sie wurde f\u00fcnf Personen gezogen. \u00a0 \u00a0 \u00a0 \u00a0 \u00a0 \u00a0 \u00a0 \u00a0 \u00a0 \u00a0 \u00a0 \u00a0 \u00a0 \u00a0 Die Handruckspritze beim 750-j\u00e4hrigen Jubil\u00e4um R\u00f6senbecks im Jahre 2000.","rel":"","context":"\u00c4hnlicher Beitrag","block_context":{"text":"\u00c4hnlicher Beitrag","link":""},"img":{"alt_text":"","src":"https:\/\/i0.wp.com\/www.feuerwehr-brilon.de\/wp-up\/2011\/03\/pumpe_roesenbeck-500x375.jpg?resize=350%2C200","width":350,"height":200},"classes":[]},{"id":822,"url":"https:\/\/www.feuerwehr-brilon.de\/?page_id=822","url_meta":{"origin":473,"position":1},"title":"Geschichte","author":"Marc Heines","date":"11. Mai 2009","format":false,"excerpt":"Abri\u00df \u00fcber die Geschichte der L\u00f6schgruppe Messinghausen Die Freiwillige Feuerwehr Messinghausen wurde im Jahre 1913 gegr\u00fcndet. In den Jahren zuvor gab es in Messinghausen zwar Ger\u00e4tschaften zur Brandbek\u00e4mpfung, eine Pflichtfeuerwehr bestand jedoch, anders als in anderen Ortschaften, erst ab dem Jahre 1911. Zuvor hatten sich auch f\u00fcr eine Pflichtfeuerwehr nicht\u2026","rel":"","context":"In &quot;Allgemein&quot;","block_context":{"text":"Allgemein","link":"https:\/\/www.feuerwehr-brilon.de\/?cat=1"},"img":{"alt_text":"","src":"","width":0,"height":0},"classes":[]},{"id":12,"url":"https:\/\/www.feuerwehr-brilon.de\/?page_id=12","url_meta":{"origin":473,"position":2},"title":"Bontkirchen","author":"Daniel Vogel","date":"28. Mai 2008","format":false,"excerpt":"Die L\u00f6schgruppe Bontkirchen besteht zur Zeit aus 22 Mitgliedern. Die Jugendfeuerwehr befindet sich im Wiederaufbau. Die L\u00f6schgruppe ist f\u00fcr den Brandschutz im Ortsteil Bontkirchen (538 Einwohner) zust\u00e4ndig. Die L\u00f6schgruppe Bontkirchen im Jahr 2015 \u00a0 L\u00f6schgruppenf\u00fchrer: Thorsten Schwermer stellv. L\u00f6schgruppenf\u00fchrer: Peter Hennecke Abri\u00df \u00fcber die Geschichte der L\u00f6schgruppe Bontkirchen Die Freiwillige\u2026","rel":"","context":"In &quot;Allgemein&quot;","block_context":{"text":"Allgemein","link":"https:\/\/www.feuerwehr-brilon.de\/?cat=1"},"img":{"alt_text":"","src":"","width":0,"height":0},"classes":[]},{"id":466,"url":"https:\/\/www.feuerwehr-brilon.de\/?page_id=466","url_meta":{"origin":473,"position":3},"title":"Steigleiter","author":"Marc Heines","date":"13. Dezember 2008","format":false,"excerpt":"Steigleiter aus dem Jahre 1929. Sie war von 1929 bis 1959 beim L\u00f6schzug Brilon im Einsatz. Die Steigleiter beim Festzug zum 775-j\u00e4hrigen Stadtjubil\u00e4um der Stadt Brilon im Jahre 1995. Die Leiter wurde von der FirmaMagirus in Ulm hergestellt. Sie hat eine Leiterl\u00e4nge von 10 m und wurde von vier bis\u2026","rel":"","context":"In &quot;Allgemein&quot;","block_context":{"text":"Allgemein","link":"https:\/\/www.feuerwehr-brilon.de\/?cat=1"},"img":{"alt_text":"","src":"https:\/\/i0.wp.com\/www.feuerwehr-brilon.de\/wp-up\/2008\/12\/steigleiter_festzug_neu.jpg?resize=350%2C200","width":350,"height":200},"classes":[]},{"id":460,"url":"https:\/\/www.feuerwehr-brilon.de\/?page_id=460","url_meta":{"origin":473,"position":4},"title":"Historische Fahrzeuge","author":"Marc Heines","date":"17. Dezember 2008","format":false,"excerpt":"Hier erhalten Sie einen \u00dcberblick \u00fcber erhaltene und besondere historische Fahrzeuge der Feuerwehr Brilon. Motorisierte Fahrzeuge \u00a0 Schweres L\u00f6schgruppenfahrzeug LF 15 Drehleiter DLK 23\/12 Drehleiter DL 18 Einsatzleitwagen ELW Tankl\u00f6schfahrzeug TLF 16\/25 Mannschaftswagen Nicht motorisierte Fahrzeuge \u00a0 Tragkraftspritzenanh\u00e4nger Brilon Tragkraftspritzenanh\u00e4nger Madfeld Tragkraftspritzenkarren Handdruckspritze Brilon I Handdruckspritze Brilon II Handdruckspritze Rixen\u2026","rel":"","context":"In &quot;Allgemein&quot;","block_context":{"text":"Allgemein","link":"https:\/\/www.feuerwehr-brilon.de\/?cat=1"},"img":{"alt_text":"","src":"https:\/\/i0.wp.com\/www.feuerwehr-brilon.de\/wp-up\/2008\/12\/slg_oldtimer_grau.gif?resize=350%2C200","width":350,"height":200},"classes":[]},{"id":20,"url":"https:\/\/www.feuerwehr-brilon.de\/?page_id=20","url_meta":{"origin":473,"position":5},"title":"Hoppecke","author":"Daniel Vogel","date":"28. Mai 2008","format":false,"excerpt":"Die L\u00f6schgruppe Hoppecke besteht zur Zeit aus 41 Mitgliedern. Daneben gibt es eine Jugendfeuerwehr mit 20 Mitgliedern. Die L\u00f6schgruppe Hoppecke ist f\u00fcr den Brandschutz in den Ortsteilen Hoppecke und Brilon Wald zust\u00e4ndig. Dar\u00fcber hinaus unterst\u00fctzt sie im Bedarfsfall die L\u00f6schgruppen Messinghausen und Bontkirchen. \u00a0 \u00a0 \u00a0 \u00a0 \u00a0 \u00a0 \u00a0\u2026","rel":"","context":"In &quot;Allgemein&quot;","block_context":{"text":"Allgemein","link":"https:\/\/www.feuerwehr-brilon.de\/?cat=1"},"img":{"alt_text":"","src":"\/images\/gruppenbild\/gr_hoppecke.jpg","width":350,"height":200},"classes":[]}],"_links":{"self":[{"href":"https:\/\/www.feuerwehr-brilon.de\/index.php?rest_route=\/wp\/v2\/pages\/473","targetHints":{"allow":["GET"]}}],"collection":[{"href":"https:\/\/www.feuerwehr-brilon.de\/index.php?rest_route=\/wp\/v2\/pages"}],"about":[{"href":"https:\/\/www.feuerwehr-brilon.de\/index.php?rest_route=\/wp\/v2\/types\/page"}],"author":[{"embeddable":true,"href":"https:\/\/www.feuerwehr-brilon.de\/index.php?rest_route=\/wp\/v2\/users\/6"}],"replies":[{"embeddable":true,"href":"https:\/\/www.feuerwehr-brilon.de\/index.php?rest_route=%2Fwp%2Fv2%2Fcomments&post=473"}],"version-history":[{"count":1,"href":"https:\/\/www.feuerwehr-brilon.de\/index.php?rest_route=\/wp\/v2\/pages\/473\/revisions"}],"predecessor-version":[{"id":4642,"href":"https:\/\/www.feuerwehr-brilon.de\/index.php?rest_route=\/wp\/v2\/pages\/473\/revisions\/4642"}],"up":[{"embeddable":true,"href":"https:\/\/www.feuerwehr-brilon.de\/index.php?rest_route=\/wp\/v2\/pages\/460"}],"wp:attachment":[{"href":"https:\/\/www.feuerwehr-brilon.de\/index.php?rest_route=%2Fwp%2Fv2%2Fmedia&parent=473"}],"curies":[{"name":"wp","href":"https:\/\/api.w.org\/{rel}","templated":true}]}}