{"id":5,"date":"2008-05-28T15:15:07","date_gmt":"2008-05-28T13:15:07","guid":{"rendered":"http:\/\/wptest.k-srv.de\/?page_id=5"},"modified":"2010-08-05T18:19:04","modified_gmt":"2010-08-05T16:19:04","slug":"einheiten","status":"publish","type":"page","link":"https:\/\/www.feuerwehr-brilon.de\/?page_id=5","title":{"rendered":"Einheiten"},"content":{"rendered":"<p>Auf dieser Seite finden Sie eine \u00dcbersicht \u00fcber alle L\u00f6schgruppen und L\u00f6schz\u00fcge der Stadt Brilon. Insgesamt besteht die Freiwillige Feuerwehr der Stadt Brilon aus einem L\u00f6schzug und zw\u00f6lf L\u00f6schgruppen. In diesen Einheiten sind sieben Jugendfeuerwehren integriert. Im aktiven Dienst stehen insgesamt 380 Kameraden, in der Jugendfeuerwehr sind 92 M\u00e4dchen und Jungen aktiv.<\/p>\n<div>\n<img decoding=\"async\" src=\".\/images\/einheiten\/uebersicht.jpg\" usemap=\"#uebersicht\" alt=\"Uebersicht\"><\/p>\n<map name=\"uebersicht\">\n<area title=\"Alme\" shape=\"rect\" coords=\"219,36,288,74\" href=\"http:\/\/www.feuerwehr-brilon.de\/?page_id=27\" alt=\"Alme\" \/>\n<area title=\"Altenbueren\" shape=\"rect\" coords=\"59,215,129,253\" href=\"http:\/\/www.feuerwehr-brilon.de\/?page_id=23\" alt=\"Altenbueren\" \/>\n<area title=\"Rixen\" shape=\"rect\" coords=\"73,162,142,191\" href=\"http:\/\/www.feuerwehr-brilon.de\/?page_id=22\" alt=\"Rixen\" \/>\n<area title=\"Scharfenberg\" shape=\"rect\" coords=\"81,114,164,155\" href=\"http:\/\/www.feuerwehr-brilon.de\/?page_id=24\" alt=\"Scharfenberg\" \/>\n<area title=\"Wuelfte\" shape=\"rect\" coords=\"189,111,236,153\" href=\"http:\/\/www.feuerwehr-brilon.de\/?page_id=26\" alt=\"Wuelfte\" \/>\n<area title=\"Nehden\" shape=\"rect\" coords=\"253,101,301,133\" href=\"http:\/\/www.feuerwehr-brilon.de\/?page_id=29\" alt=\"Nehden\" \/>\n<area title=\"Thuelen\" shape=\"rect\" coords=\"272,142,318,177\" href=\"http:\/\/www.feuerwehr-brilon.de\/?page_id=30\" alt=\"Th\u00fclen\" \/>\n<area title=\"Madfeld\" shape=\"rect\" coords=\"382,88,457,118\" href=\"http:\/\/www.feuerwehr-brilon.de\/?page_id=50\" alt=\"Madfeld\" \/>\n<area title=\"R\u00f6senbeck\" shape=\"rect\" coords=\"331,165,421,191\" href=\"http:\/\/www.feuerwehr-brilon.de\/?page_id=21\" alt=\"R\u00f6senbeck\" \/>\n<area title=\"Messinghausen\" shape=\"rect\" coords=\"305,209,429,239\" href=\"http:\/\/www.feuerwehr-brilon.de\/?page_id=8\" alt=\"Messinghausen\" \/>\n<area title=\"Hoppecke\" shape=\"rect\" coords=\"276,250,363,279\" href=\"http:\/\/www.feuerwehr-brilon.de\/?page_id=20\" alt=\"Hoppecke\" \/>\n<area title=\"Bontkirchen\" shape=\"rect\" coords=\"290,287,391,315\" href=\"http:\/\/www.feuerwehr-brilon.de\/?page_id=12\" alt=\"Bontkirchen\" \/>\n<area title=\"Brilon\" shape=\"rect\" coords=\"161,164,225,220\" href=\"http:\/\/www.feuerwehr-brilon.de\/?page_id=7\" alt=\"Brilon\" \/>\n<\/map>\n<\/div>\n","protected":false},"excerpt":{"rendered":"<p>Auf dieser Seite finden Sie eine \u00dcbersicht \u00fcber alle L\u00f6schgruppen und L\u00f6schz\u00fcge der Stadt Brilon. Insgesamt besteht die Freiwillige Feuerwehr der Stadt Brilon aus einem L\u00f6schzug und zw\u00f6lf L\u00f6schgruppen. In diesen Einheiten sind sieben Jugendfeuerwehren integriert. Im aktiven Dienst stehen insgesamt 380 Kameraden, in der Jugendfeuerwehr sind 92 M\u00e4dchen und Jungen aktiv.<\/p>\n","protected":false},"author":3,"featured_media":0,"parent":0,"menu_order":1,"comment_status":"closed","ping_status":"closed","template":"","meta":{"_exactmetrics_skip_tracking":false,"_exactmetrics_sitenote_active":false,"_exactmetrics_sitenote_note":"","_exactmetrics_sitenote_category":0,"jetpack_post_was_ever_published":false,"footnotes":""},"class_list":["post-5","page","type-page","status-publish","hentry"],"jetpack_shortlink":"https:\/\/wp.me\/PCIJa-5","jetpack_sharing_enabled":true,"jetpack-related-posts":[{"id":11,"url":"https:\/\/www.feuerwehr-brilon.de\/?page_id=11","url_meta":{"origin":5,"position":0},"title":"Fahrzeuge","author":"Daniel Vogel","date":"28. Mai 2008","format":false,"excerpt":"Bei der Freiwilligen Feuerwehr der Stadt Brilon sind in einem L\u00f6schzug und zw\u00f6lf L\u00f6schgruppen folgende Fahrzeuge stationiert. Einsatzfahrzeuge des L\u00f6schzug Brilon ELW 1 KEF TLF 4000 DLK 23\/12 HLF 20-01 LF 20 KatS HLF 20-02 Gw-L 2 GW-G MLF Einsatzfahrzeuge der L\u00f6schgruppen MLF Alme MTF Alme MLF Altenb\u00fcren MLF Bontkirchen\u2026","rel":"","context":"In &quot;Allgemein&quot;","block_context":{"text":"Allgemein","link":"https:\/\/www.feuerwehr-brilon.de\/?cat=1"},"img":{"alt_text":"","src":"","width":0,"height":0},"classes":[]},{"id":7,"url":"https:\/\/www.feuerwehr-brilon.de\/?page_id=7","url_meta":{"origin":5,"position":1},"title":"Brilon","author":"Marc Heines","date":"28. Mai 2008","format":false,"excerpt":"Der L\u00f6schzug Brilon ist f\u00fcr den Brandschutz in der Kernstadt (14.590 Einwohner) und Gudenhagen-Petersborn (1.293 Einwohner) zust\u00e4ndig. Daneben unterst\u00fctzt er die L\u00f6schgruppen bei gr\u00f6\u00dferen Eins\u00e4tzen. Er gliedert sich in vier Abteilungen: Einsatzabteilung Hier befinden sich alle aktiven Brandsch\u00fctzer der Einsatzabteilung. weiter xxxxxxxxxx MITGLIED werden Jugendfeuerwehr Seit \u00fcber 40 Jahren unterh\u00e4lt\u2026","rel":"","context":"In &quot;Allgemein&quot;","block_context":{"text":"Allgemein","link":"https:\/\/www.feuerwehr-brilon.de\/?cat=1"},"img":{"alt_text":"","src":"https:\/\/i0.wp.com\/www.feuerwehr-brilon.de\/wp-up\/2020\/04\/Gruppenbild_LZBrilon_010-500x281.jpg?resize=350%2C200&ssl=1","width":350,"height":200,"srcset":"https:\/\/i0.wp.com\/www.feuerwehr-brilon.de\/wp-up\/2020\/04\/Gruppenbild_LZBrilon_010-500x281.jpg?resize=350%2C200&ssl=1 1x, https:\/\/i0.wp.com\/www.feuerwehr-brilon.de\/wp-up\/2020\/04\/Gruppenbild_LZBrilon_010-500x281.jpg?resize=525%2C300&ssl=1 1.5x, https:\/\/i0.wp.com\/www.feuerwehr-brilon.de\/wp-up\/2020\/04\/Gruppenbild_LZBrilon_010-500x281.jpg?resize=700%2C400&ssl=1 2x"},"classes":[]},{"id":24,"url":"https:\/\/www.feuerwehr-brilon.de\/?page_id=24","url_meta":{"origin":5,"position":2},"title":"Scharfenberg","author":"Daniel Vogel","date":"28. Mai 2008","format":false,"excerpt":"Die L\u00f6schgruppe Scharfenberg besteht zur Zeit aus 35 Mitgliedern. Die L\u00f6schgruppe Scharfenberg ist f\u00fcr den Brandschutz im Ortsteil Scharfenberg (ca. 1.500 Einwohner) zust\u00e4ndig. Feuerwehrger\u00e4tehaus Scharfenberg L\u00f6schgruppenf\u00fchrer: Dirk Schulte stellv. L\u00f6schgruppenf\u00fchrer: Jonas Rieke stellv. L\u00f6schgruppenf\u00fchrer: Jonas Fehst Abri\u00df \u00fcber die Geschichte der L\u00f6schgruppe Scharfenberg Die Freiwillige Feuerwehr Scharfenberg wurde offiziell am\u2026","rel":"","context":"In &quot;Allgemein&quot;","block_context":{"text":"Allgemein","link":"https:\/\/www.feuerwehr-brilon.de\/?cat=1"},"img":{"alt_text":"","src":"","width":0,"height":0},"classes":[]},{"id":20,"url":"https:\/\/www.feuerwehr-brilon.de\/?page_id=20","url_meta":{"origin":5,"position":3},"title":"Hoppecke","author":"Daniel Vogel","date":"28. Mai 2008","format":false,"excerpt":"Die L\u00f6schgruppe Hoppecke besteht zur Zeit aus 41 Mitgliedern. Daneben gibt es eine Jugendfeuerwehr mit 20 Mitgliedern. Die L\u00f6schgruppe Hoppecke ist f\u00fcr den Brandschutz in den Ortsteilen Hoppecke und Brilon Wald zust\u00e4ndig. Dar\u00fcber hinaus unterst\u00fctzt sie im Bedarfsfall die L\u00f6schgruppen Messinghausen und Bontkirchen. \u00a0 \u00a0 \u00a0 \u00a0 \u00a0 \u00a0 \u00a0\u2026","rel":"","context":"In &quot;Allgemein&quot;","block_context":{"text":"Allgemein","link":"https:\/\/www.feuerwehr-brilon.de\/?cat=1"},"img":{"alt_text":"","src":"\/images\/gruppenbild\/gr_hoppecke.jpg","width":350,"height":200},"classes":[]},{"id":257,"url":"https:\/\/www.feuerwehr-brilon.de\/?page_id=257","url_meta":{"origin":5,"position":4},"title":"Jugendfeuerwehr","author":"Daniel Vogel","date":"19. August 2008","format":false,"excerpt":"Wir begr\u00fc\u00dfen Sie auf den Seiten der Jugendfeuerwehr der Freiwilligen Feuerwehr Brilon. In unserer Feuerwehr gibt es seit \u00fcber 30 Jahren in verschiedenen L\u00f6schgruppen sowie im L\u00f6schzug eine Jugendfeuerwehr. Zur Zeit bestehen sechs Jugendfeuerwehren mit insgesamt 78 Jugendfeuerwehrm\u00e4nnern und -frauen. Die einzelnen Jugendfeuerwehren stellen sich auf den folgenden Seiten vor.\u2026","rel":"","context":"In &quot;Allgemein&quot;","block_context":{"text":"Allgemein","link":"https:\/\/www.feuerwehr-brilon.de\/?cat=1"},"img":{"alt_text":"","src":"https:\/\/i0.wp.com\/www.feuerwehr-brilon.de\/wp-up\/2009\/04\/jf_alle-500x170.jpg?resize=350%2C200","width":350,"height":200},"classes":[]},{"id":1299,"url":"https:\/\/www.feuerwehr-brilon.de\/?page_id=1299","url_meta":{"origin":5,"position":5},"title":"L\u00f6schzug Brilon e. V.","author":"Marc Heines","date":"28. August 2009","format":false,"excerpt":"Der L\u00f6schzug Brilon e.V. wurde gegr\u00fcndet zur Pflege des Feuerwehrwesens und zur F\u00f6rderung der Kameradschaft und der Jugendpflege. Mitglied werden k\u00f6nnen alle Angeh\u00f6rigen des L\u00f6schzug Brilon, des Tambourkorps, der Jugendfeuerwehr und der Ehrenabteilung. Man kann aber auch als F\u00f6rderndes Mitglied aufgenommen werden. Die Organe des Vereins sind die Mitgliederversammlung und\u2026","rel":"","context":"In &quot;Allgemein&quot;","block_context":{"text":"Allgemein","link":"https:\/\/www.feuerwehr-brilon.de\/?cat=1"},"img":{"alt_text":"","src":"","width":0,"height":0},"classes":[]}],"_links":{"self":[{"href":"https:\/\/www.feuerwehr-brilon.de\/index.php?rest_route=\/wp\/v2\/pages\/5","targetHints":{"allow":["GET"]}}],"collection":[{"href":"https:\/\/www.feuerwehr-brilon.de\/index.php?rest_route=\/wp\/v2\/pages"}],"about":[{"href":"https:\/\/www.feuerwehr-brilon.de\/index.php?rest_route=\/wp\/v2\/types\/page"}],"author":[{"embeddable":true,"href":"https:\/\/www.feuerwehr-brilon.de\/index.php?rest_route=\/wp\/v2\/users\/3"}],"replies":[{"embeddable":true,"href":"https:\/\/www.feuerwehr-brilon.de\/index.php?rest_route=%2Fwp%2Fv2%2Fcomments&post=5"}],"version-history":[{"count":0,"href":"https:\/\/www.feuerwehr-brilon.de\/index.php?rest_route=\/wp\/v2\/pages\/5\/revisions"}],"wp:attachment":[{"href":"https:\/\/www.feuerwehr-brilon.de\/index.php?rest_route=%2Fwp%2Fv2%2Fmedia&parent=5"}],"curies":[{"name":"wp","href":"https:\/\/api.w.org\/{rel}","templated":true}]}}