{"id":50,"date":"2008-05-31T17:14:19","date_gmt":"2008-05-31T15:14:19","guid":{"rendered":"http:\/\/wptest.k-srv.de\/?page_id=50"},"modified":"2023-02-02T09:55:49","modified_gmt":"2023-02-02T08:55:49","slug":"madfeld","status":"publish","type":"page","link":"https:\/\/www.feuerwehr-brilon.de\/?page_id=50","title":{"rendered":"Madfeld"},"content":{"rendered":"<p><span style=\"color: #000000;\">Die L\u00f6schgruppe Madfeld besteht zur Zeit aus 35 Mitgliedern. Die L\u00f6schgruppe Madfeld ist f\u00fcr den Brandschutz in den Ortsteilen Madfeld (1.368 Einwohner) und Radlinghausen (133 Einwohner) zust\u00e4ndig.<\/span><br \/>\n<img decoding=\"async\" usemap=\"#fahrzeug\" src=\".\/images\/einheiten\/gh_madfeld.jpg\" border=\"0\" alt=\"Madfeld\" \/><\/p>\n<map name=\"fahrzeug\">\n<area title=\"Fahrzeug\" shape=\"rect\" coords=\"66,154,163,267\" href=\"http:\/\/www.feuerwehr-brilon.de\/?page_id=1335\" alt=\"Fahrzeug\" \/>\n<\/map>\n<p><br clear=\"all\"><\/p>\n<div>\n<p>Feuerwehrger\u00e4tehaus Madfeld<\/p>\n<\/div>\n<p><span style=\"color: #000000;\">L\u00f6schgruppenf\u00fchrer: Heinz-J\u00fcrgen Schulte<\/span><br \/>\n<\/span><span style=\"color: #000000;\">stellv. L\u00f6schgruppenf\u00fchrer: Jan Philipp Becker<\/span><br \/>\n<\/span><span style=\"color: #000000;\">stellv. L\u00f6schgruppenf\u00fchrer: Sven Decker<\/span><br \/>\n\u00a0<\/p>\n<h3><span style=\"text-decoration: underline;\">Abri\u00df \u00fcber die Geschichte der L\u00f6schgruppe Madfeld<\/span><\/h3>\n<p>Die Freiwillige Feuerwehr Madfeld wurde offiziell am 25. April 1926 (7 Tage nach der Feuerwehr Scharfenberg) gegr\u00fcndet. Auch in Madfeld hatte es zuvor mit der Pflichtfeuerwehr immer wieder Probleme gegeben. So hatten Kreisbrandmeister H\u00fcser und die Amtsverwaltung eine entsprechende Versammlung einberufen. 32 Einwohner schrieben sich als Mitglieder ein. 1. Brandmeister wurde Herr Goldstein, sein Stellvertreter Paul Lange. Die Anfangsjahre der Feuerwehr Madfeld waren jedoch von vielen Problemen gepr\u00e4gt.<\/p>\n<p>So waren tags\u00fcber sehr wenige Personen anwesend, der Gro\u00dfteil der Feuerwehrm\u00e4nner arbeitete ausw\u00e4rts. Es wurde daher ein Antrag nach der Polizeiverordnung gestellt, eine Hilfsabteilung zu gr\u00fcnden. Da auch in der damaligen Zeit die finanziellen Mittel sehr knapp besessen waren, wurde schon 1926 ein Feuerwehrball zur Entlastung der Gemeindekasse veranstaltet.<\/p>\n<p>1928 hatte sich die finanzielle Lage der Gemeinde weiter verschlechtert. So konnten die beantragten Ausr\u00fcstungsgegenst\u00e4nde (Preis 300 Mark) zun\u00e4chst nicht beschafft werden. In einer au\u00dferordentlichen Generalversammlung beabsichtigte man daher, die Feuerwehr wegen \u201cdauernder Antimunit\u00e4t und ablehnendem Benehmen des Gemeindevorstandes\u201d aufzul\u00f6sen. Nach weiteren Verhandlungen wurde der Etat dann doch genehmigt, so dass die Arbeit weiter gef\u00fchrt wurde. Doch schon 1930 gab es erneut Probleme. Besonders die j\u00fcngeren Kameraden hatten sich \u00fcber dauernde Anp\u00f6beleien seitens einiger Gemeindevertreter beschwert. Die Wehr beschloss daher, sich zum 3. August aufzul\u00f6sen. Die Ausr\u00fcstung wurde bei der Gemeindeverwaltung abgegeben. So bestand bis 1932 wieder eine Pflichtfeuerwehr.<\/p>\n<p>1932 \u00fcbernahm Kaufmann Bernhard Wessel die Wehr und in den folgenden Jahren wurden mehr schlecht als recht einige \u00dcbungen und Instruktionsabende abgehalten. Auch in diesen Jahren war die Ausr\u00fcstung v\u00f6llig unzureichend, aufgrund der miserablen finanziellen Lage der Gemeinde wurde die Wehr von Jahr zu Jahr vertr\u00f6stet. In dieser Zeit wurden s\u00e4mtliche Feuerwehren zu einem Amtsverband zusammengeschlossen und am 6. August 1939 feierte man mit den \u00fcbrigen 7 Feuerwehr des Amtsverbandes den Amtsfeuerwehrtag. Nach einigen \u00dcbungen und einem Festzug erkannte dann die Bev\u00f6lkerung und insbesondere die Gemeindevertretung, dass die Gemeinde Madfeld mit ihrer Wehr sich allerorts sehen lassen kann und der Schutz von Hab und Gut in guten H\u00e4nden liegt.\u00a0<\/p>\n<p>1942 konnte die erste Motorspritze aus Kriegsbest\u00e4nden beschafft werden. Nach dem Krieg war der Neuaufbau sehr beschwerlich,1950 wurde wiederrum ein Amtsfeuerwehrtag durchgef\u00fchrt. In dieser Zeit diente ein Tragkraftspritzenanh\u00e4nger als Feuerwehrfahrzeug. 1962 wurde eine moderne Tragkraftspritze (TS 8\/8) beschafft, ein eigenes Fahrzeug konnte allerdings erst 1965 in Dienst gestellt werden. Gemeindeb\u00fcrgermeister Amen \u00fcberreichte am 31. Juli 1965 den Schl\u00fcssel zum neuen Tragkraftspritzenfahrzeug (TSF\/T). Die Wehr bl\u00fchte nun auf und bereits am 18. September 1966 konnte ein neues Feuerwehrhaus \u00fcbergeben werden.<\/p>\n<p>Die Ausr\u00fcstung wurde nun immer mehr verbessert, die Ausbildung kontinuierlich fortgesetzt. Im Jahr 1975 wurden dann das Amt Th\u00fclen und die Feuerwehr Madfeld der Stadt Brilon zugeordnet, die Feuerwehr verlor ihr Eigenst\u00e4ndigkeit und wurde innerhalb der Feuerwehr eine L\u00f6schgruppe. Durch die Zusammenlegung konnte jedoch eine intensivere Ausbildung betrieben werden und die Ausr\u00fcstung wurde erg\u00e4nzt, beispielsweise konnten 2 tragbare Handsprech- sowie ein station\u00e4res Funkger\u00e4t in Dienst gestellt werden. Daneben wurde die ersten Atemschutzger\u00e4te angeschafft.<\/p>\n<p>Im Mai 1981 \u00fcbergab B\u00fcrgermeister Klaholz das neue L\u00f6schgruppenfahrzeug LF 8, komplett eingerichtet mit Funkger\u00e4t und Rettungsschere. Nunmehr wurde die Aur\u00fcstung von Jahr zu Jahr weiter erg\u00e4nzt,1985 gab es die ersten Meldeempf\u00e4nger. 1989 wurde eine Jugendfeuerwehr gegr\u00fcndet. 1993 konnte letzendlich ein neues L\u00f6schgruppenfahrzeug in Dienst gestellt werden. Neben einem 600 Liter Wassertank ist es auch f\u00fcr die technische Hilfeleistung bei Verkehrsunf\u00e4llen ausger\u00fcstet. Mit diesem Fahrzeug verf\u00fcgt die L\u00f6schgruppe Madfeld heute \u00fcber eine gute technische Ausstattung.<\/p>\n<p>\u00a0<\/p>\n","protected":false},"excerpt":{"rendered":"<p>Die L\u00f6schgruppe Madfeld besteht zur Zeit aus 35 Mitgliedern. Die L\u00f6schgruppe Madfeld ist f\u00fcr den Brandschutz in den Ortsteilen Madfeld (1.368 Einwohner) und Radlinghausen (133 Einwohner) zust\u00e4ndig. Feuerwehrger\u00e4tehaus Madfeld L\u00f6schgruppenf\u00fchrer: Heinz-J\u00fcrgen Schulte stellv. L\u00f6schgruppenf\u00fchrer: Jan Philipp Becker stellv. L\u00f6schgruppenf\u00fchrer: Sven Decker \u00a0 Abri\u00df \u00fcber die Geschichte der L\u00f6schgruppe Madfeld Die Freiwillige Feuerwehr Madfeld wurde offiziell [&hellip;]<\/p>\n","protected":false},"author":3,"featured_media":0,"parent":5,"menu_order":5,"comment_status":"closed","ping_status":"closed","template":"","meta":{"_exactmetrics_skip_tracking":false,"_exactmetrics_sitenote_active":false,"_exactmetrics_sitenote_note":"","_exactmetrics_sitenote_category":0,"jetpack_post_was_ever_published":false,"footnotes":""},"class_list":["post-50","page","type-page","status-publish","hentry"],"jetpack_shortlink":"https:\/\/wp.me\/PCIJa-O","jetpack_sharing_enabled":true,"jetpack-related-posts":[{"id":687,"url":"https:\/\/www.feuerwehr-brilon.de\/?page_id=687","url_meta":{"origin":50,"position":0},"title":"L\u00f6schzug- und L\u00f6schgruppenf\u00fchrer","author":"Marc Heines","date":"29. Januar 2009","format":false,"excerpt":"L\u00f6schzug Brilon L\u00f6schzugf\u00fchrer stv. L\u00f6schzugf\u00fchrer Marc Heines Thomas B\u00f6ddicker brilon(at)feuerwehr-brilon.de L\u00f6schgruppe Alme L\u00f6schgruppenf\u00fchrer stv. L\u00f6schgruppenf\u00fchrer Patrick Sewtz Ansgar Rettler alme(at)feuerwehr-brilon.de L\u00f6schgruppe Altenb\u00fcren L\u00f6schgruppenf\u00fchrer stv. L\u00f6schgruppenf\u00fchrer Manuel H\u00fcmmecke Michael Vo\u00df altenbueren(at)feuerwehr-brilon.de L\u00f6schgruppe Bontkirchen L\u00f6schgruppenf\u00fchrer stv. L\u00f6schgruppenf\u00fchrer Thorsten Schwermer Peter Hennecke bontkirchen(at)feuerwehr-brilon.de L\u00f6schgruppe Hoppecke L\u00f6schgruppenf\u00fchrer stv. L\u00f6schgruppenf\u00fchrer Nicolas Sch\u00f6rmann Till Kemmerling hoppecke(at)feuerwehr-brilon.de\u2026","rel":"","context":"In &quot;Allgemein&quot;","block_context":{"text":"Allgemein","link":"https:\/\/www.feuerwehr-brilon.de\/?cat=1"},"img":{"alt_text":"","src":"https:\/\/i0.wp.com\/www.feuerwehr-brilon.de\/images\/passbilder\/mhe.jpg?resize=350%2C200","width":350,"height":200},"classes":[]},{"id":272,"url":"https:\/\/www.feuerwehr-brilon.de\/?page_id=272","url_meta":{"origin":50,"position":1},"title":"Hoppecke","author":"Daniel Vogel","date":"19. August 2008","format":false,"excerpt":"Die Jugendfeuerwehr der L\u00f6schgruppe Hoppecke hat zur Zeit 13 Mitglieder. Sie wurde im Jahre 1991 neu gegr\u00fcndet. \u00a0 Die Jugendfeuerwehr der L\u00f6schgruppe Hoppecke im Jahre 2011 Jugendfeuerwehrwart: Marcel Morhenne stellv. Jugendfeuerwehrwart: Hier geht's zum aktuellen Dienstplan Unsere Seifenkiste im Einsatz, Seifenkistenrennen beim Stadtjugendfeuerwehrtag in Madfeld 1999. Im Verlauf von einigen\u2026","rel":"","context":"In &quot;Allgemein&quot;","block_context":{"text":"Allgemein","link":"https:\/\/www.feuerwehr-brilon.de\/?cat=1"},"img":{"alt_text":"","src":"https:\/\/i0.wp.com\/www.feuerwehr-brilon.de\/images\/gruppenbild\/jf_hoppecke_.jpg?resize=350%2C200","width":350,"height":200},"classes":[]},{"id":23,"url":"https:\/\/www.feuerwehr-brilon.de\/?page_id=23","url_meta":{"origin":50,"position":2},"title":"Altenb\u00fcren","author":"Daniel Vogel","date":"28. Mai 2008","format":false,"excerpt":"Die L\u00f6schgruppe Altenb\u00fcren besteht zur Zeit aus 27 Mitgliedern. Sie ist f\u00fcr den Brandschutz in den Ortsteilen Altenb\u00fcren (1.418 Einwohner) und Esshoff (78 Einwohner) zust\u00e4ndig. Feuerwehrger\u00e4tehaus Altenb\u00fcren L\u00f6schgruppenf\u00fchrer: Manuel H\u00fcmmecke stellv. L\u00f6schgruppenf\u00fchrer: Michael Vo\u00df stellv. L\u00f6schgruppenf\u00fchrer: J\u00f6rg M\u00fcller","rel":"","context":"In &quot;Allgemein&quot;","block_context":{"text":"Allgemein","link":"https:\/\/www.feuerwehr-brilon.de\/?cat=1"},"img":{"alt_text":"","src":"https:\/\/i0.wp.com\/www.feuerwehr-brilon.de\/images\/gruppenbild\/gr_altenbueren.jpg?resize=350%2C200","width":350,"height":200},"classes":[]},{"id":30,"url":"https:\/\/www.feuerwehr-brilon.de\/?page_id=30","url_meta":{"origin":50,"position":3},"title":"Th\u00fclen","author":"Daniel Vogel","date":"28. Mai 2008","format":false,"excerpt":"Die L\u00f6schgruppe Th\u00fclen besteht zur Zeit aus 30 Mitgliedern. Die L\u00f6schgruppe Th\u00fclen ist f\u00fcr den Brandschutz im Ortsteil Th\u00fclen (1.112 Einwohner) zust\u00e4ndig. Die Mitglieder der L\u00f6schgruppe Th\u00fclen im Jubil\u00e4umsjahr 2012: \u00a0 \u00a0 \u00a0 \u00a0 \u00a0 \u00a0 \u00a0 \u00a0 \u00a0 \u00a0 \u00a0 \u00a0 Feuerwehrger\u00e4tehaus Th\u00fclen L\u00f6schgruppenf\u00fchrer: Patrick Schl\u00fcter Stellv. L\u00f6schgruppenf\u00fchrer: Christian\u2026","rel":"","context":"In &quot;Allgemein&quot;","block_context":{"text":"Allgemein","link":"https:\/\/www.feuerwehr-brilon.de\/?cat=1"},"img":{"alt_text":"","src":"\/images\/gruppenbild\/gr_thuelen.jpg","width":350,"height":200},"classes":[]},{"id":469,"url":"https:\/\/www.feuerwehr-brilon.de\/?page_id=469","url_meta":{"origin":50,"position":4},"title":"Tragkraftspritzenanh\u00e4nger","author":"Marc Heines","date":"13. Dezember 2008","format":false,"excerpt":"Brilon Der Tragkraftspritzenanh\u00e4nger wurde vom Milit\u00e4r erworben. Er war von 1948 bis 1970 beim L\u00f6schzug Brilon im Einsatz. Das Baujahr und der Hersteller des Tragkraftspritzenanh\u00e4ngers sind nicht bekannt. Er wurde vom Milit\u00e4r erworben und von einem Fahrzeug (Bspw. Mannschaftswagen) gezogen. Madfeld Tragkraftspritzenanh\u00e4nger aus dem Jahre 1943. Er war bei der\u2026","rel":"","context":"In &quot;Allgemein&quot;","block_context":{"text":"Allgemein","link":"https:\/\/www.feuerwehr-brilon.de\/?cat=1"},"img":{"alt_text":"","src":"https:\/\/i0.wp.com\/www.feuerwehr-brilon.de\/wp-up\/2008\/12\/tsa_brilon.jpg?resize=350%2C200","width":350,"height":200},"classes":[]},{"id":27,"url":"https:\/\/www.feuerwehr-brilon.de\/?page_id=27","url_meta":{"origin":50,"position":5},"title":"Alme","author":"Daniel Vogel","date":"28. Mai 2008","format":false,"excerpt":"Die L\u00f6schgruppe Alme besteht zur Zeit aus 27 Mitgliedern. Sie ist f\u00fcr den Brandschutz im Ortsteil Alme ( 1.831 Einwohner) zust\u00e4ndig. Feuerwehrger\u00e4tehaus Alme L\u00f6schgruppenf\u00fchrer: Patrik Sewtz stellv. L\u00f6schgruppenf\u00fchrer: Ansgar Rettler Historisches der L\u00f6schgruppe Alme","rel":"","context":"In &quot;Allgemein&quot;","block_context":{"text":"Allgemein","link":"https:\/\/www.feuerwehr-brilon.de\/?cat=1"},"img":{"alt_text":"","src":"https:\/\/i0.wp.com\/www.feuerwehr-brilon.de\/images\/gruppenbild\/gr_alme.jpg?resize=350%2C200","width":350,"height":200,"srcset":"https:\/\/i0.wp.com\/www.feuerwehr-brilon.de\/images\/gruppenbild\/gr_alme.jpg?resize=350%2C200 1x, https:\/\/i0.wp.com\/www.feuerwehr-brilon.de\/images\/gruppenbild\/gr_alme.jpg?resize=525%2C300 1.5x"},"classes":[]}],"_links":{"self":[{"href":"https:\/\/www.feuerwehr-brilon.de\/index.php?rest_route=\/wp\/v2\/pages\/50","targetHints":{"allow":["GET"]}}],"collection":[{"href":"https:\/\/www.feuerwehr-brilon.de\/index.php?rest_route=\/wp\/v2\/pages"}],"about":[{"href":"https:\/\/www.feuerwehr-brilon.de\/index.php?rest_route=\/wp\/v2\/types\/page"}],"author":[{"embeddable":true,"href":"https:\/\/www.feuerwehr-brilon.de\/index.php?rest_route=\/wp\/v2\/users\/3"}],"replies":[{"embeddable":true,"href":"https:\/\/www.feuerwehr-brilon.de\/index.php?rest_route=%2Fwp%2Fv2%2Fcomments&post=50"}],"version-history":[{"count":3,"href":"https:\/\/www.feuerwehr-brilon.de\/index.php?rest_route=\/wp\/v2\/pages\/50\/revisions"}],"predecessor-version":[{"id":30688,"href":"https:\/\/www.feuerwehr-brilon.de\/index.php?rest_route=\/wp\/v2\/pages\/50\/revisions\/30688"}],"up":[{"embeddable":true,"href":"https:\/\/www.feuerwehr-brilon.de\/index.php?rest_route=\/wp\/v2\/pages\/5"}],"wp:attachment":[{"href":"https:\/\/www.feuerwehr-brilon.de\/index.php?rest_route=%2Fwp%2Fv2%2Fmedia&parent=50"}],"curies":[{"name":"wp","href":"https:\/\/api.w.org\/{rel}","templated":true}]}}