{"id":525,"date":"2008-12-16T20:35:33","date_gmt":"2008-12-16T19:35:33","guid":{"rendered":"http:\/\/www.feuerwehr-brilon.de\/?page_id=525"},"modified":"2008-12-16T20:35:33","modified_gmt":"2008-12-16T19:35:33","slug":"hintergrund","status":"publish","type":"page","link":"https:\/\/www.feuerwehr-brilon.de\/?page_id=525","title":{"rendered":"Hintergrund"},"content":{"rendered":"<h2 style=\"text-align: left;\">Hintergr\u00fcnde zur Farbgebung und Alarmeinrich- tungen des Schweren L\u00f6schgruppenfahrzeuges (SLG, sp\u00e4ter LF 15)<\/h2>\n<p>Im Dritten Reich ergaben sich nach der Macht\u00fcbernahme im Januar 1933 auch f\u00fcr die Feuerwehren Neuerung und Umstellungen. Durch das preu\u00dfische Gesetz \u00fcber das Feuerl\u00f6schwesen vom 15. Dezember 1933 wurden die Berufsfeuerwehren, die freiwilligen Feuerwehren und die Pflichtfeuerwehren im Land Preu\u00dfen der Ortspolizeiverwaltung und den Polizeiaufsichtsbeh\u00f6rden unterstellt. Als Bezeichnung der Feuerwehren wurde der (zun\u00e4chst inoffizielle) Begriff \u201eFeuerl\u00f6schpolizei\u201c verwendet.<\/p>\n<p>Durch das \u201eGesetz \u00fcber das Feuerl\u00f6schwesen\u201c wurden am 23.11.1938, nunmehr reichsweit,  die Feuerwehren als technische Polizeitruppe dem Reichsminister des Innern unterstellt. Die Berufsfeuerwehren wurden als \u201eFeuerschutzpolizei\u201c und die Freiwilligen Feuerwehren als technische Hilfspolizeitruppe in den Rahmen der Ordnungspolizei einbezogen. Anders als bei den Berufsfeuerwehren, die nunmehr offiziell als Feuerschutzpolizei bezeichnet wurde, blieben die Begriffe Freiwillige Feuerwehr, Pflichtfeuerwehr und Werksfeuerwehren erhalten. Auf Kreisebene wurde der \u201eKreisf\u00fchrer der Freiwilligen Feuerwehr als feuerwehrtechnischer Aufsichtsbeamter\u201d eingerichtet. Die zentralen Reichsstellen waren bis Kriegsende im Mai 1945 bem\u00fcht, die Verbindung der Freiwilligen Feuerwehren mit der Polizei noch enger auszubauen und beabsichtigten, die gesamte Freiwillige Feuerwehr neben der Unterstellung unter die Ordnungspolizei auch noch personell in ein Reserveverh\u00e4ltnis zur Feuerschutzpolizei zu bringen.<\/p>\n<p>Die gesamte Entwicklung wurde durch die Beendigung des Krieges unterbrochen und auf Anordnung der britischen Milit\u00e4rregierung nicht mehr fortgesetzt. F\u00fcr den Bereich der britischen Besatzungszone (u.a. Westfalen) wurde die v\u00f6llige Herausnahme der gesamte Feuerl\u00f6schkr\u00e4fte aus dem Polizeisektor gefordert. Der fr\u00fchere Befehlshaber der Ordnungspolizei und damit auch die Inspektion F als sachbearbeitende Stelle sowie auch der fr\u00fchere Abschnittsinspektor der Feuerwehr wurden damit aufgel\u00f6st, Rundschreiben 1\/1945, Provinzregierung Westfalen \u2013Provinzial-Feuerwehrverwaltung- vom 7.8.1945.<\/p>\n<h3>Farbgebung der Feuerl\u00f6schfahrzeuge:<\/h3>\n<p><a href=\"http:\/\/www.feuerwehr-brilon.de\/wp-up\/2008\/12\/erlass_fahrzeuge_1-3-1937_neu.gif\"><img loading=\"lazy\" decoding=\"async\" title=\"erlass_fahrzeuge_1-3-1937_neu\" src=\"http:\/\/www.feuerwehr-brilon.de\/wp-up\/2008\/12\/erlass_fahrzeuge_1-3-1937_neu.gif\" alt=\"\" width=\"425\" height=\"254\" \/><\/a><\/p>\n<p>Die Unterstellung der Feuerwehr auf die Polizei wirkte sich auch auf die Farbgebung der Feuerwehrfahrzeuge aus. Die Fahrzeuge der Feuerwehren wurde bereits durch Erla\u00df vom 1.3.1937 nicht mehr in rot sondern in dunkelgr\u00fcn (tannengr\u00fcn) lackiert (Ziff. 1), das Stadtwappen wurde durch das Hoheitsabzeichen der Polizei ersetzt, siehe Ziff. 3 des Erlasses. Bis zum 23.11.1938 (Erla\u00df des Feuerl\u00f6schgesetzes) wurde die Feuerwehr vielfach allgemein als \u201cFeuerl\u00f6schpolizei\u201d bezeichnet und die Fahrzeuge der Freiwilligen Feuerwehr und auch der Berufsfeuerwehren so beschriftet. Der Begriff Feuerl\u00f6schpolizei wurde dar\u00fcber hinaus auch nach 1938 als \u201cOberbegriff\u201d \u00fcber die Feuerwehren (Feuerschutzpolizei, Freiw. Feuerwehr etc.) in den Erlassen verwendet. Nach der Verabschiedung des Feuerl\u00f6schgesetzes am 23.11.1938 folgte unter dem Hoheitsabzeichen der Polizei die Aufschrift \u201cFeuerschutzpolizei\u201d, \u201cFreiwillige Feuerwehr\u201d, \u201cPflichtfeuerwehr\u201d oder \u201cWerkfeuerwehr\u201d, darunter der Name der Heimatgemeinde. Unter Werkfeuerwehr stand jedoch zun\u00e4chst der Name des Werkes.<\/p>\n<p>Erg\u00e4nzend wird darauf hingewiesen, dass in gr\u00f6\u00dferen St\u00e4dten neben den Fahrzeuge der Feuerschutzpolizei und der Freiwilligen Feuerwehr luftwaffeneigene Fahrzeuge des SHD (Sicherheits- und Hilfsdienstes) im Einsatz waren. Diese Fahrzeuge waren nicht gr\u00fcn, sondern luftwaffengrau.<\/p>\n<p>Im Verlauf des Krieges wurden durch Erlass vom 14.8.1942 auch die Fahrzeuge der Feuerschutzpolizei und der Feuerwehren aus wirtschaftlichen Gr\u00fcnden in schwarzgrau, RAL 7021 (luftwaffengrau) lackiert. Auch das SLG der Feuerwehr Brilon wurde im Januar 1943 in schwarzgrau ausgeliefert, es trug die Beschriftung \u201eFreiwilligen Feuerwehr Brilon\u201c und das Hoheitsabzeichen der Polizei.<\/p>\n<p><a href=\"http:\/\/www.feuerwehr-brilon.de\/wp-up\/2008\/12\/erlass_fahrzeuge_14-8-1942_neu.gif\"><img loading=\"lazy\" decoding=\"async\" class=\"alignnone size-medium wp-image-530\" title=\"erlass_fahrzeuge_14-8-1942_neu\" src=\"http:\/\/www.feuerwehr-brilon.de\/wp-up\/2008\/12\/erlass_fahrzeuge_14-8-1942_neu.gif\" alt=\"\" width=\"500\" height=\"200\" \/><\/a><\/p>\n<p>Zwecks Einsparung von Rohstoffen und Arbeitszeit wurde am 7.3.1943 angeordnet, dass die Fahrzeuge ohne Polizei Hoheitsabzeichen und ohne Aufschrift ausgeliefert werden. Wenig sp\u00e4ter wurden die Fahrzeuge in dunkelgelb matt geliefert, RAL 7028, Erlass vom 7.4.1943. Das Schwere L\u00f6schgruppenfahrzeug wurde ferner durch Erlass vom 30.4.1943 als LF 15 bezeichnet.<\/p>\n<p>Nach dem Krieg wurde unser LF 15 aufgrund des Sonderrundschreibens 1\/1945 der Provinzregierung Westfalen \u2013Provinzial-Feuerwehrverwaltung- vom 13.11.1945 in dunkelgr\u00fcn lackiert, obwohl die Feuerwehren nun nicht mehr der Ordnungspolizei angeh\u00f6rten. Neben der Beschriftung Freiwillige Feuerwehr Brilon wurde anstelle des Polizeihoheitsabzeichens das Stadtwappen aufgebracht. Einige Jahre sp\u00e4ter wurde das Fahrzeug dann, vermutlich Ende der 50er Jahre, in rot lackiert.<\/p>\n<h3>Alarmeinrichtungen:<\/h3>\n<p>Die Alarmeinrichtungen (Blaulicht, Martinshorn, Alarmglocke) der Feuerwehr wurden erstmals in den 30er Jahren vorgeschrieben. Nachdem das Blaulicht bereits seit 1937 in der Stra\u00dfenverkehrsordnung vorgesehen war, wurde durch Erlass vom 7.5.1938 das Martinshorn der Firma Max B. Martin als einheitliches Warnzeichen und<br \/>\nblaue Kennscheinwerfer f\u00fcr die Fahrzeuge der Feuerl\u00f6schpolizei vorgeschrieben. Mit diesem Erlass wurde auch die Tonfolge des Martinshorns festgelegt.<\/p>\n<p>Daneben konnte bei den Fahrzeugen der Feuerl\u00f6schpolizei ein L\u00e4utsignal (Siemens&amp;Halske Motorkugelwecker) mit dem Ton \u201eh\u201c verwendet werden.<\/p>\n<p><a href=\"http:\/\/www.feuerwehr-brilon.de\/wp-up\/2008\/12\/kennleuchten_2.jpg\"><img loading=\"lazy\" decoding=\"async\" class=\"alignnone size-medium wp-image-529\" title=\"kennleuchten_2\" src=\"http:\/\/www.feuerwehr-brilon.de\/wp-up\/2008\/12\/kennleuchten_2.jpg\" alt=\"\" width=\"350\" height=\"233\" \/><\/a><\/p>\n<p>Die blauen Signalleuchten wurden in Gr\u00f6\u00dfe und Anzahl grunds\u00e4tzlich durch Runderlass vom 3.4.1940 geregelt. F\u00fcr die Feuerschutzpolizeien und Feuerwehren gab es weitere Einzelheiten in den Anordnungen \u00fcber den Bau von Feuerwehrfahrzeugen vom 16.Februar 1940. Hier wurden beispielsweise im Heft 2, Schweres L\u00f6schgruppenfahrzeug, zwei Kennlichtscheinwerfer mit 170 mm Durchmesser, (Farbe kobaltblau massiv) der Firma Bosch vorgeschrieben.<\/p>\n<p><a href=\"http:\/\/www.feuerwehr-brilon.de\/wp-up\/2008\/12\/schmidt_samstag_4.jpg\"><img loading=\"lazy\" decoding=\"async\" class=\"alignnone size-medium wp-image-528\" title=\"schmidt_samstag_4\" src=\"http:\/\/www.feuerwehr-brilon.de\/wp-up\/2008\/12\/schmidt_samstag_4.jpg\" alt=\"\" width=\"100\" height=\"95\" \/><\/a><\/p>\n<p>Das Blaulicht war zun\u00e4chst als Dauerlicht ausgelegt, ab 29.3.1956 war blaues Blinklicht vorgeschrieben.<\/p>\n","protected":false},"excerpt":{"rendered":"<p>Hintergr\u00fcnde zur Farbgebung und Alarmeinrich- tungen des Schweren L\u00f6schgruppenfahrzeuges (SLG, sp\u00e4ter LF 15) Im Dritten Reich ergaben sich nach der Macht\u00fcbernahme im Januar 1933 auch f\u00fcr die Feuerwehren Neuerung und Umstellungen. Durch das preu\u00dfische Gesetz \u00fcber das Feuerl\u00f6schwesen vom 15. Dezember 1933 wurden die Berufsfeuerwehren, die freiwilligen Feuerwehren und die Pflichtfeuerwehren im Land Preu\u00dfen der [&hellip;]<\/p>\n","protected":false},"author":6,"featured_media":0,"parent":463,"menu_order":3,"comment_status":"closed","ping_status":"closed","template":"","meta":{"_exactmetrics_skip_tracking":false,"_exactmetrics_sitenote_active":false,"_exactmetrics_sitenote_note":"","_exactmetrics_sitenote_category":0,"jetpack_post_was_ever_published":false,"footnotes":""},"class_list":["post-525","page","type-page","status-publish","hentry"],"jetpack_shortlink":"https:\/\/wp.me\/PCIJa-8t","jetpack_sharing_enabled":true,"jetpack-related-posts":[{"id":24,"url":"https:\/\/www.feuerwehr-brilon.de\/?page_id=24","url_meta":{"origin":525,"position":0},"title":"Scharfenberg","author":"Daniel Vogel","date":"28. Mai 2008","format":false,"excerpt":"Die L\u00f6schgruppe Scharfenberg besteht zur Zeit aus 35 Mitgliedern. Die L\u00f6schgruppe Scharfenberg ist f\u00fcr den Brandschutz im Ortsteil Scharfenberg (ca. 1.500 Einwohner) zust\u00e4ndig. Feuerwehrger\u00e4tehaus Scharfenberg L\u00f6schgruppenf\u00fchrer: Dirk Schulte stellv. L\u00f6schgruppenf\u00fchrer: Jonas Rieke stellv. L\u00f6schgruppenf\u00fchrer: Jonas Fehst Abri\u00df \u00fcber die Geschichte der L\u00f6schgruppe Scharfenberg Die Freiwillige Feuerwehr Scharfenberg wurde offiziell am\u2026","rel":"","context":"In &quot;Allgemein&quot;","block_context":{"text":"Allgemein","link":"https:\/\/www.feuerwehr-brilon.de\/?cat=1"},"img":{"alt_text":"","src":"","width":0,"height":0},"classes":[]},{"id":822,"url":"https:\/\/www.feuerwehr-brilon.de\/?page_id=822","url_meta":{"origin":525,"position":1},"title":"Geschichte","author":"Marc Heines","date":"11. Mai 2009","format":false,"excerpt":"Abri\u00df \u00fcber die Geschichte der L\u00f6schgruppe Messinghausen Die Freiwillige Feuerwehr Messinghausen wurde im Jahre 1913 gegr\u00fcndet. In den Jahren zuvor gab es in Messinghausen zwar Ger\u00e4tschaften zur Brandbek\u00e4mpfung, eine Pflichtfeuerwehr bestand jedoch, anders als in anderen Ortschaften, erst ab dem Jahre 1911. Zuvor hatten sich auch f\u00fcr eine Pflichtfeuerwehr nicht\u2026","rel":"","context":"In &quot;Allgemein&quot;","block_context":{"text":"Allgemein","link":"https:\/\/www.feuerwehr-brilon.de\/?cat=1"},"img":{"alt_text":"","src":"","width":0,"height":0},"classes":[]},{"id":20,"url":"https:\/\/www.feuerwehr-brilon.de\/?page_id=20","url_meta":{"origin":525,"position":2},"title":"Hoppecke","author":"Daniel Vogel","date":"28. Mai 2008","format":false,"excerpt":"Die L\u00f6schgruppe Hoppecke besteht zur Zeit aus 41 Mitgliedern. Daneben gibt es eine Jugendfeuerwehr mit 20 Mitgliedern. Die L\u00f6schgruppe Hoppecke ist f\u00fcr den Brandschutz in den Ortsteilen Hoppecke und Brilon Wald zust\u00e4ndig. Dar\u00fcber hinaus unterst\u00fctzt sie im Bedarfsfall die L\u00f6schgruppen Messinghausen und Bontkirchen. \u00a0 \u00a0 \u00a0 \u00a0 \u00a0 \u00a0 \u00a0\u2026","rel":"","context":"In &quot;Allgemein&quot;","block_context":{"text":"Allgemein","link":"https:\/\/www.feuerwehr-brilon.de\/?cat=1"},"img":{"alt_text":"","src":"\/images\/gruppenbild\/gr_hoppecke.jpg","width":350,"height":200},"classes":[]},{"id":14422,"url":"https:\/\/www.feuerwehr-brilon.de\/?page_id=14422","url_meta":{"origin":525,"position":3},"title":"Brandschutzerziehung &#8211; Brandschutzaufkl\u00e4rung","author":"Andreas Becker","date":"21. Februar 2017","format":false,"excerpt":"Auf dieser Seite erfahren Sie: - Was bedeutet \u00fcberhaupt \u201eBrandschutzerziehung\u201c? - Welchen Hintergrund hat die \u201eBrandschutzerziehung\u201c? - An wen richtet sich die \u201eBrandschutzerziehung\/Brandschutzaufkl\u00e4rung\u201c? - Wer f\u00fchrt die \u201eBrandschutzerziehung\/Brandschutzaufkl\u00e4rung\u201c durch? \u00a0 Brandschutzerziehung \u2013 Wieso? Weshalb? Warum? Die Brandschutzerziehung befasst sich u.a. mit dem richtigen Verhalten in einem Brandfall, dem Erlernen des\u2026","rel":"","context":"\u00c4hnlicher Beitrag","block_context":{"text":"\u00c4hnlicher Beitrag","link":""},"img":{"alt_text":"","src":"https:\/\/i0.wp.com\/www.feuerwehr-brilon.de\/wp-up\/2017\/02\/Fuchs_Streichholz-130x150.png?resize=350%2C200","width":350,"height":200},"classes":[]},{"id":4649,"url":"https:\/\/www.feuerwehr-brilon.de\/?page_id=4649","url_meta":{"origin":525,"position":4},"title":"Geschichte seit 1879","author":"Andreas Becker","date":"25. M\u00e4rz 2011","format":false,"excerpt":"Nach einem Gro\u00dfbrand am 7.7.1877, dem in der Schulstra\u00dfe 20 H\u00e4user zum Opfer fielen, veranla\u00dfte der damalige B\u00fcrgermeister Schomberg die Gr\u00fcndung eines Freiwilligen Feuerwehr. Bei der Gr\u00fcndungsversammlung am 6. Juli 1879 meldeten sich zahlreiche B\u00fcrger aller Bev\u00f6lkerungskreise als freiwillige Mitglieder. 6. Juli 1879, die Feuerwehr Brilon wurde gegr\u00fcndet. In der\u2026","rel":"","context":"\u00c4hnlicher Beitrag","block_context":{"text":"\u00c4hnlicher Beitrag","link":""},"img":{"alt_text":"","src":"https:\/\/i0.wp.com\/www.feuerwehr-brilon.de\/wp-up\/2011\/03\/1879-500x386.jpg?resize=350%2C200","width":350,"height":200},"classes":[]},{"id":41,"url":"https:\/\/www.feuerwehr-brilon.de\/?page_id=41","url_meta":{"origin":525,"position":5},"title":"Fettexplosion","author":"Daniel Vogel","date":"29. Mai 2008","format":false,"excerpt":"Immer wieder h\u00f6rt oder liest man in Berichten den Begriff Fettexplosion. Aber was passiert bei einer Fettexplosion ? Wie kann sie verhindert werden ? Wir bedanken uns an dieser Stelle bei den Freiwilligen Feuerwehren Hamburg-Altona und Hamburg-Langenhorn, die uns diese Bilder zur Verf\u00fcgung gestellt haben. Eine Fettexplosion entsteht beim Eingie\u00dfen\u2026","rel":"","context":"In &quot;Allgemein&quot;","block_context":{"text":"Allgemein","link":"https:\/\/www.feuerwehr-brilon.de\/?cat=1"},"img":{"alt_text":"","src":"","width":0,"height":0},"classes":[]}],"_links":{"self":[{"href":"https:\/\/www.feuerwehr-brilon.de\/index.php?rest_route=\/wp\/v2\/pages\/525","targetHints":{"allow":["GET"]}}],"collection":[{"href":"https:\/\/www.feuerwehr-brilon.de\/index.php?rest_route=\/wp\/v2\/pages"}],"about":[{"href":"https:\/\/www.feuerwehr-brilon.de\/index.php?rest_route=\/wp\/v2\/types\/page"}],"author":[{"embeddable":true,"href":"https:\/\/www.feuerwehr-brilon.de\/index.php?rest_route=\/wp\/v2\/users\/6"}],"replies":[{"embeddable":true,"href":"https:\/\/www.feuerwehr-brilon.de\/index.php?rest_route=%2Fwp%2Fv2%2Fcomments&post=525"}],"version-history":[{"count":0,"href":"https:\/\/www.feuerwehr-brilon.de\/index.php?rest_route=\/wp\/v2\/pages\/525\/revisions"}],"up":[{"embeddable":true,"href":"https:\/\/www.feuerwehr-brilon.de\/index.php?rest_route=\/wp\/v2\/pages\/463"}],"wp:attachment":[{"href":"https:\/\/www.feuerwehr-brilon.de\/index.php?rest_route=%2Fwp%2Fv2%2Fmedia&parent=525"}],"curies":[{"name":"wp","href":"https:\/\/api.w.org\/{rel}","templated":true}]}}