{"id":55,"date":"2008-05-31T19:54:03","date_gmt":"2008-05-31T17:54:03","guid":{"rendered":"http:\/\/wptest.k-srv.de\/?page_id=55"},"modified":"2011-02-19T11:30:06","modified_gmt":"2011-02-19T09:30:06","slug":"silvestertipps","status":"publish","type":"page","link":"https:\/\/www.feuerwehr-brilon.de\/?page_id=55","title":{"rendered":"Silvestertipps"},"content":{"rendered":"<p><img decoding=\"async\" class=\"alignleft\" style=\"float: left;\" src=\".\/images\/ratgeber\/silvester.jpg\" alt=\"\" \/><span style=\"color: #000000;\">Jedes Jahr verletzen sich etliche Menschen beim falschen Umgang mit Feuerwerksk\u00f6rpern und es entstehen immer wieder enorme Sachsch\u00e4den bei Br\u00e4nden. Die Feuerwehr gibt daher einige Tipps zum sicheren Umgang. Es sollte zun\u00e4chst unbedingt darauf geachtet werden, dass nur zugelassenes und gepr\u00fcftes Feuerwerk (erkennbar am BAM Zeichen der Bundesanstalt f\u00fcr Materialpr\u00fcfung) verwenden wird.<\/br><\/br><strong style=\"color: #FF0000;\">Schwarzmarktware ist lebensgef\u00e4hrlich!<\/strong><\/span><\/p>\n<p><span style=\"color: #000000;\">Auch bei der Verwendung des Feuerwerks gibt es einiges zu beachten. Dazu z\u00e4hlt, dass Feuerwerk der so genannten <strong>Klasse II<\/strong> (Zulassungs-Nr.: BAM-P II&#8230;..) nur von Personen ab 18 Jahren verwendet werden darf. Raketen sollten mit sicherem Stand von der Stra\u00dfe aus gestartet werden. B\u00f6ller immer auf dem Boden anz\u00fcnden, auf keinen Fall in der Hand festhalten. Tischfeuerwerk ist auf einer festen Unterlage abzubrennen, aber Vorsicht: leicht entz\u00fcndliche Materialien in der N\u00e4he sind zu entfernen. Feuerwerksk\u00f6rper nicht in Richtung von Menschen oder Tieren abfeuern und Abstand halten, sonst k\u00f6nnen Verbrennungen und H\u00f6rsch\u00e4den auftreten. Hat man sich doch einmal verbrannt, etwa 10 Minuten mit kaltem Wasser k\u00fchlen. Blindg\u00e4nger nicht wieder aufheben, sondern in einem Eimer Wasser unsch\u00e4dlich machen. Vorsicht auch bei der Lagerung: Nie das gesamte Feuerwerk in einem offenen Beh\u00e4ltnis unmittelbar beim &#8222;B\u00f6llern&#8220; abstellen und Feuerzeug\/Streichh\u00f6lzer getrennt aufbewahren.<\/span><\/p>\n<p><span style=\"color: #000000;\">Die Absicherung von Geb\u00e4uden sollte ebenfalls bedacht werden. Fenster, T\u00fcren und auch die Jalousien (sofern vorhanden) schlie\u00dfen, Dachfenster nicht vergessen. Auf Balkonen sollten vor Silvester alle brennbaren Gegenst\u00e4nde entfernt werden und das Auto m\u00f6glichst in der Garage oder gesch\u00fctzt abstellen.<\/span><\/p>\n<p>\n<strong style=\"color: #000000;\">Hinweis:<\/strong><br \/>\nFeuerwerksk\u00f6rper der Klasse II d\u00fcrfen nur in der Zeit vom 28. bis 31. Dezember von Personen \u00fcber 18 Jahren gekauft und von diesen am <strong>31. Dezember und 1. Januar<\/strong> abgebrannt werden, (\u00a7\u00a7 21 und 23 der 1. SprengV). Feuerwerksk\u00f6rper der <strong>Klasse I<\/strong> d\u00fcrfen ohne zeitliche Begrenzung von Personen jeden Alters gekauft und verwendet werden.<\/p>\n","protected":false},"excerpt":{"rendered":"<p>Jedes Jahr verletzen sich etliche Menschen beim falschen Umgang mit Feuerwerksk\u00f6rpern und es entstehen immer wieder enorme Sachsch\u00e4den bei Br\u00e4nden. Die Feuerwehr gibt daher einige Tipps zum sicheren Umgang. Es sollte zun\u00e4chst unbedingt darauf geachtet werden, dass nur zugelassenes und gepr\u00fcftes Feuerwerk (erkennbar am BAM Zeichen der Bundesanstalt f\u00fcr Materialpr\u00fcfung) verwenden wird.Schwarzmarktware ist lebensgef\u00e4hrlich! Auch [&hellip;]<\/p>\n","protected":false},"author":3,"featured_media":0,"parent":36,"menu_order":0,"comment_status":"closed","ping_status":"closed","template":"","meta":{"_exactmetrics_skip_tracking":false,"_exactmetrics_sitenote_active":false,"_exactmetrics_sitenote_note":"","_exactmetrics_sitenote_category":0,"jetpack_post_was_ever_published":false,"footnotes":""},"class_list":["post-55","page","type-page","status-publish","hentry"],"jetpack_shortlink":"https:\/\/wp.me\/PCIJa-T","jetpack_sharing_enabled":true,"jetpack-related-posts":[{"id":10735,"url":"https:\/\/www.feuerwehr-brilon.de\/?page_id=10735","url_meta":{"origin":55,"position":0},"title":"Bekanntmachungen am Dienstabend","author":"Andreas Becker","date":"22. Juli 2014","format":false,"excerpt":"Bekanntmachungen vom 15.12.2017: - Neue Gesichter in unseren Reihen \u00a0\u00a0\u00a0\u00a0 > Phillip Strohmenger ist von Hoppecke nach Brilon gezogen und geh\u00f6rt zur Schleife 205 \u00a0\u00a0\u00a0\u00a0 > Ab Anfang Februar wird Gokulnath Subramanian bei uns reinschnuppern - Beteiligung gesamt darstellen \u00a0\u00a0\u00a0\u00a0 Beteiligung \/ \u00dcbungsabend darstellen und aush\u00e4ngen - Fahrzeugpflege f\u00fcr 2018\u2026","rel":"","context":"\u00c4hnlicher Beitrag","block_context":{"text":"\u00c4hnlicher Beitrag","link":""},"img":{"alt_text":"","src":"","width":0,"height":0},"classes":[]},{"id":7643,"url":"https:\/\/www.feuerwehr-brilon.de\/?page_id=7643","url_meta":{"origin":55,"position":1},"title":"Tipps zur Weihnachtszeit","author":"Andreas Becker","date":"30. November 2012","format":false,"excerpt":"Duft von frisch gebackenen Pl\u00e4tzchen, R\u00e4ucherst\u00e4bchen oder Punsch und Tannengr\u00fcn. Romantische Stimmung durch Kerzenschein oder Lichterketten. All dies geh\u00f6rt gewiss zur Weihnachtszeit wie die Geschenke unterm Tannenbaum an Heilig Abend. Leider auch die erh\u00f6hten Einsatzzahlen der Feuerwehr verursacht durch Zimmer- oder Wohnungsbr\u00e4nde. Nicht beaufsichtigte Adventsgestecke oder Wachskerzen am Christbaum, sind\u2026","rel":"","context":"\u00c4hnlicher Beitrag","block_context":{"text":"\u00c4hnlicher Beitrag","link":""},"img":{"alt_text":"","src":"","width":0,"height":0},"classes":[]},{"id":16028,"url":"https:\/\/www.feuerwehr-brilon.de\/?page_id=16028","url_meta":{"origin":55,"position":2},"title":"Datenschutzerkl\u00e4rung","author":"Marc Heines","date":"28. Mai 2018","format":false,"excerpt":"Datenschutz\u00aderkl\u00e4rung 1. Datenschutz auf einen Blick Allgemeine Hinweise Die folgenden Hinweise geben einen einfachen \u00dcberblick dar\u00fcber, was mit Ihren personenbezogenen Daten passiert, wenn Sie diese Website besuchen. Personenbezogene Daten sind alle Daten, mit denen Sie pers\u00f6nlich identifiziert werden k\u00f6nnen. Ausf\u00fchrliche Informationen zum Thema Datenschutz entnehmen Sie unserer unter diesem Text\u2026","rel":"","context":"\u00c4hnlicher Beitrag","block_context":{"text":"\u00c4hnlicher Beitrag","link":""},"img":{"alt_text":"","src":"","width":0,"height":0},"classes":[]},{"id":14422,"url":"https:\/\/www.feuerwehr-brilon.de\/?page_id=14422","url_meta":{"origin":55,"position":3},"title":"Brandschutzerziehung &#8211; Brandschutzaufkl\u00e4rung","author":"Andreas Becker","date":"21. Februar 2017","format":false,"excerpt":"Auf dieser Seite erfahren Sie: - Was bedeutet \u00fcberhaupt \u201eBrandschutzerziehung\u201c? - Welchen Hintergrund hat die \u201eBrandschutzerziehung\u201c? - An wen richtet sich die \u201eBrandschutzerziehung\/Brandschutzaufkl\u00e4rung\u201c? - Wer f\u00fchrt die \u201eBrandschutzerziehung\/Brandschutzaufkl\u00e4rung\u201c durch? \u00a0 Brandschutzerziehung \u2013 Wieso? Weshalb? Warum? Die Brandschutzerziehung befasst sich u.a. mit dem richtigen Verhalten in einem Brandfall, dem Erlernen des\u2026","rel":"","context":"\u00c4hnlicher Beitrag","block_context":{"text":"\u00c4hnlicher Beitrag","link":""},"img":{"alt_text":"","src":"https:\/\/i0.wp.com\/www.feuerwehr-brilon.de\/wp-up\/2017\/02\/Fuchs_Streichholz-130x150.png?resize=350%2C200","width":350,"height":200},"classes":[]},{"id":53,"url":"https:\/\/www.feuerwehr-brilon.de\/?page_id=53","url_meta":{"origin":55,"position":4},"title":"Wespen und Hornissen","author":"Daniel Vogel","date":"31. Mai 2008","format":false,"excerpt":"In den Sommermonaten wird bei der Feuerwehr immer wieder bei Problemen mit Wespennestern nachgefragt. An dieser Stelle erhalten Sie daher einige allgemeine Informationen f\u00fcr den Umgang mit Wespen und Hornissen. Wie leben Wespen und Hornissen? Wespenv\u00f6lker leben nur einen Sommer. Lediglich die im Herbst begatteten K\u00f6niginnen \u00fcberwintern in engen Ritzen.\u2026","rel":"","context":"In &quot;Allgemein&quot;","block_context":{"text":"Allgemein","link":"https:\/\/www.feuerwehr-brilon.de\/?cat=1"},"img":{"alt_text":"","src":"","width":0,"height":0},"classes":[]},{"id":15,"url":"https:\/\/www.feuerwehr-brilon.de\/?page_id=15","url_meta":{"origin":55,"position":5},"title":"Alarmierung","author":"Andreas Becker","date":"28. Mai 2008","format":false,"excerpt":"F\u00fcr die Alarmierung der Freiwilligen Feuerwehr Brilon ist die Kreisleitstelle in Meschede zust\u00e4ndig. Die Leitstelle befindet sich im Zentrum f\u00fcr Feuerschutz und Rettungswesen. Hier l\u00e4uft im Rahmen der \"nicht-polizeilichen Gefahrenabwehr\" der Notruf 112 aus den 12 St\u00e4dten und Gemeinden des Hochsauerlandkreises auf. \u00a0 \u00a0 Sowohl die Funkkommunikation als auch die\u2026","rel":"","context":"In &quot;Allgemein&quot;","block_context":{"text":"Allgemein","link":"https:\/\/www.feuerwehr-brilon.de\/?cat=1"},"img":{"alt_text":"Pressestelle Hochsauerlandkreis","src":"https:\/\/i0.wp.com\/www.feuerwehr-brilon.de\/wp-up\/2018\/12\/Disponent-ZFR-Leitstelle-1-150x100.jpg?resize=350%2C200&ssl=1","width":350,"height":200},"classes":[]}],"_links":{"self":[{"href":"https:\/\/www.feuerwehr-brilon.de\/index.php?rest_route=\/wp\/v2\/pages\/55","targetHints":{"allow":["GET"]}}],"collection":[{"href":"https:\/\/www.feuerwehr-brilon.de\/index.php?rest_route=\/wp\/v2\/pages"}],"about":[{"href":"https:\/\/www.feuerwehr-brilon.de\/index.php?rest_route=\/wp\/v2\/types\/page"}],"author":[{"embeddable":true,"href":"https:\/\/www.feuerwehr-brilon.de\/index.php?rest_route=\/wp\/v2\/users\/3"}],"replies":[{"embeddable":true,"href":"https:\/\/www.feuerwehr-brilon.de\/index.php?rest_route=%2Fwp%2Fv2%2Fcomments&post=55"}],"version-history":[{"count":4,"href":"https:\/\/www.feuerwehr-brilon.de\/index.php?rest_route=\/wp\/v2\/pages\/55\/revisions"}],"predecessor-version":[{"id":4497,"href":"https:\/\/www.feuerwehr-brilon.de\/index.php?rest_route=\/wp\/v2\/pages\/55\/revisions\/4497"}],"up":[{"embeddable":true,"href":"https:\/\/www.feuerwehr-brilon.de\/index.php?rest_route=\/wp\/v2\/pages\/36"}],"wp:attachment":[{"href":"https:\/\/www.feuerwehr-brilon.de\/index.php?rest_route=%2Fwp%2Fv2%2Fmedia&parent=55"}],"curies":[{"name":"wp","href":"https:\/\/api.w.org\/{rel}","templated":true}]}}