{"id":57,"date":"2008-05-31T21:00:03","date_gmt":"2008-05-31T19:00:03","guid":{"rendered":"http:\/\/wptest.k-srv.de\/?page_id=57"},"modified":"2011-02-19T11:18:02","modified_gmt":"2011-02-19T09:18:02","slug":"einheimische-wespenarten","status":"publish","type":"page","link":"https:\/\/www.feuerwehr-brilon.de\/?page_id=57","title":{"rendered":"Wespenarten"},"content":{"rendered":"<p><span style=\"color: #000000;\"><strong>Deutsche und Gemeine (=Gew\u00f6hnliche) Wespe<\/strong><\/span><\/p>\n<p><span style=\"color: #000000;\">Die beiden h\u00e4ufigsten Arten. Beide Wespen geh\u00f6ren zur Art der sogenannten Kurzkopfwespen. Die Deutsche Wespe erreicht eine Gr\u00f6\u00dfe von 12 bis 20 mm, die Gemeine Wespe wird 11 bis 19 mm gro\u00df. Beide Arten bauen ihr Nest in H\u00f6hlen und Hohlr\u00e4umen. Das Volk kann im Herbst durchaus aus mehreren tausend Tieren bestehen. Das Nest kann daher sehr gro\u00df werden. In unmittelbarer N\u00e4he des Nestes (bis zu 4 m) reagieren die Tiere mitunter sehr aggressiv. <\/span><\/p>\n<p><span style=\"color: #000000;\">Die Deutsche Wespe baut ein hellgrau-gr\u00e4uliches Nest mit einer muschelf\u00f6rmigen Struktur und nach unten offenen Lufttaschen. Das Nest der Gemeinen Wespe sieht \u00e4hnlich aus, ist allerdings gelblich, beige oder hellbraun. <\/span><\/p>\n<p><span><span><span style=\"color: #000000;\">Beide Wespenarten lieben s\u00fc\u00dfe Speisen und Getr\u00e4nke und sind daher h\u00e4ufig an Kaffeetischen anzutreffen. <\/p>\n<p><strong>S\u00e4chsiche Wespe<\/strong><\/p>\n<p><span><span><span style=\"color: #000000;\">Die s\u00e4chsiche Wespe geh\u00f6rt zu den Langkopfwespen. Sie wird zwischen 11 und 19 mm gro\u00df, die Volksst\u00e4rke betr\u00e4gt zwischen 200 und 300 Tiere. Diese Wespenart baut ein rundes, erdbeerf\u00f6rmiges Nest etwa fu\u00dfballgro\u00df an dunklen bis halbdunklen Stellen. Das Volk stirbt bereits im September. Diese Art ist in Deutschland gesch\u00fctzt.<\/p>\n<p><strong>G\u00e4llische Feldwespe<\/strong><\/span><\/span><\/span><\/p>\n<p><span style=\"color: #000000;\">Die g\u00e4llische Feldwespe ist eine Langkopfwespe. Sie kommt nur s\u00fcdlich des Mains vor. Zu dem Volk geh\u00f6ren nur 10 bis 20 Wespen. Sie bauen sehr kleine graue Nester ohne H\u00fclle. Die Waben sind sichtbar. Die Feldwespe meidet die N\u00e4he der Menschen. Auch diese Wespe steht in Deutschland unter Schutz.<\/span><\/p>\n<p><span style=\"color: #000000;\"><strong>Norwegische Wespe<\/strong><\/span><\/p>\n<p><span style=\"color: #000000;\">Die norwegische Wespe geh\u00f6rt zur Art der Langkopfwespen. Sie hat den k\u00fcrzesten Lebenszyklus, da sie nur von April\/Mai bis Juli lebt. Das graue oder gelblich-braune Nest h\u00e4ngt frei in gesch\u00fctzen Bereichen, oft in Erdn\u00e4he. Die Tiere werden 12 bis19 mm gro\u00df, 300 bis 400 Arbeiterinnen bilden ein Volk. Die Wespe ist gesch\u00fctzt.<\/span><\/p>\n<p><span style=\"color: #000000;\"><strong>Mittlere Wespe<\/strong><\/span><\/p>\n<p><span style=\"color: #000000;\">Die mittlere Wespe hat ebenfalls einen sehr kurzen Lebenszyklus. Sie baut ein zitronenf\u00f6rmiges Nest, immer im Freien. Die Einflug\u00f6ffnung befindet sich leicht seitlich. Das Nest kann maximal fu\u00dfballgro\u00df werden. Die Volksst\u00e4rke betr\u00e4gt bis bis zu 200 Tiere, die Wespen werden 15 bis 22 mm gro\u00df. Diese Art ist sehr harmlos, sie steht ebenfalls unter Schutz.<\/span><\/p>\n<p><span style=\"color: #000000;\"><strong>Hornisse<\/strong><\/span><\/p>\n<p><span><span><span style=\"color: #000000;\">Die Hornisse ist vom Aussterben bedroht, sie ist daher auch gesch\u00fctzt. Hornissen bauen ihr Nest meistens in H\u00f6hlen und Hohlr\u00e4umen. Bei dem ockerfarbenem Nest sind die Waben sichbar, es hat unten eine gro\u00dfe \u00d6ffnung. Die Volksst\u00e4rke betr\u00e4gt 100 bis 700 Tiere, die Hornisse wird bis zu 40 mm gro\u00df <\/p>\n<p><strong>Weitere Informationen zu Wespen erhalten Sie hier:<\/strong><\/span><\/span><\/span><\/p>\n<p><a title=\"Hornissenschutz\" href=\"http:\/\/www.hornissenschutz.de\" target=\"_blank\">www.hornissenschutz.de<\/a><br \/>\n<a title=\"Hymenoptera\" href=\"http:\/\/www.hymenoptera.de\" target=\"_blank\">www.hymenoptera.de<\/a><br \/>\n<a title=\"Hymo-Tec\" href=\"http:\/\/www.hymo-tec.de\" target=\"_blank\">www.hymo-tec.de<\/a><span style=\"color: #000000;\"> <\/span><\/p>\n<p><span><em><span style=\"color: #000000;\">Quellenangabe: Die Informationen wurden dem <\/span><a title=\"Feuerwehrmagazin\" href=\"http:\/\/www.feuerwehrmagazin.de\" target=\"_blank\">Feuerwehrmagazin<\/a><span style=\"color: #000000;\">, Ausgabe Juli 2001 entnommen.<\/span><\/em><\/span><\/p>\n","protected":false},"excerpt":{"rendered":"<p>Deutsche und Gemeine (=Gew\u00f6hnliche) Wespe Die beiden h\u00e4ufigsten Arten. Beide Wespen geh\u00f6ren zur Art der sogenannten Kurzkopfwespen. Die Deutsche Wespe erreicht eine Gr\u00f6\u00dfe von 12 bis 20 mm, die Gemeine Wespe wird 11 bis 19 mm gro\u00df. Beide Arten bauen ihr Nest in H\u00f6hlen und Hohlr\u00e4umen. Das Volk kann im Herbst durchaus aus mehreren tausend [&hellip;]<\/p>\n","protected":false},"author":3,"featured_media":0,"parent":53,"menu_order":0,"comment_status":"closed","ping_status":"closed","template":"","meta":{"_exactmetrics_skip_tracking":false,"_exactmetrics_sitenote_active":false,"_exactmetrics_sitenote_note":"","_exactmetrics_sitenote_category":0,"jetpack_post_was_ever_published":false,"footnotes":""},"class_list":["post-57","page","type-page","status-publish","hentry"],"jetpack_shortlink":"https:\/\/wp.me\/PCIJa-V","jetpack_sharing_enabled":true,"jetpack-related-posts":[{"id":53,"url":"https:\/\/www.feuerwehr-brilon.de\/?page_id=53","url_meta":{"origin":57,"position":0},"title":"Wespen und Hornissen","author":"Daniel Vogel","date":"31. Mai 2008","format":false,"excerpt":"In den Sommermonaten wird bei der Feuerwehr immer wieder bei Problemen mit Wespennestern nachgefragt. An dieser Stelle erhalten Sie daher einige allgemeine Informationen f\u00fcr den Umgang mit Wespen und Hornissen. Wie leben Wespen und Hornissen? Wespenv\u00f6lker leben nur einen Sommer. Lediglich die im Herbst begatteten K\u00f6niginnen \u00fcberwintern in engen Ritzen.\u2026","rel":"","context":"In &quot;Allgemein&quot;","block_context":{"text":"Allgemein","link":"https:\/\/www.feuerwehr-brilon.de\/?cat=1"},"img":{"alt_text":"","src":"","width":0,"height":0},"classes":[]},{"id":39,"url":"https:\/\/www.feuerwehr-brilon.de\/?page_id=39","url_meta":{"origin":57,"position":1},"title":"Der richtige Notruf","author":"Daniel Vogel","date":"29. Mai 2008","format":false,"excerpt":"Sollten Sie einmal einen Notruf absetzen m\u00fcssen, so sind die richtigen Informationen f\u00fcr die Einsatzzentrale sehr wichtig, damit schnellst m\u00f6glich die Feuerwehr, der Rettungsdienst oder auch die Polizei alarmiert werden kann. Hier die wichtigsten Leits\u00e4tze: 1. Was ist passiert? Beschreiben Sie in kurzen Stichw\u00f6rtern was passiert ist, z.B. Verkehrsunfall, bewusstlose\u2026","rel":"","context":"In &quot;Allgemein&quot;","block_context":{"text":"Allgemein","link":"https:\/\/www.feuerwehr-brilon.de\/?cat=1"},"img":{"alt_text":"","src":"","width":0,"height":0},"classes":[]},{"id":50,"url":"https:\/\/www.feuerwehr-brilon.de\/?page_id=50","url_meta":{"origin":57,"position":2},"title":"Madfeld","author":"Daniel Vogel","date":"31. Mai 2008","format":false,"excerpt":"Die L\u00f6schgruppe Madfeld besteht zur Zeit aus 35 Mitgliedern. Die L\u00f6schgruppe Madfeld ist f\u00fcr den Brandschutz in den Ortsteilen Madfeld (1.368 Einwohner) und Radlinghausen (133 Einwohner) zust\u00e4ndig. Feuerwehrger\u00e4tehaus Madfeld L\u00f6schgruppenf\u00fchrer: Heinz-J\u00fcrgen Schulte stellv. L\u00f6schgruppenf\u00fchrer: Jan Philipp Becker stellv. L\u00f6schgruppenf\u00fchrer: Sven Decker \u00a0 Abri\u00df \u00fcber die Geschichte der L\u00f6schgruppe Madfeld Die\u2026","rel":"","context":"In &quot;Allgemein&quot;","block_context":{"text":"Allgemein","link":"https:\/\/www.feuerwehr-brilon.de\/?cat=1"},"img":{"alt_text":"","src":"","width":0,"height":0},"classes":[]},{"id":83,"url":"https:\/\/www.feuerwehr-brilon.de\/?page_id=83","url_meta":{"origin":57,"position":3},"title":"Historisches Tambourkorps","author":"Daniel Vogel","date":"19. August 2008","format":false,"excerpt":"Sie erhalten hier Informationen \u00fcber das Historische Tambourkorps der Freiwilligen Feuerwehr Brilon. Das historische Tambourkorps bestand von 2004 bis 2019. Das historische Tambourkorps der Feuerwehr Brilon im Jahre 2005:\u00a0v.l.n.r.: vorne: Bernd Becker, Hans Derhahn, Gerhard M\u00fcller, Freddi Renerich, Winfried Wiegelmann, Wolfgang L\u00fcddemann, Willi R\u00f6ttger, Klaus Hillebrand; hinten: Wolfgang Schrewe, Karl-Heinz\u2026","rel":"","context":"In &quot;Allgemein&quot;","block_context":{"text":"Allgemein","link":"https:\/\/www.feuerwehr-brilon.de\/?cat=1"},"img":{"alt_text":"","src":"https:\/\/i0.wp.com\/www.feuerwehr-brilon.de\/wp-up\/2008\/08\/hist__tambourkorps_050612-105720_1000-500x325.jpg?resize=350%2C200","width":350,"height":200},"classes":[]},{"id":55,"url":"https:\/\/www.feuerwehr-brilon.de\/?page_id=55","url_meta":{"origin":57,"position":4},"title":"Silvestertipps","author":"Daniel Vogel","date":"31. Mai 2008","format":false,"excerpt":"Jedes Jahr verletzen sich etliche Menschen beim falschen Umgang mit Feuerwerksk\u00f6rpern und es entstehen immer wieder enorme Sachsch\u00e4den bei Br\u00e4nden. Die Feuerwehr gibt daher einige Tipps zum sicheren Umgang. Es sollte zun\u00e4chst unbedingt darauf geachtet werden, dass nur zugelassenes und gepr\u00fcftes Feuerwerk (erkennbar am BAM Zeichen der Bundesanstalt f\u00fcr Materialpr\u00fcfung)\u2026","rel":"","context":"In &quot;Allgemein&quot;","block_context":{"text":"Allgemein","link":"https:\/\/www.feuerwehr-brilon.de\/?cat=1"},"img":{"alt_text":"","src":"","width":0,"height":0},"classes":[]},{"id":10735,"url":"https:\/\/www.feuerwehr-brilon.de\/?page_id=10735","url_meta":{"origin":57,"position":5},"title":"Bekanntmachungen am Dienstabend","author":"Andreas Becker","date":"22. Juli 2014","format":false,"excerpt":"Bekanntmachungen vom 15.12.2017: - Neue Gesichter in unseren Reihen \u00a0\u00a0\u00a0\u00a0 > Phillip Strohmenger ist von Hoppecke nach Brilon gezogen und geh\u00f6rt zur Schleife 205 \u00a0\u00a0\u00a0\u00a0 > Ab Anfang Februar wird Gokulnath Subramanian bei uns reinschnuppern - Beteiligung gesamt darstellen \u00a0\u00a0\u00a0\u00a0 Beteiligung \/ \u00dcbungsabend darstellen und aush\u00e4ngen - Fahrzeugpflege f\u00fcr 2018\u2026","rel":"","context":"\u00c4hnlicher Beitrag","block_context":{"text":"\u00c4hnlicher Beitrag","link":""},"img":{"alt_text":"","src":"","width":0,"height":0},"classes":[]}],"_links":{"self":[{"href":"https:\/\/www.feuerwehr-brilon.de\/index.php?rest_route=\/wp\/v2\/pages\/57","targetHints":{"allow":["GET"]}}],"collection":[{"href":"https:\/\/www.feuerwehr-brilon.de\/index.php?rest_route=\/wp\/v2\/pages"}],"about":[{"href":"https:\/\/www.feuerwehr-brilon.de\/index.php?rest_route=\/wp\/v2\/types\/page"}],"author":[{"embeddable":true,"href":"https:\/\/www.feuerwehr-brilon.de\/index.php?rest_route=\/wp\/v2\/users\/3"}],"replies":[{"embeddable":true,"href":"https:\/\/www.feuerwehr-brilon.de\/index.php?rest_route=%2Fwp%2Fv2%2Fcomments&post=57"}],"version-history":[{"count":1,"href":"https:\/\/www.feuerwehr-brilon.de\/index.php?rest_route=\/wp\/v2\/pages\/57\/revisions"}],"predecessor-version":[{"id":4489,"href":"https:\/\/www.feuerwehr-brilon.de\/index.php?rest_route=\/wp\/v2\/pages\/57\/revisions\/4489"}],"up":[{"embeddable":true,"href":"https:\/\/www.feuerwehr-brilon.de\/index.php?rest_route=\/wp\/v2\/pages\/53"}],"wp:attachment":[{"href":"https:\/\/www.feuerwehr-brilon.de\/index.php?rest_route=%2Fwp%2Fv2%2Fmedia&parent=57"}],"curies":[{"name":"wp","href":"https:\/\/api.w.org\/{rel}","templated":true}]}}