{"id":749,"date":"2009-08-25T21:52:05","date_gmt":"2009-08-25T19:52:05","guid":{"rendered":"http:\/\/www.feuerwehr-brilon.de\/?page_id=749"},"modified":"2018-08-18T09:24:39","modified_gmt":"2018-08-18T08:24:39","slug":"elw-1-brilon","status":"publish","type":"page","link":"https:\/\/www.feuerwehr-brilon.de\/?page_id=749","title":{"rendered":"Einsatz-Leit-Wagen 01 &#8211; Brilon"},"content":{"rendered":"<table>\n<tbody>\n<tr>\n<td width=\"440\"><a href=\"\/images\/fahrzeuge\/elw_1_1_gross_1.jpg\" rel=\"lightbox\"><img decoding=\"async\" class=\"alignleft size-thumbnail wp-image-16281\" src=\"\/images\/fahrzeuge\/elw_1_1_gross_1.jpg\" alt=\"ELW\" width=\"\" height=\"\"><\/a><\/td>\n<td>\n<a href=\"\/images\/fahrzeuge\/elw_1_1_gross_1.jpg\" rel=\"lightbox\"><img loading=\"lazy\" decoding=\"async\" class=\"aligright size-thumbnail wp-image-16281 alignright\" src=\"\/images\/fahrzeuge\/elw_1_1_gross_1.jpg\" alt=\"ELW\" width=\"132\" height=\"88\"><\/a><br \/>\n<a href=\"\/images\/fahrzeuge\/elw_1_1_gross_2.jpg\" rel=\"lightbox\"><img loading=\"lazy\" decoding=\"async\" class=\"aligright size-thumbnail wp-image-16281 alignright\" src=\"\/images\/fahrzeuge\/elw_1_1_gross_2.jpg\" alt=\"ELW\" width=\"132\" height=\"88\"><\/a><br \/>\n<a href=\"\/images\/fahrzeuge\/elw_1_1_gross_3.jpg\" rel=\"lightbox\"><img loading=\"lazy\" decoding=\"async\" class=\"aligright size-thumbnail wp-image-16281 alignright\" src=\"\/images\/fahrzeuge\/elw_1_1_gross_3.jpg\" alt=\"ELW\" width=\"132\" height=\"88\"><\/a>\n<\/td>\n<\/tr>\n<\/tbody>\n<\/table>\n<table class=\"vehicle\">\n<thead>\n<tr>\n<th colspan=\"2\">Allgemeine Informationen:<\/th>\n<\/tr>\n<\/thead>\n<tbody>\n<tr>\n<td class=\"vehicletext\">Typ<\/td>\n<td class=\"vehicledata\">ELW<\/td>\n<\/tr>\n<tr>\n<td class=\"vehicletext\">Besatzung<\/td>\n<td class=\"vehicledata\">1 \/ 2<\/td>\n<\/tr>\n<tr>\n<td class=\"vehicletext\">Funkrufname<\/td>\n<td class=\"vehicledata\">Florian Brilon 1 ELW1 1<\/td>\n<\/tr>\n<tr>\n<td class=\"vehicletext\">Standort<\/td>\n<td class=\"vehicledata\">Brilon<\/td>\n<\/tr>\n<\/tbody>\n<\/table>\n<table class=\"vehicle\">\n<thead>\n<tr>\n<th colspan=\"2\">Technische Daten:<\/th>\n<\/tr>\n<\/thead>\n<tbody>\n<tr>\n<td class=\"vehicletext\">Baujahr<\/td>\n<td class=\"vehicledata\">2005<\/td>\n<\/tr>\n<tr>\n<td class=\"vehicletext\">Leistung<\/td>\n<td class=\"vehicledata\">81 KW \/ 110 PS<\/td>\n<\/tr>\n<tr>\n<td class=\"vehicletext\">Hersteller<\/td>\n<td class=\"vehicledata\">Mercedes-Benz<\/td>\n<\/tr>\n<tr>\n<td class=\"vehicletext\">Fahrgestell<\/td>\n<td class=\"vehicledata\">Sprinter 311 CDI<\/td>\n<\/tr>\n<tr>\n<td class=\"vehicletext\">Aufbau<\/td>\n<td class=\"vehicledata\">Schmitz<\/td>\n<\/tr>\n<tr>\n<td class=\"vehicletext\">Gewicht<\/td>\n<td class=\"vehicledata\">3,49 t<\/td>\n<\/tr>\n<\/tbody>\n<\/table>\n<table class=\"vehicle\">\n<thead>\n<tr>\n<th colspan=\"2\">Besonderheiten:<\/th>\n<\/tr>\n<\/thead>\n<tbody>\n<tr>\n<td class=\"vehicletext\" colspan=\"2\">Verschiedene Funkger\u00e4te zur Einsatzleitung an der Einsatzstelle im 2m und 4m Band<\/td>\n<\/tr>\n<tr>\n<td class=\"vehicletext\" colspan=\"2\">Computergest\u00fctztes Kartenmaterial mit GPS Schnittstelle<\/td>\n<\/tr>\n<tr>\n<td class=\"vehicletext\" colspan=\"2\">IGS Fire-Datenbank<\/td>\n<\/tr>\n<\/tbody>\n<\/table>\n","protected":false},"excerpt":{"rendered":"<p>Allgemeine Informationen: Typ ELW Besatzung 1 \/ 2 Funkrufname Florian Brilon 1 ELW1 1 Standort Brilon Technische Daten: Baujahr 2005 Leistung 81 KW \/ 110 PS Hersteller Mercedes-Benz Fahrgestell Sprinter 311 CDI Aufbau Schmitz Gewicht 3,49 t Besonderheiten: Verschiedene Funkger\u00e4te zur Einsatzleitung an der Einsatzstelle im 2m und 4m Band Computergest\u00fctztes Kartenmaterial mit GPS Schnittstelle [&hellip;]<\/p>\n","protected":false},"author":8,"featured_media":0,"parent":11,"menu_order":0,"comment_status":"closed","ping_status":"closed","template":"","meta":{"_exactmetrics_skip_tracking":false,"_exactmetrics_sitenote_active":false,"_exactmetrics_sitenote_note":"","_exactmetrics_sitenote_category":0,"jetpack_post_was_ever_published":false,"footnotes":""},"class_list":["post-749","page","type-page","status-publish","hentry"],"jetpack_shortlink":"https:\/\/wp.me\/PCIJa-c5","jetpack_sharing_enabled":true,"jetpack-related-posts":[{"id":811,"url":"https:\/\/www.feuerwehr-brilon.de\/?page_id=811","url_meta":{"origin":749,"position":0},"title":"Klein-Einsatz-Fahrzeug","author":"Andreas Becker","date":"28. August 2009","format":false,"excerpt":"\u00a0 Allgemeine Informationen: Typ Kleineinsatz-Fahrzeug Besatzung 1 \/ 5 Funkrufname Florian Brilon 1 KEF 1 Standort Brilon Technische Daten: Baujahr 1996 Leistung 70 KW \/ 95 PS Hersteller Mercedes-Benz Fahrgestell 312 D Aufbau Schmitz Gewicht 3,49 t Besonderheiten: Fahrzeug zur Abarbeitung von Eins\u00e4tzen bei denen nur wenig Personal ben\u00f6tigt wird,\u2026","rel":"","context":"In &quot;Allgemein&quot;","block_context":{"text":"Allgemein","link":"https:\/\/www.feuerwehr-brilon.de\/?cat=1"},"img":{"alt_text":"KEF","src":"\/images\/fahrzeuge\/kef_brilon_gross_1.JPG","width":350,"height":200,"srcset":"\/images\/fahrzeuge\/kef_brilon_gross_1.JPG 1x, \/images\/fahrzeuge\/kef_brilon_gross_1.JPG 1.5x, \/images\/fahrzeuge\/kef_brilon_gross_1.JPG 2x"},"classes":[]},{"id":754,"url":"https:\/\/www.feuerwehr-brilon.de\/?page_id=754","url_meta":{"origin":749,"position":1},"title":"R\u00fcst-Wagen &#8211; Brilon","author":"Andreas Becker","date":"28. August 2009","format":false,"excerpt":"Allgemeine Informationen: Typ RW 1 Besatzung 1 \/ 2 Funkrufname Florian Brilon 1 RW1 1 Standort Brilon Technische Daten: Baujahr 1984 Leistung 96 kW \/ 130 PS Hersteller Mercedes Benz Fahrgestell U 1300 L Aufbau OWR Gewicht 7,49 t Besonderheiten: Stromerzeuger 5kVA, Spreizer 30kN, Kombispreizer, R\u00fcsth\u00f6lzer, Hydraulikwinden 100kNm Hydraulischer Hebesatz,\u2026","rel":"","context":"In &quot;Allgemein&quot;","block_context":{"text":"Allgemein","link":"https:\/\/www.feuerwehr-brilon.de\/?cat=1"},"img":{"alt_text":"","src":"","width":0,"height":0},"classes":[]},{"id":755,"url":"https:\/\/www.feuerwehr-brilon.de\/?page_id=755","url_meta":{"origin":749,"position":2},"title":"L\u00f6schgruppen-Fahrzeug 20-01 &#8211; Brilon","author":"Andreas Becker","date":"25. August 2009","format":false,"excerpt":"\u00a0 Allgemeine Informationen: Typ LF-20 Besatzung 1 \/ 8 Funkrufname Florian Brilon 1 LF20 1 Standort Brilon - Au\u00dfenwache Technische Daten: Baujahr 1994 Leistung 177 KW \/ 240 PS Hersteller Mercedes-Benz Fahrgestell 1224 AF Aufbau Schlingmann Gewicht 13,49 t Wassertank 1600 l Pumpenleistung 1600 l\/min bei 8 bar Besonderheiten: Stromerzeuger\u2026","rel":"","context":"In &quot;Allgemein&quot;","block_context":{"text":"Allgemein","link":"https:\/\/www.feuerwehr-brilon.de\/?cat=1"},"img":{"alt_text":"HLF-1","src":"\/images\/fahrzeuge\/lf_16_12_gross_1.JPG","width":350,"height":200,"srcset":"\/images\/fahrzeuge\/lf_16_12_gross_1.JPG 1x, \/images\/fahrzeuge\/lf_16_12_gross_1.JPG 1.5x, \/images\/fahrzeuge\/lf_16_12_gross_1.JPG 2x"},"classes":[]},{"id":808,"url":"https:\/\/www.feuerwehr-brilon.de\/?page_id=808","url_meta":{"origin":749,"position":3},"title":"Ger\u00e4tewagen-Logistik 01 &#8211; Brilon","author":"Andreas Becker","date":"25. August 2009","format":false,"excerpt":"Allgemeine Informationen: Typ Gw-L1 Besatzung 1 \/ 2 Funkrufname Florian Brilon 1 GwLogistik1 1 Standort Brilon Technische Daten: Baujahr 1999 Leistung kW \/ PS Hersteller Volkswagen Fahrgestell Aufbau Gewicht 3,49 t Besonderheiten: \u00d6lbindemittel f\u00fcr Stra\u00dfenraum und Wasserfl\u00e4chen, Bindemittelstreuwagen, Warnschilder f\u00fcr den Stra\u00dfenverkehrWeitere m\u00f6gliche Beladung per Gitterboxen: Schaummittel, Bindemittel, Atemluftflaschen","rel":"","context":"In &quot;Allgemein&quot;","block_context":{"text":"Allgemein","link":"https:\/\/www.feuerwehr-brilon.de\/?cat=1"},"img":{"alt_text":"","src":"","width":0,"height":0},"classes":[]},{"id":16295,"url":"https:\/\/www.feuerwehr-brilon.de\/?page_id=16295","url_meta":{"origin":749,"position":4},"title":"Ger\u00e4te-Wagen-Gefahrgut","author":"Andreas Becker","date":"17. August 2018","format":false,"excerpt":"\u00a0 Allgemeine Informationen: Typ Gw-G Besatzung 1 \/ 5 Funkrufname Florian Sauerland 5 Gw-G 1 Standort Brilon Technische Daten: Baujahr 2018 Leistung 213 KW \/ 290 PS Hersteller MAN Fahrgestell TGM 15.290 BL 4 x 2 Aufbau Gimaex Gewicht 15 t Besonderheiten: Lichtmast 4 x Xenon, Ladebordwand 1.500 kg, drei\u2026","rel":"","context":"\u00c4hnlicher Beitrag","block_context":{"text":"\u00c4hnlicher Beitrag","link":""},"img":{"alt_text":"Gw-G","src":"\/images\/fahrzeuge\/gwg2_gross_1.jpg","width":350,"height":200,"srcset":"\/images\/fahrzeuge\/gwg2_gross_1.jpg 1x, \/images\/fahrzeuge\/gwg2_gross_1.jpg 1.5x, \/images\/fahrzeuge\/gwg2_gross_1.jpg 2x"},"classes":[]},{"id":1329,"url":"https:\/\/www.feuerwehr-brilon.de\/?page_id=1329","url_meta":{"origin":749,"position":5},"title":"Tragkraft-Spritzen-Fahrzeug &#8211; Hoppecke","author":"Andreas Becker","date":"28. August 2009","format":false,"excerpt":"Allgemeine Informationen: Typ TSF Besatzung 1 \/ 5 Funkrufname Florian Brilon 5 TSF 1 Standort Hoppecke Technische Daten: Baujahr 1978 Leistung 63 KW \/ 86 PS Hersteller Mercedes Benz Fahrgestell 602\/35 Aufbau Ziegler Gewicht 3,5 t Besonderheiten: Tragkraftspritze, TS 8\/8, Differentialsperre, \u00dcberdruckl\u00fcfter","rel":"","context":"In &quot;Allgemein&quot;","block_context":{"text":"Allgemein","link":"https:\/\/www.feuerwehr-brilon.de\/?cat=1"},"img":{"alt_text":"MTF","src":"\/wp-up\/2009\/08\/TSF_Hoppecke_vl.jpg","width":350,"height":200,"srcset":"\/wp-up\/2009\/08\/TSF_Hoppecke_vl.jpg 1x, \/wp-up\/2009\/08\/TSF_Hoppecke_vl.jpg 1.5x, \/wp-up\/2009\/08\/TSF_Hoppecke_vl.jpg 2x"},"classes":[]}],"_links":{"self":[{"href":"https:\/\/www.feuerwehr-brilon.de\/index.php?rest_route=\/wp\/v2\/pages\/749","targetHints":{"allow":["GET"]}}],"collection":[{"href":"https:\/\/www.feuerwehr-brilon.de\/index.php?rest_route=\/wp\/v2\/pages"}],"about":[{"href":"https:\/\/www.feuerwehr-brilon.de\/index.php?rest_route=\/wp\/v2\/types\/page"}],"author":[{"embeddable":true,"href":"https:\/\/www.feuerwehr-brilon.de\/index.php?rest_route=\/wp\/v2\/users\/8"}],"replies":[{"embeddable":true,"href":"https:\/\/www.feuerwehr-brilon.de\/index.php?rest_route=%2Fwp%2Fv2%2Fcomments&post=749"}],"version-history":[{"count":3,"href":"https:\/\/www.feuerwehr-brilon.de\/index.php?rest_route=\/wp\/v2\/pages\/749\/revisions"}],"predecessor-version":[{"id":16311,"href":"https:\/\/www.feuerwehr-brilon.de\/index.php?rest_route=\/wp\/v2\/pages\/749\/revisions\/16311"}],"up":[{"embeddable":true,"href":"https:\/\/www.feuerwehr-brilon.de\/index.php?rest_route=\/wp\/v2\/pages\/11"}],"wp:attachment":[{"href":"https:\/\/www.feuerwehr-brilon.de\/index.php?rest_route=%2Fwp%2Fv2%2Fmedia&parent=749"}],"curies":[{"name":"wp","href":"https:\/\/api.w.org\/{rel}","templated":true}]}}