{"id":7545,"date":"2012-11-10T09:22:57","date_gmt":"2012-11-10T08:22:57","guid":{"rendered":"http:\/\/www.feuerwehr-brilon.de\/?page_id=7545"},"modified":"2015-11-07T11:02:25","modified_gmt":"2015-11-07T09:02:25","slug":"downloads-funklehrgang","status":"publish","type":"page","link":"https:\/\/www.feuerwehr-brilon.de\/?page_id=7545","title":{"rendered":"Downloads Lehrgang"},"content":{"rendered":"<table class=\"download\" cellspacing=\"0\" cellpadding=\"0\">\n<tbody><tr><td align=\"left\"><a title=\"Download\" href=\"https:\/\/www.feuerwehr-brilon.de\/?dl_id=96\"><img decoding=\"async\" title=\"Download\" src=\"http:\/\/www.feuerwehr-brilon.de\/wp-content\/plugins\/wp-downloadmanager\/images\/ext\/pdf.gif\" alt=\"Download\" \/><\/a><\/td><td align=\"left\">FwDV-3 Hydrant<\/td><td align=\"right\">6. April 2022<\/td><\/tr><tr><td align=\"left\"><a title=\"Download\" href=\"https:\/\/www.feuerwehr-brilon.de\/?dl_id=97\"><img decoding=\"async\" title=\"Download\" src=\"http:\/\/www.feuerwehr-brilon.de\/wp-content\/plugins\/wp-downloadmanager\/images\/ext\/pdf.gif\" alt=\"Download\" \/><\/a><\/td><td align=\"left\">FwDV-3 offenes Gew\u00e4sser<\/td><td align=\"right\">6. April 2022<\/td><\/tr><tr><td align=\"left\"><a title=\"Download\" href=\"https:\/\/www.feuerwehr-brilon.de\/?dl_id=98\"><img decoding=\"async\" title=\"Download\" src=\"http:\/\/www.feuerwehr-brilon.de\/wp-content\/plugins\/wp-downloadmanager\/images\/ext\/pdf.gif\" alt=\"Download\" \/><\/a><\/td><td align=\"left\">FwDV 10<\/td><td align=\"right\">6. April 2022<\/td><\/tr><tr><td align=\"left\"><a title=\"Download\" href=\"https:\/\/www.feuerwehr-brilon.de\/?dl_id=99\"><img decoding=\"async\" title=\"Download\" src=\"http:\/\/www.feuerwehr-brilon.de\/wp-content\/plugins\/wp-downloadmanager\/images\/ext\/pdf.gif\" alt=\"Download\" \/><\/a><\/td><td align=\"left\">BHKG<\/td><td align=\"right\">6. April 2022<\/td><\/tr><tr><td align=\"left\"><a title=\"Download\" href=\"https:\/\/www.feuerwehr-brilon.de\/?dl_id=100\"><img decoding=\"async\" title=\"Download\" src=\"http:\/\/www.feuerwehr-brilon.de\/wp-content\/plugins\/wp-downloadmanager\/images\/ext\/pdf.gif\" alt=\"Download\" \/><\/a><\/td><td align=\"left\">FwDV 1<\/td><td align=\"right\">6. April 2022<\/td><\/tr><\/tbody>\n<\/table>\n","protected":false},"excerpt":{"rendered":"","protected":false},"author":8,"featured_media":0,"parent":3335,"menu_order":0,"comment_status":"open","ping_status":"closed","template":"","meta":{"_exactmetrics_skip_tracking":false,"_exactmetrics_sitenote_active":false,"_exactmetrics_sitenote_note":"","_exactmetrics_sitenote_category":0,"jetpack_post_was_ever_published":false,"footnotes":""},"class_list":["post-7545","page","type-page","status-publish","hentry"],"jetpack_shortlink":"https:\/\/wp.me\/PCIJa-1XH","jetpack_sharing_enabled":true,"jetpack-related-posts":[{"id":448,"url":"https:\/\/www.feuerwehr-brilon.de\/?page_id=448","url_meta":{"origin":7545,"position":0},"title":"M\u00e4rz","author":"Marc Heines","date":"5. Dezember 2008","format":false,"excerpt":"Jan. Feb. M\u00e4r. Apr. Mai Juni Juli Aug. Sep. Okt. Nov. Dez. 1 Do 2 Fr div TM II Lehrgang 3 Sa div TM II Lehrgang 4 So 5 Mo 6 Di 7 Mi 8 Do 9 Fr div TM II Lehrgang 10 Sa div TM II Lehrgang 11 So\u2026","rel":"","context":"In &quot;Allgemein&quot;","block_context":{"text":"Allgemein","link":"https:\/\/www.feuerwehr-brilon.de\/?cat=1"},"img":{"alt_text":"","src":"","width":0,"height":0},"classes":[]},{"id":447,"url":"https:\/\/www.feuerwehr-brilon.de\/?page_id=447","url_meta":{"origin":7545,"position":1},"title":"Februar","author":"Marc Heines","date":"5. Dezember 2008","format":false,"excerpt":"Jan. Feb. M\u00e4r. Apr. Mai Juni Juli Aug.Sep. Okt. Nov. Dez. 1 Mi 2 Do 3 Fr 4 Sa 5 So 6 Mo 7 Di 8 Mi 9 Do 10 Fr 11 Sa 12 So 13 Mo 14 Di 15 Mi 16 Do 17 Fr 18 Sa 19 So 20\u2026","rel":"","context":"In &quot;Allgemein&quot;","block_context":{"text":"Allgemein","link":"https:\/\/www.feuerwehr-brilon.de\/?cat=1"},"img":{"alt_text":"","src":"","width":0,"height":0},"classes":[]},{"id":442,"url":"https:\/\/www.feuerwehr-brilon.de\/?page_id=442","url_meta":{"origin":7545,"position":2},"title":"Termine","author":"Marc Heines","date":"2. Dezember 2008","format":false,"excerpt":"Auf dieser Seite werden besondere Termine und Veranstaltungen der Feuerwehr Brilon aufgelistet. Weitere Termine finden Sie unter dem Link des entsprechendem Monats. Jan. Feb. M\u00e4r. Apr. Mai Juni Juli Aug. Sep. Okt. Nov. Dez. Januar 18.1. 19:00 Uhr Ausbilderbesprechung TM II ::Feuerwehrhaus Brilon:: 21.1. 08:30 Uhr Fzg. und Ger\u00e4tepr\u00fcfung ::Feuerwehrhaus\u2026","rel":"","context":"In &quot;Allgemein&quot;","block_context":{"text":"Allgemein","link":"https:\/\/www.feuerwehr-brilon.de\/?cat=1"},"img":{"alt_text":"kalender","src":".\/images\/sonstige\/kalender.jpg","width":350,"height":200},"classes":[]},{"id":1307,"url":"https:\/\/www.feuerwehr-brilon.de\/?page_id=1307","url_meta":{"origin":7545,"position":3},"title":"Mitglied werden","author":"Marc Heines","date":"28. August 2009","format":false,"excerpt":"Sie wollen sich aktiv bei der Feuerwehr beteiligen? Wir m\u00f6chten Ihnen hier kurz die allgemeinen Voraussetzungen aufz\u00e4hlen und darstellen, was einen zun\u00e4chst erwartet. Einsatzabteilung X Mindestalter 18 Jahre geistig und gesundheitlich geeignet nicht vorbestraft Wohnort oder Besch\u00e4ftigungsort im Einsatzbereich Hat man die Vorausseztungen erf\u00fcllt, kann man zun\u00e4chst bei den Schulungsabenden\u2026","rel":"","context":"In &quot;Allgemein&quot;","block_context":{"text":"Allgemein","link":"https:\/\/www.feuerwehr-brilon.de\/?cat=1"},"img":{"alt_text":"\u00dcbung","src":"https:\/\/i0.wp.com\/www.feuerwehr-brilon.de\/wp-up\/2009\/08\/SANY0084.JPG?resize=350%2C200","width":350,"height":200},"classes":[]},{"id":56,"url":"https:\/\/www.feuerwehr-brilon.de\/?page_id=56","url_meta":{"origin":7545,"position":4},"title":"Notfall Fax","author":"Daniel Vogel","date":"31. Mai 2008","format":false,"excerpt":"Das Notfall Fax f\u00fcr behinderte und geh\u00f6rlose Menschen, sowie Menschen die nicht sprechen k\u00f6nnen. \u00bb Download (*.pdf) \u00bb Download (*.gif) Notfallfaxnummer der Rettungsleitstelle Meschede (nur f\u00fcr den Bereich des Hochsauerlandkreises): Telefax: 0291- 99 94 24 Ben\u00f6tigen Sie aus einem anderen Stadt-\/Kreisgebiet Hilfe, wenden Sie sich bitte an die dortige Rettungsleitstelle.","rel":"","context":"In &quot;Allgemein&quot;","block_context":{"text":"Allgemein","link":"https:\/\/www.feuerwehr-brilon.de\/?cat=1"},"img":{"alt_text":"","src":"","width":0,"height":0},"classes":[]},{"id":3326,"url":"https:\/\/www.feuerwehr-brilon.de\/?page_id=3326","url_meta":{"origin":7545,"position":5},"title":"F\u00fchrung intern","author":"M.Prior","date":"5. Oktober 2010","format":false,"excerpt":"Download","rel":"","context":"\u00c4hnlicher Beitrag","block_context":{"text":"\u00c4hnlicher Beitrag","link":""},"img":{"alt_text":"","src":"","width":0,"height":0},"classes":[]}],"_links":{"self":[{"href":"https:\/\/www.feuerwehr-brilon.de\/index.php?rest_route=\/wp\/v2\/pages\/7545","targetHints":{"allow":["GET"]}}],"collection":[{"href":"https:\/\/www.feuerwehr-brilon.de\/index.php?rest_route=\/wp\/v2\/pages"}],"about":[{"href":"https:\/\/www.feuerwehr-brilon.de\/index.php?rest_route=\/wp\/v2\/types\/page"}],"author":[{"embeddable":true,"href":"https:\/\/www.feuerwehr-brilon.de\/index.php?rest_route=\/wp\/v2\/users\/8"}],"replies":[{"embeddable":true,"href":"https:\/\/www.feuerwehr-brilon.de\/index.php?rest_route=%2Fwp%2Fv2%2Fcomments&post=7545"}],"version-history":[{"count":3,"href":"https:\/\/www.feuerwehr-brilon.de\/index.php?rest_route=\/wp\/v2\/pages\/7545\/revisions"}],"predecessor-version":[{"id":12860,"href":"https:\/\/www.feuerwehr-brilon.de\/index.php?rest_route=\/wp\/v2\/pages\/7545\/revisions\/12860"}],"up":[{"embeddable":true,"href":"https:\/\/www.feuerwehr-brilon.de\/index.php?rest_route=\/wp\/v2\/pages\/3335"}],"wp:attachment":[{"href":"https:\/\/www.feuerwehr-brilon.de\/index.php?rest_route=%2Fwp%2Fv2%2Fmedia&parent=7545"}],"curies":[{"name":"wp","href":"https:\/\/api.w.org\/{rel}","templated":true}]}}