{"id":759,"date":"2009-03-29T20:22:40","date_gmt":"2009-03-29T19:22:40","guid":{"rendered":"http:\/\/www.feuerwehr-brilon.de\/?page_id=759"},"modified":"2009-03-29T20:22:40","modified_gmt":"2009-03-29T19:22:40","slug":"weihnachtsfeier-2005","status":"publish","type":"page","link":"https:\/\/www.feuerwehr-brilon.de\/?page_id=759","title":{"rendered":"Weihnachtsfeier 2005"},"content":{"rendered":"<p>Am 7.Dezember\u00a0 2005 feierten die Kameraden der Ehrenabteilung des L\u00f6schzuges Brilon mit ihren Ehefrauen und den Ehefrauen der verstorbenen Kameraden die allj\u00e4hrliche Weihnachtsfeier im Feuerwehrhaus.<\/p>\n<p><a href=\"http:\/\/www.feuerwehr-brilon.de\/wp-up\/2009\/03\/weihnachtsfeier_ehrenabteilung_450_051207-204000.jpg\"><img loading=\"lazy\" decoding=\"async\" class=\"alignnone size-full wp-image-760\" title=\"weihnachtsfeier_ehrenabteilung\" src=\"http:\/\/www.feuerwehr-brilon.de\/wp-up\/2009\/03\/weihnachtsfeier_ehrenabteilung_450_051207-204000.jpg\" alt=\"\" width=\"450\" height=\"310\" \/><\/a><\/p>\n<p><a href=\"http:\/\/www.feuerwehr-brilon.de\/wp-up\/2009\/03\/weihnachtsfeier_ehrenabteilung_500_051207-205836.jpg\"><img loading=\"lazy\" decoding=\"async\" class=\"alignright size-full wp-image-761\" title=\"weihnachtsfeier_ehrenabteilung\" src=\"http:\/\/www.feuerwehr-brilon.de\/wp-up\/2009\/03\/weihnachtsfeier_ehrenabteilung_500_051207-205836.jpg\" alt=\"\" width=\"500\" height=\"350\" \/><\/a>Musikalisch wurde die Feier vom Holzensembel des Blasorchesters Brilon umrahmt.<\/p>\n<p><a href=\"http:\/\/www.feuerwehr-brilon.de\/wp-up\/2009\/03\/weihnachtsfeier_ehrenabteilung_550_051207-204116.jpg\"><img loading=\"lazy\" decoding=\"async\" class=\"alignnone size-full wp-image-762\" title=\"weihnachtsfeier_ehrenabteilung\" src=\"http:\/\/www.feuerwehr-brilon.de\/wp-up\/2009\/03\/weihnachtsfeier_ehrenabteilung_550_051207-204116.jpg\" alt=\"\" width=\"500\" height=\"340\" \/><\/a><\/p>\n","protected":false},"excerpt":{"rendered":"<p>Am 7.Dezember\u00a0 2005 feierten die Kameraden der Ehrenabteilung des L\u00f6schzuges Brilon mit ihren Ehefrauen und den Ehefrauen der verstorbenen Kameraden die allj\u00e4hrliche Weihnachtsfeier im Feuerwehrhaus. Musikalisch wurde die Feier vom Holzensembel des Blasorchesters Brilon umrahmt.<\/p>\n","protected":false},"author":6,"featured_media":0,"parent":758,"menu_order":0,"comment_status":"closed","ping_status":"closed","template":"","meta":{"_exactmetrics_skip_tracking":false,"_exactmetrics_sitenote_active":false,"_exactmetrics_sitenote_note":"","_exactmetrics_sitenote_category":0,"jetpack_post_was_ever_published":false,"footnotes":""},"class_list":["post-759","page","type-page","status-publish","hentry"],"jetpack_shortlink":"https:\/\/wp.me\/PCIJa-cf","jetpack_sharing_enabled":true,"jetpack-related-posts":[{"id":758,"url":"https:\/\/www.feuerwehr-brilon.de\/?page_id=758","url_meta":{"origin":759,"position":0},"title":"Ehrenabteilung","author":"Marc Heines","date":"29. M\u00e4rz 2009","format":false,"excerpt":"Die Ehrenabteilung des L\u00f6schzuges trifft sich viermal im Jahr. Neben dem Kartoffelbraten und einer Weihnachtsfeier werden auch gemeinsame Ausflugsfahrten durchgef\u00fchrt. So wird der Zusammenhalt der \u201epensionierten\u201c Feuerwehrm\u00e4nner aufrechterhalten.Sie erhalten hier einige Informationen \u00fcber die Aktivit\u00e4ten der Ehrenabteilung. Ehrenabteilungen aus Brilon, Olsberg und Niedersfeld zu Besuch bei der Fa. Impuls Herbstfest\u2026","rel":"","context":"In &quot;Allgemein&quot;","block_context":{"text":"Allgemein","link":"https:\/\/www.feuerwehr-brilon.de\/?cat=1"},"img":{"alt_text":"","src":"","width":0,"height":0},"classes":[]},{"id":767,"url":"https:\/\/www.feuerwehr-brilon.de\/?page_id=767","url_meta":{"origin":759,"position":1},"title":"Kartoffelbraten","author":"Marc Heines","date":"29. M\u00e4rz 2009","format":false,"excerpt":"Die Ehrenabteilung des L\u00f6schzuges Brilon hat ihr schon fast traditionelles Kartoffelbraten durchgef\u00fchrt. Die Mitglieder der Ehrenabteilung trafen sich dazu mit ihren Ehefrauen und den Frauen der verstorbenen Feuerwehrm\u00e4nner am Rochusw\u00e4ldchen. Nach einer kleinen Wanderung zu Reermanns H\u00fctte folgte zun\u00e4chst ein gem\u00fctliches Kaffeetrinken. Anschlie\u00dfend gab es Kartoffeln direkt aus dem Feuer.\u2026","rel":"","context":"In &quot;Allgemein&quot;","block_context":{"text":"Allgemein","link":"https:\/\/www.feuerwehr-brilon.de\/?cat=1"},"img":{"alt_text":"","src":"https:\/\/i0.wp.com\/www.feuerwehr-brilon.de\/wp-up\/2009\/03\/ehrenabteilung_kartoffelbraten_550.jpg?resize=350%2C200","width":350,"height":200},"classes":[]},{"id":5,"url":"https:\/\/www.feuerwehr-brilon.de\/?page_id=5","url_meta":{"origin":759,"position":2},"title":"Einheiten","author":"Daniel Vogel","date":"28. Mai 2008","format":false,"excerpt":"Auf dieser Seite finden Sie eine \u00dcbersicht \u00fcber alle L\u00f6schgruppen und L\u00f6schz\u00fcge der Stadt Brilon. Insgesamt besteht die Freiwillige Feuerwehr der Stadt Brilon aus einem L\u00f6schzug und zw\u00f6lf L\u00f6schgruppen. In diesen Einheiten sind sieben Jugendfeuerwehren integriert. Im aktiven Dienst stehen insgesamt 380 Kameraden, in der Jugendfeuerwehr sind 92 M\u00e4dchen und\u2026","rel":"","context":"In &quot;Allgemein&quot;","block_context":{"text":"Allgemein","link":"https:\/\/www.feuerwehr-brilon.de\/?cat=1"},"img":{"alt_text":"","src":"","width":0,"height":0},"classes":[]},{"id":20,"url":"https:\/\/www.feuerwehr-brilon.de\/?page_id=20","url_meta":{"origin":759,"position":3},"title":"Hoppecke","author":"Daniel Vogel","date":"28. Mai 2008","format":false,"excerpt":"Die L\u00f6schgruppe Hoppecke besteht zur Zeit aus 41 Mitgliedern. Daneben gibt es eine Jugendfeuerwehr mit 20 Mitgliedern. Die L\u00f6schgruppe Hoppecke ist f\u00fcr den Brandschutz in den Ortsteilen Hoppecke und Brilon Wald zust\u00e4ndig. Dar\u00fcber hinaus unterst\u00fctzt sie im Bedarfsfall die L\u00f6schgruppen Messinghausen und Bontkirchen. \u00a0 \u00a0 \u00a0 \u00a0 \u00a0 \u00a0 \u00a0\u2026","rel":"","context":"In &quot;Allgemein&quot;","block_context":{"text":"Allgemein","link":"https:\/\/www.feuerwehr-brilon.de\/?cat=1"},"img":{"alt_text":"","src":"\/images\/gruppenbild\/gr_hoppecke.jpg","width":350,"height":200},"classes":[]},{"id":822,"url":"https:\/\/www.feuerwehr-brilon.de\/?page_id=822","url_meta":{"origin":759,"position":4},"title":"Geschichte","author":"Marc Heines","date":"11. Mai 2009","format":false,"excerpt":"Abri\u00df \u00fcber die Geschichte der L\u00f6schgruppe Messinghausen Die Freiwillige Feuerwehr Messinghausen wurde im Jahre 1913 gegr\u00fcndet. In den Jahren zuvor gab es in Messinghausen zwar Ger\u00e4tschaften zur Brandbek\u00e4mpfung, eine Pflichtfeuerwehr bestand jedoch, anders als in anderen Ortschaften, erst ab dem Jahre 1911. Zuvor hatten sich auch f\u00fcr eine Pflichtfeuerwehr nicht\u2026","rel":"","context":"In &quot;Allgemein&quot;","block_context":{"text":"Allgemein","link":"https:\/\/www.feuerwehr-brilon.de\/?cat=1"},"img":{"alt_text":"","src":"","width":0,"height":0},"classes":[]},{"id":2129,"url":"https:\/\/www.feuerwehr-brilon.de\/?page_id=2129","url_meta":{"origin":759,"position":5},"title":"Restauration &#8211; DL 18","author":"Andreas Becker","date":"13. Februar 2010","format":false,"excerpt":"Restauration der DL 18 Opel Blitz Nachdem die Restauration des Schweren L\u00f6schgruppenfahrzeugs LF 15 mit der Instandsetzung der fest eingebauten Feuerl\u00f6schkreiselpumpe im letzten Jahr erfolgreich ihr Ende fand, haben sich nun einige technikinteressierte Kameraden des L\u00f6schzugs Brilon entschlossen, auch die alte Opel Blitz Drehleiter wieder herzurichten. Zur Geschichte des Fahrzeuges:\u2026","rel":"","context":"In &quot;Allgemein&quot;","block_context":{"text":"Allgemein","link":"https:\/\/www.feuerwehr-brilon.de\/?cat=1"},"img":{"alt_text":"Beerdigung Wassermeister 1965","src":"https:\/\/i0.wp.com\/www.feuerwehr-brilon.de\/images\/DL18\/DLBeerdigWasserm.jpg?resize=350%2C200","width":350,"height":200},"classes":[]}],"_links":{"self":[{"href":"https:\/\/www.feuerwehr-brilon.de\/index.php?rest_route=\/wp\/v2\/pages\/759","targetHints":{"allow":["GET"]}}],"collection":[{"href":"https:\/\/www.feuerwehr-brilon.de\/index.php?rest_route=\/wp\/v2\/pages"}],"about":[{"href":"https:\/\/www.feuerwehr-brilon.de\/index.php?rest_route=\/wp\/v2\/types\/page"}],"author":[{"embeddable":true,"href":"https:\/\/www.feuerwehr-brilon.de\/index.php?rest_route=\/wp\/v2\/users\/6"}],"replies":[{"embeddable":true,"href":"https:\/\/www.feuerwehr-brilon.de\/index.php?rest_route=%2Fwp%2Fv2%2Fcomments&post=759"}],"version-history":[{"count":0,"href":"https:\/\/www.feuerwehr-brilon.de\/index.php?rest_route=\/wp\/v2\/pages\/759\/revisions"}],"up":[{"embeddable":true,"href":"https:\/\/www.feuerwehr-brilon.de\/index.php?rest_route=\/wp\/v2\/pages\/758"}],"wp:attachment":[{"href":"https:\/\/www.feuerwehr-brilon.de\/index.php?rest_route=%2Fwp%2Fv2%2Fmedia&parent=759"}],"curies":[{"name":"wp","href":"https:\/\/api.w.org\/{rel}","templated":true}]}}