{"id":7643,"date":"2012-11-30T17:10:22","date_gmt":"2012-11-30T16:10:22","guid":{"rendered":"http:\/\/www.feuerwehr-brilon.de\/?page_id=7643"},"modified":"2012-11-30T17:42:32","modified_gmt":"2012-11-30T16:42:32","slug":"tipps-zur-weihnachtszeit","status":"publish","type":"page","link":"https:\/\/www.feuerwehr-brilon.de\/?page_id=7643","title":{"rendered":"Tipps zur Weihnachtszeit"},"content":{"rendered":"<p>Duft von frisch gebackenen Pl\u00e4tzchen, R\u00e4ucherst\u00e4bchen oder Punsch und Tannengr\u00fcn. Romantische Stimmung durch Kerzenschein oder Lichterketten. All dies geh\u00f6rt gewiss zur Weihnachtszeit wie die Geschenke unterm Tannenbaum an Heilig Abend.<\/p>\n<p>Leider auch die erh\u00f6hten Einsatzzahlen der Feuerwehr verursacht durch Zimmer- oder Wohnungsbr\u00e4nde. Nicht beaufsichtigte Adventsgestecke oder Wachskerzen am Christbaum, sind hier leider immer noch zum Teil sehr h\u00e4ufig die Ursache f\u00fcr verheerende Br\u00e4nde.<\/p>\n<p>Damit sie eine ruhige Advents- und Weihnachtszeit feiern k\u00f6nnen, m\u00f6chten wir Ihnen auf dieser Seite ein par Tipps geben, damit Sie die Weihnachtszeit ohne einen Besuch ihrer Feuerwehr genie\u00dfen k\u00f6nnen.<\/p>\n<p>&nbsp;<\/p>\n<ul>\n<li>Stellen Sie Kerzen nicht in der N\u00e4he von brennbaren Gegenst\u00e4nden (Geschenkpapier, Vorhang) oder an einem Ort mit starker Zugluft auf.<\/li>\n<\/ul>\n<ul>\n<li>Kerzen geh\u00f6ren immer in eine standfeste, nicht brennbare Halterung, an die Kinder (und auch Haustiere) nicht gelangen k\u00f6nnen.<\/li>\n<\/ul>\n<ul>\n<li>Lassen Sie Kerzen niemals unbeaufsichtigt brennen \u2013 vor allem nicht, wenn Kinder dabei sind! Unachtsamkeit ist die Brandursache Nummer eins!<\/li>\n<\/ul>\n<ul>\n<li>L\u00f6schen Sie Kerzen an Adventskr\u00e4nzen und Gestecken rechtzeitig, bevor sie heruntergebrannt sind: Tannengr\u00fcn trocknet mit der Zeit aus und wird zur Brandgefahr.<\/li>\n<\/ul>\n<ul>\n<li>In Haushalten mit Kindern sollten vor allem am Weihnachtsbaum elektrische Kerzen verwendet werden. Diese sollten ein Pr\u00fcfsiegel tragen, das den VDE-Bestimmungen entspricht.<\/li>\n<\/ul>\n<ul>\n<li>Achten Sie bei elektrischen Lichterketten darauf, dass Steckdosen nicht \u00fcberlastet werden.<\/li>\n<\/ul>\n<ul>\n<li>Wenn Sie echte Kerzen entz\u00fcnden, stellen Sie ein entsprechendes L\u00f6schmittel (Wassereimer, Feuerl\u00f6scher) bereit.<\/li>\n<\/ul>\n<ul>\n<li>Wenn es brennt, versuchen Sie nur dann die Flammen zu l\u00f6schen, wenn dies ohne Eigengef\u00e4hrdung m\u00f6glich ist. Ansonsten schlie\u00dfen Sie m\u00f6glichst die T\u00fcr zum Brandraum, verlassen (mit Ihrer Familie) die Wohnung und alarmieren die Feuerwehr mit dem Notruf 112.<\/li>\n<\/ul>\n<ul>\n<li>Rauchwarnmelder in der Wohnung verringern das Risiko der unbemerkten Brandausbreitung enorm, indem sie rechtzeitig Alarm geben.<\/li>\n<\/ul>\n<ul>\n<li>Die kleinen Lebensretter gibt es g\u00fcnstig im Fachhandel \u2013 \u00fcbrigens passen sie perfekt als Geschenk auf den Gabentisch!<\/li>\n<\/ul>\n<p>Dieses Video soll verdeutlichen, wie schnell ein Weihnachtsbaum und kurze Zeit sp\u00e4ter ein komplettes Zimmer im Vollbrand stehen kann:<br \/>\n<div class=\"BorlabsCookie _brlbs-cb-youtube\"><div class=\"_brlbs-content-blocker\"> <div class=\"_brlbs-embed _brlbs-video-youtube\"> <img class=\"_brlbs-thumbnail\" src=\"https:\/\/www.feuerwehr-brilon.de\/wp-content\/plugins\/borlabs-cookie\/assets\/images\/cb-no-thumbnail.png\" alt=\"YouTube\"> <div class=\"_brlbs-caption\"> <p>Mit dem Laden des Videos akzeptieren Sie die Datenschutzerkl\u00e4rung von YouTube.<br><a href=\"https:\/\/policies.google.com\/privacy\" target=\"_blank\" rel=\"nofollow noopener noreferrer\">Mehr erfahren<\/a><\/p> <p><a class=\"_brlbs-btn _brlbs-icon-play-white\" href=\"#\" data-borlabs-cookie-unblock role=\"button\">Video laden<\/a><\/p> <p><label><input type=\"checkbox\" name=\"unblockAll\" value=\"1\" checked> <small>YouTube immer entsperren<\/small><\/label><\/p> <\/div> <\/div> <\/div><div class=\"borlabs-hide\" data-borlabs-cookie-type=\"content-blocker\" data-borlabs-cookie-id=\"youtube\"><script type=\"text\/template\">PGlmcmFtZSBsb2FkaW5nPSJsYXp5IiBzcmM9Imh0dHA6Ly93d3cueW91dHViZS1ub2Nvb2tpZS5jb20vZW1iZWQvM1BoLTlXZWZrVDAiIGZyYW1lYm9yZGVyPSIwIiB3aWR0aD0iNDIwIiBoZWlnaHQ9IjMxNSI+PC9pZnJhbWU+PC9wPg==<\/script><\/div><\/div>\n","protected":false},"excerpt":{"rendered":"<p>Duft von frisch gebackenen Pl\u00e4tzchen, R\u00e4ucherst\u00e4bchen oder Punsch und Tannengr\u00fcn. Romantische Stimmung durch Kerzenschein oder Lichterketten. All dies geh\u00f6rt gewiss zur Weihnachtszeit wie die Geschenke unterm Tannenbaum an Heilig Abend. Leider auch die erh\u00f6hten Einsatzzahlen der Feuerwehr verursacht durch Zimmer- oder Wohnungsbr\u00e4nde. Nicht beaufsichtigte Adventsgestecke oder Wachskerzen am Christbaum, sind hier leider immer noch zum [&hellip;]<\/p>\n","protected":false},"author":8,"featured_media":0,"parent":36,"menu_order":0,"comment_status":"closed","ping_status":"closed","template":"","meta":{"_exactmetrics_skip_tracking":false,"_exactmetrics_sitenote_active":false,"_exactmetrics_sitenote_note":"","_exactmetrics_sitenote_category":0,"jetpack_post_was_ever_published":false,"footnotes":""},"class_list":["post-7643","page","type-page","status-publish","hentry"],"jetpack_shortlink":"https:\/\/wp.me\/PCIJa-1Zh","jetpack_sharing_enabled":true,"jetpack-related-posts":[{"id":36,"url":"https:\/\/www.feuerwehr-brilon.de\/?page_id=36","url_meta":{"origin":7643,"position":0},"title":"Ratgeber","author":"Daniel Vogel","date":"28. Mai 2008","format":false,"excerpt":"Hier erhalten Sie allgemeine Informationen zum Brandschutz, zu Notf\u00e4llen, Notruf, Rauchmeldern, Feuerl\u00f6schern und Fettexplosionen. Daneben k\u00f6nnen Sie hier Informationen zu Wespen und den Umgang mit Ihnen abrufen. Das richtige Verhalten Der richtige Notruf Fettexplosion Feuerl\u00f6scher Freie Fahrt Hausnummern Notruf Fax Rauchmelder Silvestertipps Weihnachtszeit Wespen und Hornissen","rel":"","context":"In &quot;Allgemein&quot;","block_context":{"text":"Allgemein","link":"https:\/\/www.feuerwehr-brilon.de\/?cat=1"},"img":{"alt_text":"","src":"","width":0,"height":0},"classes":[]},{"id":34,"url":"https:\/\/www.feuerwehr-brilon.de\/?page_id=34","url_meta":{"origin":7643,"position":1},"title":"Impressum","author":"Daniel Vogel","date":"28. Mai 2008","format":false,"excerpt":"Seit Anfang 2002 muss der Betreiber einer gesch\u00e4ftsm\u00e4\u00dfig gef\u00fchrten Homepage eine so genannte Anbieterkennzeichnung vorhalten. Sie muss leicht erkennbar, unmittelbar erreichbar und st\u00e4ndig verf\u00fcgbar diverse Angaben zur Person machen. Mit gesch\u00e4ftsm\u00e4\u00dfig sind dabei nicht alleine gewerbliche oder kommerzielle Angebote gemeint. Die Impressumspflicht ergibt sich aus \u00a7 6 Teledienstegesetz (TDG). Es\u2026","rel":"","context":"In &quot;Allgemein&quot;","block_context":{"text":"Allgemein","link":"https:\/\/www.feuerwehr-brilon.de\/?cat=1"},"img":{"alt_text":"","src":"","width":0,"height":0},"classes":[]},{"id":40,"url":"https:\/\/www.feuerwehr-brilon.de\/?page_id=40","url_meta":{"origin":7643,"position":2},"title":"Rauchmelder","author":"Andreas Becker","date":"13. Juni 2014","format":false,"excerpt":"Freitag, der 13. ist bundesweiter Rauchmeldertag In der Bundesrepublik Deutschland sterben pro Jahr mehr als sechshundert Menschen durch Feuer und vor allem auch Rauch. \u00dcber 5.000 Menschen werden bei Br\u00e4nden verletzt, die Sachsch\u00e4den betragen Millionen. Besonders gef\u00e4hrlich ist der bei Wohnungsbr\u00e4nden entstehende Rauch, weil er sich um ein Vielfaches schneller\u2026","rel":"","context":"In &quot;Allgemein&quot;","block_context":{"text":"Allgemein","link":"https:\/\/www.feuerwehr-brilon.de\/?cat=1"},"img":{"alt_text":"","src":"https:\/\/i0.wp.com\/www.feuerwehr-brilon.de\/images\/adviser\/rauchmelder\/rrl_01_klein.jpg?resize=350%2C200","width":350,"height":200},"classes":[]},{"id":38,"url":"https:\/\/www.feuerwehr-brilon.de\/?page_id=38","url_meta":{"origin":7643,"position":3},"title":"Hausnummern","author":"Daniel Vogel","date":"29. Mai 2008","format":false,"excerpt":"An vielen Geb\u00e4uden ist festzustellen, dass die erforderlichen Hausnummern nicht angebracht sind. Hausnummern erleichtern allerdings nicht nur Zustelldiensten etc. die Arbeit, sondern sind eine wichtige Hilfe f\u00fcr Feuerwehr und Rettungsdienst. Die richtige Anbringung von Hausnummern kann im Notfall Leben retten. Die Anfahrtszeiten von Feuerwehr und insbesondere Rettungsdienst k\u00f6nnen durch gut\u2026","rel":"","context":"In &quot;Allgemein&quot;","block_context":{"text":"Allgemein","link":"https:\/\/www.feuerwehr-brilon.de\/?cat=1"},"img":{"alt_text":"","src":"","width":0,"height":0},"classes":[]},{"id":53,"url":"https:\/\/www.feuerwehr-brilon.de\/?page_id=53","url_meta":{"origin":7643,"position":4},"title":"Wespen und Hornissen","author":"Daniel Vogel","date":"31. Mai 2008","format":false,"excerpt":"In den Sommermonaten wird bei der Feuerwehr immer wieder bei Problemen mit Wespennestern nachgefragt. An dieser Stelle erhalten Sie daher einige allgemeine Informationen f\u00fcr den Umgang mit Wespen und Hornissen. Wie leben Wespen und Hornissen? Wespenv\u00f6lker leben nur einen Sommer. Lediglich die im Herbst begatteten K\u00f6niginnen \u00fcberwintern in engen Ritzen.\u2026","rel":"","context":"In &quot;Allgemein&quot;","block_context":{"text":"Allgemein","link":"https:\/\/www.feuerwehr-brilon.de\/?cat=1"},"img":{"alt_text":"","src":"","width":0,"height":0},"classes":[]},{"id":15,"url":"https:\/\/www.feuerwehr-brilon.de\/?page_id=15","url_meta":{"origin":7643,"position":5},"title":"Alarmierung","author":"Andreas Becker","date":"28. Mai 2008","format":false,"excerpt":"F\u00fcr die Alarmierung der Freiwilligen Feuerwehr Brilon ist die Kreisleitstelle in Meschede zust\u00e4ndig. Die Leitstelle befindet sich im Zentrum f\u00fcr Feuerschutz und Rettungswesen. Hier l\u00e4uft im Rahmen der \"nicht-polizeilichen Gefahrenabwehr\" der Notruf 112 aus den 12 St\u00e4dten und Gemeinden des Hochsauerlandkreises auf. \u00a0 \u00a0 Sowohl die Funkkommunikation als auch die\u2026","rel":"","context":"In &quot;Allgemein&quot;","block_context":{"text":"Allgemein","link":"https:\/\/www.feuerwehr-brilon.de\/?cat=1"},"img":{"alt_text":"Pressestelle Hochsauerlandkreis","src":"https:\/\/i0.wp.com\/www.feuerwehr-brilon.de\/wp-up\/2018\/12\/Disponent-ZFR-Leitstelle-1-150x100.jpg?resize=350%2C200&ssl=1","width":350,"height":200},"classes":[]}],"_links":{"self":[{"href":"https:\/\/www.feuerwehr-brilon.de\/index.php?rest_route=\/wp\/v2\/pages\/7643","targetHints":{"allow":["GET"]}}],"collection":[{"href":"https:\/\/www.feuerwehr-brilon.de\/index.php?rest_route=\/wp\/v2\/pages"}],"about":[{"href":"https:\/\/www.feuerwehr-brilon.de\/index.php?rest_route=\/wp\/v2\/types\/page"}],"author":[{"embeddable":true,"href":"https:\/\/www.feuerwehr-brilon.de\/index.php?rest_route=\/wp\/v2\/users\/8"}],"replies":[{"embeddable":true,"href":"https:\/\/www.feuerwehr-brilon.de\/index.php?rest_route=%2Fwp%2Fv2%2Fcomments&post=7643"}],"version-history":[{"count":3,"href":"https:\/\/www.feuerwehr-brilon.de\/index.php?rest_route=\/wp\/v2\/pages\/7643\/revisions"}],"predecessor-version":[{"id":7654,"href":"https:\/\/www.feuerwehr-brilon.de\/index.php?rest_route=\/wp\/v2\/pages\/7643\/revisions\/7654"}],"up":[{"embeddable":true,"href":"https:\/\/www.feuerwehr-brilon.de\/index.php?rest_route=\/wp\/v2\/pages\/36"}],"wp:attachment":[{"href":"https:\/\/www.feuerwehr-brilon.de\/index.php?rest_route=%2Fwp%2Fv2%2Fmedia&parent=7643"}],"curies":[{"name":"wp","href":"https:\/\/api.w.org\/{rel}","templated":true}]}}