{"id":765,"date":"2009-03-29T20:34:30","date_gmt":"2009-03-29T19:34:30","guid":{"rendered":"http:\/\/www.feuerwehr-brilon.de\/?page_id=765"},"modified":"2009-03-29T20:34:30","modified_gmt":"2009-03-29T19:34:30","slug":"besuch-der-firma-meister-leisten","status":"publish","type":"page","link":"https:\/\/www.feuerwehr-brilon.de\/?page_id=765","title":{"rendered":"Besuch der Firma Meister Leisten"},"content":{"rendered":"<p><a href=\"http:\/\/www.feuerwehr-brilon.de\/wp-up\/2009\/03\/meister_leisten_2005.jpg\"><img loading=\"lazy\" decoding=\"async\" class=\"alignnone size-full wp-image-766\" title=\"meister_leisten_2005\" src=\"http:\/\/www.feuerwehr-brilon.de\/wp-up\/2009\/03\/meister_leisten_2005.jpg\" alt=\"\" width=\"500\" height=\"357\" \/><\/a><\/p>\n<p>Am 14.04.2005 trafen sich die Ehrenabteilungen der L\u00f6schz\u00fcge Niedersfeld, Olsberg und Brilon zu einer gemeinsamen Besichtigung der Firma Meister Leisten in R\u00fcthen.<\/p>\n","protected":false},"excerpt":{"rendered":"<p>Am 14.04.2005 trafen sich die Ehrenabteilungen der L\u00f6schz\u00fcge Niedersfeld, Olsberg und Brilon zu einer gemeinsamen Besichtigung der Firma Meister Leisten in R\u00fcthen.<\/p>\n","protected":false},"author":6,"featured_media":0,"parent":758,"menu_order":0,"comment_status":"closed","ping_status":"closed","template":"","meta":{"_exactmetrics_skip_tracking":false,"_exactmetrics_sitenote_active":false,"_exactmetrics_sitenote_note":"","_exactmetrics_sitenote_category":0,"jetpack_post_was_ever_published":false,"footnotes":""},"class_list":["post-765","page","type-page","status-publish","hentry"],"jetpack_shortlink":"https:\/\/wp.me\/PCIJa-cl","jetpack_sharing_enabled":true,"jetpack-related-posts":[{"id":758,"url":"https:\/\/www.feuerwehr-brilon.de\/?page_id=758","url_meta":{"origin":765,"position":0},"title":"Ehrenabteilung","author":"Marc Heines","date":"29. M\u00e4rz 2009","format":false,"excerpt":"Die Ehrenabteilung des L\u00f6schzuges trifft sich viermal im Jahr. Neben dem Kartoffelbraten und einer Weihnachtsfeier werden auch gemeinsame Ausflugsfahrten durchgef\u00fchrt. So wird der Zusammenhalt der \u201epensionierten\u201c Feuerwehrm\u00e4nner aufrechterhalten.Sie erhalten hier einige Informationen \u00fcber die Aktivit\u00e4ten der Ehrenabteilung. Ehrenabteilungen aus Brilon, Olsberg und Niedersfeld zu Besuch bei der Fa. Impuls Herbstfest\u2026","rel":"","context":"In &quot;Allgemein&quot;","block_context":{"text":"Allgemein","link":"https:\/\/www.feuerwehr-brilon.de\/?cat=1"},"img":{"alt_text":"","src":"","width":0,"height":0},"classes":[]},{"id":39,"url":"https:\/\/www.feuerwehr-brilon.de\/?page_id=39","url_meta":{"origin":765,"position":1},"title":"Der richtige Notruf","author":"Daniel Vogel","date":"29. Mai 2008","format":false,"excerpt":"Sollten Sie einmal einen Notruf absetzen m\u00fcssen, so sind die richtigen Informationen f\u00fcr die Einsatzzentrale sehr wichtig, damit schnellst m\u00f6glich die Feuerwehr, der Rettungsdienst oder auch die Polizei alarmiert werden kann. Hier die wichtigsten Leits\u00e4tze: 1. Was ist passiert? Beschreiben Sie in kurzen Stichw\u00f6rtern was passiert ist, z.B. Verkehrsunfall, bewusstlose\u2026","rel":"","context":"In &quot;Allgemein&quot;","block_context":{"text":"Allgemein","link":"https:\/\/www.feuerwehr-brilon.de\/?cat=1"},"img":{"alt_text":"","src":"","width":0,"height":0},"classes":[]},{"id":1791,"url":"https:\/\/www.feuerwehr-brilon.de\/?page_id=1791","url_meta":{"origin":765,"position":2},"title":"Brandreglement","author":"Marc Heines","date":"20. November 2009","format":false,"excerpt":"Verrichtung der Nachtw\u00e4chter So bald die Nachtw\u00e4chter, es seien Strassen- oder Thurmw\u00e4chter in irgend einem Theile der Stadt Feuer erblicken, hat einer von ihnen durch Blasen das gew\u00f6hnliche Feuerzeichen zu geben, annebst der Thurmw\u00e4chter die Feuerlaterne nach demjenigen Theile der Stadt auszuh\u00e4ngen, wo er das Feuer wahrgenom\u00admen hat, sein Kamerad\u2026","rel":"","context":"In &quot;Allgemein&quot;","block_context":{"text":"Allgemein","link":"https:\/\/www.feuerwehr-brilon.de\/?cat=1"},"img":{"alt_text":"","src":"","width":0,"height":0},"classes":[]},{"id":473,"url":"https:\/\/www.feuerwehr-brilon.de\/?page_id=473","url_meta":{"origin":765,"position":3},"title":"Handdruckspritzen","author":"Marc Heines","date":"13. Dezember 2008","format":false,"excerpt":"Brilon 1 Handdruckspritze aus dem Jahre 1880. Sie war von 1880 bis 1933 beim L\u00f6schzug Brilon im Einsatz. Die Handruckspritze wurde 1880 von der Firma Hoeing in Koeln hergestellt. Sie leistet 350 Liter pro Minute bei 8 Personen und 50 H\u00fcben. Sie wurde von zwei Pferden gezogen. Die Handruckspritze beim\u2026","rel":"","context":"In &quot;Allgemein&quot;","block_context":{"text":"Allgemein","link":"https:\/\/www.feuerwehr-brilon.de\/?cat=1"},"img":{"alt_text":"","src":"https:\/\/i0.wp.com\/www.feuerwehr-brilon.de\/wp-up\/2008\/12\/handdruckspritze_brilon_1.jpg?resize=350%2C200","width":350,"height":200},"classes":[]},{"id":1786,"url":"https:\/\/www.feuerwehr-brilon.de\/?page_id=1786","url_meta":{"origin":765,"position":4},"title":"Feuersbrunst 1742","author":"Marc Heines","date":"20. November 2009","format":false,"excerpt":"Nachdemahlen durch eine unversehene Feuers= Brunst in die dahiesiger Stadt Brilon den neunzehnten dieses, hundert neun und f\u00fcnfzig Wohn-H\u00e4user sambt noch anderen Neben = Geb\u00e4uden und Scheuren, auch einigen Menschen, Pferden und anderen Viehe, ja schier allen Meublen in wenig Stunden einge\u00e4schert, und zu Grund gerichtet, mithin die Besch\u00e4digte daraus\u2026","rel":"","context":"In &quot;Allgemein&quot;","block_context":{"text":"Allgemein","link":"https:\/\/www.feuerwehr-brilon.de\/?cat=1"},"img":{"alt_text":"","src":"","width":0,"height":0},"classes":[]},{"id":535,"url":"https:\/\/www.feuerwehr-brilon.de\/?page_id=535","url_meta":{"origin":765,"position":5},"title":"Beginn","author":"Marc Heines","date":"16. Dezember 2008","format":false,"excerpt":"Beginn der Restaurierung Das Fahrzeug vor der Restaurierung. Die Pendelwinker, Kennleuchten und der Motorkugelwecker wurde im Laufe der Zeit entfernt bzw. ersetzt, es wurde andere Spiegel montiert und eine andere Stossstange angebracht. Das Fahrzeug wurde \u00e4usserlich und besonders im Aufbau umgebaut. Der 80 PS Motor vor Beginn der Arbeiten. Mittig\u2026","rel":"","context":"In &quot;Allgemein&quot;","block_context":{"text":"Allgemein","link":"https:\/\/www.feuerwehr-brilon.de\/?cat=1"},"img":{"alt_text":"","src":"https:\/\/i0.wp.com\/www.feuerwehr-brilon.de\/wp-up\/2008\/12\/slg__lf_15_.jpg?resize=350%2C200","width":350,"height":200},"classes":[]}],"_links":{"self":[{"href":"https:\/\/www.feuerwehr-brilon.de\/index.php?rest_route=\/wp\/v2\/pages\/765","targetHints":{"allow":["GET"]}}],"collection":[{"href":"https:\/\/www.feuerwehr-brilon.de\/index.php?rest_route=\/wp\/v2\/pages"}],"about":[{"href":"https:\/\/www.feuerwehr-brilon.de\/index.php?rest_route=\/wp\/v2\/types\/page"}],"author":[{"embeddable":true,"href":"https:\/\/www.feuerwehr-brilon.de\/index.php?rest_route=\/wp\/v2\/users\/6"}],"replies":[{"embeddable":true,"href":"https:\/\/www.feuerwehr-brilon.de\/index.php?rest_route=%2Fwp%2Fv2%2Fcomments&post=765"}],"version-history":[{"count":0,"href":"https:\/\/www.feuerwehr-brilon.de\/index.php?rest_route=\/wp\/v2\/pages\/765\/revisions"}],"up":[{"embeddable":true,"href":"https:\/\/www.feuerwehr-brilon.de\/index.php?rest_route=\/wp\/v2\/pages\/758"}],"wp:attachment":[{"href":"https:\/\/www.feuerwehr-brilon.de\/index.php?rest_route=%2Fwp%2Fv2%2Fmedia&parent=765"}],"curies":[{"name":"wp","href":"https:\/\/api.w.org\/{rel}","templated":true}]}}