{"id":769,"date":"2009-03-30T20:13:10","date_gmt":"2009-03-30T19:13:10","guid":{"rendered":"http:\/\/www.feuerwehr-brilon.de\/?page_id=769"},"modified":"2009-10-14T19:59:04","modified_gmt":"2009-10-14T17:59:04","slug":"historisches-der-loschgruppe-alme","status":"publish","type":"page","link":"https:\/\/www.feuerwehr-brilon.de\/?page_id=769","title":{"rendered":"Geschichte"},"content":{"rendered":"<h2>Gr\u00fcndungsversammlung am 29.06.1909<\/h2>\n<p>Am Dienstag, dem 29. Juni 1909, nachmittags 4 Uhr, war im Gasthof Brune hierselbst eine Versammlung zwecks Gr\u00fcndung einer freiwilligen Feuerwehr f\u00fcr Niederalme, Oberalme und Herrschaft Alme einberufen. Die Versammlung wurde von dem Gemeindevorsteher S\u00fcrig aus Niederalme er\u00f6ffnet und das Wort dem auf dem Gebiete des Feuerl\u00f6schwesens erfahrenen, langj\u00e4hrigen Leiter der Briloner freiwilligen Feuerwehr, Stadtsekret\u00e4r H\u00fcser, der zu dieser Versammlung besonders eingeladen war, \u00fcbertragen. Letzterer verbreitete sich in eingehender Weise \u00fcber Einrichtung, Zweck und Ziele einer freiwilligen Feuerwehr.<\/p>\n<p>Nach dem Vortrage wurde seitens der Anwesenden beschlossen, eine freiwillige Feuerwehr zu gr\u00fcnden, und es traten ihr sogleich 33 Personen aus Niederalme und 16 Personen aus Oberalme bei.<br \/>\nF\u00fcr den Entwurf eines Statuts wurde eine aus acht Personen bestehende Kommission gew\u00e4hlt, welcher das weiter Erforderliche \u00fcbertragen wurde. Wie sich bei weiteren intensiven Recherchen ergab, hat an diesem Tag lediglich die Gr\u00fcndungsversammlung stattgefunden.<\/p>\n<p>Obwohl bereits am 29. Juni 1909 die Gr\u00fcndungsversammlung stattgefunden hat, zog sich die eigentliche Gr\u00fcndung immer wieder hinaus. So existiert aus dem Jahre 1912 im Verzeichnis die Notiz, dass alle M\u00e4nner von 18 bis 55 Jahre zum Dienst verpflichtet sind. Am 26. Juni 1927 wird berichtet:<\/p>\n<p style=\"margin: 0cm 0cm 0pt; text-align: justify; mso-layout-grid-align: none;\">Die Bem\u00fchungen eine freiwillige Feuerwehr zu gr\u00fcnden, sind ohne Erfolg gewesen. Am 4. Juli hei\u00dft es sogar: Die Gr\u00fcndung einer freiwilligen Feuerwehr halte ich f\u00fcr Oberalme nicht f\u00fcr zweckm\u00e4\u00dfig.<br \/>\nOberalme lehnt am 6. Mai 1928 die Gr\u00fcndung einer freiwilligen Feuerwehr ab. Niederalme am 4. Juli 1928: Unn\u00fctz eine freiwillige Feuerwehr zu gr\u00fcnden, Brandwehr tut dieselben Dienste. So oder \u00e4hnlich zog es sich insgesamt \u00fcber 25 Jahre hin, bis sich dann endlich am 6. September 1934 in Alme die Freiwillige Feuerwehr gegr\u00fcndet hat.<\/p>\n<p><a href=\"http:\/\/www.feuerwehr-brilon.de\/wp-up\/2009\/03\/grunder-der-almer-feuerwehr.tif\"><\/a><a href=\"http:\/\/www.feuerwehr-brilon.de\/wp-up\/2009\/03\/grunder-der-almer-feuerwehr.tif\"><\/a><a href=\"http:\/\/www.feuerwehr-brilon.de\/wp-up\/2009\/03\/grunder-der-almer-feuerwehr.jpg\"><img loading=\"lazy\" decoding=\"async\" class=\"alignnone size-full wp-image-775\" title=\"grunder-der-almer-feuerwehr\" src=\"http:\/\/www.feuerwehr-brilon.de\/wp-up\/2009\/03\/grunder-der-almer-feuerwehr.jpg\" alt=\"\" width=\"500\" height=\"310\" \/><\/a><\/p>\n<p>Mitglieder der Freiwilligen Feuerwehr mit der Musikkapelle Niederalme um 1930 vor dem Schloss.<br \/>\nVon links: 1. Reihe: Hubert Schl\u00fcter, Johannes Otte, Franz Rabeneck, August Sch\u00fctte, Josef Rustemeier, Josef Schl\u00fcter, Wilhelm Rustemeiel, Konrad Pingel, Hubert Rabeneck.<br \/>\n2. Reihe: Hubert Heel, Wilhelm G\u00f6bel, Konrad Wiegers, Johannes Sch\u00fctte, Josef N\u00fcse, Wilhelm Wortmann, Heinrich Schulte, Karl Schmitz, Georg Schumacher , Heinrich Rustemeier , Alfred Schiffner, Wilhelm K\u00f6ster.<br \/>\n3. Reihe: Philipp Hammerschmidt, Clemens Siepmann, Bernhard Mengeringhausen, Willi G\u00f6tte, Karl Kleine,<br \/>\nFritz Wortmann, Franz Schulte, Wilhelm Lahme, Anton Wittler, Theo Brune, Anton Korff und Fritz Bunse.<\/p>\n<h2>Gr\u00fcndung am 06.09.1934<\/h2>\n<p>Die Gr\u00fcndung einer freiwilligen Wehr hat sich immer wieder hinausgez\u00f6gert. Am 6. September 1934 hat sie dann aber endlich stattgefunden.<\/p>\n<h2>Erste TS8 am 25.11.1940<\/h2>\n<p>Zur \u00dcbergabe der Motorspritze hatten sich eingefunden Amtsb\u00fcrgermeister Dinkloh, sowie mehrere andere Vertreter der Feuerwehr, Vertreter der Partei usw. Bei der Probe der neuen Motorspritze konnten sich die Anwesenden von der durchschlagenden Leistungsf\u00e4higkeit derselben \u00fcberzeugen.<br \/>\nIn Hoppecke und Messinghausen ist ebenfalls je eine Motorspritze untergestellt, so da\u00df die Feuerwehr des Amtes Th\u00fclen nunmehr \u00fcber drei Motorspritzen verf\u00fcgt.<br \/>\n(Text aus der Sauerl\u00e4nder Zeitung vom 6. Dezember 1940)<\/p>\n<h2>Erstes Fahrzeug TSF\/T am 16.11.1963<\/h2>\n<p><a href=\"http:\/\/www.feuerwehr-brilon.de\/wp-up\/2009\/03\/tsf-t.jpg\"><img loading=\"lazy\" decoding=\"async\" class=\"alignleft size-full wp-image-774\" title=\"tsf-t\" src=\"http:\/\/www.feuerwehr-brilon.de\/wp-up\/2009\/03\/tsf-t.jpg\" alt=\"\" width=\"500\" height=\"315\" \/><\/a><\/p>\n<p>Am 16. November 1963 erhielt die Almer Feuerwehr Ihr erstes Fahrzeug; ein TSF\/T. In Anwesenheit von Amtsb\u00fcrgermeister Rickert, Amtsdirektor Hoffmann, B\u00fcrgermeister Mengeringhausen, des stellvertretenden Kreisbrandmeisters B\u00f6ddicker und des Amtsbrandmeisters Becker wurde uns das Fahrzeug \u00fcbergeben. Pfarrer Peter nahm die Weihe des Fahrzeuges vor. In seiner Ansprache erinnerte er daran, dass trotz aller Technik und allen Fortschritts der Mensch nicht von Katastrophen verschont bleibt und \u00fcberall die M\u00e4nner der Feuerwehr mit an der Spitze stehen.<br \/>\nMan m\u00fcsse sie deshalb nicht nur entsprechend ausr\u00fcsten, sondern ihnen f\u00fcr ihre Arbeit im Dienst am N\u00e4chsten auch danken. Sie h\u00e4tten diesen Dank gerade in der heutigen Zeit, da niemand mehr dienen wolle, besonders verdient.<\/p>\n<h2>Planung Ger\u00e4tehaus 1959<\/h2>\n<p>In der Ratssitzung vom Dezember 1959 stand bereits die Planung eines neuen Feuerwehrger\u00e4tehauses im Mittelpunkt der Tagesordnung.<br \/>\nDie Gemeindevertreter waren in dieser Frage, die wohl auf Veranlassung der Amtsverwaltung auf das Programm gesetzt worden war, der Ansicht, dass ein Feuerwehrger\u00e4tehaus nicht notwendig ist, weil die Ger\u00e4te gut bei der Papierfabrik untergebracht sind. Es stimmt, dass in zentraler Ortslage kein Spritzenhaus steht, andererseits gebe es aber auch keinen geeigneteren Platz als den Schuppen an der Papierfabrik, wo die Spritze und die Ger\u00e4te untergestellt sind, da sich dort auch die Sirene befindet und bisher keinerlei Schwierigkeiten auftraten. Bei Feuergefahr stehen hier sofort viele M\u00e4nner zur Verf\u00fcgung, die alle Feuerbek\u00e4mpfungsmittel zur Hand haben.<br \/>\nIn der Gemeinderatssitzung vom Juni 1962 wurde wieder \u00fcber ein neues Feuerwehrger\u00e4tehaus beraten. Zu diesem Zeitpunkt sei die Platzfrage sogar schon weitgehend gekl\u00e4rt worden. Die Verhandlungen mit dem Bevollm\u00e4chtigten des Grafen von Spee h\u00e4tten ergeben, dass das Ger\u00e4tehaus neben der B\u00e4uerlichen Bezugs- und Absatzgenossenschaft errichtet werden k\u00f6nne. Diese Lage sei f\u00fcr die Gemeinde zentral und aus diesem Grunde gut geeignet. Die Amtsverwaltung m\u00fcsse jetzt offiziell von der Gemeinde den Auftrag erhalten, die weiteren Verhandlungen f\u00fcr die notwendigen Planungen zu f\u00fchren.<\/p>\n<p>Die Gemeinderatssitzung vom Mai 1963 brachte dann das lange angestrebte Ergebnis: Das Feuerwehrger\u00e4tehaus wird nun Wirklichkeit. Unter den Zuh\u00f6rern sah man auch Kreisbrandmeister Hoffmann, seinen Stellvertreter B\u00f6ddicker und den Amtsbrandmeister Becker. Im Verein mit diesen &#8222;schweren Gesch\u00fctzen&#8220; gelang es den Almer Wehrleuten, die Zusage des Gemeinderates f\u00fcr das seit Jahren beantragte Ger\u00e4tehaus zu erhalten. Der B\u00fcrgermeister Mengeringhausen f\u00fchrte aus, dass \u00fcber dieses Thema schon viel gesprochen worden sei. Bisher sei die M\u00f6glichkeit vorhanden gewesen, f\u00fcr die Feuerwehrger\u00e4te einen Raum in der Papierfabrik zu benutzen. Nun ergebe sich aber eine neue Situation. Die Papierfabrik ben\u00f6tige diesen Raum in absehbarer Zeit selbst, da eine Erweiterung des Betriebsgeb\u00e4udes geplant sei. Bez\u00fcglich der Platzfrage erkl\u00e4rte Amtsdirektor Hoffmann, dass das Ger\u00e4tehaus neben der dem Lagerplatz der Firma L\u00fcke an der unteren Bahnhofstra\u00dfe errichtet werden soll. Nach Kl\u00e4rung der Platzfrage m\u00fcsse dieses Projekt im Interesse des Brandschutzes schnell vorangetrieben werden. Es hat noch einige Zeit gedauert, bis man sich \u00fcber den heutigen Standort einig wurde und mit dem Bau begonnen werden konnte.<\/p>\n<h2>Einweihung Ger\u00e4tehaus 1968<\/h2>\n<p>Am 6. Oktober 1968 wurde dann endlich das neue Ger\u00e4tehaus seiner Bestimmung \u00fcbergeben.<br \/>\nIn dem Haus, das unmittelbar an die Mehrzweckhalle anschlie\u00dft, sind neben der Gro\u00dfgarage auch ein Schulungsraum sowie eine Wohnung f\u00fcr den Ger\u00e4tewart untergebracht. Das Haus war n\u00f6tig, um die Feuerwehr in der weit verzweigten Gemeinde noch schlagkr\u00e4ftiger zu machen und eine sachgem\u00e4\u00dfe<br \/>\nUnterbringung des Materials zu gew\u00e4hrleisten. Dadurch wurde es uns auch m\u00f6glich, dass die Ausr\u00fcstung (Kleidung, Helm, Gurt etc.) im Ger\u00e4tehaus untergebracht werden konnte und bei Alarm nicht erst alles von zu Hause holen musste. Infolgedessen kann jetzt in einem Notfall der Einsatz direkt vom Ger\u00e4tehaus erfolgen.<\/p>\n<p>Verbunden damit wurde der Amtsfeuerwehrtag gefeiert, an dem sich neben den Wehren aus dem Amtsbereich Th\u00fclen auch Feuerwehr Abordnungen aus den Kreisen B\u00fcren und Lippstadt. 16 Feuerwehrgruppen marschierten sp\u00e4ter unter den Kl\u00e4ngen der Musikkapelle Harth und des Tambourkorps Scharfenberg durch Alme. Mit im Zug waren auch Vertreter von Kreis, Amt, Gemeinde und den Ordnungsbeh\u00f6rden. Nach der Kranzniederlegung am Ehrenmal nahm Pfarrer Peter die kirchliche Weihe des neuen Gr\u00e4tehauses.<\/p>\n<p>Anschlie\u00dfend \u00fcberreichte der Architekt Pack dem Almer B\u00fcrgermeister Mengeringhausen den Schl\u00fcssel des neuen Hauses. Der B\u00fcrgermeister dankte dem Grafen von Spee, der kostenlos das Grundst\u00fcck zur Verf\u00fcgung gestellt hatte, weiter der Amts- und Kreisverwaltung die sich um die Finanzen bem\u00fcht hatte. Anschlie\u00dfend gab er dann den Hausschl\u00fcssel an Brandmeister Otto J\u00f6sten weiter.<\/p>\n<h2>Erstes Waldfest 1969<\/h2>\n<p>Der Einladung sind damals bereits viele Spazierg\u00e4nger gefolgt und ins M\u00fchlental gekommen. Vor dem Tunnel entwickelte sich ein munteres Treiben. Schon bald dufteten die Spie\u00dfbraten und regten zum Essen an. Die benachbarten Wehren aus Nehden, Th\u00fclen, W\u00fcnnenberg und Harth waren ebenfalls zu den Almequellen gekommen. Dort veranstalteten die Wehren unter sich ein Wasserballspiel, wobei die Teilnehmer zwar triefend na\u00df wurden, aber auch viel Spa\u00df hatten. In den Abendstunden wurde der Uhufelsen mit starken Scheinwerfern angestrahlt.<\/p>\n<h2>Zweites Fahrzeug LF8 am 25.03.1984<\/h2>\n<p>Aus dem gesamten Stadtbereich und auch aus B\u00fcren und Harth waren die Feuerwehren gekommen, als der B\u00fcrgermeister Josef Klaholz den neuen Wagen seiner Bestimmung \u00fcbergab und Pfarrer Peter das Fahrzeug einsegnete. Zuvor hatte der Ortsvorsteher Wilhelm Harding bei strahlendem Sonnenschein zahlreiche G\u00e4ste begr\u00fc\u00dft, darunter den stellvertretenden Landrat Rudolf Kraft, die Vertreter des Rates und der Verwaltung der Stadt Brilon, die Vertreter des Hochsauerlandkreises und der Firma Ziegler. Der Ortsvorsteher w\u00fcnschte uns mit dem Fahrzeug eine stete Einsatzbereitschaft und immer eine unfallfreie Fahrt. B\u00fcrgermeister Klaholz sagte Kreis und Land Dankesworte f\u00fcr die finanzielle Hilfe bei der Anschaffung des Fahrzeugs. F\u00fcr den Schwerpunkt Alme sei der Wagen dringend notwendig gewesen. Mit einem herzlichen Dankeswort an die Almer Wehr \u00fcberreichte der B\u00fcrgermeister die Schl\u00fcssel an den Stadtbrandmeister Becker. Dieser gab ihn mit den besten W\u00fcnschen die L\u00f6schgruppe weiter.<\/p>\n<p class=\"MsoNormal\" style=\"margin: 0cm 0cm 0pt; text-align: justify; mso-layout-grid-align: none;\">&#8222;Einen Tag der Freude und des Dankes&#8220; nannte L\u00f6schgruppenf\u00fchrer Hans-Alfred Schr\u00f6der den Tag der \u00dcbergabe des neuen L\u00f6schfahrzeuges. Eine Rettungsschere war das Geschenk des Grafen Maximilian von Spee f\u00fcr das neue Fahrzeug. Dieses Ger\u00e4t soll dabei helfen, bei den immer h\u00e4ufiger werdenden Unf\u00e4llen, eingeklemmte Personen schneller aus den Fahrzeugen zu retten.<\/p>\n<p class=\"MsoNormal\" style=\"margin: 0cm 0cm 0pt; text-align: justify; mso-layout-grid-align: none;\">Nach der offiziellen \u00dcbergabe hatte die Bev\u00f6lkerung Gelegenheit, sich bei einer Sonderschau \u00fcber das Rettungswesen zu informieren. Zum guten Gelingen dieses Tages trug der Musikverein mit seinen Darbietungen bei.<\/p>\n<p class=\"MsoNormal\" style=\"margin: 0cm 0cm 0pt; text-align: justify; mso-layout-grid-align: none;\">\n<p class=\"MsoNormal\" style=\"margin: 0cm 0cm 0pt; text-align: justify; mso-layout-grid-align: none;\"><a href=\"http:\/\/www.feuerwehr-brilon.de\/wp-up\/2009\/03\/lf8-3.jpg\"><img loading=\"lazy\" decoding=\"async\" class=\"alignnone size-full wp-image-773\" title=\"lf8-3\" src=\"http:\/\/www.feuerwehr-brilon.de\/wp-up\/2009\/03\/lf8-3.jpg\" alt=\"\" width=\"500\" height=\"440\" \/><\/a><\/p>\n<p class=\"MsoNormal\" style=\"margin: 0cm 0cm 0pt; text-align: justify; mso-layout-grid-align: none;\">\n<p style=\"margin: 0cm 0cm 0pt;\"><a href=\"http:\/\/www.feuerwehr-brilon.de\/wp-up\/2009\/03\/lf8-2.jpg\"><img loading=\"lazy\" decoding=\"async\" class=\"alignnone size-full wp-image-772\" title=\"lf8-2\" src=\"http:\/\/www.feuerwehr-brilon.de\/wp-up\/2009\/03\/lf8-2.jpg\" alt=\"\" width=\"500\" height=\"274\" \/><\/a><\/p>\n<p class=\"MsoNormal\" style=\"margin: 0cm 0cm 0pt; text-align: justify; mso-layout-grid-align: none;\">\n<p class=\"MsoNormal\" style=\"margin: 0cm 0cm 0pt; text-align: justify; mso-layout-grid-align: none;\">\n<p class=\"MsoNormal\" style=\"margin: 0cm 0cm 0pt; text-align: justify; mso-layout-grid-align: none;\">\n<p class=\"MsoNormal\" style=\"margin: 0cm 0cm 0pt; text-align: justify; mso-layout-grid-align: none;\">\n<p class=\"MsoNormal\" style=\"margin: 0cm 0cm 0pt; text-align: justify; mso-layout-grid-align: none;\">\n<p class=\"MsoNormal\" style=\"margin: 0cm 0cm 0pt; text-align: justify;\">\n<p class=\"MsoNormal\" style=\"margin: 0cm 0cm 0pt;\"><a href=\"http:\/\/www.feuerwehr-brilon.de\/wp-up\/2009\/03\/lf8-1.jpg\"><img loading=\"lazy\" decoding=\"async\" class=\"alignnone size-full wp-image-771\" title=\"lf8-1\" src=\"http:\/\/www.feuerwehr-brilon.de\/wp-up\/2009\/03\/lf8-1.jpg\" alt=\"\" width=\"500\" height=\"300\" \/><\/a><\/p>\n","protected":false},"excerpt":{"rendered":"<p>Gr\u00fcndungsversammlung am 29.06.1909 Am Dienstag, dem 29. Juni 1909, nachmittags 4 Uhr, war im Gasthof Brune hierselbst eine Versammlung zwecks Gr\u00fcndung einer freiwilligen Feuerwehr f\u00fcr Niederalme, Oberalme und Herrschaft Alme einberufen. Die Versammlung wurde von dem Gemeindevorsteher S\u00fcrig aus Niederalme er\u00f6ffnet und das Wort dem auf dem Gebiete des Feuerl\u00f6schwesens erfahrenen, langj\u00e4hrigen Leiter der Briloner [&hellip;]<\/p>\n","protected":false},"author":6,"featured_media":0,"parent":27,"menu_order":0,"comment_status":"closed","ping_status":"closed","template":"","meta":{"_exactmetrics_skip_tracking":false,"_exactmetrics_sitenote_active":false,"_exactmetrics_sitenote_note":"","_exactmetrics_sitenote_category":0,"jetpack_post_was_ever_published":false,"footnotes":""},"class_list":["post-769","page","type-page","status-publish","hentry"],"jetpack_shortlink":"https:\/\/wp.me\/PCIJa-cp","jetpack_sharing_enabled":true,"jetpack-related-posts":[{"id":4649,"url":"https:\/\/www.feuerwehr-brilon.de\/?page_id=4649","url_meta":{"origin":769,"position":0},"title":"Geschichte seit 1879","author":"Andreas Becker","date":"25. M\u00e4rz 2011","format":false,"excerpt":"Nach einem Gro\u00dfbrand am 7.7.1877, dem in der Schulstra\u00dfe 20 H\u00e4user zum Opfer fielen, veranla\u00dfte der damalige B\u00fcrgermeister Schomberg die Gr\u00fcndung eines Freiwilligen Feuerwehr. Bei der Gr\u00fcndungsversammlung am 6. Juli 1879 meldeten sich zahlreiche B\u00fcrger aller Bev\u00f6lkerungskreise als freiwillige Mitglieder. 6. Juli 1879, die Feuerwehr Brilon wurde gegr\u00fcndet. In der\u2026","rel":"","context":"\u00c4hnlicher Beitrag","block_context":{"text":"\u00c4hnlicher Beitrag","link":""},"img":{"alt_text":"","src":"https:\/\/i0.wp.com\/www.feuerwehr-brilon.de\/wp-up\/2011\/03\/1879-500x386.jpg?resize=350%2C200","width":350,"height":200},"classes":[]},{"id":822,"url":"https:\/\/www.feuerwehr-brilon.de\/?page_id=822","url_meta":{"origin":769,"position":1},"title":"Geschichte","author":"Marc Heines","date":"11. Mai 2009","format":false,"excerpt":"Abri\u00df \u00fcber die Geschichte der L\u00f6schgruppe Messinghausen Die Freiwillige Feuerwehr Messinghausen wurde im Jahre 1913 gegr\u00fcndet. In den Jahren zuvor gab es in Messinghausen zwar Ger\u00e4tschaften zur Brandbek\u00e4mpfung, eine Pflichtfeuerwehr bestand jedoch, anders als in anderen Ortschaften, erst ab dem Jahre 1911. Zuvor hatten sich auch f\u00fcr eine Pflichtfeuerwehr nicht\u2026","rel":"","context":"In &quot;Allgemein&quot;","block_context":{"text":"Allgemein","link":"https:\/\/www.feuerwehr-brilon.de\/?cat=1"},"img":{"alt_text":"","src":"","width":0,"height":0},"classes":[]},{"id":24,"url":"https:\/\/www.feuerwehr-brilon.de\/?page_id=24","url_meta":{"origin":769,"position":2},"title":"Scharfenberg","author":"Daniel Vogel","date":"28. Mai 2008","format":false,"excerpt":"Die L\u00f6schgruppe Scharfenberg besteht zur Zeit aus 35 Mitgliedern. Die L\u00f6schgruppe Scharfenberg ist f\u00fcr den Brandschutz im Ortsteil Scharfenberg (ca. 1.500 Einwohner) zust\u00e4ndig. Feuerwehrger\u00e4tehaus Scharfenberg L\u00f6schgruppenf\u00fchrer: Dirk Schulte stellv. L\u00f6schgruppenf\u00fchrer: Jonas Rieke stellv. L\u00f6schgruppenf\u00fchrer: Jonas Fehst Abri\u00df \u00fcber die Geschichte der L\u00f6schgruppe Scharfenberg Die Freiwillige Feuerwehr Scharfenberg wurde offiziell am\u2026","rel":"","context":"In &quot;Allgemein&quot;","block_context":{"text":"Allgemein","link":"https:\/\/www.feuerwehr-brilon.de\/?cat=1"},"img":{"alt_text":"","src":"","width":0,"height":0},"classes":[]},{"id":20,"url":"https:\/\/www.feuerwehr-brilon.de\/?page_id=20","url_meta":{"origin":769,"position":3},"title":"Hoppecke","author":"Daniel Vogel","date":"28. Mai 2008","format":false,"excerpt":"Die L\u00f6schgruppe Hoppecke besteht zur Zeit aus 41 Mitgliedern. Daneben gibt es eine Jugendfeuerwehr mit 20 Mitgliedern. Die L\u00f6schgruppe Hoppecke ist f\u00fcr den Brandschutz in den Ortsteilen Hoppecke und Brilon Wald zust\u00e4ndig. Dar\u00fcber hinaus unterst\u00fctzt sie im Bedarfsfall die L\u00f6schgruppen Messinghausen und Bontkirchen. \u00a0 \u00a0 \u00a0 \u00a0 \u00a0 \u00a0 \u00a0\u2026","rel":"","context":"In &quot;Allgemein&quot;","block_context":{"text":"Allgemein","link":"https:\/\/www.feuerwehr-brilon.de\/?cat=1"},"img":{"alt_text":"","src":"\/images\/gruppenbild\/gr_hoppecke.jpg","width":350,"height":200},"classes":[]},{"id":525,"url":"https:\/\/www.feuerwehr-brilon.de\/?page_id=525","url_meta":{"origin":769,"position":4},"title":"Hintergrund","author":"Marc Heines","date":"16. Dezember 2008","format":false,"excerpt":"Hintergr\u00fcnde zur Farbgebung und Alarmeinrich- tungen des Schweren L\u00f6schgruppenfahrzeuges (SLG, sp\u00e4ter LF 15) Im Dritten Reich ergaben sich nach der Macht\u00fcbernahme im Januar 1933 auch f\u00fcr die Feuerwehren Neuerung und Umstellungen. Durch das preu\u00dfische Gesetz \u00fcber das Feuerl\u00f6schwesen vom 15. Dezember 1933 wurden die Berufsfeuerwehren, die freiwilligen Feuerwehren und die\u2026","rel":"","context":"In &quot;Allgemein&quot;","block_context":{"text":"Allgemein","link":"https:\/\/www.feuerwehr-brilon.de\/?cat=1"},"img":{"alt_text":"","src":"https:\/\/i0.wp.com\/www.feuerwehr-brilon.de\/wp-up\/2008\/12\/erlass_fahrzeuge_1-3-1937_neu.gif?resize=350%2C200","width":350,"height":200},"classes":[]},{"id":243,"url":"https:\/\/www.feuerwehr-brilon.de\/?page_id=243","url_meta":{"origin":769,"position":5},"title":"Geschichte","author":"Daniel Vogel","date":"18. August 2008","format":false,"excerpt":"In einem original Auszug der Sauerl\u00e4nder Zeitung vom 09.12.1919 wurde das Tambourkorps das erste Mal im Jahr 1919 schriftlich erw\u00e4hnt, und zwar hatte sich die nach dem Kriege aufgel\u00f6ste Musikkapelle der Feuerwehr wieder neu gegr\u00fcndet, um in der Turnhalle einige M\u00e4rsche zum Vortrag zu bringen. Von dort ging es zur\u00fcck\u2026","rel":"","context":"In &quot;Allgemein&quot;","block_context":{"text":"Allgemein","link":"https:\/\/www.feuerwehr-brilon.de\/?cat=1"},"img":{"alt_text":"","src":"https:\/\/i0.wp.com\/www.feuerwehr-brilon.de\/wp-up\/2008\/08\/tambourkorps_1926_600-500x340.jpg?resize=350%2C200","width":350,"height":200},"classes":[]}],"_links":{"self":[{"href":"https:\/\/www.feuerwehr-brilon.de\/index.php?rest_route=\/wp\/v2\/pages\/769","targetHints":{"allow":["GET"]}}],"collection":[{"href":"https:\/\/www.feuerwehr-brilon.de\/index.php?rest_route=\/wp\/v2\/pages"}],"about":[{"href":"https:\/\/www.feuerwehr-brilon.de\/index.php?rest_route=\/wp\/v2\/types\/page"}],"author":[{"embeddable":true,"href":"https:\/\/www.feuerwehr-brilon.de\/index.php?rest_route=\/wp\/v2\/users\/6"}],"replies":[{"embeddable":true,"href":"https:\/\/www.feuerwehr-brilon.de\/index.php?rest_route=%2Fwp%2Fv2%2Fcomments&post=769"}],"version-history":[{"count":0,"href":"https:\/\/www.feuerwehr-brilon.de\/index.php?rest_route=\/wp\/v2\/pages\/769\/revisions"}],"up":[{"embeddable":true,"href":"https:\/\/www.feuerwehr-brilon.de\/index.php?rest_route=\/wp\/v2\/pages\/27"}],"wp:attachment":[{"href":"https:\/\/www.feuerwehr-brilon.de\/index.php?rest_route=%2Fwp%2Fv2%2Fmedia&parent=769"}],"curies":[{"name":"wp","href":"https:\/\/api.w.org\/{rel}","templated":true}]}}