{"id":778,"date":"2009-04-02T06:34:12","date_gmt":"2009-04-02T05:34:12","guid":{"rendered":"http:\/\/www.feuerwehr-brilon.de\/?page_id=778"},"modified":"2009-04-02T06:38:50","modified_gmt":"2009-04-02T05:38:50","slug":"bilder-der-jugendfeuerwehr-messinghausen","status":"publish","type":"page","link":"https:\/\/www.feuerwehr-brilon.de\/?page_id=778","title":{"rendered":"Bilder"},"content":{"rendered":"<p><a href=\"http:\/\/www.feuerwehr-brilon.de\/wp-up\/2009\/04\/messinghausen_2002-500x327.jpg\"><img loading=\"lazy\" decoding=\"async\" class=\"alignnone size-thumbnail wp-image-779\" title=\"JF Messinghausen 2002\" src=\"http:\/\/www.feuerwehr-brilon.de\/wp-up\/2009\/04\/messinghausen_2002-500x327-125x125.jpg\" alt=\"Gruppe 2002\" width=\"125\" height=\"125\" \/><\/a><\/p>\n<p>\u00a0<\/p>\n<p>\u00a0<\/p>\n<p><a href=\"http:\/\/www.feuerwehr-brilon.de\/wp-up\/2008\/08\/messinghausen_2002.jpg\"><\/a><\/p>\n","protected":false},"excerpt":{"rendered":"<p>\u00a0 \u00a0<\/p>\n","protected":false},"author":6,"featured_media":0,"parent":276,"menu_order":0,"comment_status":"closed","ping_status":"closed","template":"","meta":{"_exactmetrics_skip_tracking":false,"_exactmetrics_sitenote_active":false,"_exactmetrics_sitenote_note":"","_exactmetrics_sitenote_category":0,"jetpack_post_was_ever_published":false,"footnotes":""},"class_list":["post-778","page","type-page","status-publish","hentry"],"jetpack_shortlink":"https:\/\/wp.me\/PCIJa-cy","jetpack_sharing_enabled":true,"jetpack-related-posts":[{"id":785,"url":"https:\/\/www.feuerwehr-brilon.de\/?page_id=785","url_meta":{"origin":778,"position":0},"title":"Bilder","author":"Marc Heines","date":"8. April 2009","format":false,"excerpt":"","rel":"","context":"In &quot;Allgemein&quot;","block_context":{"text":"Allgemein","link":"https:\/\/www.feuerwehr-brilon.de\/?cat=1"},"img":{"alt_text":"","src":"https:\/\/i0.wp.com\/www.feuerwehr-brilon.de\/wp-up\/2009\/04\/gruppe06.jpg?resize=350%2C200&ssl=1","width":350,"height":200},"classes":[]},{"id":1040,"url":"https:\/\/www.feuerwehr-brilon.de\/?page_id=1040","url_meta":{"origin":778,"position":1},"title":"Bilder","author":"Marc Heines","date":"10. Juni 2009","format":false,"excerpt":"[nggallery id=4]","rel":"","context":"In &quot;Allgemein&quot;","block_context":{"text":"Allgemein","link":"https:\/\/www.feuerwehr-brilon.de\/?cat=1"},"img":{"alt_text":"","src":"","width":0,"height":0},"classes":[]},{"id":276,"url":"https:\/\/www.feuerwehr-brilon.de\/?page_id=276","url_meta":{"origin":778,"position":2},"title":"Messinghausen","author":"Andreas Becker","date":"19. August 2008","format":false,"excerpt":"\u00a0 Die Jugendfeuerwehr der L\u00f6schgruppe Messinghausen hat zur Zeit\u00a015 Mitglieder. Sie wurde am 12.4.1972 gegr\u00fcndet. Jugendfeuerwehrwart: Uwe Arens stellv. Jugendfeuerwehrwart: Benjamin Kleff Weitere Bilder","rel":"","context":"In &quot;Allgemein&quot;","block_context":{"text":"Allgemein","link":"https:\/\/www.feuerwehr-brilon.de\/?cat=1"},"img":{"alt_text":"","src":"https:\/\/i0.wp.com\/www.feuerwehr-brilon.de\/images\/gruppenbild\/jf_messinghausen.jpg?resize=350%2C200","width":350,"height":200},"classes":[]},{"id":266,"url":"https:\/\/www.feuerwehr-brilon.de\/?page_id=266","url_meta":{"origin":778,"position":3},"title":"Alme","author":"Daniel Vogel","date":"19. August 2008","format":false,"excerpt":"Die Jugendfeuerwehr der L\u00f6schgruppe Alme besteht zur Zeit aus 10 Mitgliedern. Sie wurde im am 10.9.2003 gegr\u00fcndet. \u00a0 Die Jugendfeuerwehr der L\u00f6schgruppe Alme 2009 mit Betreuern Jugendfeuerwehrwart: Wolfgang Henke stellv. Jugendfeuerwehrwart: Hendrik Runge Bilder","rel":"","context":"In &quot;Allgemein&quot;","block_context":{"text":"Allgemein","link":"https:\/\/www.feuerwehr-brilon.de\/?cat=1"},"img":{"alt_text":"","src":"https:\/\/i0.wp.com\/www.feuerwehr-brilon.de\/wp-up\/2009\/04\/gruppe09-500x329.jpg?resize=350%2C200","width":350,"height":200},"classes":[]},{"id":3335,"url":"https:\/\/www.feuerwehr-brilon.de\/?page_id=3335","url_meta":{"origin":778,"position":4},"title":"Allgemein intern","author":"M.Prior","date":"8. Oktober 2010","format":false,"excerpt":"Herzlich willkommen, in unserem internen Bereich. In der linken Navigationsleiste kannst Du die f\u00fcr Dich frei gegebenen Rubriken ausw\u00e4hlen. In der Allgemeinen Rubrik stehen Artikel, Dateien und Info's die wir nicht allgemein ver\u00f6ffentlichen k\u00f6nnen oder d\u00fcrfen. Die Liste wird st\u00e4ndig aktualisiert, schau doch \u00f6fter mal rein! Ausbildung Interessantes Technik Brandschutzerziehung\u2026","rel":"","context":"\u00c4hnlicher Beitrag","block_context":{"text":"\u00c4hnlicher Beitrag","link":""},"img":{"alt_text":"","src":"","width":0,"height":0},"classes":[]},{"id":41,"url":"https:\/\/www.feuerwehr-brilon.de\/?page_id=41","url_meta":{"origin":778,"position":5},"title":"Fettexplosion","author":"Daniel Vogel","date":"29. Mai 2008","format":false,"excerpt":"Immer wieder h\u00f6rt oder liest man in Berichten den Begriff Fettexplosion. Aber was passiert bei einer Fettexplosion ? Wie kann sie verhindert werden ? Wir bedanken uns an dieser Stelle bei den Freiwilligen Feuerwehren Hamburg-Altona und Hamburg-Langenhorn, die uns diese Bilder zur Verf\u00fcgung gestellt haben. Eine Fettexplosion entsteht beim Eingie\u00dfen\u2026","rel":"","context":"In &quot;Allgemein&quot;","block_context":{"text":"Allgemein","link":"https:\/\/www.feuerwehr-brilon.de\/?cat=1"},"img":{"alt_text":"","src":"","width":0,"height":0},"classes":[]}],"_links":{"self":[{"href":"https:\/\/www.feuerwehr-brilon.de\/index.php?rest_route=\/wp\/v2\/pages\/778","targetHints":{"allow":["GET"]}}],"collection":[{"href":"https:\/\/www.feuerwehr-brilon.de\/index.php?rest_route=\/wp\/v2\/pages"}],"about":[{"href":"https:\/\/www.feuerwehr-brilon.de\/index.php?rest_route=\/wp\/v2\/types\/page"}],"author":[{"embeddable":true,"href":"https:\/\/www.feuerwehr-brilon.de\/index.php?rest_route=\/wp\/v2\/users\/6"}],"replies":[{"embeddable":true,"href":"https:\/\/www.feuerwehr-brilon.de\/index.php?rest_route=%2Fwp%2Fv2%2Fcomments&post=778"}],"version-history":[{"count":0,"href":"https:\/\/www.feuerwehr-brilon.de\/index.php?rest_route=\/wp\/v2\/pages\/778\/revisions"}],"up":[{"embeddable":true,"href":"https:\/\/www.feuerwehr-brilon.de\/index.php?rest_route=\/wp\/v2\/pages\/276"}],"wp:attachment":[{"href":"https:\/\/www.feuerwehr-brilon.de\/index.php?rest_route=%2Fwp%2Fv2%2Fmedia&parent=778"}],"curies":[{"name":"wp","href":"https:\/\/api.w.org\/{rel}","templated":true}]}}