{"id":804,"date":"2009-08-25T21:56:53","date_gmt":"2009-08-25T19:56:53","guid":{"rendered":"http:\/\/www.feuerwehr-brilon.de\/?page_id=804"},"modified":"2012-11-25T14:59:42","modified_gmt":"2012-11-25T13:59:42","slug":"tlf-1625-brilon","status":"publish","type":"page","link":"https:\/\/www.feuerwehr-brilon.de\/?page_id=804","title":{"rendered":"TLF 16\/25 &#8211; Brilon"},"content":{"rendered":"<div class=\"FFSlideShowFrame\">\n<div id=\"slideshowContainer\"><img decoding=\"async\" src=\".\/images\/fahrzeuge\/tlf_16_25_gross_1.JPG\" alt=\"TLF 16\/25 1\" \/><\/div>\n<div id=\"FFImageRight\">\n<div><a class=\"slideshowThumbnail\" href=\".\/images\/fahrzeuge\/tlf_16_25_gross_1.JPG\"><img decoding=\"async\" src=\".\/images\/fahrzeuge\/tlf_16_25_klein_1.JPG\" alt=\"TLF 16\/25 1\" \/><\/a><\/div>\n<div><a class=\"slideshowThumbnail\" href=\".\/images\/fahrzeuge\/tlf_16_25_gross_2.JPG\"><img decoding=\"async\" src=\".\/images\/fahrzeuge\/tlf_16_25_klein_2.JPG\" alt=\"TLF 16\/25 1\" \/><\/a><\/div>\n<div><a class=\"slideshowThumbnail\" href=\".\/images\/fahrzeuge\/tlf_16_25_gross_3.JPG\"><img decoding=\"async\" src=\".\/images\/fahrzeuge\/tlf_16_25_klein_3.JPG\" alt=\"TLF 16\/25 1\" \/><\/a><\/div>\n<\/div>\n<p>    <script type=\"text\/javascript\">\n      window.addEvent('domready', function () {\n        var obj = {\n          wait: 1000000,\n          effect: 'fade',\n          duration: 10,\n          loop: false,\n          thumbnails: true,\n          backgroundSlider: true\n        }\n        show = new SlideShow('slideshowContainer', 'slideshowThumbnail', obj);\n        show.play();\n      });\n    <\/script>\n<\/div>\n<table class=\"vehicle\">\n<thead>\n<tr>\n<th colspan=\"2\">Allgemeine Informationen:<\/th>\n<\/tr>\n<\/thead>\n<tbody>\n<tr>\n<td class=\"vehicletext\">Typ<\/td>\n<td class=\"vehicledata\">TLF 16\/25<\/td>\n<\/tr>\n<tr>\n<td class=\"vehicletext\">Besatzung<\/td>\n<td class=\"vehicledata\">1 \/ 6<\/td>\n<\/tr>\n<tr>\n<td class=\"vehicletext\">Funkrufname<\/td>\n<td class=\"vehicledata\">Florian Brilon 1 LF20 1<\/td>\n<\/tr>\n<tr>\n<td class=\"vehicletext\">Standort<\/td>\n<td class=\"vehicledata\">Brilon<\/td>\n<\/tr>\n<\/tbody>\n<\/table>\n<table class=\"vehicle\">\n<thead>\n<tr>\n<th colspan=\"2\">Technische Daten:<\/th>\n<\/tr>\n<\/thead>\n<tbody>\n<tr>\n<td class=\"vehicletext\">Baujahr<\/td>\n<td class=\"vehicledata\">1983<\/td>\n<\/tr>\n<tr>\n<td class=\"vehicletext\">Leistung<\/td>\n<td class=\"vehicledata\">141 KW \/ 192 PS<\/td>\n<\/tr>\n<tr>\n<td class=\"vehicletext\">Hersteller<\/td>\n<td class=\"vehicledata\">Mercedes-Benz<\/td>\n<\/tr>\n<tr>\n<td class=\"vehicletext\">Fahrgestell<\/td>\n<td class=\"vehicledata\">1019 AF<\/td>\n<\/tr>\n<tr>\n<td class=\"vehicletext\">Aufbau<\/td>\n<td class=\"vehicledata\">Ziegler<\/td>\n<\/tr>\n<tr>\n<td class=\"vehicletext\">Gewicht<\/td>\n<td class=\"vehicledata\">12 t<\/td>\n<\/tr>\n<tr>\n<td class=\"vehicletext\">Wassertank<\/td>\n<td class=\"vehicledata\">2500 l<\/td>\n<\/tr>\n<tr>\n<td class=\"vehicletext\">Pumpenleistung<\/td>\n<td class=\"vehicledata\">1600 l\/min bei 8 bar<\/td>\n<\/tr>\n<\/tbody>\n<\/table>\n<table class=\"vehicle\">\n<thead>\n<tr>\n<th colspan=\"2\">Besonderheiten:<\/th>\n<\/tr>\n<\/thead>\n<tbody>\n<tr>\n<td class=\"vehicletext\" colspan=\"2\">Stromerzeuger 5kVA, 2 Tauchpumpen, mobiler Wasserwerfer, Hochleistungsl\u00fcfter (wasserbetrieben)<\/td>\n<\/tr>\n<\/tbody>\n<\/table>\n","protected":false},"excerpt":{"rendered":"<p>Allgemeine Informationen: Typ TLF 16\/25 Besatzung 1 \/ 6 Funkrufname Florian Brilon 1 LF20 1 Standort Brilon Technische Daten: Baujahr 1983 Leistung 141 KW \/ 192 PS Hersteller Mercedes-Benz Fahrgestell 1019 AF Aufbau Ziegler Gewicht 12 t Wassertank 2500 l Pumpenleistung 1600 l\/min bei 8 bar Besonderheiten: Stromerzeuger 5kVA, 2 Tauchpumpen, mobiler Wasserwerfer, Hochleistungsl\u00fcfter (wasserbetrieben)<\/p>\n","protected":false},"author":8,"featured_media":0,"parent":11,"menu_order":0,"comment_status":"closed","ping_status":"closed","template":"","meta":{"_exactmetrics_skip_tracking":false,"_exactmetrics_sitenote_active":false,"_exactmetrics_sitenote_note":"","_exactmetrics_sitenote_category":0,"jetpack_post_was_ever_published":false,"footnotes":""},"class_list":["post-804","page","type-page","status-publish","hentry"],"jetpack_shortlink":"https:\/\/wp.me\/PCIJa-cY","jetpack_sharing_enabled":true,"jetpack-related-posts":[{"id":815,"url":"https:\/\/www.feuerwehr-brilon.de\/?page_id=815","url_meta":{"origin":804,"position":0},"title":"TSF &#8211; Bontkirchen","author":"Andreas Becker","date":"28. August 2009","format":false,"excerpt":"Allgemeine Informationen: Typ TSF Besatzung 1 \/ 5 Funkrufname Florian Sauerland 5-47-5 Standort Bontkirchen Technische Daten: Baujahr 1986 Leistung 70 KW \/ 95 PS Hersteller Mercedes Benz Fahrgestell 602 KA Aufbau Ziegler Gewicht 3,49 t Wassertank - Pumpenleistung TS 8\/8 800 Liter\/min Besonderheiten: Differentialsperre, 4 Atemschutzger\u00e4te","rel":"","context":"In &quot;Allgemein&quot;","block_context":{"text":"Allgemein","link":"https:\/\/www.feuerwehr-brilon.de\/?cat=1"},"img":{"alt_text":"","src":"","width":0,"height":0},"classes":[]},{"id":1349,"url":"https:\/\/www.feuerwehr-brilon.de\/?page_id=1349","url_meta":{"origin":804,"position":1},"title":"TSF &#8211; R\u00f6senbeck","author":"Andreas Becker","date":"28. August 2009","format":false,"excerpt":"Allgemeine Informationen: Typ TSF Besatzung 1 \/ 5 Funkrufname Florian Sauerland 5-47-6 Standort R\u00f6senbeck Technische Daten: Baujahr 1986 Leistung 70 KW \/ 95 PS Hersteller Mercedes Benz Fahrgestell 602 KA Aufbau Ziegler Gewicht 3,49 t Wassertank - Pumpenleistung - Besonderheiten: Tragkraftspritze, TS 8\/8, Differentialsperre, Atemschutzger\u00e4te","rel":"","context":"In &quot;Allgemein&quot;","block_context":{"text":"Allgemein","link":"https:\/\/www.feuerwehr-brilon.de\/?cat=1"},"img":{"alt_text":"","src":"","width":0,"height":0},"classes":[]},{"id":808,"url":"https:\/\/www.feuerwehr-brilon.de\/?page_id=808","url_meta":{"origin":804,"position":2},"title":"Ger\u00e4tewagen-Logistik 01 &#8211; Brilon","author":"Andreas Becker","date":"25. August 2009","format":false,"excerpt":"Allgemeine Informationen: Typ Gw-L1 Besatzung 1 \/ 2 Funkrufname Florian Brilon 1 GwLogistik1 1 Standort Brilon Technische Daten: Baujahr 1999 Leistung kW \/ PS Hersteller Volkswagen Fahrgestell Aufbau Gewicht 3,49 t Besonderheiten: \u00d6lbindemittel f\u00fcr Stra\u00dfenraum und Wasserfl\u00e4chen, Bindemittelstreuwagen, Warnschilder f\u00fcr den Stra\u00dfenverkehrWeitere m\u00f6gliche Beladung per Gitterboxen: Schaummittel, Bindemittel, Atemluftflaschen","rel":"","context":"In &quot;Allgemein&quot;","block_context":{"text":"Allgemein","link":"https:\/\/www.feuerwehr-brilon.de\/?cat=1"},"img":{"alt_text":"","src":"","width":0,"height":0},"classes":[]},{"id":754,"url":"https:\/\/www.feuerwehr-brilon.de\/?page_id=754","url_meta":{"origin":804,"position":3},"title":"R\u00fcst-Wagen &#8211; Brilon","author":"Andreas Becker","date":"28. August 2009","format":false,"excerpt":"Allgemeine Informationen: Typ RW 1 Besatzung 1 \/ 2 Funkrufname Florian Brilon 1 RW1 1 Standort Brilon Technische Daten: Baujahr 1984 Leistung 96 kW \/ 130 PS Hersteller Mercedes Benz Fahrgestell U 1300 L Aufbau OWR Gewicht 7,49 t Besonderheiten: Stromerzeuger 5kVA, Spreizer 30kN, Kombispreizer, R\u00fcsth\u00f6lzer, Hydraulikwinden 100kNm Hydraulischer Hebesatz,\u2026","rel":"","context":"In &quot;Allgemein&quot;","block_context":{"text":"Allgemein","link":"https:\/\/www.feuerwehr-brilon.de\/?cat=1"},"img":{"alt_text":"","src":"","width":0,"height":0},"classes":[]},{"id":1325,"url":"https:\/\/www.feuerwehr-brilon.de\/?page_id=1325","url_meta":{"origin":804,"position":4},"title":"L\u00f6schgruppen-Fahrzeug 16\/TS &#8211; Hoppecke","author":"Andreas Becker","date":"28. August 2009","format":false,"excerpt":"Allgemeine Informationen: Typ LF 16TS Besatzung 1 \/ 8 Funkrufname Florian Brilon 5 LF16TS 1 Standort Hoppecke Technische Daten: Baujahr 1987 Leistung 124 KW \/ 169 PS Hersteller Daimler Fahrgestell LAF 1113B Aufbau Lentner Gewicht 8,99 t Pumpenleistung 1600 l\/min bei 8 bar Besonderheiten: Tragkraftspritze, TS 8\/8, Differentialsperre, 600m B-Schlauch","rel":"","context":"In &quot;Allgemein&quot;","block_context":{"text":"Allgemein","link":"https:\/\/www.feuerwehr-brilon.de\/?cat=1"},"img":{"alt_text":"","src":"","width":0,"height":0},"classes":[]},{"id":753,"url":"https:\/\/www.feuerwehr-brilon.de\/?page_id=753","url_meta":{"origin":804,"position":5},"title":"L\u00f6schgruppen-Fahrzeug 16\/TS &#8211; Brilon","author":"Marc Heines","date":"25. August 2009","format":false,"excerpt":"Allgemeine Informationen: Typ LF 16-TS Besatzung 1 \/ 8 Funkrufname Florian Brilon 1 LF16TS 1 Standort Brilon Technische Daten: Baujahr 1988 Leistung 118 KW \/ 160 PS Hersteller Iveco Magirus Fahrgestell 90-16 AW Aufbau Lentner Gewicht 9 t Pumpenleistung 1600 l\/min bei 8 bar Besonderheiten: Tragkraftspritze TS 8\/8 ZS (800\u2026","rel":"","context":"In &quot;Allgemein&quot;","block_context":{"text":"Allgemein","link":"https:\/\/www.feuerwehr-brilon.de\/?cat=1"},"img":{"alt_text":"","src":"","width":0,"height":0},"classes":[]}],"_links":{"self":[{"href":"https:\/\/www.feuerwehr-brilon.de\/index.php?rest_route=\/wp\/v2\/pages\/804","targetHints":{"allow":["GET"]}}],"collection":[{"href":"https:\/\/www.feuerwehr-brilon.de\/index.php?rest_route=\/wp\/v2\/pages"}],"about":[{"href":"https:\/\/www.feuerwehr-brilon.de\/index.php?rest_route=\/wp\/v2\/types\/page"}],"author":[{"embeddable":true,"href":"https:\/\/www.feuerwehr-brilon.de\/index.php?rest_route=\/wp\/v2\/users\/8"}],"replies":[{"embeddable":true,"href":"https:\/\/www.feuerwehr-brilon.de\/index.php?rest_route=%2Fwp%2Fv2%2Fcomments&post=804"}],"version-history":[{"count":3,"href":"https:\/\/www.feuerwehr-brilon.de\/index.php?rest_route=\/wp\/v2\/pages\/804\/revisions"}],"predecessor-version":[{"id":7603,"href":"https:\/\/www.feuerwehr-brilon.de\/index.php?rest_route=\/wp\/v2\/pages\/804\/revisions\/7603"}],"up":[{"embeddable":true,"href":"https:\/\/www.feuerwehr-brilon.de\/index.php?rest_route=\/wp\/v2\/pages\/11"}],"wp:attachment":[{"href":"https:\/\/www.feuerwehr-brilon.de\/index.php?rest_route=%2Fwp%2Fv2%2Fmedia&parent=804"}],"curies":[{"name":"wp","href":"https:\/\/api.w.org\/{rel}","templated":true}]}}