{"id":8373,"date":"2013-05-23T14:04:56","date_gmt":"2013-05-23T13:04:56","guid":{"rendered":"http:\/\/www.feuerwehr-brilon.de\/?page_id=8373"},"modified":"2013-05-23T14:05:18","modified_gmt":"2013-05-23T13:05:18","slug":"dl-18-bildergalerie-2013","status":"publish","type":"page","link":"https:\/\/www.feuerwehr-brilon.de\/?page_id=8373","title":{"rendered":"DL 18 Bildergalerie 2013"},"content":{"rendered":"<p>Fortschritt bis Mai 2013<br \/>\n[nggallery id=48]<\/p>\n","protected":false},"excerpt":{"rendered":"<p>Fortschritt bis Mai 2013 [nggallery id=48]<\/p>\n","protected":false},"author":8,"featured_media":0,"parent":2129,"menu_order":0,"comment_status":"closed","ping_status":"closed","template":"","meta":{"_exactmetrics_skip_tracking":false,"_exactmetrics_sitenote_active":false,"_exactmetrics_sitenote_note":"","_exactmetrics_sitenote_category":0,"jetpack_post_was_ever_published":false,"footnotes":""},"class_list":["post-8373","page","type-page","status-publish","hentry"],"jetpack_shortlink":"https:\/\/wp.me\/PCIJa-2b3","jetpack_sharing_enabled":true,"jetpack-related-posts":[{"id":2535,"url":"https:\/\/www.feuerwehr-brilon.de\/?page_id=2535","url_meta":{"origin":8373,"position":0},"title":"DL18 Bildergalerie 2011","author":"Andreas Becker","date":"21. M\u00e4rz 2010","format":false,"excerpt":"Fortschritt bis Dezember 2011 [nggallery id=39]","rel":"","context":"In &quot;Allgemein&quot;","block_context":{"text":"Allgemein","link":"https:\/\/www.feuerwehr-brilon.de\/?cat=1"},"img":{"alt_text":"","src":"","width":0,"height":0},"classes":[]},{"id":465,"url":"https:\/\/www.feuerwehr-brilon.de\/?page_id=465","url_meta":{"origin":8373,"position":1},"title":"DL 18","author":"Marc Heines","date":"13. Dezember 2008","format":false,"excerpt":"Drehleiter DL 18 aus dem Jahre 1959. Das Fahrzeug war von 1959 bis 1975 beim L\u00f6schzug Brilon und von 1975 bis 1995 bei der L\u00f6schgruppe Hoppecke im Einsatz. X Typ DLK 18 Leistung 44 KW \/ 60 PS Baujahr 1959 Gewicht 3.800 kg Fahrgestell Opel Blitz 1,75 t Besatzung 1\u2026","rel":"","context":"In &quot;Allgemein&quot;","block_context":{"text":"Allgemein","link":"https:\/\/www.feuerwehr-brilon.de\/?cat=1"},"img":{"alt_text":"","src":"https:\/\/i0.wp.com\/www.feuerwehr-brilon.de\/wp-up\/2008\/12\/dl_18.jpg?resize=350%2C200","width":350,"height":200},"classes":[]},{"id":8367,"url":"https:\/\/www.feuerwehr-brilon.de\/?page_id=8367","url_meta":{"origin":8373,"position":2},"title":"DL 18 &#8211; Leiterpark","author":"Andreas Becker","date":"23. Mai 2013","format":false,"excerpt":"Demontage, Lackierung und Montage Leiterpark... [nggallery id=47]","rel":"","context":"\u00c4hnlicher Beitrag","block_context":{"text":"\u00c4hnlicher Beitrag","link":""},"img":{"alt_text":"","src":"","width":0,"height":0},"classes":[]},{"id":2129,"url":"https:\/\/www.feuerwehr-brilon.de\/?page_id=2129","url_meta":{"origin":8373,"position":3},"title":"Restauration &#8211; DL 18","author":"Andreas Becker","date":"13. Februar 2010","format":false,"excerpt":"Restauration der DL 18 Opel Blitz Nachdem die Restauration des Schweren L\u00f6schgruppenfahrzeugs LF 15 mit der Instandsetzung der fest eingebauten Feuerl\u00f6schkreiselpumpe im letzten Jahr erfolgreich ihr Ende fand, haben sich nun einige technikinteressierte Kameraden des L\u00f6schzugs Brilon entschlossen, auch die alte Opel Blitz Drehleiter wieder herzurichten. Zur Geschichte des Fahrzeuges:\u2026","rel":"","context":"In &quot;Allgemein&quot;","block_context":{"text":"Allgemein","link":"https:\/\/www.feuerwehr-brilon.de\/?cat=1"},"img":{"alt_text":"Beerdigung Wassermeister 1965","src":"https:\/\/i0.wp.com\/www.feuerwehr-brilon.de\/images\/DL18\/DLBeerdigWasserm.jpg?resize=350%2C200","width":350,"height":200},"classes":[]},{"id":13439,"url":"https:\/\/www.feuerwehr-brilon.de\/?page_id=13439","url_meta":{"origin":8373,"position":4},"title":"Oldtimer Rundfahrten","author":"Andreas Becker","date":"15. Mai 2016","format":false,"excerpt":"07.05.2016 - Oldtimer Sauerland Rundfahrt - Brilon","rel":"","context":"\u00c4hnlicher Beitrag","block_context":{"text":"\u00c4hnlicher Beitrag","link":""},"img":{"alt_text":"IMG_0075","src":"https:\/\/i0.wp.com\/www.feuerwehr-brilon.de\/wp-up\/2016\/05\/IMG_0075-113x150.jpg?resize=350%2C200","width":350,"height":200},"classes":[]},{"id":460,"url":"https:\/\/www.feuerwehr-brilon.de\/?page_id=460","url_meta":{"origin":8373,"position":5},"title":"Historische Fahrzeuge","author":"Marc Heines","date":"17. Dezember 2008","format":false,"excerpt":"Hier erhalten Sie einen \u00dcberblick \u00fcber erhaltene und besondere historische Fahrzeuge der Feuerwehr Brilon. Motorisierte Fahrzeuge \u00a0 Schweres L\u00f6schgruppenfahrzeug LF 15 Drehleiter DLK 23\/12 Drehleiter DL 18 Einsatzleitwagen ELW Tankl\u00f6schfahrzeug TLF 16\/25 Mannschaftswagen Nicht motorisierte Fahrzeuge \u00a0 Tragkraftspritzenanh\u00e4nger Brilon Tragkraftspritzenanh\u00e4nger Madfeld Tragkraftspritzenkarren Handdruckspritze Brilon I Handdruckspritze Brilon II Handdruckspritze Rixen\u2026","rel":"","context":"In &quot;Allgemein&quot;","block_context":{"text":"Allgemein","link":"https:\/\/www.feuerwehr-brilon.de\/?cat=1"},"img":{"alt_text":"","src":"https:\/\/i0.wp.com\/www.feuerwehr-brilon.de\/wp-up\/2008\/12\/slg_oldtimer_grau.gif?resize=350%2C200","width":350,"height":200},"classes":[]}],"_links":{"self":[{"href":"https:\/\/www.feuerwehr-brilon.de\/index.php?rest_route=\/wp\/v2\/pages\/8373","targetHints":{"allow":["GET"]}}],"collection":[{"href":"https:\/\/www.feuerwehr-brilon.de\/index.php?rest_route=\/wp\/v2\/pages"}],"about":[{"href":"https:\/\/www.feuerwehr-brilon.de\/index.php?rest_route=\/wp\/v2\/types\/page"}],"author":[{"embeddable":true,"href":"https:\/\/www.feuerwehr-brilon.de\/index.php?rest_route=\/wp\/v2\/users\/8"}],"replies":[{"embeddable":true,"href":"https:\/\/www.feuerwehr-brilon.de\/index.php?rest_route=%2Fwp%2Fv2%2Fcomments&post=8373"}],"version-history":[{"count":3,"href":"https:\/\/www.feuerwehr-brilon.de\/index.php?rest_route=\/wp\/v2\/pages\/8373\/revisions"}],"predecessor-version":[{"id":8376,"href":"https:\/\/www.feuerwehr-brilon.de\/index.php?rest_route=\/wp\/v2\/pages\/8373\/revisions\/8376"}],"up":[{"embeddable":true,"href":"https:\/\/www.feuerwehr-brilon.de\/index.php?rest_route=\/wp\/v2\/pages\/2129"}],"wp:attachment":[{"href":"https:\/\/www.feuerwehr-brilon.de\/index.php?rest_route=%2Fwp%2Fv2%2Fmedia&parent=8373"}],"curies":[{"name":"wp","href":"https:\/\/api.w.org\/{rel}","templated":true}]}}